{"id":618,"date":"2016-03-09T11:55:55","date_gmt":"2016-03-09T10:55:55","guid":{"rendered":"http:\/\/physics.uwb.edu.pl\/wf\/?page_id=618"},"modified":"2016-04-06T08:57:03","modified_gmt":"2016-04-06T06:57:03","slug":"jakie-maja-byc-nasze-uczelnie-i-polska-nauka","status":"publish","type":"page","link":"https:\/\/physics.uwb.edu.pl\/wf\/?page_id=618","title":{"rendered":"Algorytm podzia\u0142u dotacji podstawowej dla polskich uczelni akademickich"},"content":{"rendered":"<p>Jan L. Cie\u015bli\u0144ski, \u201eAlgorytm podzia\u0142u dotacji podstawowej dla polskich uczelni akademickich\u201d (Nauka, 1\/2016)<br \/>\n[pdf-embedder url=&#8221;http:\/\/physics.uwb.edu.pl\/wf\/wp-content\/uploads\/2016\/03\/Cieslinski-Nauka-1-2016.pdf&#8221;]<\/p>\n","protected":false},"excerpt":{"rendered":"<p>Jan L. Cie\u015bli\u0144ski, \u201eAlgorytm podzia\u0142u dotacji podstawowej dla polskich uczelni akademickich\u201d (Nauka, 1\/2016) [pdf-embedder url=&#8221;http:\/\/physics.uwb.edu.pl\/wf\/wp-content\/uploads\/2016\/03\/Cieslinski-Nauka-1-2016.pdf&#8221;]<\/p>\n","protected":false},"author":2,"featured_media":0,"parent":602,"menu_order":0,"comment_status":"closed","ping_status":"closed","template":"","meta":{"ngg_post_thumbnail":0,"Layout":"1c","footnotes":""},"categories":[3],"tags":[],"class_list":["entry","author-dobrog","post-618","page","type-page","status-publish","category-wydzialowe_pl"],"jetpack_sharing_enabled":true,"jetpack_shortlink":"https:\/\/wp.me\/P7nvcn-9Y","_links":{"self":[{"href":"https:\/\/physics.uwb.edu.pl\/wf\/index.php?rest_route=\/wp\/v2\/pages\/618","targetHints":{"allow":["GET"]}}],"collection":[{"href":"https:\/\/physics.uwb.edu.pl\/wf\/index.php?rest_route=\/wp\/v2\/pages"}],"about":[{"href":"https:\/\/physics.uwb.edu.pl\/wf\/index.php?rest_route=\/wp\/v2\/types\/page"}],"author":[{"embeddable":true,"href":"https:\/\/physics.uwb.edu.pl\/wf\/index.php?rest_route=\/wp\/v2\/users\/2"}],"replies":[{"embeddable":true,"href":"https:\/\/physics.uwb.edu.pl\/wf\/index.php?rest_route=%2Fwp%2Fv2%2Fcomments&post=618"}],"version-history":[{"count":4,"href":"https:\/\/physics.uwb.edu.pl\/wf\/index.php?rest_route=\/wp\/v2\/pages\/618\/revisions"}],"predecessor-version":[{"id":2097,"href":"https:\/\/physics.uwb.edu.pl\/wf\/index.php?rest_route=\/wp\/v2\/pages\/618\/revisions\/2097"}],"up":[{"embeddable":true,"href":"https:\/\/physics.uwb.edu.pl\/wf\/index.php?rest_route=\/wp\/v2\/pages\/602"}],"wp:attachment":[{"href":"https:\/\/physics.uwb.edu.pl\/wf\/index.php?rest_route=%2Fwp%2Fv2%2Fmedia&parent=618"}],"wp:term":[{"taxonomy":"category","embeddable":true,"href":"https:\/\/physics.uwb.edu.pl\/wf\/index.php?rest_route=%2Fwp%2Fv2%2Fcategories&post=618"},{"taxonomy":"post_tag","embeddable":true,"href":"https:\/\/physics.uwb.edu.pl\/wf\/index.php?rest_route=%2Fwp%2Fv2%2Ftags&post=618"}],"curies":[{"name":"wp","href":"https:\/\/api.w.org\/{rel}","templated":true}]}}