{"id":6193,"date":"2017-10-05T13:08:23","date_gmt":"2017-10-05T11:08:23","guid":{"rendered":"http:\/\/physics.uwb.edu.pl\/wf\/?page_id=6193"},"modified":"2017-10-06T08:26:06","modified_gmt":"2017-10-06T06:26:06","slug":"ogloszenie","status":"publish","type":"page","link":"https:\/\/physics.uwb.edu.pl\/wf\/?page_id=6193","title":{"rendered":"Og\u0142oszenie"},"content":{"rendered":"<p style=\"text-align: center;\"><strong>OG\u0141OSZENIE &#8211; ERASMUS+<\/strong><\/p>\n<p>Osoby zainteresowane <strong>wyjazdem na studia w <u>semestrze letnim<\/u> w roku akademickim 2017\/2018<\/strong> w ramach programu Erasmus + maj\u0105 jeszcze szans\u0119!<\/p>\n<p>Jednocze\u015bnie pragn\u0119 poinformowa\u0107 wszystkich, kt\u00f3rzy wezm\u0105 udzia\u0142 w rekrutacji i zostan\u0105 zakwalifikowani na wyjazd, \u017ce jest to kwalifikacja <strong>WARUNKOWA<\/strong>, a ich wyjazd b\u0119dzie uzale\u017cniony od tego, jakie dofinansowanie na te wyjazdy otrzymamy od Agencji Narodowej.<\/p>\n<p>Mo\u017cna kontaktowa\u0107 si\u0119 ze mn\u0105 osobi\u015bcie (pok.1065) lub mailowo (k.perzynska@uwb.edu.pl.) w terminie do <strong><u>23.10.2017<\/u><\/strong>.<\/p>\n<p>Og\u00f3lne zasady rekrutacji znajduj\u0105 si\u0119 na stronie internetowej naszego Uniwersytetu, w zak\u0142adce: Erasmus+.<\/p>\n<p>Informuj\u0119 r\u00f3wnie\u017c, i\u017c na stronie naszego Uniwersytetu, w zak\u0142adce: <strong>Erasmus+<\/strong> i dalej <strong>Druki do pobrania<\/strong> s\u0105 dost\u0119pne formularze zg\u0142oszeniowe dla student\u00f3w, kt\u00f3rzy chcieliby wzi\u0105\u0107 udzia\u0142 w rekrutacji na wyjazdy na studia lub praktyki w roku akademickim 2017\/2018.<\/p>\n<p><u>Wype\u0142niony elektronicznie druk nale\u017cy dostarczy\u0107 do <strong>23 pa\u017adziernika 2017<\/strong> do mnie (pok. 1065)<\/u>.<\/p>\n<p>O terminie rekrutacji zostan\u0105 Pa\u0144stwo poinformowani w oddzielnym og\u0142oszeniu.<\/p>\n<p style=\"text-align: right;\">Krystyna Perzy\u0144ska<br \/>\n\/koordynator wydzia\u0142owy Programu Erasmus+\/<\/p>\n","protected":false},"excerpt":{"rendered":"<p>OG\u0141OSZENIE &#8211; ERASMUS+ Osoby zainteresowane wyjazdem na studia w semestrze letnim w roku akademickim 2017\/2018 w ramach programu Erasmus + maj\u0105 jeszcze szans\u0119! Jednocze\u015bnie pragn\u0119 poinformowa\u0107 wszystkich, kt\u00f3rzy wezm\u0105 udzia\u0142 <a href=\"https:\/\/physics.uwb.edu.pl\/wf\/?page_id=6193\" class=\"more-link\">[&hellip;]<\/a><\/p>\n","protected":false},"author":9,"featured_media":4553,"parent":713,"menu_order":0,"comment_status":"closed","ping_status":"closed","template":"","meta":{"ngg_post_thumbnail":0,"Layout":"","footnotes":""},"categories":[27],"tags":[],"class_list":["entry","author-","post-6193","page","type-page","status-publish","has-post-thumbnail","category-post_news_pl"],"jetpack_sharing_enabled":true,"jetpack_shortlink":"https:\/\/wp.me\/P7nvcn-1BT","_links":{"self":[{"href":"https:\/\/physics.uwb.edu.pl\/wf\/index.php?rest_route=\/wp\/v2\/pages\/6193","targetHints":{"allow":["GET"]}}],"collection":[{"href":"https:\/\/physics.uwb.edu.pl\/wf\/index.php?rest_route=\/wp\/v2\/pages"}],"about":[{"href":"https:\/\/physics.uwb.edu.pl\/wf\/index.php?rest_route=\/wp\/v2\/types\/page"}],"author":[{"embeddable":true,"href":"https:\/\/physics.uwb.edu.pl\/wf\/index.php?rest_route=\/wp\/v2\/users\/9"}],"replies":[{"embeddable":true,"href":"https:\/\/physics.uwb.edu.pl\/wf\/index.php?rest_route=%2Fwp%2Fv2%2Fcomments&post=6193"}],"version-history":[{"count":5,"href":"https:\/\/physics.uwb.edu.pl\/wf\/index.php?rest_route=\/wp\/v2\/pages\/6193\/revisions"}],"predecessor-version":[{"id":6209,"href":"https:\/\/physics.uwb.edu.pl\/wf\/index.php?rest_route=\/wp\/v2\/pages\/6193\/revisions\/6209"}],"up":[{"embeddable":true,"href":"https:\/\/physics.uwb.edu.pl\/wf\/index.php?rest_route=\/wp\/v2\/pages\/713"}],"wp:featuredmedia":[{"embeddable":true,"href":"https:\/\/physics.uwb.edu.pl\/wf\/index.php?rest_route=\/wp\/v2\/media\/4553"}],"wp:attachment":[{"href":"https:\/\/physics.uwb.edu.pl\/wf\/index.php?rest_route=%2Fwp%2Fv2%2Fmedia&parent=6193"}],"wp:term":[{"taxonomy":"category","embeddable":true,"href":"https:\/\/physics.uwb.edu.pl\/wf\/index.php?rest_route=%2Fwp%2Fv2%2Fcategories&post=6193"},{"taxonomy":"post_tag","embeddable":true,"href":"https:\/\/physics.uwb.edu.pl\/wf\/index.php?rest_route=%2Fwp%2Fv2%2Ftags&post=6193"}],"curies":[{"name":"wp","href":"https:\/\/api.w.org\/{rel}","templated":true}]}}