{"id":6213,"date":"2017-10-06T13:00:47","date_gmt":"2017-10-06T11:00:47","guid":{"rendered":"http:\/\/physics.uwb.edu.pl\/wf\/?page_id=6213"},"modified":"2017-10-06T13:00:47","modified_gmt":"2017-10-06T11:00:47","slug":"inauguracja-roku-akademickiego-20172018-2","status":"publish","type":"page","link":"https:\/\/physics.uwb.edu.pl\/wf\/?page_id=6213","title":{"rendered":"Inauguracja roku akademickiego 2017\/2018"},"content":{"rendered":"<p>Informujemy, \u017ce uroczysta inauguracja roku na Wydziale odb\u0119dzie si\u0119 <strong>9 pa\u017adziernika<\/strong> (szczeg\u00f3\u0142y poni\u017cej). <strong>Zaj\u0119cia dydaktyczne<\/strong> startuj\u0105 ju\u017c od <strong>poniedzia\u0142ku 2 pa\u017adziernika<\/strong>, wi\u0119c prosimy uwa\u017cnie przyjrze\u0107 si\u0119 planowi zaj\u0119\u0107:<\/p>\n<ul>\n<li>I-szy rok <a href=\"https:\/\/usosweb.uwb.edu.pl\/kontroler.php?_action=katalog2\/przedmioty\/pokazPlanGrupyPrzedmiotow&amp;grupa_kod=WFiz_1Z%23S1_F&amp;cdyd_kod=2017&amp;plan_showCourseName=1\">fizyki og\u00f3lnoakademickiej<\/a> (studia pierwszego stopnia),<\/li>\n<li>I-szy rok <a href=\"https:\/\/usosweb.uwb.edu.pl\/kontroler.php?_action=katalog2\/przedmioty\/pokazPlanGrupyPrzedmiotow&amp;grupa_kod=WFiz_1Z%23S1_FM&amp;cdyd_kod=2017%20&amp;plan_showCourseName=1\">fizyki medycznej<\/a> (studia pierwszego stopnia),<\/li>\n<li>I-szy rok <a href=\"https:\/\/usosweb.uwb.edu.pl\/kontroler.php?_action=katalog2\/przedmioty\/pokazPlanGrupyPrzedmiotow&amp;grupa_kod=WFiz_1Z%23S1_FG&amp;cdyd_kod=2017&amp;plan_showCourseName=1\">fizyki gier komputerowych i robot\u00f3w<\/a> (studia pierwszego stopnia),<\/li>\n<li>inne plany zaj\u0119\u0107 jak zawsze dost\u0119pne w systemie USOS lub na <a href=\"http:\/\/physics.uwb.edu.pl\/wf\/?page_id=4495\">naszej www<\/a>.<\/li>\n<\/ul>\n<p>Z kolei w dniu 9 pa\u017adziernika odb\u0119dzie si\u0119<\/p>\n<p align=\"CENTER\"><span style=\"font-size: small;\"><span style=\"font-size: xx-large;\"><b>UROCZYSTA INAUGURACJA <\/b><\/span><\/span><\/p>\n<p align=\"CENTER\"><span style=\"font-size: small;\"><span style=\"font-size: xx-large;\"><b>ROKU AKADEMICKIEGO 2017\/2018<\/b><\/span><\/span><\/p>\n<p align=\"CENTER\"><span style=\"font-size: small;\"><span style=\"font-size: xx-large;\"><b>NA WYDZIALE FIZYKI<\/b><\/span><\/span><\/p>\n<p align=\"CENTER\"><span style=\"font-size: small;\"><span style=\"font-size: large;\">9 pa\u017adziernika 2017 (poniedzia\u0142ek), godz. 11:00<br \/>\naula Wydzia\u0142u Fizyki w kampusie UwB, ul. Cio\u0142kowskiego 1L.<\/span><\/span><\/p>\n<p align=\"JUSTIFY\"><span style=\"font-size: small;\"><span style=\"font-size: x-large;\"><b>Program uroczysto\u015bci:<\/b><\/span><\/span><\/p>\n<ol>\n<li>\n<p align=\"JUSTIFY\"><span style=\"font-size: small;\"><span style=\"font-size: x-large;\">Powitanie go\u015bci, student\u00f3w oraz pracownik\u00f3w. <\/span><\/span><\/p>\n<\/li>\n<li>\n<p align=\"JUSTIFY\"><span style=\"font-size: small;\"><span style=\"font-size: x-large;\">Wyst\u0105pienie Dziekana Wydzia\u0142u Fizyki.<\/span><\/span><\/p>\n<\/li>\n<li>\n<p align=\"JUSTIFY\"><span style=\"font-size: small;\"><span style=\"font-size: x-large;\">Wyst\u0105pienia okoliczno\u015bciowe zaproszonych Go\u015bci.<\/span><\/span><\/p>\n<\/li>\n<li>\n<p align=\"JUSTIFY\"><span style=\"font-size: small;\"><span style=\"font-size: x-large;\">Immatrykulacja student\u00f3w.<\/span><\/span><\/p>\n<\/li>\n<li>\n<p align=\"JUSTIFY\"><span style=\"font-size: small;\"><span style=\"font-size: x-large;\">Wyk\u0142ad inauguracyjny dra hab. Tomasza Karpiuka, pt.&nbsp;<\/span><\/span><\/p>\n<p style=\"text-align: center;\" align=\"JUSTIFY\"><span style=\"font-size: small;\"><span style=\"font-size: xx-large;\"><em>Symulacje komputerowe w fizyce<\/em><b>.<br \/>\n<img loading=\"lazy\" decoding=\"async\" class=\"size-medium wp-image-6112 aligncenter\" src=\"http:\/\/physics.uwb.edu.pl\/wf\/wp-content\/uploads\/2017\/09\/tomek-3D-wiry-300x247.jpg\" alt=\"\" width=\"300\" height=\"247\" srcset=\"https:\/\/physics.uwb.edu.pl\/wf\/wp-content\/uploads\/2017\/09\/tomek-3D-wiry-300x247.jpg 300w, https:\/\/physics.uwb.edu.pl\/wf\/wp-content\/uploads\/2017\/09\/tomek-3D-wiry-150x124.jpg 150w, https:\/\/physics.uwb.edu.pl\/wf\/wp-content\/uploads\/2017\/09\/tomek-3D-wiry-607x500.jpg 607w, https:\/\/physics.uwb.edu.pl\/wf\/wp-content\/uploads\/2017\/09\/tomek-3D-wiry.jpg 640w\" sizes=\"auto, (max-width: 300px) 100vw, 300px\" \/><\/b><\/span><\/span><\/p>\n<\/li>\n<\/ol>\n<p style=\"text-align: center;\" align=\"JUSTIFY\"><span style=\"font-size: small;\"><span style=\"font-size: large;\">Obrazek przedstawia kwantowe wiry w ultrazimnym gazie bozon\u00f3w &#8211; wi\u0119cej podczas wyk\u0142adu inauguracyjnego.<\/span><\/span><\/p>\n<p align=\"JUSTIFY\"><span style=\"font-size: x-large;\">Serdecznie zapraszam wszystkich student\u00f3w, doktorant\u00f3w i pracownik\u00f3w do wzi\u0119cia udzia\u0142u w uroczysto\u015bci.<\/span><\/p>\n<p>&nbsp;<\/p>\n<p style=\"text-align: right;\"><span style=\"font-size: small;\"> <span style=\"font-size: large;\"><i>Dziekan Wydzia\u0142u Fizyki<\/i><\/span><\/span><br \/>\n<span style=\"font-size: small;\"><span style=\"font-size: large;\"><i> prof. dr hab. Piotr Jaranowski<\/i><\/span><\/span><\/p>\n<p>&nbsp;<\/p>\n<p align=\"JUSTIFY\"><span style=\"font-size: small;\"><span style=\"font-size: large;\"><i>Z okazji uroczystej inauguracji roku akademickiego 2017\/2018 w dniu <\/i><\/span><span style=\"font-size: x-large;\"><i><b>9 pa\u017adziernika br. od godz. 8:00 do godz. 20:00 zaj\u0119cia dydaktyczne na Wydziale Fizyki nie b\u0119d\u0105 si\u0119 odbywa\u0107.<\/b><\/i><\/span><\/span><\/p>\n","protected":false},"excerpt":{"rendered":"<p>Informujemy, \u017ce uroczysta inauguracja roku na Wydziale odb\u0119dzie si\u0119 9 pa\u017adziernika (szczeg\u00f3\u0142y poni\u017cej). Zaj\u0119cia dydaktyczne startuj\u0105 ju\u017c od poniedzia\u0142ku 2 pa\u017adziernika, wi\u0119c prosimy uwa\u017cnie przyjrze\u0107 si\u0119 planowi zaj\u0119\u0107: I-szy rok <a href=\"https:\/\/physics.uwb.edu.pl\/wf\/?page_id=6213\" class=\"more-link\">[&hellip;]<\/a><\/p>\n","protected":false},"author":9,"featured_media":6112,"parent":713,"menu_order":0,"comment_status":"closed","ping_status":"closed","template":"","meta":{"ngg_post_thumbnail":0,"Layout":"1c","footnotes":""},"categories":[3],"tags":[],"class_list":["entry","author-","post-6213","page","type-page","status-publish","has-post-thumbnail","category-wydzialowe_pl"],"jetpack_sharing_enabled":true,"jetpack_shortlink":"https:\/\/wp.me\/P7nvcn-1Cd","_links":{"self":[{"href":"https:\/\/physics.uwb.edu.pl\/wf\/index.php?rest_route=\/wp\/v2\/pages\/6213","targetHints":{"allow":["GET"]}}],"collection":[{"href":"https:\/\/physics.uwb.edu.pl\/wf\/index.php?rest_route=\/wp\/v2\/pages"}],"about":[{"href":"https:\/\/physics.uwb.edu.pl\/wf\/index.php?rest_route=\/wp\/v2\/types\/page"}],"author":[{"embeddable":true,"href":"https:\/\/physics.uwb.edu.pl\/wf\/index.php?rest_route=\/wp\/v2\/users\/9"}],"replies":[{"embeddable":true,"href":"https:\/\/physics.uwb.edu.pl\/wf\/index.php?rest_route=%2Fwp%2Fv2%2Fcomments&post=6213"}],"version-history":[{"count":1,"href":"https:\/\/physics.uwb.edu.pl\/wf\/index.php?rest_route=\/wp\/v2\/pages\/6213\/revisions"}],"predecessor-version":[{"id":6214,"href":"https:\/\/physics.uwb.edu.pl\/wf\/index.php?rest_route=\/wp\/v2\/pages\/6213\/revisions\/6214"}],"up":[{"embeddable":true,"href":"https:\/\/physics.uwb.edu.pl\/wf\/index.php?rest_route=\/wp\/v2\/pages\/713"}],"wp:featuredmedia":[{"embeddable":true,"href":"https:\/\/physics.uwb.edu.pl\/wf\/index.php?rest_route=\/wp\/v2\/media\/6112"}],"wp:attachment":[{"href":"https:\/\/physics.uwb.edu.pl\/wf\/index.php?rest_route=%2Fwp%2Fv2%2Fmedia&parent=6213"}],"wp:term":[{"taxonomy":"category","embeddable":true,"href":"https:\/\/physics.uwb.edu.pl\/wf\/index.php?rest_route=%2Fwp%2Fv2%2Fcategories&post=6213"},{"taxonomy":"post_tag","embeddable":true,"href":"https:\/\/physics.uwb.edu.pl\/wf\/index.php?rest_route=%2Fwp%2Fv2%2Ftags&post=6213"}],"curies":[{"name":"wp","href":"https:\/\/api.w.org\/{rel}","templated":true}]}}