{"id":6227,"date":"2017-10-09T11:34:10","date_gmt":"2017-10-09T09:34:10","guid":{"rendered":"http:\/\/physics.uwb.edu.pl\/wf\/?page_id=6227"},"modified":"2017-10-12T15:30:07","modified_gmt":"2017-10-12T13:30:07","slug":"inauguracja-roku-akademickiego-20172018","status":"publish","type":"page","link":"https:\/\/physics.uwb.edu.pl\/wf\/?page_id=6227","title":{"rendered":"Inauguracja roku akademickiego 2017\/2018"},"content":{"rendered":"<p>W dniu 9 pa\u017adziernika 2017 r. odby\u0142a si\u0119 uroczysta inauguracja roku akademickiego 2017\/2018 na Wydziale Fizyki UwB. Otwarcie nowego roku prowadzi\u0142y w\u0142adze dzieka\u0144skie w osobach prof. <a href=\"http:\/\/physics.uwb.edu.pl\/wf\/?pracownik=piotr-jaranowski\">Piotra Jaranowskiego<\/a> (dziekana Wydzia\u0142u Fizyki), dr. hab. <a href=\"http:\/\/physics.uwb.edu.pl\/wf\/?pracownik=andrzej-andrejczuk\">Andrzeja Andrejczuka<\/a>, prof. UwB (prodziekana ds. og\u00f3lnych) oraz dr. hab. <a href=\"http:\/\/physics.uwb.edu.pl\/wf\/?pracownik=marek-nikolajuk\">Marka Niko\u0142ajuka<\/a>&nbsp;(prodziekana ds. studenckich). Swoj\u0105 obecno\u015bci\u0105 zaszczyci\u0142a nas Prorektor ds. Nauki prof. dr hab. <a href=\"http:\/\/uwb.edu.pl\/prorektor-ds-nauki\">Izabela \u015awi\u0119cicka<\/a>.<\/p>\nngg_shortcode_0_placeholder\n<p>Zgodnie z tradycj\u0105 inauguracja po\u0142\u0105czona by\u0142a z wyk\u0142adem &#8211; tym razem wyk\u0142ad pt. &#8220;<em>Symulacje komputerowe w fizyce<\/em>&#8221; wyg\u0142osi\u0142&nbsp;dr hab. Tomasz Karpiuk. Nie zabrak\u0142o tak\u017ce dyplom\u00f3w okoliczno\u015bciowych przyznawanych pracownikom Wydzia\u0142u Fizyki.<\/p>\n","protected":false},"excerpt":{"rendered":"<p>W dniu 9 pa\u017adziernika 2017 r. odby\u0142a si\u0119 uroczysta inauguracja roku akademickiego 2017\/2018 na Wydziale Fizyki UwB. Otwarcie nowego roku prowadzi\u0142y w\u0142adze dzieka\u0144skie w osobach prof. Piotra Jaranowskiego (dziekana Wydzia\u0142u <a href=\"https:\/\/physics.uwb.edu.pl\/wf\/?page_id=6227\" class=\"more-link\">[&hellip;]<\/a><\/p>\n","protected":false},"author":5,"featured_media":6254,"parent":2744,"menu_order":0,"comment_status":"closed","ping_status":"closed","template":"","meta":{"ngg_post_thumbnail":0,"Layout":"1c","footnotes":""},"categories":[131],"tags":[],"class_list":["entry","author-gawryl","post-6227","page","type-page","status-publish","has-post-thumbnail","category-galeria_foto"],"jetpack_sharing_enabled":true,"jetpack_shortlink":"https:\/\/wp.me\/P7nvcn-1Cr","_links":{"self":[{"href":"https:\/\/physics.uwb.edu.pl\/wf\/index.php?rest_route=\/wp\/v2\/pages\/6227","targetHints":{"allow":["GET"]}}],"collection":[{"href":"https:\/\/physics.uwb.edu.pl\/wf\/index.php?rest_route=\/wp\/v2\/pages"}],"about":[{"href":"https:\/\/physics.uwb.edu.pl\/wf\/index.php?rest_route=\/wp\/v2\/types\/page"}],"author":[{"embeddable":true,"href":"https:\/\/physics.uwb.edu.pl\/wf\/index.php?rest_route=\/wp\/v2\/users\/5"}],"replies":[{"embeddable":true,"href":"https:\/\/physics.uwb.edu.pl\/wf\/index.php?rest_route=%2Fwp%2Fv2%2Fcomments&post=6227"}],"version-history":[{"count":5,"href":"https:\/\/physics.uwb.edu.pl\/wf\/index.php?rest_route=\/wp\/v2\/pages\/6227\/revisions"}],"predecessor-version":[{"id":6257,"href":"https:\/\/physics.uwb.edu.pl\/wf\/index.php?rest_route=\/wp\/v2\/pages\/6227\/revisions\/6257"}],"up":[{"embeddable":true,"href":"https:\/\/physics.uwb.edu.pl\/wf\/index.php?rest_route=\/wp\/v2\/pages\/2744"}],"wp:featuredmedia":[{"embeddable":true,"href":"https:\/\/physics.uwb.edu.pl\/wf\/index.php?rest_route=\/wp\/v2\/media\/6254"}],"wp:attachment":[{"href":"https:\/\/physics.uwb.edu.pl\/wf\/index.php?rest_route=%2Fwp%2Fv2%2Fmedia&parent=6227"}],"wp:term":[{"taxonomy":"category","embeddable":true,"href":"https:\/\/physics.uwb.edu.pl\/wf\/index.php?rest_route=%2Fwp%2Fv2%2Fcategories&post=6227"},{"taxonomy":"post_tag","embeddable":true,"href":"https:\/\/physics.uwb.edu.pl\/wf\/index.php?rest_route=%2Fwp%2Fv2%2Ftags&post=6227"}],"curies":[{"name":"wp","href":"https:\/\/api.w.org\/{rel}","templated":true}]}}