{"id":624,"date":"2016-03-09T12:03:07","date_gmt":"2016-03-09T11:03:07","guid":{"rendered":"http:\/\/physics.uwb.edu.pl\/wf\/?page_id=624"},"modified":"2016-03-09T12:21:43","modified_gmt":"2016-03-09T11:21:43","slug":"krytyczne-uwagi-o-algorytmie-podzialu-dotacji-podstawowej","status":"publish","type":"page","link":"https:\/\/physics.uwb.edu.pl\/wf\/?page_id=624","title":{"rendered":"Krytyczne uwagi o algorytmie podzia\u0142u dotacji podstawowej"},"content":{"rendered":"<p>Jan L. Cie\u015bli\u0144ski, &#8220;Krytyczne uwagi o algorytmie podzia\u0142u dotacji podstawowej&#8221;, Konferencja Dziekan\u00f3w Wydzia\u0142\u00f3w Przyrodniczych, Bia\u0142ystok 2015<\/p>\n<p>[pdf-embedder url=&#8221;http:\/\/physics.uwb.edu.pl\/wf\/wp-content\/uploads\/2016\/03\/Cieslinski-Forum-biologia-2015.pdf&#8221;]<\/p>\n","protected":false},"excerpt":{"rendered":"<p>Jan L. Cie\u015bli\u0144ski, &#8220;Krytyczne uwagi o algorytmie podzia\u0142u dotacji podstawowej&#8221;, Konferencja Dziekan\u00f3w Wydzia\u0142\u00f3w Przyrodniczych, Bia\u0142ystok 2015 [pdf-embedder url=&#8221;http:\/\/physics.uwb.edu.pl\/wf\/wp-content\/uploads\/2016\/03\/Cieslinski-Forum-biologia-2015.pdf&#8221;]<\/p>\n","protected":false},"author":2,"featured_media":615,"parent":602,"menu_order":0,"comment_status":"closed","ping_status":"closed","template":"","meta":{"ngg_post_thumbnail":0,"Layout":"1c","footnotes":""},"categories":[3],"tags":[],"class_list":["entry","author-dobrog","post-624","page","type-page","status-publish","has-post-thumbnail","category-wydzialowe_pl"],"jetpack_sharing_enabled":true,"jetpack_shortlink":"https:\/\/wp.me\/P7nvcn-a4","_links":{"self":[{"href":"https:\/\/physics.uwb.edu.pl\/wf\/index.php?rest_route=\/wp\/v2\/pages\/624","targetHints":{"allow":["GET"]}}],"collection":[{"href":"https:\/\/physics.uwb.edu.pl\/wf\/index.php?rest_route=\/wp\/v2\/pages"}],"about":[{"href":"https:\/\/physics.uwb.edu.pl\/wf\/index.php?rest_route=\/wp\/v2\/types\/page"}],"author":[{"embeddable":true,"href":"https:\/\/physics.uwb.edu.pl\/wf\/index.php?rest_route=\/wp\/v2\/users\/2"}],"replies":[{"embeddable":true,"href":"https:\/\/physics.uwb.edu.pl\/wf\/index.php?rest_route=%2Fwp%2Fv2%2Fcomments&post=624"}],"version-history":[{"count":2,"href":"https:\/\/physics.uwb.edu.pl\/wf\/index.php?rest_route=\/wp\/v2\/pages\/624\/revisions"}],"predecessor-version":[{"id":632,"href":"https:\/\/physics.uwb.edu.pl\/wf\/index.php?rest_route=\/wp\/v2\/pages\/624\/revisions\/632"}],"up":[{"embeddable":true,"href":"https:\/\/physics.uwb.edu.pl\/wf\/index.php?rest_route=\/wp\/v2\/pages\/602"}],"wp:featuredmedia":[{"embeddable":true,"href":"https:\/\/physics.uwb.edu.pl\/wf\/index.php?rest_route=\/wp\/v2\/media\/615"}],"wp:attachment":[{"href":"https:\/\/physics.uwb.edu.pl\/wf\/index.php?rest_route=%2Fwp%2Fv2%2Fmedia&parent=624"}],"wp:term":[{"taxonomy":"category","embeddable":true,"href":"https:\/\/physics.uwb.edu.pl\/wf\/index.php?rest_route=%2Fwp%2Fv2%2Fcategories&post=624"},{"taxonomy":"post_tag","embeddable":true,"href":"https:\/\/physics.uwb.edu.pl\/wf\/index.php?rest_route=%2Fwp%2Fv2%2Ftags&post=624"}],"curies":[{"name":"wp","href":"https:\/\/api.w.org\/{rel}","templated":true}]}}