{"id":626,"date":"2016-03-09T12:05:58","date_gmt":"2016-03-09T11:05:58","guid":{"rendered":"http:\/\/physics.uwb.edu.pl\/wf\/?page_id=626"},"modified":"2016-03-09T12:14:03","modified_gmt":"2016-03-09T11:14:03","slug":"krytyczne-uwagi-o-algorytmie-podzialu-dotacji-podstawowejpoznan","status":"publish","type":"page","link":"https:\/\/physics.uwb.edu.pl\/wf\/?page_id=626","title":{"rendered":"Krytyczne uwagi o algorytmie podzia\u0142u dotacji podstawowej\/Pozna\u0144"},"content":{"rendered":"<p>Jan L. Cie\u015bli\u0144ski, &#8220;Krytyczne uwagi o algorytmie podzia\u0142u dotacji podstawowej&#8221;, FORUM Dziekan\u00f3w Wydzia\u0142\u00f3w Fizyki, Pozna\u0144 2014<\/p>\n<p>[pdf-embedder url=&#8221;http:\/\/physics.uwb.edu.pl\/wf\/wp-content\/uploads\/2016\/03\/CieslinskiForumPoznan2014.pdf&#8221;]<\/p>\n","protected":false},"excerpt":{"rendered":"<p>Jan L. Cie\u015bli\u0144ski, &#8220;Krytyczne uwagi o algorytmie podzia\u0142u dotacji podstawowej&#8221;, FORUM Dziekan\u00f3w Wydzia\u0142\u00f3w Fizyki, Pozna\u0144 2014 [pdf-embedder url=&#8221;http:\/\/physics.uwb.edu.pl\/wf\/wp-content\/uploads\/2016\/03\/CieslinskiForumPoznan2014.pdf&#8221;]<\/p>\n","protected":false},"author":2,"featured_media":616,"parent":602,"menu_order":0,"comment_status":"closed","ping_status":"closed","template":"","meta":{"ngg_post_thumbnail":0,"Layout":"1c","footnotes":""},"categories":[3],"tags":[],"class_list":["entry","author-dobrog","post-626","page","type-page","status-publish","has-post-thumbnail","category-wydzialowe_pl"],"jetpack_sharing_enabled":true,"jetpack_shortlink":"https:\/\/wp.me\/P7nvcn-a6","_links":{"self":[{"href":"https:\/\/physics.uwb.edu.pl\/wf\/index.php?rest_route=\/wp\/v2\/pages\/626","targetHints":{"allow":["GET"]}}],"collection":[{"href":"https:\/\/physics.uwb.edu.pl\/wf\/index.php?rest_route=\/wp\/v2\/pages"}],"about":[{"href":"https:\/\/physics.uwb.edu.pl\/wf\/index.php?rest_route=\/wp\/v2\/types\/page"}],"author":[{"embeddable":true,"href":"https:\/\/physics.uwb.edu.pl\/wf\/index.php?rest_route=\/wp\/v2\/users\/2"}],"replies":[{"embeddable":true,"href":"https:\/\/physics.uwb.edu.pl\/wf\/index.php?rest_route=%2Fwp%2Fv2%2Fcomments&post=626"}],"version-history":[{"count":4,"href":"https:\/\/physics.uwb.edu.pl\/wf\/index.php?rest_route=\/wp\/v2\/pages\/626\/revisions"}],"predecessor-version":[{"id":631,"href":"https:\/\/physics.uwb.edu.pl\/wf\/index.php?rest_route=\/wp\/v2\/pages\/626\/revisions\/631"}],"up":[{"embeddable":true,"href":"https:\/\/physics.uwb.edu.pl\/wf\/index.php?rest_route=\/wp\/v2\/pages\/602"}],"wp:featuredmedia":[{"embeddable":true,"href":"https:\/\/physics.uwb.edu.pl\/wf\/index.php?rest_route=\/wp\/v2\/media\/616"}],"wp:attachment":[{"href":"https:\/\/physics.uwb.edu.pl\/wf\/index.php?rest_route=%2Fwp%2Fv2%2Fmedia&parent=626"}],"wp:term":[{"taxonomy":"category","embeddable":true,"href":"https:\/\/physics.uwb.edu.pl\/wf\/index.php?rest_route=%2Fwp%2Fv2%2Fcategories&post=626"},{"taxonomy":"post_tag","embeddable":true,"href":"https:\/\/physics.uwb.edu.pl\/wf\/index.php?rest_route=%2Fwp%2Fv2%2Ftags&post=626"}],"curies":[{"name":"wp","href":"https:\/\/api.w.org\/{rel}","templated":true}]}}