{"id":6277,"date":"2017-10-20T08:54:19","date_gmt":"2017-10-20T06:54:19","guid":{"rendered":"http:\/\/physics.uwb.edu.pl\/wf\/?page_id=6277"},"modified":"2017-10-20T09:56:59","modified_gmt":"2017-10-20T07:56:59","slug":"studenckie-pogotowie-lekcyjne","status":"publish","type":"page","link":"https:\/\/physics.uwb.edu.pl\/wf\/?page_id=6277","title":{"rendered":"Studenckie pogotowie lekcyjne"},"content":{"rendered":"<p style=\"text-align: center; color: red;\"><strong>STUDENCKIE POGOTOWIE LEKCYJNE \u2013 w\u0142\u0105cz si\u0119!<\/strong><\/p>\n<p><strong>Chcesz podzieli\u0107 si\u0119 swoj\u0105 wiedz\u0105 i czasem? Chcesz zdoby\u0107 cenne do\u015bwiadczenie? Chcesz pom\u00f3c? Przy\u0142\u0105cz si\u0119 do STUDENCKIEGO POGOTOWIA LEKCYJNEGO! Akcj\u0119 od 2013 roku organizuje i koordynuje Uniwersytet w Bia\u0142ymstoku. W tym czasie pomogli\u015bmy setkom dzieci.<\/strong><\/p>\n<p>KOMU I W CZYM POMAGAMY?<\/p>\n<p>Zapewniamy pomoc w odrabianiu lekcji podopiecznym \u015bwietlic socjoterapeutycznych prowadzonych przez organizacje charytatywne: CARITAS, ELEOS i PCK. Do tych plac\u00f3wek codziennie przychodz\u0105 dzieci i m\u0142odzie\u017c, kt\u00f3re przy pracach domowych zwykle nie mog\u0105 liczy\u0107 na pomoc najbli\u017cszych. To uczniowie szk\u00f3\u0142 podstawowych (wi\u0119kszo\u015b\u0107) i gimnazjalnych. Wielu z nich wychowuje si\u0119 w rodzinach dysfunkcyjnych, g\u0142\u00f3wnie z problemem alkoholowym, albo w rodzinach niepe\u0142nych i ubogich. \u015awietlicowe grupy licz\u0105 zwykle kilkana\u015bcioro dzieci.<\/p>\n<p>JAK B\u0118DZIE WYGL\u0104DA\u0141A POMOC?<\/p>\n<p>Organizujemy w \u015bwietlicach socjoterapeutycznych dy\u017cury student\u00f3w. Wolontariusze b\u0119d\u0105 dy\u017curowa\u0107 w wybranych plac\u00f3wkach raz w tygodniu (od poniedzia\u0142ku do pi\u0105tku), w godzinach popo\u0142udniowych, wed\u0142ug ustalonych z nimi grafik\u00f3w. Student\u00f3w b\u0119d\u0105 wspiera\u0107 zatrudnieni w \u015bwietlicach wykwalifikowani opiekunowie. Dy\u017cury potrwaj\u0105 do ko\u0144ca semestru.<\/p>\n<p>DLACZEGO WARTO W\u0141\u0104CZY\u0106 SI\u0118 DO AKCJI?<\/p>\n<p>Praca na rzecz dzieci to okazja do zdobycia bezcennych do\u015bwiadcze\u0144, wzmocnienia kompetencji interpersonalnych i sprawdzenia si\u0119 w kontakcie z innymi lud\u017ami. Niesienie pomocy potrzebuj\u0105cym daje satysfakcj\u0119, uczy empatii i wra\u017cliwo\u015bci na los innych.<\/p>\n<p>NA CO MOG\u0104 LICZY\u0106 WOLONTARIUSZE?<\/p>\n<p>Pracownicy \u015bwietlic przeka\u017c\u0105 wolontariuszom niezb\u0119dne wskaz\u00f3wki i wyja\u015bni\u0105 specyfik\u0119 pracy ze swoimi podopiecznymi. Ka\u017cdy student, kt\u00f3ry w\u0142\u0105czy si\u0119 do akcji, po zako\u0144czeniu dy\u017cur\u00f3w mo\u017ce otrzyma\u0107 ze \u015bwietlicy za\u015bwiadczenie o pracy wolontariackiej, wraz z opisem zrealizowanych zada\u0144 i wymiarem godzin. Ka\u017cdy wolontariusz, kt\u00f3ry b\u0119dzie dy\u017curowa\u0142 sumiennie i systematycznie, na koniec semestru otrzyma dodatkowo pami\u0105tkowy certyfikat. Dokumenty te mog\u0105 przyda\u0107 si\u0119 przy staraniach o stypendium, sta\u017c czy prac\u0119.<\/p>\n<p>CO ZROBI\u0106, \u017bEBY W\u0141\u0104CZY\u0106 SI\u0118 DO AKCJI?<\/p>\n<p>Trzeba wype\u0142ni\u0107 -&gt;<a href=\"http:\/\/physics.uwb.edu.pl\/wf\/wp-content\/uploads\/2017\/10\/kartaZgloszenia2017_18_z.doc\">kart\u0119 zg\u0142oszeniow\u0105<\/a>, a w niej wskaza\u0107 miejsce i por\u0119 (dzie\u0144 tygodnia, godziny), w jakich chcesz i mo\u017cesz pomaga\u0107. <span style=\"color: red;\">Kart\u0119 trzeba wys\u0142a\u0107 na adres: pogotowie@uwb.edu.pl do 20 pa\u017adziernika 2017 r.<\/span> W tytule maila wpisz \u201e<strong>Zg\u0142oszenie<\/strong>\u201d. Organizatorzy poinformuj\u0105 ci\u0119 o wynikach naboru i prze\u015bl\u0105 grafik dy\u017cur\u00f3w drog\u0105 mailow\u0105. <u>Dy\u017cury rozpoczn\u0105 si\u0119 23 pa\u017adziernika<\/u>.<\/p>\n<p>W przypadku, gdy t\u0119 sam\u0105 plac\u00f3wk\u0119 i ten sam termin dy\u017cur\u00f3w wska\u017ce wi\u0119ksza liczba zg\u0142aszaj\u0105cych si\u0119 student\u00f3w &#8211; o zakwalifikowaniu do udzia\u0142u w akcji b\u0119dzie decydowa\u0142a przede wszystkim kolejno\u015b\u0107 zg\u0142osze\u0144. Na ostateczny kszta\u0142t grafiku mo\u017ce mie\u0107 te\u017c wp\u0142yw kierunek studi\u00f3w i znajomo\u015b\u0107 j\u0119zyk\u00f3w obcych \u2013 chcemy zagwarantowa\u0107 podopiecznym \u015bwietlic mo\u017cliwie wszechstronn\u0105 pomoc. <strong>W pierwszej kolejno\u015bci do grafiku b\u0119d\u0105 wpisywane osoby, kt\u00f3re ju\u017c dy\u017curowa\u0142y w wybranej plac\u00f3wce<\/strong> \u2013 w tytule maila prosz\u0119 wpisa\u0107 <span style=\"color: red;\">\u201eZg\u0142oszenie \u2013 kontynuacja\u201d<\/span>.<\/p>\n<p>UWAGA!<br \/>\n<strong>Wolontariat daje mn\u00f3stwo satysfakcji, ale wymaga wytrwa\u0142o\u015bci i konsekwencji. Podopieczni \u015bwietlic potrzebuj\u0105 pomocy systematycznej, dlatego czekamy na <u>przemy\u015blane zg\u0142oszenia<\/u>!<\/strong><\/p>\n","protected":false},"excerpt":{"rendered":"<p>STUDENCKIE POGOTOWIE LEKCYJNE \u2013 w\u0142\u0105cz si\u0119! Chcesz podzieli\u0107 si\u0119 swoj\u0105 wiedz\u0105 i czasem? Chcesz zdoby\u0107 cenne do\u015bwiadczenie? Chcesz pom\u00f3c? Przy\u0142\u0105cz si\u0119 do STUDENCKIEGO POGOTOWIA LEKCYJNEGO! Akcj\u0119 od 2013 roku organizuje <a href=\"https:\/\/physics.uwb.edu.pl\/wf\/?page_id=6277\" class=\"more-link\">[&hellip;]<\/a><\/p>\n","protected":false},"author":9,"featured_media":6280,"parent":713,"menu_order":0,"comment_status":"closed","ping_status":"closed","template":"","meta":{"ngg_post_thumbnail":0,"Layout":"","footnotes":""},"categories":[27],"tags":[],"class_list":["entry","author-","post-6277","page","type-page","status-publish","has-post-thumbnail","category-post_news_pl"],"jetpack_sharing_enabled":true,"jetpack_shortlink":"https:\/\/wp.me\/P7nvcn-1Df","_links":{"self":[{"href":"https:\/\/physics.uwb.edu.pl\/wf\/index.php?rest_route=\/wp\/v2\/pages\/6277","targetHints":{"allow":["GET"]}}],"collection":[{"href":"https:\/\/physics.uwb.edu.pl\/wf\/index.php?rest_route=\/wp\/v2\/pages"}],"about":[{"href":"https:\/\/physics.uwb.edu.pl\/wf\/index.php?rest_route=\/wp\/v2\/types\/page"}],"author":[{"embeddable":true,"href":"https:\/\/physics.uwb.edu.pl\/wf\/index.php?rest_route=\/wp\/v2\/users\/9"}],"replies":[{"embeddable":true,"href":"https:\/\/physics.uwb.edu.pl\/wf\/index.php?rest_route=%2Fwp%2Fv2%2Fcomments&post=6277"}],"version-history":[{"count":9,"href":"https:\/\/physics.uwb.edu.pl\/wf\/index.php?rest_route=\/wp\/v2\/pages\/6277\/revisions"}],"predecessor-version":[{"id":6288,"href":"https:\/\/physics.uwb.edu.pl\/wf\/index.php?rest_route=\/wp\/v2\/pages\/6277\/revisions\/6288"}],"up":[{"embeddable":true,"href":"https:\/\/physics.uwb.edu.pl\/wf\/index.php?rest_route=\/wp\/v2\/pages\/713"}],"wp:featuredmedia":[{"embeddable":true,"href":"https:\/\/physics.uwb.edu.pl\/wf\/index.php?rest_route=\/wp\/v2\/media\/6280"}],"wp:attachment":[{"href":"https:\/\/physics.uwb.edu.pl\/wf\/index.php?rest_route=%2Fwp%2Fv2%2Fmedia&parent=6277"}],"wp:term":[{"taxonomy":"category","embeddable":true,"href":"https:\/\/physics.uwb.edu.pl\/wf\/index.php?rest_route=%2Fwp%2Fv2%2Fcategories&post=6277"},{"taxonomy":"post_tag","embeddable":true,"href":"https:\/\/physics.uwb.edu.pl\/wf\/index.php?rest_route=%2Fwp%2Fv2%2Ftags&post=6277"}],"curies":[{"name":"wp","href":"https:\/\/api.w.org\/{rel}","templated":true}]}}