{"id":6373,"date":"2017-10-24T19:55:46","date_gmt":"2017-10-24T17:55:46","guid":{"rendered":"http:\/\/physics.uwb.edu.pl\/wf\/?page_id=6373"},"modified":"2017-11-06T12:31:54","modified_gmt":"2017-11-06T11:31:54","slug":"nobel-za-sluchanie-wszechswiata-wyklad-popularnonaukowy","status":"publish","type":"page","link":"https:\/\/physics.uwb.edu.pl\/wf\/?page_id=6373","title":{"rendered":"Nobel za s\u0142uchanie Wszech\u015bwiata &#8211; wyk\u0142ad popularnonaukowy"},"content":{"rendered":"<p>24 pa\u017adziernika 2017 r. Dziekan Wydzia\u0142u Fizyki, prof. Piotr Jaranowski wyg\u0142osi\u0142 wyk\u0142ad popularnonaukowy pt. &#8220;Nobel za s\u0142uchanie Wszech\u015bwiata&#8221;. Frekwencja dopisa\u0142a!<\/p>\nngg_shortcode_0_placeholder\n<p>Profesor Jaranowski, nasz ekspert od fal grawitacyjnych, w prosty spos\u00f3b postara\u0142 si\u0119 przedstawi\u0107 zawi\u0142e kwestie tegorocznej nagrody nobla. Wyk\u0142ad zorganizowa\u0142a Centrala UwB ale&#8230; nie spodziewa\u0142a si\u0119 tak wielkiego zainteresowania! Najpierw wszyscy zebrali si\u0119 w auli Wydzia\u0142u Fizyki, kt\u00f3ra okaza\u0142a si\u0119 zbyt ma\u0142a by pomie\u015bci\u0107 tylu s\u0142uchaczy. Dlatego wi\u0119c zmieniono plany i przeniesiono wyk\u0142ad do auli budynku chemii, kt\u00f3ra mie\u015bci si\u0119 w Kampusie. Nie by\u0142o problem\u00f3w z &#8220;przeprowadzk\u0105&#8221; ale&#8230; i ta sala okaza\u0142a si\u0119 za ma\u0142a! W kolejnym kroku uczestnicy przeli do budynku biologii &#8211; tam aula okaza\u0142a si\u0119 wystarczaj\u0105co pojemna. Po tych wszystkich perypetiach wyk\u0142ad si\u0119 odby\u0142, a uczestnicy nie \u017ca\u0142owali oczekiwania.<\/p>\n<p>Centrala UwB prowadzi\u0142a transmisj\u0119 na \u017cywo z wyk\u0142adu w serwisie Facebook &#8211; dzi\u0119ki temu ca\u0142o\u015b\u0107 mo\u017cna obejrze\u0107 pod <a href=\"https:\/\/www.facebook.com\/uniwersytetwbialymstoku\/videos\/1744555792263799\/?hc_ref=ARQf5RWts-STBpubwpjeHRVEqUztscHHOX9-5t883IM8SE-MVSeelMlIPJF2LS2opQI\">tym linkiem<\/a>. Zach\u0119camy!<\/p>\n<p><img loading=\"lazy\" decoding=\"async\" class=\"alignnone  wp-image-6507\" src=\"http:\/\/physics.uwb.edu.pl\/wf\/wp-content\/uploads\/2017\/10\/Screenshot_2017-10-26-22-24-26-1024x576.png\" alt=\"\" width=\"519\" height=\"292\" srcset=\"https:\/\/physics.uwb.edu.pl\/wf\/wp-content\/uploads\/2017\/10\/Screenshot_2017-10-26-22-24-26-1024x576.png 1024w, https:\/\/physics.uwb.edu.pl\/wf\/wp-content\/uploads\/2017\/10\/Screenshot_2017-10-26-22-24-26-150x84.png 150w, https:\/\/physics.uwb.edu.pl\/wf\/wp-content\/uploads\/2017\/10\/Screenshot_2017-10-26-22-24-26-300x169.png 300w, https:\/\/physics.uwb.edu.pl\/wf\/wp-content\/uploads\/2017\/10\/Screenshot_2017-10-26-22-24-26-889x500.png 889w, https:\/\/physics.uwb.edu.pl\/wf\/wp-content\/uploads\/2017\/10\/Screenshot_2017-10-26-22-24-26.png 1920w\" sizes=\"auto, (max-width: 519px) 100vw, 519px\" \/><\/p>\n<p>Wszystkim uczestnikom wyk\u0142adu dzi\u0119kujemy za obecno\u015b\u0107 i zainteresowanie, tym samym zapraszamy na kolejne spotkania tego typu.<\/p>\n","protected":false},"excerpt":{"rendered":"<p>24 pa\u017adziernika 2017 r. Dziekan Wydzia\u0142u Fizyki, prof. Piotr Jaranowski wyg\u0142osi\u0142 wyk\u0142ad popularnonaukowy pt. &#8220;Nobel za s\u0142uchanie Wszech\u015bwiata&#8221;. Frekwencja dopisa\u0142a! Profesor Jaranowski, nasz ekspert od fal grawitacyjnych, w prosty spos\u00f3b <a href=\"https:\/\/physics.uwb.edu.pl\/wf\/?page_id=6373\" class=\"more-link\">[&hellip;]<\/a><\/p>\n","protected":false},"author":5,"featured_media":6508,"parent":2744,"menu_order":0,"comment_status":"closed","ping_status":"closed","template":"","meta":{"ngg_post_thumbnail":0,"Layout":"1c","footnotes":""},"categories":[131,35],"tags":[],"class_list":["entry","author-gawryl","post-6373","page","type-page","status-publish","has-post-thumbnail","category-galeria_foto","category-popularyzacja_pl"],"jetpack_sharing_enabled":true,"jetpack_shortlink":"https:\/\/wp.me\/P7nvcn-1EN","_links":{"self":[{"href":"https:\/\/physics.uwb.edu.pl\/wf\/index.php?rest_route=\/wp\/v2\/pages\/6373","targetHints":{"allow":["GET"]}}],"collection":[{"href":"https:\/\/physics.uwb.edu.pl\/wf\/index.php?rest_route=\/wp\/v2\/pages"}],"about":[{"href":"https:\/\/physics.uwb.edu.pl\/wf\/index.php?rest_route=\/wp\/v2\/types\/page"}],"author":[{"embeddable":true,"href":"https:\/\/physics.uwb.edu.pl\/wf\/index.php?rest_route=\/wp\/v2\/users\/5"}],"replies":[{"embeddable":true,"href":"https:\/\/physics.uwb.edu.pl\/wf\/index.php?rest_route=%2Fwp%2Fv2%2Fcomments&post=6373"}],"version-history":[{"count":3,"href":"https:\/\/physics.uwb.edu.pl\/wf\/index.php?rest_route=\/wp\/v2\/pages\/6373\/revisions"}],"predecessor-version":[{"id":6509,"href":"https:\/\/physics.uwb.edu.pl\/wf\/index.php?rest_route=\/wp\/v2\/pages\/6373\/revisions\/6509"}],"up":[{"embeddable":true,"href":"https:\/\/physics.uwb.edu.pl\/wf\/index.php?rest_route=\/wp\/v2\/pages\/2744"}],"wp:featuredmedia":[{"embeddable":true,"href":"https:\/\/physics.uwb.edu.pl\/wf\/index.php?rest_route=\/wp\/v2\/media\/6508"}],"wp:attachment":[{"href":"https:\/\/physics.uwb.edu.pl\/wf\/index.php?rest_route=%2Fwp%2Fv2%2Fmedia&parent=6373"}],"wp:term":[{"taxonomy":"category","embeddable":true,"href":"https:\/\/physics.uwb.edu.pl\/wf\/index.php?rest_route=%2Fwp%2Fv2%2Fcategories&post=6373"},{"taxonomy":"post_tag","embeddable":true,"href":"https:\/\/physics.uwb.edu.pl\/wf\/index.php?rest_route=%2Fwp%2Fv2%2Ftags&post=6373"}],"curies":[{"name":"wp","href":"https:\/\/api.w.org\/{rel}","templated":true}]}}