{"id":6655,"date":"2017-11-16T14:39:13","date_gmt":"2017-11-16T13:39:13","guid":{"rendered":"http:\/\/physics.uwb.edu.pl\/wf\/?page_id=6655"},"modified":"2019-02-07T13:44:26","modified_gmt":"2019-02-07T12:44:26","slug":"o-marianie-smoluchowskim-w-setna-rocznice-smierci","status":"publish","type":"page","link":"https:\/\/physics.uwb.edu.pl\/wf\/?page_id=6655","title":{"rendered":"O Marianie Smoluchowskim w setn\u0105 rocznic\u0119 \u015bmierci"},"content":{"rendered":"<h3 style=\"text-align: left\"><strong>Konwersatorium wydzia\u0142owe<\/strong><\/h3>\n<p style=\"text-align: left\">Dnia 2017-11-21 o godzinie 14:15 w sali 2011 Wydzia\u0142u Fizyki UwB odb\u0119dzie si\u0119 konwersatorium, na kt\u00f3rym prof. dr hab. Bogdan Cichocki z Instytutu Fizyki Teoretycznej, Wydzia\u0142u Fizyki, Uniwersytetu Warszawskiego wyg\u0142osi wyk\u0142ad pt:<\/p>\n<p style=\"text-align: center\"><strong>&#8220;O Marianie Smoluchowskim w setn\u0105 rocznic\u0119 \u015bmierci&#8221;<img loading=\"lazy\" decoding=\"async\" class=\"size-full wp-image-6657 alignleft\" src=\"http:\/\/physics.uwb.edu.pl\/wf\/wp-content\/uploads\/2017\/11\/MS_portretowe-lwow-maly.jpg\" alt=\"\" width=\"236\" height=\"403\" srcset=\"https:\/\/physics.uwb.edu.pl\/wf\/wp-content\/uploads\/2017\/11\/MS_portretowe-lwow-maly.jpg 236w, https:\/\/physics.uwb.edu.pl\/wf\/wp-content\/uploads\/2017\/11\/MS_portretowe-lwow-maly-88x150.jpg 88w, https:\/\/physics.uwb.edu.pl\/wf\/wp-content\/uploads\/2017\/11\/MS_portretowe-lwow-maly-176x300.jpg 176w\" sizes=\"auto, (max-width: 236px) 100vw, 236px\" \/><\/strong><\/p>\n<p>&nbsp; &nbsp; &nbsp; &nbsp; &nbsp; &nbsp; &nbsp;Marian Smoluchowski, genialny polski fizyk i chemik, zmar\u0142 przedwcze\u015bnie 5-tego wrze\u015bnia 1917 roku maj\u0105c zaledwie 45 lat. By\u0142 jednym z najwybitniejszych uczonych prze\u0142omu XIX i XX wieku, wsp\u00f3\u0142tw\u00f3rc\u0105 kinetycznej teorii materii. Wyk\u0142ad po\u015bwi\u0119cony b\u0119dzie przedstawieniu jego pasjonuj\u0105cej drogi \u017cyciowej i om\u00f3wieniu jego najwa\u017cniejszych osi\u0105gni\u0119\u0107 naukowych. W szczeg\u00f3lno\u015bci zostanie przypomniane jak niezwykle wa\u017cn\u0105 rol\u0119 odegra\u0142 Marian Smoluchowski w &#8220;powo\u0142aniu atom\u00f3w do \u017cycia&#8221; czyli uznaniu ich realno\u015bci, jak r\u00f3wnie\u017c w rozwik\u0142aniu zagadki niebieskiego koloru nieba czy tez\u0307 w wyja\u015bnieniu&nbsp; bardzo tajemniczego zjawiska za jaki uwa\u017cano opalescencje\u0328 krytyczna\u0328. Jego dzia\u0142alno\u015b\u0107 naukow\u0105 mo\u017cna pokr\u00f3tce scharakteryzowa\u0107 jako d\u0105\u017cenie do wyja\u015bnienia w jaki spos\u00f3b pojawia si\u0119 przypadek w deterministycznym \u015bwiecie i jakie prawa rz\u0105dz\u0105 tym przypadkiem.<\/p>\n<p>Przypomniana zostanie r\u00f3wnie\u017c jego wielka pasja jak\u0105 by\u0142 alpinizm wraz z jego osi\u0105gni\u0119cia na tym polu.&nbsp;<\/p>\n","protected":false},"excerpt":{"rendered":"<p>Konwersatorium wydzia\u0142owe Dnia 2017-11-21 o godzinie 14:15 w sali 2011 Wydzia\u0142u Fizyki UwB odb\u0119dzie si\u0119 konwersatorium, na kt\u00f3rym prof. dr hab. Bogdan Cichocki z Instytutu Fizyki Teoretycznej, Wydzia\u0142u Fizyki, Uniwersytetu <a href=\"https:\/\/physics.uwb.edu.pl\/wf\/?page_id=6655\" class=\"more-link\">[&hellip;]<\/a><\/p>\n","protected":false},"author":2,"featured_media":3366,"parent":822,"menu_order":0,"comment_status":"closed","ping_status":"closed","template":"","meta":{"ngg_post_thumbnail":0,"Layout":"","footnotes":""},"categories":[69],"tags":[],"class_list":["entry","author-dobrog","post-6655","page","type-page","status-publish","has-post-thumbnail","category-seminarium_pl"],"jetpack_sharing_enabled":true,"jetpack_shortlink":"https:\/\/wp.me\/P7nvcn-1Jl","_links":{"self":[{"href":"https:\/\/physics.uwb.edu.pl\/wf\/index.php?rest_route=\/wp\/v2\/pages\/6655","targetHints":{"allow":["GET"]}}],"collection":[{"href":"https:\/\/physics.uwb.edu.pl\/wf\/index.php?rest_route=\/wp\/v2\/pages"}],"about":[{"href":"https:\/\/physics.uwb.edu.pl\/wf\/index.php?rest_route=\/wp\/v2\/types\/page"}],"author":[{"embeddable":true,"href":"https:\/\/physics.uwb.edu.pl\/wf\/index.php?rest_route=\/wp\/v2\/users\/2"}],"replies":[{"embeddable":true,"href":"https:\/\/physics.uwb.edu.pl\/wf\/index.php?rest_route=%2Fwp%2Fv2%2Fcomments&post=6655"}],"version-history":[{"count":4,"href":"https:\/\/physics.uwb.edu.pl\/wf\/index.php?rest_route=\/wp\/v2\/pages\/6655\/revisions"}],"predecessor-version":[{"id":9222,"href":"https:\/\/physics.uwb.edu.pl\/wf\/index.php?rest_route=\/wp\/v2\/pages\/6655\/revisions\/9222"}],"up":[{"embeddable":true,"href":"https:\/\/physics.uwb.edu.pl\/wf\/index.php?rest_route=\/wp\/v2\/pages\/822"}],"wp:featuredmedia":[{"embeddable":true,"href":"https:\/\/physics.uwb.edu.pl\/wf\/index.php?rest_route=\/wp\/v2\/media\/3366"}],"wp:attachment":[{"href":"https:\/\/physics.uwb.edu.pl\/wf\/index.php?rest_route=%2Fwp%2Fv2%2Fmedia&parent=6655"}],"wp:term":[{"taxonomy":"category","embeddable":true,"href":"https:\/\/physics.uwb.edu.pl\/wf\/index.php?rest_route=%2Fwp%2Fv2%2Fcategories&post=6655"},{"taxonomy":"post_tag","embeddable":true,"href":"https:\/\/physics.uwb.edu.pl\/wf\/index.php?rest_route=%2Fwp%2Fv2%2Ftags&post=6655"}],"curies":[{"name":"wp","href":"https:\/\/api.w.org\/{rel}","templated":true}]}}