{"id":6671,"date":"2019-03-11T13:28:55","date_gmt":"2019-03-11T12:28:55","guid":{"rendered":"http:\/\/physics.uwb.edu.pl\/wf\/?page_id=6671"},"modified":"2019-11-15T12:41:53","modified_gmt":"2019-11-15T11:41:53","slug":"legia-akademicka","status":"publish","type":"page","link":"https:\/\/physics.uwb.edu.pl\/wf\/?page_id=6671","title":{"rendered":"Legia Akademicka"},"content":{"rendered":"<p>Spotkanie w sprawie zaci\u0105gu ochotniczego do Legii Akademickiej odb\u0119dzie si\u0119 2019-11-19 w sali 1056 Wydzia\u0142u Matematyki o godzinie 12-tej.&nbsp;<\/p>\n<p><a href=\"https:\/\/legiaakademicka.wp.mil.pl\/\"><img loading=\"lazy\" decoding=\"async\" class=\"alignnone wp-image-9332 size-full\" src=\"http:\/\/physics.uwb.edu.pl\/wf\/wp-content\/uploads\/2019\/03\/leg_pla_2019.jpg\" alt=\"\" width=\"1292\" height=\"596\" srcset=\"https:\/\/physics.uwb.edu.pl\/wf\/wp-content\/uploads\/2019\/03\/leg_pla_2019.jpg 1292w, https:\/\/physics.uwb.edu.pl\/wf\/wp-content\/uploads\/2019\/03\/leg_pla_2019-150x69.jpg 150w, https:\/\/physics.uwb.edu.pl\/wf\/wp-content\/uploads\/2019\/03\/leg_pla_2019-300x138.jpg 300w, https:\/\/physics.uwb.edu.pl\/wf\/wp-content\/uploads\/2019\/03\/leg_pla_2019-1024x472.jpg 1024w, https:\/\/physics.uwb.edu.pl\/wf\/wp-content\/uploads\/2019\/03\/leg_pla_2019-1025x473.jpg 1025w\" sizes=\"auto, (max-width: 1292px) 100vw, 1292px\" \/><\/a><\/p>\n<div class=\"tresc_strony\">\n<p>LEGIA AKADEMICKA Wi\u0119cej na:&nbsp;<\/p>\n<\/div>\n<div class=\"tresc_strony\">\n<p><a href=\"https:\/\/legiaakademicka.wp.mil.pl\/%20\">https:\/\/legiaakademicka.wp.mil.pl\/<\/a><\/p>\n<p>&nbsp;<\/p>\n<\/div>\n","protected":false},"excerpt":{"rendered":"<p>Spotkanie w sprawie zaci\u0105gu ochotniczego do Legii Akademickiej odb\u0119dzie si\u0119 2019-11-19 w sali 1056 Wydzia\u0142u Matematyki o godzinie 12-tej.&nbsp; LEGIA AKADEMICKA Wi\u0119cej na:&nbsp; https:\/\/legiaakademicka.wp.mil.pl\/ &nbsp;<\/p>\n","protected":false},"author":2,"featured_media":9332,"parent":713,"menu_order":40,"comment_status":"closed","ping_status":"closed","template":"","meta":{"ngg_post_thumbnail":0,"Layout":"1c","footnotes":""},"categories":[23],"tags":[],"class_list":["entry","author-dobrog","post-6671","page","type-page","status-publish","has-post-thumbnail","category-student_pl"],"jetpack_sharing_enabled":true,"jetpack_shortlink":"https:\/\/wp.me\/P7nvcn-1JB","_links":{"self":[{"href":"https:\/\/physics.uwb.edu.pl\/wf\/index.php?rest_route=\/wp\/v2\/pages\/6671","targetHints":{"allow":["GET"]}}],"collection":[{"href":"https:\/\/physics.uwb.edu.pl\/wf\/index.php?rest_route=\/wp\/v2\/pages"}],"about":[{"href":"https:\/\/physics.uwb.edu.pl\/wf\/index.php?rest_route=\/wp\/v2\/types\/page"}],"author":[{"embeddable":true,"href":"https:\/\/physics.uwb.edu.pl\/wf\/index.php?rest_route=\/wp\/v2\/users\/2"}],"replies":[{"embeddable":true,"href":"https:\/\/physics.uwb.edu.pl\/wf\/index.php?rest_route=%2Fwp%2Fv2%2Fcomments&post=6671"}],"version-history":[{"count":10,"href":"https:\/\/physics.uwb.edu.pl\/wf\/index.php?rest_route=\/wp\/v2\/pages\/6671\/revisions"}],"predecessor-version":[{"id":10437,"href":"https:\/\/physics.uwb.edu.pl\/wf\/index.php?rest_route=\/wp\/v2\/pages\/6671\/revisions\/10437"}],"up":[{"embeddable":true,"href":"https:\/\/physics.uwb.edu.pl\/wf\/index.php?rest_route=\/wp\/v2\/pages\/713"}],"wp:featuredmedia":[{"embeddable":true,"href":"https:\/\/physics.uwb.edu.pl\/wf\/index.php?rest_route=\/wp\/v2\/media\/9332"}],"wp:attachment":[{"href":"https:\/\/physics.uwb.edu.pl\/wf\/index.php?rest_route=%2Fwp%2Fv2%2Fmedia&parent=6671"}],"wp:term":[{"taxonomy":"category","embeddable":true,"href":"https:\/\/physics.uwb.edu.pl\/wf\/index.php?rest_route=%2Fwp%2Fv2%2Fcategories&post=6671"},{"taxonomy":"post_tag","embeddable":true,"href":"https:\/\/physics.uwb.edu.pl\/wf\/index.php?rest_route=%2Fwp%2Fv2%2Ftags&post=6671"}],"curies":[{"name":"wp","href":"https:\/\/api.w.org\/{rel}","templated":true}]}}