{"id":6830,"date":"2018-01-25T12:05:57","date_gmt":"2018-01-25T11:05:57","guid":{"rendered":"http:\/\/physics.uwb.edu.pl\/wf\/?page_id=6830"},"modified":"2019-02-07T11:33:14","modified_gmt":"2019-02-07T10:33:14","slug":"wyklad-ptf-promieniowanie-jonizujace-jest-cool-2-3","status":"publish","type":"page","link":"https:\/\/physics.uwb.edu.pl\/wf\/?page_id=6830","title":{"rendered":"Wyk\u0142ad PTF: Ile fizyki w muzyce! czyli  us\u0142ysze\u0107 zasad\u0119 nieokre\u015blono\u015bci, spontaniczne \u0142amanie symetrii\u2026"},"content":{"rendered":"<p><em><strong>Wyk\u0142ady PTF o\/Bia\u0142ystok &#8211; zapowiedzi<\/strong><\/em><\/p>\n<p style=\"text-align: center\">W sobot\u0119 10 lutego 2018 roku o godz. 11.00<\/p>\n<p style=\"text-align: center\">w sali 2011 Wydzia\u0142u Fizyki przy ul. Konstantego Cio\u0142kowskiego 1L<\/p>\n<p style=\"text-align: center\"><strong>prof. dr hab. Piotr Zieli\u0144ski<\/strong><\/p>\n<p style=\"text-align: center\"><em>z Instytutu Fizyki J\u0105drowej im. H. Niewodnicza\u0144skiego PAN<\/em><\/p>\n<p style=\"text-align: center\"><em>oraz Instytutu Fizyki Politechniki Krakowskiej w Krakowie<\/em><\/p>\n<p style=\"text-align: center\">wyg\u0142osi wyk\u0142ad pt.<\/p>\n<p style=\"text-align: center\"><strong>Ile fizyki w muzyce!<\/strong><\/p>\n<p style=\"text-align: center\"><strong>&nbsp;czyli <\/strong><\/p>\n<p style=\"text-align: center\"><strong>us\u0142ysze\u0107 zasad\u0119 nieokre\u015blono\u015bci, spontaniczne \u0142amanie symetrii\u2026<\/strong><\/p>\n<p>Muzyka bawi nas i wzrusza, ale tak\u017ce ods\u0142ania&nbsp;\u015bwiat fundamentalnych praw przyrody. Najcz\u0119\u015bciej sk\u0142ada si\u0119 z d\u017awi\u0119k\u00f3w, kt\u00f3re by objawi\u0107 sw\u0105 wysoko\u015b\u0107 i barw\u0119, musz\u0105 trwa\u0107 dostatecznie d\u0142ugo, gdy\u017c tego wymaga zasada nieokre\u015blono\u015bci, znana m.in. z mechaniki kwantowej. Synteza komputerowa pozwoli nam us\u0142ysze\u0107 brzmienie d\u017awi\u0119k\u00f3w skrajnie kr\u00f3tkich. Podobnie zbadamy wp\u0142yw odwr\u00f3cenia strza\u0142ki czasu na barw\u0119 d\u017awi\u0119ku niekt\u00f3rych instrument\u00f3w muzycznych. Wzorem dawnych kompozytor\u00f3w spr\u00f3bujemy odwr\u00f3ci\u0107 kolejno\u015b\u0107 nut i\/lub kierunek melodii. A potem takie operacje zastosujemy do ca\u0142ych utwor\u00f3w i przekonamy si\u0119, \u017ce obecna praktyka muzyczna wyros\u0142a z dawnych technik na zasadzie spontanicznego \u0142amania symetrii \u2013 tej samej, kt\u00f3ra dzi\u015b zapewnia przewag\u0119 materii nad antymateri\u0105. \u017be te\u017c tyle fizyki w muzyce\u2026<\/p>\n<p><em>Prof. dr hab. Piotr Zieli\u0144ski, kierownik Zak\u0142adu Bada\u0144 Strukturalnych Instytutu Fizyki J\u0105drowej PAN w Krakowie, zajmuje si\u0119 modelowaniem zjawisk falowych w uk\u0142adach niskowymiarowych, np. falami powierzchniowymi w r\u00f3\u017cnych materia\u0142ach, falami t\u0119tna w&nbsp;naczyniach krwiono\u015bnych, a&nbsp;tak\u017ce percepcj\u0105 d\u017awi\u0119k\u00f3w i symetrycznymi aspektami przemian fazowych. Jest autorem wielu prac naukowych i wyst\u0105pie\u0144 konferencyjnych. &nbsp;<\/em><\/p>\n<p><strong>Wszystkie osoby zainteresowane serdecznie zapraszamy &#8211; wymagana rejestracja na stronie www:&nbsp;http:\/\/physics.uwb.edu.pl\/wf\/brancew\/ <\/strong><\/p>\n<p>Zarz\u0105d OB PTF<\/p>\n<p style=\"text-align: right\">&nbsp;<\/p>\n","protected":false},"excerpt":{"rendered":"<p>Wyk\u0142ady PTF o\/Bia\u0142ystok &#8211; zapowiedzi W sobot\u0119 10 lutego 2018 roku o godz. 11.00 w sali 2011 Wydzia\u0142u Fizyki przy ul. Konstantego Cio\u0142kowskiego 1L prof. dr hab. Piotr Zieli\u0144ski z <a href=\"https:\/\/physics.uwb.edu.pl\/wf\/?page_id=6830\" class=\"more-link\">[&hellip;]<\/a><\/p>\n","protected":false},"author":10,"featured_media":1879,"parent":789,"menu_order":0,"comment_status":"closed","ping_status":"closed","template":"","meta":{"ngg_post_thumbnail":0,"Layout":"","footnotes":""},"categories":[40],"tags":[],"class_list":["entry","author-pzaleski","post-6830","page","type-page","status-publish","has-post-thumbnail","category-ptf_wyklad"],"jetpack_sharing_enabled":true,"jetpack_shortlink":"https:\/\/wp.me\/P7nvcn-1Ma","_links":{"self":[{"href":"https:\/\/physics.uwb.edu.pl\/wf\/index.php?rest_route=\/wp\/v2\/pages\/6830","targetHints":{"allow":["GET"]}}],"collection":[{"href":"https:\/\/physics.uwb.edu.pl\/wf\/index.php?rest_route=\/wp\/v2\/pages"}],"about":[{"href":"https:\/\/physics.uwb.edu.pl\/wf\/index.php?rest_route=\/wp\/v2\/types\/page"}],"author":[{"embeddable":true,"href":"https:\/\/physics.uwb.edu.pl\/wf\/index.php?rest_route=\/wp\/v2\/users\/10"}],"replies":[{"embeddable":true,"href":"https:\/\/physics.uwb.edu.pl\/wf\/index.php?rest_route=%2Fwp%2Fv2%2Fcomments&post=6830"}],"version-history":[{"count":4,"href":"https:\/\/physics.uwb.edu.pl\/wf\/index.php?rest_route=\/wp\/v2\/pages\/6830\/revisions"}],"predecessor-version":[{"id":9215,"href":"https:\/\/physics.uwb.edu.pl\/wf\/index.php?rest_route=\/wp\/v2\/pages\/6830\/revisions\/9215"}],"up":[{"embeddable":true,"href":"https:\/\/physics.uwb.edu.pl\/wf\/index.php?rest_route=\/wp\/v2\/pages\/789"}],"wp:featuredmedia":[{"embeddable":true,"href":"https:\/\/physics.uwb.edu.pl\/wf\/index.php?rest_route=\/wp\/v2\/media\/1879"}],"wp:attachment":[{"href":"https:\/\/physics.uwb.edu.pl\/wf\/index.php?rest_route=%2Fwp%2Fv2%2Fmedia&parent=6830"}],"wp:term":[{"taxonomy":"category","embeddable":true,"href":"https:\/\/physics.uwb.edu.pl\/wf\/index.php?rest_route=%2Fwp%2Fv2%2Fcategories&post=6830"},{"taxonomy":"post_tag","embeddable":true,"href":"https:\/\/physics.uwb.edu.pl\/wf\/index.php?rest_route=%2Fwp%2Fv2%2Ftags&post=6830"}],"curies":[{"name":"wp","href":"https:\/\/api.w.org\/{rel}","templated":true}]}}