{"id":6858,"date":"2018-02-06T07:39:43","date_gmt":"2018-02-06T06:39:43","guid":{"rendered":"http:\/\/physics.uwb.edu.pl\/wf\/?page_id=6858"},"modified":"2019-07-22T11:10:50","modified_gmt":"2019-07-22T09:10:50","slug":"oferty-pracy-ncn","status":"publish","type":"page","link":"https:\/\/physics.uwb.edu.pl\/wf\/?page_id=6858","title":{"rendered":"Oferta stypendium dla doktoranta &#8211; termin 15.09.2019"},"content":{"rendered":"<h1><img loading=\"lazy\" decoding=\"async\" class=\"size-medium wp-image-6904 alignleft\" src=\"http:\/\/physics.uwb.edu.pl\/wf\/wp-content\/uploads\/2018\/02\/logo-NCN-nowe-300x88.jpg\" alt=\"\" width=\"300\" height=\"88\" srcset=\"https:\/\/physics.uwb.edu.pl\/wf\/wp-content\/uploads\/2018\/02\/logo-NCN-nowe-300x88.jpg 300w, https:\/\/physics.uwb.edu.pl\/wf\/wp-content\/uploads\/2018\/02\/logo-NCN-nowe-150x44.jpg 150w, https:\/\/physics.uwb.edu.pl\/wf\/wp-content\/uploads\/2018\/02\/logo-NCN-nowe.jpg 337w\" sizes=\"auto, (max-width: 300px) 100vw, 300px\" \/>Oferta stypendium dla doktoranta<\/h1>\n<h2><a href=\"https:\/\/ncn.gov.pl\/baza-ofert\/?akcja=wyswietlWszystko\">Oferty pracy NCN<\/a><\/h2>\n<p><b>Nazwa jednostki:<\/b> <a href=\"http:\/\/physics.uwb.edu.pl\">Wydzia\u0142 Fizyki<\/a>, <a href=\"http:\/\/www.uwb.edu.pl\">Uniwersytet w Bia\u0142ymstoku<\/a><\/p>\n<h2>Wymagania:<\/h2>\n<ol>\n<li>Tytu\u0142 magistra z fizyki lub kierunku pokrewnego uzyskany w ci\u0105gu ostatnich 3 lat.<\/li>\n<li>Do\u015bwiadczenie w zakresie magnetooptyki lub magnetyzmu lub ultraszybkiej optyki.<\/li>\n<li>Silna motywacja do prowadzenia bada\u0144 eksperymentalnych.<\/li>\n<li>Dobra znajomo\u015b\u0107 j\u0119zyka angielskiego.<\/li>\n<li>Deklaracja uczestnictwa w seminarium doktorskim na Wydziale Fizyki Uniwersytetu w Bia\u0142ymstoku w chwili rozpocz\u0119cia realizacji zada\u0144 w projekcie.<\/li>\n<\/ol>\n<h2>Opis zada\u0144:<\/h2>\n<p>Doktorant b\u0119dzie uczestniczy\u0142 w realizacji projektu pt. \u201eUltraszybka dynamika w magnetoplazmonicznych strukturach periodycznych\u201d. G\u0142\u00f3wnym celem projektu jest zbadanie ultraszybkiej dynamiki powierzchniowych magnetoplazmonicznych polaryton\u00f3w w periodycznej strukturze hybrydowej typu metal-dielektryk. Badania z rozdzielczo\u015bci\u0105 czasow\u0105 w skali piko- i femtosekundowej pozwol\u0105 wyznaczy\u0107 korelacje i oddzia\u0142ywania plazmon\u00f3w powierzchniowych z namagnesowaniem dielektryka. Rola interfejs\u00f3w b\u0119dzie wyznaczona na podstawie bada\u0144 przy wykorzystaniu czasowo rozdzielczej spektroskopii magnetoptycznej. Badania eksperymentalne b\u0119d\u0105 wspomagane poprzez modelowania w oparciu o metody numeryczne.<\/p>\n<p><strong>Typ konkursu:<\/strong> OPUS \u2013 ST (Narodowe Centrum Nauki)<br \/>\n<strong>Forma sk\u0142adania ofert:<\/strong> e-mail&nbsp;na adres: <a href=\"mailto:team@uwb.edu.pl\">team@uwb.edu.pl<\/a><br \/>\n<strong>Termin sk\u0142adania ofert:<\/strong> 15 wrze\u015bnia 2019, 00:00<\/p>\n<h2>Warunki zatrudnienia:<\/h2>\n<ul>\n<li>wysoko\u015b\u0107 stypendium: 4 500 PLN\/miesi\u0105c<\/li>\n<li>czas zatrudnienia: 3 lata<\/li>\n<li>rozpocz\u0119cie pracy w projekcie: 1 pa\u017adziernika 2019<\/li>\n<\/ul>\n<h2>Wymagane dokumenty:<\/h2>\n<ol>\n<li>CV.<\/li>\n<li>List motywacyjny.<\/li>\n<li>Odpis dyplomu magisterskiego wraz z suplementem.<\/li>\n<li>Opinia promotora pracy magisterskiej lub jednego samodzielnego pracownika naukowego.<\/li>\n<li>Zgoda na przetwarzanie danych osobowych dla potrzeb niezb\u0119dnych do realizacji procesu rekrutacji, w tym prowadzenia konkursu zgodnie z Ustaw\u0105 z dnia 29 sierpnia 1997 r. o ochronie danych osobowych (Dz. U. z 2016 r. poz. 922 z p\u00f3\u017ani. zm.).<\/li>\n<\/ol>\n<p>Dokumenty nale\u017cy przes\u0142a\u0107 drog\u0105 elektroniczn\u0105 (tytu\u0142 wiadomo\u015bci \u2018PhD &#8211; OPUS13\u2019), na adres: <a href=\"mailto:team@uwb.edu.pl\">team@uwb.edu.pl<\/a><\/p>\n<p>Z wybranymi kandydatami mo\u017ce zosta\u0107 przeprowadzona rozmowa kwalifikacyjna. Wyniki konkursu zostan\u0105 og\u0142oszone do 18 wrze\u015bnia 2019 roku.<\/p>\n<p>Dodatkowych informacji udziela kierownik projektu: dr hab. Andrzej Stupakiewicz (<a href=\"mailto:and@uwb.edu.pl\">and@uwb.edu.pl<\/a>).<\/p>\n","protected":false},"excerpt":{"rendered":"<p>Oferta stypendium dla doktoranta Oferty pracy NCN Nazwa jednostki: Wydzia\u0142 Fizyki, Uniwersytet w Bia\u0142ymstoku Wymagania: Tytu\u0142 magistra z fizyki lub kierunku pokrewnego uzyskany w ci\u0105gu ostatnich 3 lat. Do\u015bwiadczenie w <a href=\"https:\/\/physics.uwb.edu.pl\/wf\/?page_id=6858\" class=\"more-link\">[&hellip;]<\/a><\/p>\n","protected":false},"author":2,"featured_media":6904,"parent":6877,"menu_order":0,"comment_status":"closed","ping_status":"closed","template":"","meta":{"ngg_post_thumbnail":0,"Layout":"1c","footnotes":""},"categories":[],"tags":[],"class_list":["entry","author-dobrog","post-6858","page","type-page","status-publish","has-post-thumbnail"],"jetpack_sharing_enabled":true,"jetpack_shortlink":"https:\/\/wp.me\/P7nvcn-1MC","_links":{"self":[{"href":"https:\/\/physics.uwb.edu.pl\/wf\/index.php?rest_route=\/wp\/v2\/pages\/6858","targetHints":{"allow":["GET"]}}],"collection":[{"href":"https:\/\/physics.uwb.edu.pl\/wf\/index.php?rest_route=\/wp\/v2\/pages"}],"about":[{"href":"https:\/\/physics.uwb.edu.pl\/wf\/index.php?rest_route=\/wp\/v2\/types\/page"}],"author":[{"embeddable":true,"href":"https:\/\/physics.uwb.edu.pl\/wf\/index.php?rest_route=\/wp\/v2\/users\/2"}],"replies":[{"embeddable":true,"href":"https:\/\/physics.uwb.edu.pl\/wf\/index.php?rest_route=%2Fwp%2Fv2%2Fcomments&post=6858"}],"version-history":[{"count":28,"href":"https:\/\/physics.uwb.edu.pl\/wf\/index.php?rest_route=\/wp\/v2\/pages\/6858\/revisions"}],"predecessor-version":[{"id":10057,"href":"https:\/\/physics.uwb.edu.pl\/wf\/index.php?rest_route=\/wp\/v2\/pages\/6858\/revisions\/10057"}],"up":[{"embeddable":true,"href":"https:\/\/physics.uwb.edu.pl\/wf\/index.php?rest_route=\/wp\/v2\/pages\/6877"}],"wp:featuredmedia":[{"embeddable":true,"href":"https:\/\/physics.uwb.edu.pl\/wf\/index.php?rest_route=\/wp\/v2\/media\/6904"}],"wp:attachment":[{"href":"https:\/\/physics.uwb.edu.pl\/wf\/index.php?rest_route=%2Fwp%2Fv2%2Fmedia&parent=6858"}],"wp:term":[{"taxonomy":"category","embeddable":true,"href":"https:\/\/physics.uwb.edu.pl\/wf\/index.php?rest_route=%2Fwp%2Fv2%2Fcategories&post=6858"},{"taxonomy":"post_tag","embeddable":true,"href":"https:\/\/physics.uwb.edu.pl\/wf\/index.php?rest_route=%2Fwp%2Fv2%2Ftags&post=6858"}],"curies":[{"name":"wp","href":"https:\/\/api.w.org\/{rel}","templated":true}]}}