{"id":6923,"date":"2018-02-14T13:55:49","date_gmt":"2018-02-14T12:55:49","guid":{"rendered":"http:\/\/physics.uwb.edu.pl\/wf\/?page_id=6923"},"modified":"2019-02-07T11:25:15","modified_gmt":"2019-02-07T10:25:15","slug":"o-marianie-smoluchowskim-w-setna-rocznice-smierci-2-2-2-2-2","status":"publish","type":"page","link":"https:\/\/physics.uwb.edu.pl\/wf\/?page_id=6923","title":{"rendered":"Optyczny dost\u0119p do pojedynczej domieszki magnetycznej"},"content":{"rendered":"<h3 style=\"text-align: left\"><strong>Seminarium wydzia\u0142owe<\/strong><\/h3>\n<p style=\"text-align: left\">Dnia 2018-02-20 o godzinie 13:15 w sali 2011 Wydzia\u0142u Fizyki UwB odb\u0119dzie si\u0119 seminarium, na kt\u00f3rym&nbsp;<strong>dr hab. Wojciech Pacuski <\/strong>z&nbsp; Wydzia\u0142u Fizyki Uniwersytetu Warszawskiego wyg\u0142osi wyk\u0142ad pt:<\/p>\n<p>&nbsp;<\/p>\n<p style=\"text-align: center\"><strong>&#8220;<\/strong><strong>Optyczny dost\u0119p do pojedynczej domieszki magnetycznej<\/strong><big><strong>&#8220;<\/strong><\/big><\/p>\n<p>&nbsp;<\/p>\n<p>Przedstawione zostan\u0105 metody technologiczne i spektroskopowe pozwalaj\u0105ce na badanie pojedynczych domieszek magnetycznych w p\u00f3\u0142przewodnikach: wzrost nanostruktur p\u00f3\u0142przewodnikowych przy pomocy epitaksji z wi\u0105zek molekularnych, spektroskopia optyczna pojedynczych kropek kwantowych, obserwacja oddzia\u0142ywania pojedynczego jonu magnetycznego z no\u015bnikami w kropce kwantowej. Zostan\u0105 zaprezentowane najnowsze wytworzone przez nas systemy i zaobserwowane dzi\u0119ki nim zjawiska takie jak zmiana w\u0142asno\u015bci magnetycznych pod wp\u0142ywem napr\u0119\u017cenia kryszta\u0142u, optyczna orientacja spinu jonu magnetycznego, koherentna precesja Larmora pojedynczego jonu magnetycznego [1,2,3,4]. Przybli\u017cony zostanie koncept solotroniki \u2013 elektroniki opartej na pojedynczych domieszkach [5].<\/p>\n<p>[1] J. Kobak et al., Nat. Commun. 5, 3191 (2014).<br \/>\n[2] M. Goryca et al., Phys. Rev. Lett, 113, 227202 (2014)<br \/>\n[3] T. Smole\u0144ski, et al., Nat. Commun. 7, 10484 (2016).<br \/>\n[4] J. Kobak et al., Phys. Rev. B 97, 045305 (2018).<br \/>\n[5] P. M. Koenraad, M. E. Flatte, Nat. Mater. 10, 91 (2011).<\/p>\n<p>&nbsp;<\/p>\n<p style=\"text-align: right\">Serdecznie zapraszamy<\/p>\n<p style=\"text-align: right\"><strong>Andrzej Maziewski i Jerzy Przeszowski<\/strong><\/p>\n<p>&nbsp;<\/p>\n","protected":false},"excerpt":{"rendered":"<p>Seminarium wydzia\u0142owe Dnia 2018-02-20 o godzinie 13:15 w sali 2011 Wydzia\u0142u Fizyki UwB odb\u0119dzie si\u0119 seminarium, na kt\u00f3rym&nbsp;dr hab. Wojciech Pacuski z&nbsp; Wydzia\u0142u Fizyki Uniwersytetu Warszawskiego wyg\u0142osi wyk\u0142ad pt: &nbsp; <a href=\"https:\/\/physics.uwb.edu.pl\/wf\/?page_id=6923\" class=\"more-link\">[&hellip;]<\/a><\/p>\n","protected":false},"author":14,"featured_media":3366,"parent":822,"menu_order":0,"comment_status":"closed","ping_status":"closed","template":"","meta":{"ngg_post_thumbnail":0,"Layout":"","footnotes":""},"categories":[69],"tags":[],"class_list":["entry","author-ulag","post-6923","page","type-page","status-publish","has-post-thumbnail","category-seminarium_pl"],"jetpack_sharing_enabled":true,"jetpack_shortlink":"https:\/\/wp.me\/P7nvcn-1NF","_links":{"self":[{"href":"https:\/\/physics.uwb.edu.pl\/wf\/index.php?rest_route=\/wp\/v2\/pages\/6923","targetHints":{"allow":["GET"]}}],"collection":[{"href":"https:\/\/physics.uwb.edu.pl\/wf\/index.php?rest_route=\/wp\/v2\/pages"}],"about":[{"href":"https:\/\/physics.uwb.edu.pl\/wf\/index.php?rest_route=\/wp\/v2\/types\/page"}],"author":[{"embeddable":true,"href":"https:\/\/physics.uwb.edu.pl\/wf\/index.php?rest_route=\/wp\/v2\/users\/14"}],"replies":[{"embeddable":true,"href":"https:\/\/physics.uwb.edu.pl\/wf\/index.php?rest_route=%2Fwp%2Fv2%2Fcomments&post=6923"}],"version-history":[{"count":1,"href":"https:\/\/physics.uwb.edu.pl\/wf\/index.php?rest_route=\/wp\/v2\/pages\/6923\/revisions"}],"predecessor-version":[{"id":6924,"href":"https:\/\/physics.uwb.edu.pl\/wf\/index.php?rest_route=\/wp\/v2\/pages\/6923\/revisions\/6924"}],"up":[{"embeddable":true,"href":"https:\/\/physics.uwb.edu.pl\/wf\/index.php?rest_route=\/wp\/v2\/pages\/822"}],"wp:featuredmedia":[{"embeddable":true,"href":"https:\/\/physics.uwb.edu.pl\/wf\/index.php?rest_route=\/wp\/v2\/media\/3366"}],"wp:attachment":[{"href":"https:\/\/physics.uwb.edu.pl\/wf\/index.php?rest_route=%2Fwp%2Fv2%2Fmedia&parent=6923"}],"wp:term":[{"taxonomy":"category","embeddable":true,"href":"https:\/\/physics.uwb.edu.pl\/wf\/index.php?rest_route=%2Fwp%2Fv2%2Fcategories&post=6923"},{"taxonomy":"post_tag","embeddable":true,"href":"https:\/\/physics.uwb.edu.pl\/wf\/index.php?rest_route=%2Fwp%2Fv2%2Ftags&post=6923"}],"curies":[{"name":"wp","href":"https:\/\/api.w.org\/{rel}","templated":true}]}}