{"id":6980,"date":"2018-02-19T15:49:47","date_gmt":"2018-02-19T14:49:47","guid":{"rendered":"http:\/\/physics.uwb.edu.pl\/wf\/?page_id=6980"},"modified":"2018-03-16T20:40:08","modified_gmt":"2018-03-16T19:40:08","slug":"targi-edukacyjne-w-grajewie-2","status":"publish","type":"page","link":"https:\/\/physics.uwb.edu.pl\/wf\/?page_id=6980","title":{"rendered":"Uczelnie w Powiecie &#8212; Sok\u00f3\u0142ka &#8212; puchar!"},"content":{"rendered":"<p>W dniu 19 lutego 2018 r. uczestniczyli\u015bmy w targach edukacyjnych w Sok\u00f3\u0142ce. By\u0142 to wyjazd w ramach Prezentacji Edukacyjno &#8211; Doradczych (XVI edycja).&nbsp;<\/p>\nngg_shortcode_0_placeholder\n<p>Przedstawicielami Wydzia\u0142u Fizyki byli doktorzy Jan Kisielewski i Andrzej Pisarski, kt\u00f3rzy prezentowali nasz\u0105 now\u0105 ofert\u0119 edukacyjn\u0105 &#8211; specjalno\u015b\u0107 z przysz\u0142o\u015bci\u0105: <a href=\"http:\/\/gry.fizyka.uwb.edu.pl\">Fizyk\u0119 Gier Komputerowych i Robot\u00f3w<\/a>. Na targach byli\u015bmy wsp\u00f3lnie z przedstawicielem Wydzia\u0142u Ekonomicznego i Matematyczno-Informatycznego, plus pracownicy Centrum Rekrutacji UwB &#8211; przedstawiaj\u0105cymi pe\u0142n\u0105 ofert\u0119 <a href=\"http:\/\/www.uwb.edu.pl\">Uniwersytetu w Bia\u0142ymstoku<\/a>.<\/p>\n<p><img loading=\"lazy\" decoding=\"async\" class=\"wp-image-6981 size-medium alignleft\" src=\"http:\/\/physics.uwb.edu.pl\/wf\/wp-content\/uploads\/2018\/02\/IMG_1650-225x300.jpg\" alt=\"\" width=\"225\" height=\"300\" srcset=\"https:\/\/physics.uwb.edu.pl\/wf\/wp-content\/uploads\/2018\/02\/IMG_1650-225x300.jpg 225w, https:\/\/physics.uwb.edu.pl\/wf\/wp-content\/uploads\/2018\/02\/IMG_1650-113x150.jpg 113w, https:\/\/physics.uwb.edu.pl\/wf\/wp-content\/uploads\/2018\/02\/IMG_1650-768x1024.jpg 768w, https:\/\/physics.uwb.edu.pl\/wf\/wp-content\/uploads\/2018\/02\/IMG_1650-375x500.jpg 375w\" sizes=\"auto, (max-width: 225px) 100vw, 225px\" \/><\/p>\n<p>Mi\u0142o nam by\u0142o otrzyma\u0107 NAGROD\u0118 za przygotowanie najbogatszego stoiska podczas targ\u00f3w &#8211; dzi\u0119kujemy Panu Burmistrzowi Sok\u00f3\u0142ki za wyr\u00f3\u017cnienie. Jednocze\u015bnie sk\u0142adamy podzi\u0119kowania m\u0142odzie\u017cy odwiedzaj\u0105cej nasze stoisko. Do zobaczenia u nas na Wydziela w ramach <a href=\"http:\/\/physics.uwb.edu.pl\/wf\/?page_id=745\">Pokaz\u00f3w dla szk\u00f3\u0142<\/a>, <a href=\"http:\/\/physics.uwb.edu.pl\/wf\/?page_id=789\">wyk\u0142ad\u00f3w PTF<\/a> lub innych imprez towarzysz\u0105cych!<\/p>\n<p>&nbsp;<\/p>\n<p>&nbsp;<\/p>\n","protected":false},"excerpt":{"rendered":"<p>W dniu 19 lutego 2018 r. uczestniczyli\u015bmy w targach edukacyjnych w Sok\u00f3\u0142ce. By\u0142 to wyjazd w ramach Prezentacji Edukacyjno &#8211; Doradczych (XVI edycja).&nbsp; Przedstawicielami Wydzia\u0142u Fizyki byli doktorzy Jan Kisielewski <a href=\"https:\/\/physics.uwb.edu.pl\/wf\/?page_id=6980\" class=\"more-link\">[&hellip;]<\/a><\/p>\n","protected":false},"author":5,"featured_media":6981,"parent":2744,"menu_order":0,"comment_status":"closed","ping_status":"closed","template":"","meta":{"ngg_post_thumbnail":0,"Layout":"1c","footnotes":""},"categories":[166,131],"tags":[],"class_list":["entry","author-gawryl","post-6980","page","type-page","status-publish","has-post-thumbnail","category-edukacyjne","category-galeria_foto"],"jetpack_sharing_enabled":true,"jetpack_shortlink":"https:\/\/wp.me\/P7nvcn-1OA","_links":{"self":[{"href":"https:\/\/physics.uwb.edu.pl\/wf\/index.php?rest_route=\/wp\/v2\/pages\/6980","targetHints":{"allow":["GET"]}}],"collection":[{"href":"https:\/\/physics.uwb.edu.pl\/wf\/index.php?rest_route=\/wp\/v2\/pages"}],"about":[{"href":"https:\/\/physics.uwb.edu.pl\/wf\/index.php?rest_route=\/wp\/v2\/types\/page"}],"author":[{"embeddable":true,"href":"https:\/\/physics.uwb.edu.pl\/wf\/index.php?rest_route=\/wp\/v2\/users\/5"}],"replies":[{"embeddable":true,"href":"https:\/\/physics.uwb.edu.pl\/wf\/index.php?rest_route=%2Fwp%2Fv2%2Fcomments&post=6980"}],"version-history":[{"count":7,"href":"https:\/\/physics.uwb.edu.pl\/wf\/index.php?rest_route=\/wp\/v2\/pages\/6980\/revisions"}],"predecessor-version":[{"id":7420,"href":"https:\/\/physics.uwb.edu.pl\/wf\/index.php?rest_route=\/wp\/v2\/pages\/6980\/revisions\/7420"}],"up":[{"embeddable":true,"href":"https:\/\/physics.uwb.edu.pl\/wf\/index.php?rest_route=\/wp\/v2\/pages\/2744"}],"wp:featuredmedia":[{"embeddable":true,"href":"https:\/\/physics.uwb.edu.pl\/wf\/index.php?rest_route=\/wp\/v2\/media\/6981"}],"wp:attachment":[{"href":"https:\/\/physics.uwb.edu.pl\/wf\/index.php?rest_route=%2Fwp%2Fv2%2Fmedia&parent=6980"}],"wp:term":[{"taxonomy":"category","embeddable":true,"href":"https:\/\/physics.uwb.edu.pl\/wf\/index.php?rest_route=%2Fwp%2Fv2%2Fcategories&post=6980"},{"taxonomy":"post_tag","embeddable":true,"href":"https:\/\/physics.uwb.edu.pl\/wf\/index.php?rest_route=%2Fwp%2Fv2%2Ftags&post=6980"}],"curies":[{"name":"wp","href":"https:\/\/api.w.org\/{rel}","templated":true}]}}