{"id":6989,"date":"2018-02-14T14:00:28","date_gmt":"2018-02-14T13:00:28","guid":{"rendered":"http:\/\/physics.uwb.edu.pl\/wf\/?page_id=6989"},"modified":"2018-03-07T15:15:27","modified_gmt":"2018-03-07T14:15:27","slug":"oferty-pracy-ncn-2-2-2","status":"publish","type":"page","link":"https:\/\/physics.uwb.edu.pl\/wf\/?page_id=6989","title":{"rendered":"Misja:Kosmos"},"content":{"rendered":"<p>Uczniowie bia\u0142ostockich lice\u00f3w chc\u0105 przybli\u017cy\u0107 mieszka\u0144com miasta astrofizyk\u0119 oraz astronomi\u0119. Zorganizowali kilka wydzarze\u0144 pod wsp\u00f3lnym has\u0142em Misja:Kosmos.<\/p>\n<p>24 lutego br. (sobota) o godz. 20:00 chc\u0105 pokaza\u0107 pi\u0119kno nocnego nieba przy u\u017cyciu teleskop\u00f3w. Spotkanie na placu przed Uniwersyteckim Centrum Kultury w Kampusie UwB.<\/p>\n<p style=\"text-align: center\">Niestety obserwacje ze wzgl\u0119d\u00f3w pogodowych s\u0105 odwo\u0142ane !<\/p>\n<p>&nbsp;<\/p>\n<p>Harmonogram wydarze\u0144 w ramach projektu Misja:Kosmos<\/p>\n<p>3-11.02.2018 &#8211; Galeria Alfa. Wystawa zdj\u0119\u0107&nbsp;astronomicznych.<br \/>\n10.02.2018 &#8211; Aula Instytutu Biologii, godz. 12:00. Wyk\u0142ad dra hab. M. Niko\u0142ajuka (Wydzia\u0142 Fizyki UwB) &#8220;Fale grawitacyjne&#8221;<br \/>\n17.02.2018 &#8211; Aula Wydzia\u0142u Fizyki, godz. 12:00. Wyk\u0142ad G. Murawskiego (PTMA) &#8220;Tajemnice planet pozas\u0142onecznych&#8221;<br \/>\n24.02.2018 &#8211; Plac przed UCK, Kampus UwB, godz. 20:00. Obserwacje astronomiczne.<\/p>\n<p><img loading=\"lazy\" decoding=\"async\" class=\"size-full wp-image-6990 aligncenter\" src=\"http:\/\/physics.uwb.edu.pl\/wf\/wp-content\/uploads\/2018\/02\/MisjaKosmos.png\" alt=\"\" width=\"176\" height=\"200\" srcset=\"https:\/\/physics.uwb.edu.pl\/wf\/wp-content\/uploads\/2018\/02\/MisjaKosmos.png 176w, https:\/\/physics.uwb.edu.pl\/wf\/wp-content\/uploads\/2018\/02\/MisjaKosmos-132x150.png 132w\" sizes=\"auto, (max-width: 176px) 100vw, 176px\" \/><\/p>\n","protected":false},"excerpt":{"rendered":"<p>Uczniowie bia\u0142ostockich lice\u00f3w chc\u0105 przybli\u017cy\u0107 mieszka\u0144com miasta astrofizyk\u0119 oraz astronomi\u0119. Zorganizowali kilka wydzarze\u0144 pod wsp\u00f3lnym has\u0142em Misja:Kosmos. 24 lutego br. (sobota) o godz. 20:00 chc\u0105 pokaza\u0107 pi\u0119kno nocnego nieba przy <a href=\"https:\/\/physics.uwb.edu.pl\/wf\/?page_id=6989\" class=\"more-link\">[&hellip;]<\/a><\/p>\n","protected":false},"author":3,"featured_media":6993,"parent":713,"menu_order":0,"comment_status":"closed","ping_status":"closed","template":"","meta":{"ngg_post_thumbnail":0,"Layout":"1c","footnotes":""},"categories":[],"tags":[],"class_list":["entry","author-mark","post-6989","page","type-page","status-publish","has-post-thumbnail"],"jetpack_sharing_enabled":true,"jetpack_shortlink":"https:\/\/wp.me\/P7nvcn-1OJ","_links":{"self":[{"href":"https:\/\/physics.uwb.edu.pl\/wf\/index.php?rest_route=\/wp\/v2\/pages\/6989","targetHints":{"allow":["GET"]}}],"collection":[{"href":"https:\/\/physics.uwb.edu.pl\/wf\/index.php?rest_route=\/wp\/v2\/pages"}],"about":[{"href":"https:\/\/physics.uwb.edu.pl\/wf\/index.php?rest_route=\/wp\/v2\/types\/page"}],"author":[{"embeddable":true,"href":"https:\/\/physics.uwb.edu.pl\/wf\/index.php?rest_route=\/wp\/v2\/users\/3"}],"replies":[{"embeddable":true,"href":"https:\/\/physics.uwb.edu.pl\/wf\/index.php?rest_route=%2Fwp%2Fv2%2Fcomments&post=6989"}],"version-history":[{"count":9,"href":"https:\/\/physics.uwb.edu.pl\/wf\/index.php?rest_route=\/wp\/v2\/pages\/6989\/revisions"}],"predecessor-version":[{"id":7132,"href":"https:\/\/physics.uwb.edu.pl\/wf\/index.php?rest_route=\/wp\/v2\/pages\/6989\/revisions\/7132"}],"up":[{"embeddable":true,"href":"https:\/\/physics.uwb.edu.pl\/wf\/index.php?rest_route=\/wp\/v2\/pages\/713"}],"wp:featuredmedia":[{"embeddable":true,"href":"https:\/\/physics.uwb.edu.pl\/wf\/index.php?rest_route=\/wp\/v2\/media\/6993"}],"wp:attachment":[{"href":"https:\/\/physics.uwb.edu.pl\/wf\/index.php?rest_route=%2Fwp%2Fv2%2Fmedia&parent=6989"}],"wp:term":[{"taxonomy":"category","embeddable":true,"href":"https:\/\/physics.uwb.edu.pl\/wf\/index.php?rest_route=%2Fwp%2Fv2%2Fcategories&post=6989"},{"taxonomy":"post_tag","embeddable":true,"href":"https:\/\/physics.uwb.edu.pl\/wf\/index.php?rest_route=%2Fwp%2Fv2%2Ftags&post=6989"}],"curies":[{"name":"wp","href":"https:\/\/api.w.org\/{rel}","templated":true}]}}