{"id":6998,"date":"2018-02-14T11:24:34","date_gmt":"2018-02-14T10:24:34","guid":{"rendered":"http:\/\/physics.uwb.edu.pl\/wf\/?page_id=6998"},"modified":"2018-03-06T09:24:48","modified_gmt":"2018-03-06T08:24:48","slug":"wyklad-ptf-promieniowanie-jonizujace-jest-cool-2-3-2","status":"publish","type":"page","link":"https:\/\/physics.uwb.edu.pl\/wf\/?page_id=6998","title":{"rendered":"Wyk\u0142ady PTF: Pami\u0119c i uwaga.  Dlaczego tak trudno cokolwiek zapami\u0119ta\u0107? oraz Inteligentne maszyny:  nie-biologiczna ewolucja inteligencji"},"content":{"rendered":"<p><em><strong>Wyk\u0142ady PTF o\/Bia\u0142ystok &#8211; zapowiedzi<\/strong><\/em><\/p>\n<p style=\"text-align: center\">W sobot\u0119 3 marca 2018 roku<br \/>\nw sali 2011 Wydzia\u0142u Fizyki przy ul. Konstantego Cio\u0142kowskiego 1L<br \/>\npodczas II Konferencji Nauczycieli Fizyki<br \/>\nwyg\u0142oszone zostan\u0105 og\u00f3lnodost\u0119pne wyk\u0142ady popularnonaukowe<\/p>\n<p style=\"text-align: center\">godzina 10:30 <strong>Dr Marek Kaczmarzyk<\/strong><br \/>\nz Uniwersytetu \u015al\u0105skiego w Katowicach<br \/>\n<strong>Pami\u0119\u0107 i uwaga. <\/strong><br \/>\n<strong>Dlaczego tak trudno cokolwiek zapami\u0119ta\u0107?<\/strong><br \/>\ngodzina 12:00 <strong>Prof. dr hab. Wies\u0142aw Kami\u0144ski<\/strong><br \/>\nz Uniwersytetu Marii Curie-Sk\u0142odowskiej w Lublinie<br \/>\n<strong>Inteligentne maszyny: <\/strong><br \/>\n<strong>nie-biologiczna ewolucja inteligencji<\/strong><\/p>\n<p>Zapraszamy nauczycieli fizyki do udzia\u0142u w konferencji. Informacje na stronie:&nbsp;<a href=\"http:\/\/physics.uwb.edu.pl\/wf\/knf2018\/\">http:\/\/physics.uwb.edu.pl\/wf\/knf2018\/<\/a>. Prosimy o zarejestrowanie si\u0119 do dnia 18 lutego 2018 roku.<br \/>\nZapraszamy uczni\u00f3w, rodzic\u00f3w i zainteresowane osoby do udzia\u0142u w w\/w. wyk\u0142adach otwartych. Tu r\u00f3wnie\u017c potrzebna jest indywidualna rejestracja. Ostateczny termin rejestracji up\u0142ywa 1 marca 2018 roku. Informacje na temat sposobu rejestracji znajd\u0105 pa\u0144stwo na&nbsp;stronie g\u0142\u00f3wnej konferencji: <a href=\"http:\/\/physics.uwb.edu.pl\/wf\/knf2018\/\">http:\/\/physics.uwb.edu.pl\/wf\/knf2018\/<\/a> (uczestnicy konferencji nie musz\u0105 si\u0119 dodatkowo rejestrowa\u0107 na wyk\u0142ady).<br \/>\nZarz\u0105d OB PTF<\/p>\n","protected":false},"excerpt":{"rendered":"<p>Wyk\u0142ady PTF o\/Bia\u0142ystok &#8211; zapowiedzi W sobot\u0119 3 marca 2018 roku w sali 2011 Wydzia\u0142u Fizyki przy ul. Konstantego Cio\u0142kowskiego 1L podczas II Konferencji Nauczycieli Fizyki wyg\u0142oszone zostan\u0105 og\u00f3lnodost\u0119pne wyk\u0142ady <a href=\"https:\/\/physics.uwb.edu.pl\/wf\/?page_id=6998\" class=\"more-link\">[&hellip;]<\/a><\/p>\n","protected":false},"author":10,"featured_media":1879,"parent":789,"menu_order":0,"comment_status":"closed","ping_status":"closed","template":"","meta":{"ngg_post_thumbnail":0,"Layout":"","footnotes":""},"categories":[40],"tags":[],"class_list":["entry","author-pzaleski","post-6998","page","type-page","status-publish","has-post-thumbnail","category-ptf_wyklad"],"jetpack_sharing_enabled":true,"jetpack_shortlink":"https:\/\/wp.me\/P7nvcn-1OS","_links":{"self":[{"href":"https:\/\/physics.uwb.edu.pl\/wf\/index.php?rest_route=\/wp\/v2\/pages\/6998","targetHints":{"allow":["GET"]}}],"collection":[{"href":"https:\/\/physics.uwb.edu.pl\/wf\/index.php?rest_route=\/wp\/v2\/pages"}],"about":[{"href":"https:\/\/physics.uwb.edu.pl\/wf\/index.php?rest_route=\/wp\/v2\/types\/page"}],"author":[{"embeddable":true,"href":"https:\/\/physics.uwb.edu.pl\/wf\/index.php?rest_route=\/wp\/v2\/users\/10"}],"replies":[{"embeddable":true,"href":"https:\/\/physics.uwb.edu.pl\/wf\/index.php?rest_route=%2Fwp%2Fv2%2Fcomments&post=6998"}],"version-history":[{"count":10,"href":"https:\/\/physics.uwb.edu.pl\/wf\/index.php?rest_route=\/wp\/v2\/pages\/6998\/revisions"}],"predecessor-version":[{"id":7099,"href":"https:\/\/physics.uwb.edu.pl\/wf\/index.php?rest_route=\/wp\/v2\/pages\/6998\/revisions\/7099"}],"up":[{"embeddable":true,"href":"https:\/\/physics.uwb.edu.pl\/wf\/index.php?rest_route=\/wp\/v2\/pages\/789"}],"wp:featuredmedia":[{"embeddable":true,"href":"https:\/\/physics.uwb.edu.pl\/wf\/index.php?rest_route=\/wp\/v2\/media\/1879"}],"wp:attachment":[{"href":"https:\/\/physics.uwb.edu.pl\/wf\/index.php?rest_route=%2Fwp%2Fv2%2Fmedia&parent=6998"}],"wp:term":[{"taxonomy":"category","embeddable":true,"href":"https:\/\/physics.uwb.edu.pl\/wf\/index.php?rest_route=%2Fwp%2Fv2%2Fcategories&post=6998"},{"taxonomy":"post_tag","embeddable":true,"href":"https:\/\/physics.uwb.edu.pl\/wf\/index.php?rest_route=%2Fwp%2Fv2%2Ftags&post=6998"}],"curies":[{"name":"wp","href":"https:\/\/api.w.org\/{rel}","templated":true}]}}