{"id":702,"date":"2016-03-10T11:13:59","date_gmt":"2016-03-10T10:13:59","guid":{"rendered":"http:\/\/physics.uwb.edu.pl\/wf\/?page_id=702"},"modified":"2020-01-27T15:24:26","modified_gmt":"2020-01-27T14:24:26","slug":"projekty-badawcze","status":"publish","type":"page","link":"https:\/\/physics.uwb.edu.pl\/wf\/?page_id=702","title":{"rendered":"Projekty badawcze"},"content":{"rendered":"<p>Projekty badawcze<\/p>\n<h3>2019<\/h3>\n<ul>\n<li style=\"text-align: justify;\"><a href=\"http:\/\/physics.uwb.edu.pl\/wf\/wp-content\/uploads\/2019\/11\/Plakat_promocja_POIR_UwB.pdf\" target=\"_blank\" rel=\"noopener noreferrer\">&#8220;PolFEL \u2013 Polski Laser na Swobodnych Elektronach&#8221; projekt dofinansowany z Funduszy Europejskich &#8211; 118.652.674,40 z\u0142 (dofinansowanie zada\u0144 UwB 237.760 z\u0142) . Czas realizacji 4 lata (01.01.2019 \u2013 31.12.2022).<\/a><\/li>\n<li style=\"text-align: justify;\">&#8220;Udzia\u0142 Polski w ESRF&#8221;<br \/>\nESRF jest najnowocze\u015bniejszym europejskim \u017ar\u00f3d\u0142em promieniowania synchrotronowego o szerokim przedziale energii, ekstremalnej jasno\u015bci i stabilno\u015bci wi\u0105zki, dysponuje 43 liniami badawczymi zaprojektowanymi zar\u00f3wno do bada\u0144 podstawowych jak i aplikacyjnych. Polska jest cz\u0142onkiem stowarzyszonym od roku 2004. Kolejne porozumienie z ESRF zosta\u0142o zawarte na okres 5 lat do roku 2021 z wk\u0142adem 1% na warunkach okre\u015blonych w statucie ESRF. Wi\u0119cej informacji o udziale Polski w konsorcjum ESRF oraz aktualno\u015bci zwi\u0105zanych z wykorzystaniem tego \u017ar\u00f3d\u0142a mo\u017cna znale\u017a\u0107 na dedykowanej stronie IF PAN <a href=\"http:\/\/www.ifpan.edu.pl\/esrf\/Local_Publish\/\">http:\/\/www.ifpan.edu.pl\/esrf\/Local_Publish\/<\/a><\/li>\n<\/ul>\n<h3>2016<\/h3>\n<ul>\n<li style=\"text-align: justify;\">Grant NCN OPUS 7 \u201e<em>Wp\u0142yw struktury i domieszkowania wielowarstwowych uk\u0142ad\u00f3w ferromagnetyk\/wczesny metal przej\u015bciowy na ich w\u0142a\u015bciwo\u015bci magnetostatyczne i magnetotransportowe<\/em>\u201d (5.03.2015-6.03.2018) realizowany w ramach konsorcjum z Instytutem Fizyki PAN. Warto\u015b\u0107 dla UwB: 268&nbsp;800 z\u0142, kierownik: dr hab. Maria Tekielak.<\/li>\n<li>Grant NCN <em>Koherentne wzbudzanie spin\u00f3w femtosekundowymi impulsami \u015bwiat\u0142a w magnetycznych heterostrukturach metal\/dielektryk<\/em> (2014-2017). Warto\u015b\u0107: 660 tys. z\u0142, kierownik: prof. Andrzej Stupakiewicz.<\/li>\n<li style=\"text-align: justify;\">Grant NCN <em>Wsp\u00f3\u0142praca, badania i rozw\u00f3j na rzecz Teleskopu Einsteina<\/em> wsp\u00f3\u0142realizowany przez Zak\u0142ad Astronomii i Astrofizyki w latach 2013-2016; projekt badawczy zg\u0142oszony w ramach konkursu Per Aspera ad Astra. Ca\u0142kowity koszt projektu \u2013 1,3 mln z\u0142, dla Wydzia\u0142u Fizyki \u2013 42&nbsp;567 z\u0142. Kierownik zada\u0144 UwB \u2013 prof. Piotr Jaranowski.<\/li>\n<\/ul>\n<div class=\"tresc\">\n<h3>2015<\/h3>\n<ul>\n<li style=\"text-align: justify;\">Grant NCN OPUS 7 \u201eWp\u0142yw struktury i domieszkowania wielowarstwowych uk\u0142ad\u00f3w ferromagnetyk\/wczesny metal przej\u015bciowy na ich w\u0142a\u015bciwo\u015bci magnetostatyczne i magnetotransportowe\u201d (2015-2017) realizowany w ramach konsorcjum z Instytutem Fizyki PAN. Warto\u015b\u0107 dla UwB: 268&nbsp;800 z\u0142, kierownik: dr hab. Maria Tekielak.<\/li>\n<li>Grant NCN Koherentne wzbudzanie spin\u00f3w femtosekundowymi impulsami \u015bwiat\u0142a w magnetycznych heterostrukturach metal\/dielektryk (2014-2017). Warto\u015b\u0107: 660 tys. z\u0142, kierownik: prof. Andrzej Stupakiewicz.<\/li>\n<li style=\"text-align: justify;\">Projekt \u201eWsparcie komercjalizacji i patentowania w trybie EPC sposobu pomiaru jednorodno\u015bci materia\u0142u przewodz\u0105cego pr\u0105d elektryczny\u201d (1.04.2014-28.12.2015) w ramach III konkursie Programu Patent Plus. Warto\u015b\u0107 132&nbsp;400 z\u0142, kierownik: prof. Krzysztof Szyma\u0144ski.<\/li>\n<li style=\"text-align: justify;\">Grant NCN Wsp\u00f3\u0142praca, badania i rozw\u00f3j na rzecz Teleskopu Einsteina wsp\u00f3\u0142realizowany przez Zak\u0142ad Astronomii i Astrofizyki w latach 2013-2016; projekt badawczy zg\u0142oszony w ramach konkursu Per Aspera ad Astra. Ca\u0142kowity koszt projektu \u2013 1,3 mln z\u0142, dla Wydzia\u0142u Fizyki \u2013 42&nbsp;567 z\u0142. Kierownik zada\u0144 UwB \u2013 prof. Piotr Jaranowski.<\/li>\n<li>HARMONIA-Tiger<\/li>\n<li>TEAM<\/li>\n<\/ul>\n<h3>2014<\/h3>\n<ul>\n<li style=\"text-align: justify;\">Projekt HARMONIA-Tiger \u201eModyfikacja magnetycznych w\u0142a\u015bciwo\u015bci ultracienkich struktur z wykorzystaniem promieniowania elektromagnetycznego w szerokim zakresie spektralnym\u201d (2013.05.07-2016.05.06), realizowany w ramach wsp\u00f3\u0142pracy pomi\u0119dzy 6 jednostkami: Wydzia\u0142 Fizyki UwB (lider konsorcjum), Instytut Fizyki PAN w Warszawie (Partner konsorcjum), Instytut Fizyki Akademii Nauk Republiki Czeskiej (zagraniczna jednostka wsp\u00f3\u0142pracuj\u0105ca), krajowe jednostki wspomagaj\u0105ce realizacj\u0119 projektu: WAT w Warszawie, Instytut Optoelektroniki w Warszawie, Wydzia\u0142 Fizyki, Astronomii i Informatyki Stosowanej Uniwersytetu Jagiello\u0144skiego. Ca\u0142kowity koszt projektu \u2013 1,63 mln z\u0142, dla Wydzia\u0142u Fizyki \u2013 693 tys. z\u0142. Kierownik projektu oraz zada\u0144 UwB: prof. dr hab. Andrzej Maziewski.<\/li>\n<li style=\"text-align: justify;\">Projekt NCN Opus 1 \u201eDyskretyzacje uk\u0142ad\u00f3w dynamicznych zachowuj\u0105ce ca\u0142ki ruchu\u201d (1.12.2011-31.01.2014). Warto\u015b\u0107 55&nbsp;900 z\u0142, kierownik: prof. dr hab. Jan L. Cie\u015bli\u0144ski<\/li>\n<li style=\"text-align: justify;\">Projekt badawczy NCN OPUS 1 \u201eBadanie w\u0142asno\u015bci kondensatu Bosego-Einsteina w niezerowych temperaturach\u201d (12.12.2011-11.12.2013). Warto\u015b\u0107: 169 tys. z\u0142, kierownik: prof. dr hab. Miros\u0142aw Brewczyk.<\/li>\n<li style=\"text-align: justify;\">Grant NCN PRELUDIUM 2 \u201eBadanie magnetycznych przej\u015b\u0107 fazowych indukowanych przez na\u015bwietlanie jonami Ga w nanostrukturach Pt\/Co\/Pt\u201d (7.08.2012-6.02.2014). Warto\u015b\u0107: 135&nbsp;060 z\u0142, kierownik: dr&nbsp;Piotr Mazalski. Grant NCN Koherentne wzbudzanie spin\u00f3w femtosekundowymi impulsami \u015bwiat\u0142a w magnetycznych heterostrukturach metal\/dielektryk (2014-2017). Warto\u015b\u0107: 660 tys. z\u0142, kierownik: prof. Andrzej Stupakiewicz.<\/li>\n<li style=\"text-align: justify;\">Projekt \u201eWsparcie komercjalizacji i patentowania w trybie EPC sposobu pomiaru jednorodno\u015bci materia\u0142u przewodz\u0105cego pr\u0105d elektryczny\u201d (1.04.2014-28.12.2015) w ramach III konkursie Programu Patent Plus. Warto\u015b\u0107 132&nbsp;400 z\u0142, kierownik: prof. Krzysztof Szyma\u0144ski.<\/li>\n<li style=\"text-align: justify;\">Grant wsp\u00f3\u0142realizowany przez Zak\u0142ad Astronomii i Astrofizyki, projekt mi\u0119dzynarodowy niewsp\u00f3\u0142finansowany nr DPN\/N176\/VIRGO\/2009 \u201eUczestnictwo zespo\u0142u POLGRAW w&nbsp;obserwatorium fal grawitacyjnych Virgo\u201d (2010-2014). Ca\u0142kowity koszt projektu \u2013 2,1 mln z\u0142, dla Wydzia\u0142u Fizyki \u2013 187&nbsp;180 z\u0142. Kierownik zada\u0144 UwB: prof. Piotr Jaranowski (realizator: dr Andrzej Pisarski).<\/li>\n<li style=\"text-align: justify;\">Grant NCN Wsp\u00f3\u0142praca, badania i rozw\u00f3j na rzecz Teleskopu Einsteina wsp\u00f3\u0142realizowany przez Zak\u0142ad Astronomii i Astrofizyki w latach 2013-2016; projekt badawczy zg\u0142oszony w ramach konkursu Per Aspera ad Astra. Ca\u0142kowity koszt projektu \u2013 1,3 mln z\u0142, dla Wydzia\u0142u Fizyki \u2013 42&nbsp;567 z\u0142. Kierownik zada\u0144 UwB \u2013 prof. Piotr Jaranowski.<\/li>\n<li style=\"text-align: justify;\">Projekt wsp\u00f3\u0142realizowany przez Zak\u0142ad Astronomii i Astrofizyki: grant nr N&nbsp;N203 581240 \u201eBadanie geometrii \u017ar\u00f3de\u0142 i proces\u00f3w fizycznych wok\u00f3\u0142 kreuj\u0105cych czarnych dziur i gwiazd neutronowych\u201d (2011-2014). Kierownik: prof. dr hab. Andrzej Zdziarski, instytucja prowadz\u0105ca: CAMK PAN w Warszawie, realizator: dr Marek Niko\u0142ajuk.<\/li>\n<li>TEAM<\/li>\n<\/ul>\n<h3>2013<\/h3>\n<ul>\n<li>Projekt badawczy NCN OPUS 1 o warto\u015bci 169 tys. z\u0142 &#8220;Badanie w\u0142asno\u015bci kondensatu Bosego-Einsteina w niezerowych temperaturach&#8221; (12.12.2011-11.12.2013); kierownik &#8211; prof. dr hab. Miros\u0142aw Brewczyk<\/li>\n<li>Projekt badawczy NCN PRELUDIUM 2 &#8220;Badanie magnetycznych przej\u015b\u0107 fazowych indukowanych przez na\u015bwietlanie jonami Ga w nanostrukturach Pt\/Co\/Pt&#8221; (7.08.2012-6.02.2014)<\/li>\n<li>Projekt POLONIUM &#8220;Badania reorientacji spinowej w nanostrukturach Co na\u015bwietlanych jonami Ga+&#8221; (2012-2013)<\/li>\n<li>Grant inwestycyjny &#8220;System kontroli dawek poch\u0142anianych w materii mi\u0119kkiej&#8221; (2012-2013)<\/li>\n<li>TEAM<\/li>\n<\/ul>\n<h3>&nbsp;2012<\/h3>\n<ul>\n<li style=\"text-align: justify;\">Projekt <b>TEAM<\/b> realizowany przez Zak\u0142ad Fizyki Magnetyk\u00f3w przy wsp\u00f3\u0142pracy z Instytutem Fizyki PAN &#8220;Statics and dynamics of magnonic and magnetophotonic crystals &#8211; SYMPHONY&#8221; (1.05.2012-30.06.2015), finansowany przez Fundacj\u0119 na rzecz Nauki Polskiej; kierownik &#8211; prof. dr hab. Andrzej Maziewski<\/li>\n<li>Projekt badawczy NCN &#8220;Badanie w\u0142asno\u015bci kondensatu Bosego-Einsteina w niezerowych temperaturach&#8221; (2011-2012); kierownik &#8211; dr hab. Miros\u0142aw Brewczyk, prof. UwB<\/li>\n<li>Projekt badawczy NCN &#8220;Dyskretyzacje uk\u0142ad\u00f3w dynamicznych zachowuj\u0105ce ca\u0142ki ruchu&#8221; (2011-2012); kierownik &#8211; dr hab. Jan Cie\u015bli\u0144ski, prof. UwB<\/li>\n<li>Projekt badawczy NCN PRELUDIUM 2 &#8220;Badanie magnetycznych przej\u015b\u0107 fazowych indukowanych przez na\u015bwietlanie jonami Ga w nanostrukturach Pt\/Co\/Pt&#8221; (7.08.2012-6.02.2014); kierownik &#8211; mgr Piotr Mazalski<\/li>\n<li>Projekt POLONIUM &#8220;Badania reorientacji spinowej w nanostrukturach Co na\u015bwietlanych jonami Ga+&#8221; (2012-2013) &#8211; wsp\u00f3\u0142praca Zak\u0142adu Fizyki Magnetyk\u00f3w (prof. Andrzej Maziewski) i ESRF (prof. A.Rogalev)<\/li>\n<li>Grant inwestycyjny warto\u015bci 895&nbsp;000 z\u0142 &#8220;Nowoczesny spektrometr m\u00f6ssbauerowski z wyposa\u017ceniem&#8221; (2011-2012) finansowany przez Fundacj\u0119 na rzecz Nauki Polskiej, realizowany w Zak\u0142adzie Fizyki Cia\u0142a Sta\u0142ego<\/li>\n<li>Grant inwestycyjny o warto\u015bci 810&nbsp;000 z\u0142 &#8220;System kontroli dawek poch\u0142anianych w materii mi\u0119kkiej&#8221; (2012-2013) finansowany przez MNiSW, realizowany w Zak\u0142adzie Fizyki Cia\u0142a Sta\u0142ego<\/li>\n<li>FANTOMAS<\/li>\n<li>SPINLAB<\/li>\n<\/ul>\n<h3>2011<\/h3>\n<ul>\n<li>Projekt MNiSW Nr N202 172335 &#8220;Metoda niezmiennik\u00f3w w spektroskopii m\u00f6sbauerowskiej i zastosowanie do mikroskopowych bada\u0144 wybranych uk\u0142ad\u00f3w magnetycznych&#8221; (2008-2011); kierownik projektu &#8211; dr hab. Krzysztof Szyma\u0144ski, prof. UwB.<\/li>\n<li>Projekt badawczy (promotorski) Nr N N202 290238 pt.: &#8220;Efekt Einsteina-de Haasa w kondensacie Bosego-Einsteina atom\u00f3w 87Rb w zale\u017cnych od czasu polach magnetycznych&#8221;; kierownik &#8211; dr hab. Miros\u0142aw Brewczyk, prof. UwB<\/li>\n<li>Projekt badawczy (promotorski) Nr N N202 290238 pt.: &#8220;Geometryczna dyskretyzacja niekt\u00f3rych modeli fizycznych&#8221;; kierownik &#8211; dr hab. Jan Cie\u015bli\u0144ski, prof. UwB<\/li>\n<li>FANTOMAS<\/li>\n<li>SPINLAB<\/li>\n<li>NANOMAG-LAB<\/li>\n<\/ul>\n<h3>2010<\/h3>\n<ul>\n<li>Krajowe centrum nanostruktur magnetycznych do zastosowaw elektronice spinowej &#8211; <a href=\"http:\/\/physics.uwb.edu.pl\/main\/zfmag\/spinlab\/\"> SPINLAB <\/a> pod kierownictwem prof. Andrzeja Maziewskiego<\/li>\n<li>Projekt badawczy (promotorski) Nr N N202 290238 pt.: &#8220;Efekt Einsteina-de Haasa w kondensacie Bosego-Einsteina atom\u00f3w 87Rb w zale\u017cnych od czasu polach magnetycznych&#8221;; kierownik projektu dr hab. Miros\u0142aw Brewczyk, prof. UwB<\/li>\n<li>Projekt badawczy (promotorski): &#8220;Badanie zmian w\u0142a\u015bciwo\u015bci ultracienkich warstw kobaltu pod wp\u0142ywem struktury otaczaj\u0105cych je warstw&#8221; (2009-2010); kierownik projektu &#8211; prof. dr hab. Andrzej Maziewski.<\/li>\n<\/ul>\n<h3>2009<\/h3>\n<ul>\n<li>&#8220;Indukowanie reorientacji spinowej w cienkich warstwach Pt\/Co\/Pt z wykorzystaniem implantacji jonami&#8221;. Grant DAAD-MNiSW 2009-2010 pod kierownictwem prof. Andrzeja Maziewskiego i Dr hab. J\u00fcrgena Fassbendera.<\/li>\n<li>Projekty realizowane, rozpocz\u0119te w poprzednich latach:\n<ul>\n<li><a href=\"http:\/\/physics.uwb.edu.pl\/main\/zfmag\/tok\/\"> NANOMAG-LAB <\/a><\/li>\n<li><a href=\"http:\/\/www.fantomasweb.org\/\">FANTOMAS<\/a><\/li>\n<li><a href=\"http:\/\/www.artmag.agh.edu.pl\/\">ARTMAG <\/a><\/li>\n<\/ul>\n<\/li>\n<\/ul>\n<h3>2008<\/h3>\n<ul>\n<li>Projekt UE 7FP MC ITN <a href=\"http:\/\/www.fantomasweb.org\/\"> &#8220;Femtosecond opto-magnetism and novel approaches to ultrafast magnetism at the nanoscale&#8221; <\/a>(akronim: FANTOMAS) 2008-2012; koordynator prof. Theo Rasing z Radboud University (Holandia), koordynator polskich zada\u0144 projektu prof. Andrzej Maziewski.<\/li>\n<li>Projekt naukowy LLB &#8211; 8901 and 8902 &#8220;Double cone spirals in ScFe<sub>4<\/sub>Al<sub>8<\/sub> single crystal&#8221;<\/li>\n<li>Projekt badawczy MNiSW (N N202 172335) pt. &#8220;Metoda niezmiennik\u00f3w w spektroskopii m\u00f6sbauerowskiej i zastosowanie do mikroskopowych bada\u0144 wybranych uk\u0142ad\u00f3w magnetycznych&#8221; (2008-2011); kierownik &#8211; dr hab. Krzysztof Szyma\u0144ski<\/li>\n<li>Sie\u0107 Krajowa ARTMAG &#8211; <a href=\"http:\/\/www.artmag.agh.edu.pl\/\"> &#8220;Nanostruktury magnetyczne do zastosowania w elektronice spinowej&#8221;.<\/a> Dzia\u0142alno\u015b\u0107 Sieci koordynowana przez doc. Tomasza Baczewskiego z IFPAN, zadania UwB koordynowane przez prof. Andrzeja Maziewskiego.<\/li>\n<\/ul>\n<h3>2007<\/h3>\n<ul>\n<li>Projekt w ramach programu Ministra: &#8220;Patent Plus &#8211; wsparcie patentowania wynalazk\u00f3w powstaj\u0105cych w jednostkach naukowych&#8221;, UMOWA Nr DWI-1\/E-342\/PMPP\/2007; kierownik &#8211; dr hab. Krzysztof Szyma\u0144ski<\/li>\n<li>Projekt naukowy No. ILL &#8211; 5 &#8211; 41 &#8211; 425, ILL, Grenoble &#8220;Crystal and magnetic ordering in UFe<sub>5<\/sub>Sn single crystal&#8221;; kierownik &#8211; prof. Ludwik Dobrzy\u0144ski<\/li>\n<li>Projekt naukowy No. ILL &#8211; 5 &#8211; 41 &#8211; 431, ILL, Grenoble &#8220;Magnetic structure investigation of the single crystal of ScFe<sub>4<\/sub>Al<sub>8<\/sub> by Laue diffraction&#8221;; kierownik &#8211; prof. Ludwik Dobrzy\u0144ski<\/li>\n<li>Projekt badawczy RB720147 w Rutherford Appleton Laboratory &#8220;Dynamics of muons in Cr<sub>3-x<\/sub>Co<sub>x<\/sub>Si system with A15 structure&#8221;; kierownik &#8211; dr hab. Krzysztof Szyma\u0144ski<\/li>\n<\/ul>\n<h3>2006<\/h3>\n<ul>\n<li>Projekt badawczy I-20060174 EC entitled &#8220;EXAFS investigation of Cr<sub>3-x<\/sub>Co<sub>x<\/sub>Si alloys&#8221; (2006-2007); kierownik &#8211; dr hab. Krzysztof Szyma\u0144ski.<\/li>\n<li>Projekt badawczy nr 1 P03B 051 30 &#8220;W\u0142asno\u015bci dipolowego kondensatu Bosego-Einsteina&#8221; (2006-2008); kierownik &#8211; dr hab. Miros\u0142aw Brewczyk<\/li>\n<li>Projekt badawczy (promotorski) 3 T08A 021 30 G &#8220;Badanie zmian w\u0142a\u015bciwo\u015bci ultracienkich warstw kobaltu pod wp\u0142ywem struktury otaczaj\u0105cych je warstw&#8221;; kierownik &#8211; prof. Andrzej Maziewski.<\/li>\n<\/ul>\n<h3>2005<\/h3>\n<ul>\n<li>Projekt badawczy RB510025 w Rutherford Appleton Laboratory &#8220;Weak ferromagnetism in Cr<sub>3<\/sub>Si-based alloys&#8221;; kierownik &#8211; prof. Ludwik Dobrzy\u0144ski<\/li>\n<li>Projekt naukowy No. LLB &#8211; 7566: &#8220;Nuclear and magnetic ordering in ScFe<sub>4<\/sub>Al<sub>8<\/sub> single crystal&#8221;, CEA-Saclay, Francja; kierownik &#8211; dr Katarzyna Re\u0107ko<\/li>\n<li>Projekt naukowy No. LLB &#8211; 7857: &#8220;Magnetic ordering in ScFe<sub>4<\/sub>Al<sub>8<\/sub> single crystal&#8221;, CEA-Saclay, Francja; kierownik &#8211; dr Katarzyna Re\u0107ko<\/li>\n<\/ul>\n<h3>2004<\/h3>\n<ul>\n<li>Projekt badawczy nr 1 P03B 029 27 &#8220;Analiza danych z detektor\u00f3w fal grawitacyjnych&#8221; (2004-2007); kierownik &#8211; dr hab. Piotr Jaranowski<\/li>\n<li>Udzia\u0142 w projektach UE w ramach Large-Scale Facilities (Laboratorium Leona-Brillouina w Saclay) oraz projekcie &#8220;Nupex&#8221; (zako\u0144czony w 2004 r.)<\/li>\n<li>Grant DAAD-KBN &#8220;Magnetism in silicides and oxides of transition metals&#8221;, realizowany w latach 2004-2005 pod kierownictwem prof. Ludwika Dobrzy\u0144skiego i prof. Hartmut Fuess<\/li>\n<\/ul>\n<h3>2003<\/h3>\n<ul>\n<li>Udzia\u0142 w sieci: &#8220;Nowe materia\u0142y dla magnetoelektroniki Mag-El-Mat&#8221;, 2003-2008; koordynator sieci: Doc. dr hab. Bogdan Idzikowski, koordynatorzy zada\u0144 UwB: prof. Andrzej Maziewski i prof. Krzysztof Szyma\u0144ski.<\/li>\n<li>Projekt badawczy zamawiany nr PBZ-MIN-008\/P03\/03 &#8220;Informatyka i in\u017cynieria kwantowa&#8221; (2003-2007); kierownik &#8211; dr hab. Miros\u0142aw Brewczyk<\/li>\n<li>Udzia\u0142 w projekcie europejskim n00: RII3-CT-2003-505925, &#8220;Access Activities of the Integrated Infrastructure Initiative for Neutron Scattering and Muon Spectroscopy&#8221;<\/li>\n<\/ul>\n<h3>2002<\/h3>\n<ul>\n<li>Udzia\u0142 w Sieci naukowej &#8220;NANOMATERIA\u0141Y MAGNETYCZNE&#8221;, powo\u0142anej z inicjatywy Centrum Doskona\u0142o\u015bci &#8220;NanoCentre&#8221; Wydzia\u0142u In\u017cynierii Materia\u0142owej Politechniki Warszawskiej, Numer Projektu G5MA-CT-2002-04043; kierownik sieci prof. Tadeusz Kulik PW, koordynator zada\u0144 UwB prof. Andrzej Maziewski.<\/li>\n<li>Projekt badawczy nr 2P03B 126 22 2004 &#8220;Konstrukcja \u015bcis\u0142ych rozwi\u0105za\u0144 uk\u0142ad\u00f3w ci\u0105g\u0142ych i dyskretnych metodami geometrycznymi&#8221; (2002-2004); kierownik &#8211; dr hab. Jan Cie\u015bli\u0144ski<\/li>\n<li>Projekt KBN 4 T11B 006 24 &#8220;Uporz\u0105dkowanie magnetyczne w ultracienkich warstwach kobaltu; wp\u0142yw warstwy przykrywaj\u0105cej&#8221;, 2003-2006; kierownik: prof. Andrzej Maziewski.<\/li>\n<li>Projekt badawczy I-01-042, Hamburg, DESY (2001-2002 ) &#8220;Investigation of directions of the hyperfine fields in Er-Fe-B&#8221;; kierownik &#8211; dr hab. Krzysztof Szyma\u0144ski<\/li>\n<li>Projekt KBN (4 T08A 025 23) &#8220;Modyfikacja magnetycznego uporz\u0105dkowania w nanostrukturach na pod\u0142o\u017cach schodkowych &#8211; in\u017cynieria spinowa?&#8221; 2002-2005; kierownik &#8211; dr Marek Kisielewski.<\/li>\n<li>Projekt edukacyjny, pilota\u017cowy (finansowany przez MEN) budowy szkolnych mini-laboratori\u00f3w do nauczania przedmiot\u00f3w przyrodniczych; koordynator prof. Henryk Szyd\u0142owski UAM, kierownik zada\u0144 realizowanych na Podlasiu &#8211; prof. Andrzej Maziewski.<\/li>\n<\/ul>\n<h3>2000<\/h3>\n<ul>\n<li>Projekt badawczy 2P03B 012 18 (GR-65) &#8220;Badanie w\u0142asno\u015bci elektron\u00f3w przewodnictwa w metalach i stopach technik\u0105 spektroskopii komptonowskiej i magnetycznej dyfrakcji promieniowania X&#8221; (2000-2003); kierownik &#8211; dr hab. Eugeniusz \u017bukowski, prof. UwB.<\/li>\n<li>Udzia\u0142 w projekcie europejskim No. ICA1-CT-2000-70029 &#8220;KFKI Condensed Matter Research Center of the Europan Communities&#8221; (2000-2003)<\/li>\n<li>Projekt badawczy 2P03B 050 19 &#8220;Badanie w\u0142asnosci magnetycznych i elektrycznych stopu Cr3Si domieszkowanego Fe, Co i Ni&#8221; (2000-2002); kierownik &#8211; mgr Piotr Zaleski.<\/li>\n<li>Projekt badawczy 2P03B 038 19 &#8220;Badanie uporz\u0105dkowania krystalicznego i magnetycznego w stopach metalicznych (U, Th, Sc)Fe\/x\/A\/112-x\/, 3.5&#8221;<\/li>\n<li>Projekt badawczy AB (II-03-003) Hamburg, DESY, (1999-2002) &#8220;Circularly Polarized Beam for Nuclear Resonant Scattering&#8221;. This work was supported by the IHP-Contract HPRI-CT-1999-00040\/2001-00140; kierownik &#8211; dr hab. Krzysztof Szyma\u0144ski<\/li>\n<li>Projekt KBN 2P03B 115 16 &#8220;Badanie w\u0142asno\u015bci magnetycznych uk\u0142ad\u00f3w nieuporz\u0105dkowanych technikami spolaryzowanego \u017ar\u00f3d\u0142a mossbauerowskiego, magnetometrii, transportu i rozpraszania komptonowskiego&#8221; (1999-2001); kierownik &#8211; dr hab. Krzysztof Szyma\u0144ski<\/li>\n<\/ul>\n<h3>Wcze\u015bniejsze<\/h3>\n<ul>\n<li>Projekt KBN, 2P03B03610 &#8220;Badanie struktury elektronowej i w\u0142asno\u015bci magnetycznych niekt\u00f3rych stop\u00f3w d-elektronowych&#8221; (1996-1998); kierownik &#8211; prof. Ludwik Dobrzy\u0144ski<\/li>\n<li>Projekt badawczy 2P03B 061 08 (GR-64) &#8220;Badanie rozk\u0142adu g\u0119sto\u015bci p\u0119d\u00f3w elektron\u00f3w w metalach i stopach&#8221; (1995-1998); kierownik: dr hab. Eugeniusz \u017bukowski<\/li>\n<li>Udzia\u0142 w grancie europejskim CHR-CT 930135 1994-97 &#8220;X-ray studies of the Structure and Electronic Properties of Magnetic Materials&#8221;<\/li>\n<li>Projekty badawcze realizowane w Bia\u0142ymstoku w zespole kierowanym przez prof. Andrzeja Maziewskiego od ko\u0144ca lat siedemdziesi\u0105tych:\n<ul>\n<li>Kilkana\u015bcie projekt\u00f3w polskich PR-3, CPBP, CPBR, KBN (w tym trzy granty promotorskie)<\/li>\n<li>Projekty zagraniczne:\n<ul>\n<li>&#8220;Detection of Plasma Clusters with Thin Magnetic Films &#8211; Technical Feasibility Study?&#8221; finansowany przez European Office of Aerospace Research and Development (1993-1994)<\/li>\n<li>&#8220;Magnetic Properties of Novel Ultrathin Films&#8221; &#8211; projekt finansowany przez Uni\u0119 Europejsk\u0105 (Human Capital Mobility (1995-1996)<\/li>\n<\/ul>\n<\/li>\n<\/ul>\n<\/li>\n<\/ul>\n<\/div>\n","protected":false},"excerpt":{"rendered":"<p>Projekty badawcze 2019 &#8220;PolFEL \u2013 Polski Laser na Swobodnych Elektronach&#8221; projekt dofinansowany z Funduszy Europejskich &#8211; 118.652.674,40 z\u0142 (dofinansowanie zada\u0144 UwB 237.760 z\u0142) . Czas realizacji 4 lata (01.01.2019 \u2013 <a href=\"https:\/\/physics.uwb.edu.pl\/wf\/?page_id=702\" class=\"more-link\">[&hellip;]<\/a><\/p>\n","protected":false},"author":2,"featured_media":710,"parent":430,"menu_order":0,"comment_status":"closed","ping_status":"closed","template":"","meta":{"ngg_post_thumbnail":0,"Layout":"1c","footnotes":""},"categories":[3],"tags":[],"class_list":["entry","author-dobrog","post-702","page","type-page","status-publish","has-post-thumbnail","category-wydzialowe_pl"],"jetpack_sharing_enabled":true,"jetpack_shortlink":"https:\/\/wp.me\/P7nvcn-bk","_links":{"self":[{"href":"https:\/\/physics.uwb.edu.pl\/wf\/index.php?rest_route=\/wp\/v2\/pages\/702","targetHints":{"allow":["GET"]}}],"collection":[{"href":"https:\/\/physics.uwb.edu.pl\/wf\/index.php?rest_route=\/wp\/v2\/pages"}],"about":[{"href":"https:\/\/physics.uwb.edu.pl\/wf\/index.php?rest_route=\/wp\/v2\/types\/page"}],"author":[{"embeddable":true,"href":"https:\/\/physics.uwb.edu.pl\/wf\/index.php?rest_route=\/wp\/v2\/users\/2"}],"replies":[{"embeddable":true,"href":"https:\/\/physics.uwb.edu.pl\/wf\/index.php?rest_route=%2Fwp%2Fv2%2Fcomments&post=702"}],"version-history":[{"count":9,"href":"https:\/\/physics.uwb.edu.pl\/wf\/index.php?rest_route=\/wp\/v2\/pages\/702\/revisions"}],"predecessor-version":[{"id":10599,"href":"https:\/\/physics.uwb.edu.pl\/wf\/index.php?rest_route=\/wp\/v2\/pages\/702\/revisions\/10599"}],"up":[{"embeddable":true,"href":"https:\/\/physics.uwb.edu.pl\/wf\/index.php?rest_route=\/wp\/v2\/pages\/430"}],"wp:featuredmedia":[{"embeddable":true,"href":"https:\/\/physics.uwb.edu.pl\/wf\/index.php?rest_route=\/wp\/v2\/media\/710"}],"wp:attachment":[{"href":"https:\/\/physics.uwb.edu.pl\/wf\/index.php?rest_route=%2Fwp%2Fv2%2Fmedia&parent=702"}],"wp:term":[{"taxonomy":"category","embeddable":true,"href":"https:\/\/physics.uwb.edu.pl\/wf\/index.php?rest_route=%2Fwp%2Fv2%2Fcategories&post=702"},{"taxonomy":"post_tag","embeddable":true,"href":"https:\/\/physics.uwb.edu.pl\/wf\/index.php?rest_route=%2Fwp%2Fv2%2Ftags&post=702"}],"curies":[{"name":"wp","href":"https:\/\/api.w.org\/{rel}","templated":true}]}}