{"id":7024,"date":"2018-02-22T16:12:48","date_gmt":"2018-02-22T15:12:48","guid":{"rendered":"http:\/\/physics.uwb.edu.pl\/wf\/?page_id=7024"},"modified":"2018-02-23T16:15:18","modified_gmt":"2018-02-23T15:15:18","slug":"targi-edukacyjne-w-grajewie-2-3","status":"publish","type":"page","link":"https:\/\/physics.uwb.edu.pl\/wf\/?page_id=7024","title":{"rendered":"Uczelnie w Powiecie &#8212; Siemiatycze"},"content":{"rendered":"<p>W dniu 22 lutego 2018 r. uczestniczyli\u015bmy w targach edukacyjnych w Siemiatyczach. By\u0142 to wyjazd w ramach Prezentacji Edukacyjno &#8211; Doradczych (XVI edycja). Wydzia\u0142 Fizyki reprezentowali dr hab. Katarzyna Re\u0107ko oraz mgr Marcin Marculewicz &#8211; nasz student III stopnia (doktorant).<\/p>\nngg_shortcode_0_placeholder\n<p>&nbsp;<\/p>\n","protected":false},"excerpt":{"rendered":"<p>W dniu 22 lutego 2018 r. uczestniczyli\u015bmy w targach edukacyjnych w Siemiatyczach. By\u0142 to wyjazd w ramach Prezentacji Edukacyjno &#8211; Doradczych (XVI edycja). Wydzia\u0142 Fizyki reprezentowali dr hab. Katarzyna Re\u0107ko <a href=\"https:\/\/physics.uwb.edu.pl\/wf\/?page_id=7024\" class=\"more-link\">[&hellip;]<\/a><\/p>\n","protected":false},"author":5,"featured_media":7025,"parent":2744,"menu_order":0,"comment_status":"closed","ping_status":"closed","template":"","meta":{"ngg_post_thumbnail":0,"Layout":"1c","footnotes":""},"categories":[166,131],"tags":[],"class_list":["entry","author-gawryl","post-7024","page","type-page","status-publish","has-post-thumbnail","category-edukacyjne","category-galeria_foto"],"jetpack_sharing_enabled":true,"jetpack_shortlink":"https:\/\/wp.me\/P7nvcn-1Pi","_links":{"self":[{"href":"https:\/\/physics.uwb.edu.pl\/wf\/index.php?rest_route=\/wp\/v2\/pages\/7024","targetHints":{"allow":["GET"]}}],"collection":[{"href":"https:\/\/physics.uwb.edu.pl\/wf\/index.php?rest_route=\/wp\/v2\/pages"}],"about":[{"href":"https:\/\/physics.uwb.edu.pl\/wf\/index.php?rest_route=\/wp\/v2\/types\/page"}],"author":[{"embeddable":true,"href":"https:\/\/physics.uwb.edu.pl\/wf\/index.php?rest_route=\/wp\/v2\/users\/5"}],"replies":[{"embeddable":true,"href":"https:\/\/physics.uwb.edu.pl\/wf\/index.php?rest_route=%2Fwp%2Fv2%2Fcomments&post=7024"}],"version-history":[{"count":2,"href":"https:\/\/physics.uwb.edu.pl\/wf\/index.php?rest_route=\/wp\/v2\/pages\/7024\/revisions"}],"predecessor-version":[{"id":7027,"href":"https:\/\/physics.uwb.edu.pl\/wf\/index.php?rest_route=\/wp\/v2\/pages\/7024\/revisions\/7027"}],"up":[{"embeddable":true,"href":"https:\/\/physics.uwb.edu.pl\/wf\/index.php?rest_route=\/wp\/v2\/pages\/2744"}],"wp:featuredmedia":[{"embeddable":true,"href":"https:\/\/physics.uwb.edu.pl\/wf\/index.php?rest_route=\/wp\/v2\/media\/7025"}],"wp:attachment":[{"href":"https:\/\/physics.uwb.edu.pl\/wf\/index.php?rest_route=%2Fwp%2Fv2%2Fmedia&parent=7024"}],"wp:term":[{"taxonomy":"category","embeddable":true,"href":"https:\/\/physics.uwb.edu.pl\/wf\/index.php?rest_route=%2Fwp%2Fv2%2Fcategories&post=7024"},{"taxonomy":"post_tag","embeddable":true,"href":"https:\/\/physics.uwb.edu.pl\/wf\/index.php?rest_route=%2Fwp%2Fv2%2Ftags&post=7024"}],"curies":[{"name":"wp","href":"https:\/\/api.w.org\/{rel}","templated":true}]}}