{"id":7028,"date":"2018-02-21T16:15:29","date_gmt":"2018-02-21T15:15:29","guid":{"rendered":"http:\/\/physics.uwb.edu.pl\/wf\/?page_id=7028"},"modified":"2018-02-23T16:20:14","modified_gmt":"2018-02-23T15:20:14","slug":"targi-edukacyjne-w-grajewie-2-3-2","status":"publish","type":"page","link":"https:\/\/physics.uwb.edu.pl\/wf\/?page_id=7028","title":{"rendered":"Uczelnie w Powiecie &#8212; Hajn\u00f3wka"},"content":{"rendered":"<p>W dniu 21 lutego 2018 r. uczestniczyli\u015bmy w targach edukacyjnych w Hajn\u00f3wce. By\u0142 to wyjazd w ramach Prezentacji Edukacyjno &#8211; Doradczych (XVI edycja). Wydzia\u0142 Fizyki reprezentowali dr hab. Katarzyna Re\u0107ko oraz dr Marek Brancewicz.<\/p>\nngg_shortcode_0_placeholder\n<p>&nbsp;<\/p>\n","protected":false},"excerpt":{"rendered":"<p>W dniu 21 lutego 2018 r. uczestniczyli\u015bmy w targach edukacyjnych w Hajn\u00f3wce. By\u0142 to wyjazd w ramach Prezentacji Edukacyjno &#8211; Doradczych (XVI edycja). Wydzia\u0142 Fizyki reprezentowali dr hab. Katarzyna Re\u0107ko <a href=\"https:\/\/physics.uwb.edu.pl\/wf\/?page_id=7028\" class=\"more-link\">[&hellip;]<\/a><\/p>\n","protected":false},"author":5,"featured_media":7029,"parent":2744,"menu_order":0,"comment_status":"closed","ping_status":"closed","template":"","meta":{"ngg_post_thumbnail":0,"Layout":"1c","footnotes":""},"categories":[166,131],"tags":[],"class_list":["entry","author-gawryl","post-7028","page","type-page","status-publish","has-post-thumbnail","category-edukacyjne","category-galeria_foto"],"jetpack_sharing_enabled":true,"jetpack_shortlink":"https:\/\/wp.me\/P7nvcn-1Pm","_links":{"self":[{"href":"https:\/\/physics.uwb.edu.pl\/wf\/index.php?rest_route=\/wp\/v2\/pages\/7028","targetHints":{"allow":["GET"]}}],"collection":[{"href":"https:\/\/physics.uwb.edu.pl\/wf\/index.php?rest_route=\/wp\/v2\/pages"}],"about":[{"href":"https:\/\/physics.uwb.edu.pl\/wf\/index.php?rest_route=\/wp\/v2\/types\/page"}],"author":[{"embeddable":true,"href":"https:\/\/physics.uwb.edu.pl\/wf\/index.php?rest_route=\/wp\/v2\/users\/5"}],"replies":[{"embeddable":true,"href":"https:\/\/physics.uwb.edu.pl\/wf\/index.php?rest_route=%2Fwp%2Fv2%2Fcomments&post=7028"}],"version-history":[{"count":2,"href":"https:\/\/physics.uwb.edu.pl\/wf\/index.php?rest_route=\/wp\/v2\/pages\/7028\/revisions"}],"predecessor-version":[{"id":7047,"href":"https:\/\/physics.uwb.edu.pl\/wf\/index.php?rest_route=\/wp\/v2\/pages\/7028\/revisions\/7047"}],"up":[{"embeddable":true,"href":"https:\/\/physics.uwb.edu.pl\/wf\/index.php?rest_route=\/wp\/v2\/pages\/2744"}],"wp:featuredmedia":[{"embeddable":true,"href":"https:\/\/physics.uwb.edu.pl\/wf\/index.php?rest_route=\/wp\/v2\/media\/7029"}],"wp:attachment":[{"href":"https:\/\/physics.uwb.edu.pl\/wf\/index.php?rest_route=%2Fwp%2Fv2%2Fmedia&parent=7028"}],"wp:term":[{"taxonomy":"category","embeddable":true,"href":"https:\/\/physics.uwb.edu.pl\/wf\/index.php?rest_route=%2Fwp%2Fv2%2Fcategories&post=7028"},{"taxonomy":"post_tag","embeddable":true,"href":"https:\/\/physics.uwb.edu.pl\/wf\/index.php?rest_route=%2Fwp%2Fv2%2Ftags&post=7028"}],"curies":[{"name":"wp","href":"https:\/\/api.w.org\/{rel}","templated":true}]}}