{"id":7064,"date":"2018-02-28T13:09:52","date_gmt":"2018-02-28T12:09:52","guid":{"rendered":"http:\/\/physics.uwb.edu.pl\/wf\/?page_id=7064"},"modified":"2018-03-08T10:35:50","modified_gmt":"2018-03-08T09:35:50","slug":"studenci","status":"publish","type":"page","link":"https:\/\/physics.uwb.edu.pl\/wf\/?page_id=7064","title":{"rendered":"Ko\u0142a naukowe na Wydziale Fizyki UwB"},"content":{"rendered":"<h2>Ko\u0142a naukowe na Wydziale Fizyki UwB<\/h2>\n<table>\n<tbody>\n<tr>\n<td style=\"text-align: center;\"><a class=\"img-hyperlink\" title=\"Ko\u0142o Naukowe Fizyk\u00f3w\" href=\"http:\/\/physics.uwb.edu.pl\/wf\/knf\/\"><img decoding=\"async\" src=\"http:\/\/physics.uwb.edu.pl\/wf\/wp-content\/uploads\/2017\/06\/logo_KNF-150x150.png\" alt=\"Ko\u0142o Naukowe Fizyk\u00f3w\" width=\"150\"><\/a><\/p>\n<h3 class=\"page-list-ext-title font-headlines\" style=\"background-color: #ffffff;\"><a style=\"font-size: 25px; text-decoration-line: underline; color: #005154;\" title=\"Ko\u0142o Naukowe Fizyk\u00f3w\" href=\"http:\/\/physics.uwb.edu.pl\/wf\/knf\/\">Ko\u0142o Naukowe Fizyk\u00f3w<\/a><\/h3>\n<\/td>\n<td style=\"text-align: center;\"><a class=\"img-hyperlink\" title=\"Ko\u0142o robotyk\u00f3w na Wydziale Fizyki UwB\" href=\"http:\/\/physics.uwb.edu.pl\/wf\/fi-bot\/\"><img decoding=\"async\" src=\"http:\/\/physics.uwb.edu.pl\/wf\/wp-content\/uploads\/2016\/10\/fibot-logo300-150x104.jpg\" alt=\"Ko\u0142o robotyk\u00f3w na Wydziale Fizyki UwB\" width=\"150\"><\/a><\/p>\n<h3 class=\"page-list-ext-title font-headlines\" style=\"background-color: #ffffff;\"><a style=\"font-size: 25px; text-decoration-line: underline; color: #005154;\" title=\"Ko\u0142o robotyk\u00f3w na Wydziale Fizyki UwB\" href=\"http:\/\/physics.uwb.edu.pl\/wf\/fi-bot\/\">Ko\u0142o robotyk\u00f3w<br \/>\nFi-BOT<\/a><\/h3>\n<\/td>\n<td style=\"text-align: center;\"><a class=\"img-hyperlink\" title=\"Ko\u0142o programowania gier FiGie(r)L\" href=\"http:\/\/physics.uwb.edu.pl\/wf\/figiel\/\"><img decoding=\"async\" src=\"http:\/\/physics.uwb.edu.pl\/wf\/wp-content\/uploads\/2016\/02\/fizyka_gier-150x150.png\" alt=\"Ko\u0142o programowania gier FiGie(r)L\" width=\"150\"><\/a><\/p>\n<h3 class=\"page-list-ext-title font-headlines\"><a title=\"Ko\u0142o programowania gier FiGie(r)L\" href=\"http:\/\/physics.uwb.edu.pl\/wf\/figiel\/\">Ko\u0142o programowania gier<br \/>\nFiGie(r)L<\/a><\/h3>\n<\/td>\n<\/tr>\n<\/tbody>\n<\/table>\n<p><!-- [pagelist_ext include=\"723,5777,1437\" &nbsp; show_content=\"0\" image_width=\"150\" class=\"page-list-cols-3\" sort_order=\"asc\" sort_column=\"post_date\"] --><\/p>\n<p>&nbsp;<\/p>\n","protected":false},"excerpt":{"rendered":"<p>Ko\u0142a naukowe na Wydziale Fizyki UwB Ko\u0142o Naukowe Fizyk\u00f3w Ko\u0142o robotyk\u00f3w Fi-BOT Ko\u0142o programowania gier FiGie(r)L &nbsp;<\/p>\n","protected":false},"author":2,"featured_media":303,"parent":38,"menu_order":0,"comment_status":"closed","ping_status":"closed","template":"","meta":{"ngg_post_thumbnail":0,"Layout":"2c-l","footnotes":""},"categories":[23],"tags":[],"class_list":["entry","author-dobrog","post-7064","page","type-page","status-publish","has-post-thumbnail","category-student_pl"],"jetpack_sharing_enabled":true,"jetpack_shortlink":"https:\/\/wp.me\/P7nvcn-1PW","_links":{"self":[{"href":"https:\/\/physics.uwb.edu.pl\/wf\/index.php?rest_route=\/wp\/v2\/pages\/7064","targetHints":{"allow":["GET"]}}],"collection":[{"href":"https:\/\/physics.uwb.edu.pl\/wf\/index.php?rest_route=\/wp\/v2\/pages"}],"about":[{"href":"https:\/\/physics.uwb.edu.pl\/wf\/index.php?rest_route=\/wp\/v2\/types\/page"}],"author":[{"embeddable":true,"href":"https:\/\/physics.uwb.edu.pl\/wf\/index.php?rest_route=\/wp\/v2\/users\/2"}],"replies":[{"embeddable":true,"href":"https:\/\/physics.uwb.edu.pl\/wf\/index.php?rest_route=%2Fwp%2Fv2%2Fcomments&post=7064"}],"version-history":[{"count":1,"href":"https:\/\/physics.uwb.edu.pl\/wf\/index.php?rest_route=\/wp\/v2\/pages\/7064\/revisions"}],"predecessor-version":[{"id":7065,"href":"https:\/\/physics.uwb.edu.pl\/wf\/index.php?rest_route=\/wp\/v2\/pages\/7064\/revisions\/7065"}],"up":[{"embeddable":true,"href":"https:\/\/physics.uwb.edu.pl\/wf\/index.php?rest_route=\/wp\/v2\/pages\/38"}],"wp:featuredmedia":[{"embeddable":true,"href":"https:\/\/physics.uwb.edu.pl\/wf\/index.php?rest_route=\/wp\/v2\/media\/303"}],"wp:attachment":[{"href":"https:\/\/physics.uwb.edu.pl\/wf\/index.php?rest_route=%2Fwp%2Fv2%2Fmedia&parent=7064"}],"wp:term":[{"taxonomy":"category","embeddable":true,"href":"https:\/\/physics.uwb.edu.pl\/wf\/index.php?rest_route=%2Fwp%2Fv2%2Fcategories&post=7064"},{"taxonomy":"post_tag","embeddable":true,"href":"https:\/\/physics.uwb.edu.pl\/wf\/index.php?rest_route=%2Fwp%2Fv2%2Ftags&post=7064"}],"curies":[{"name":"wp","href":"https:\/\/api.w.org\/{rel}","templated":true}]}}