{"id":7104,"date":"2018-03-02T13:07:17","date_gmt":"2018-03-02T12:07:17","guid":{"rendered":"http:\/\/physics.uwb.edu.pl\/wf\/?page_id=7104"},"modified":"2019-02-06T14:20:18","modified_gmt":"2019-02-06T13:20:18","slug":"wystawa-pod-przewodnia-gwiazda-nauki","status":"publish","type":"page","link":"https:\/\/physics.uwb.edu.pl\/wf\/?page_id=7104","title":{"rendered":"Wystawa &#8220;Pod przewodni\u0105 gwiazd\u0105 nauki&#8221;"},"content":{"rendered":"<p>Wystawa &#8220;Pod przewodni\u0105 gwiazd\u0105 nauki&#8221; jest po\u015bwi\u0119cona wybitnemu polskiemu fizykowi Marianowi Smoluchowskiemu (1872-1917). Postaci, kt\u00f3r\u0105 warto przybli\u017cy\u0107 spo\u0142ecze\u0144stwu, gdy\u017c nale\u017ca\u0142 do tej nielicznej grupy uczonych, kt\u00f3rzy kierowali nauk\u0119 na nowe tory.<\/p>\n<figure id=\"attachment_7102\" aria-describedby=\"caption-attachment-7102\" style=\"width: 300px\" class=\"wp-caption alignnone\"><img loading=\"lazy\" decoding=\"async\" class=\"wp-image-7102 size-medium\" src=\"http:\/\/physics.uwb.edu.pl\/wf\/wp-content\/uploads\/2018\/03\/screenshot.97-300x203.jpg\" alt=\"Profesor Marian Smoluchowski\" width=\"300\" height=\"203\" srcset=\"https:\/\/physics.uwb.edu.pl\/wf\/wp-content\/uploads\/2018\/03\/screenshot.97-300x203.jpg 300w, https:\/\/physics.uwb.edu.pl\/wf\/wp-content\/uploads\/2018\/03\/screenshot.97-150x102.jpg 150w, https:\/\/physics.uwb.edu.pl\/wf\/wp-content\/uploads\/2018\/03\/screenshot.97-800x543.jpg 800w, https:\/\/physics.uwb.edu.pl\/wf\/wp-content\/uploads\/2018\/03\/screenshot.97-738x500.jpg 738w, https:\/\/physics.uwb.edu.pl\/wf\/wp-content\/uploads\/2018\/03\/screenshot.97.jpg 801w\" sizes=\"auto, (max-width: 300px) 100vw, 300px\" \/><figcaption id=\"caption-attachment-7102\" class=\"wp-caption-text\">Profesor Marian Smoluchowski<\/figcaption><\/figure>\n<p>Na pocz\u0105tku XX wieku informacj\u0119, \u017ce materia ma struktur\u0119 ziarnist\u0105, \u017ce zbudowana jest z atom\u00f3w i cz\u0105steczek uznawano powszechnie za hipotez\u0119, kt\u00f3ra czasem jest przydatna w rachunkach, ale nie opisuje rzeczywisto\u015bci. Teorie ruch\u00f3w Browna i opalescencji krytycznej opracowane przez Smoluchowskiego przyczyni\u0142y si\u0119 do uznania istnienia atom\u00f3w. Co wi\u0119cej, w XXI wieku prace Smoluchowskiego wci\u0105\u017c inspiruj\u0105 naukowc\u00f3w, gdy\u017c jest on jednym z najcz\u0119\u015bciej cytowanych w literaturze \u015bwiatowej polskich uczonych.<\/p>\n<p>Na wystawie mo\u017cna zobaczy\u0107 kopie dokument\u00f3w zwi\u0105zanych z \u017cyciem i prac\u0105 naukow\u0105 Mariana Smoluchowskiego, demonstracje uk\u0142adu mikroskopowego do obserwacji ruch\u00f3w Browna i zestaw\u00f3w symulacyjnych ruchy statystyczne.<\/p>\n<p>Na wystawie b\u0119dzie mo\u017cna pozna\u0107 nie tylko osi\u0105gni\u0119cia naukowe Smoluchowskiego ale tak\u017ce jego prywatne pasje. Nale\u017ca\u0142 do pionier\u00f3w narciarstwa w Polsce, a w m\u0142odo\u015bci nale\u017ca\u0142 do czo\u0142\u00f3wki alpinist\u00f3w i by\u0142 pierwszym zdobywc\u0105 16 szczyt\u00f3w w Alpach i Dolomitach.<\/p>\n<p>Wystawa zosta\u0142a przygotowana w 2017 roku, og\u0142oszonym Rokiem Mariana Smoluchowskiego przez Polskie Towarzystwo Fizyczne, przez Muzeum UJ oraz Wydzia\u0142 Fizyki Astronomii i Informatyki Stosowanej UJ.<\/p>\n<p>Wystawa sk\u0142ada si\u0119 dw\u00f3ch cz\u0119\u015bci, z kt\u00f3rych jedna znajduje si\u0119 w \u0142\u0105czniku pomi\u0119dzy kampusowymi budynkami Wydzia\u0142u Fizyki i Instytutu Chemii i jest og\u00f3lnodost\u0119pna, natomiast druga&nbsp; umieszczona jest w Sali 1002 Feniks w kampusowym Uniwersyteckim Centrum Kultury (UCK) i jej zwiedzanie mo\u017cliwe jest po uprzednim telefonicznym skontaktowaniem si\u0119 z dr. Zbigniewem Kurantem, tel.&nbsp; 085-738-8183.<\/p>\n<p>Wystawa czynna b\u0119dzie do dnia 18 marca 2018 r.<\/p>\n<p><strong>Czas zwiedzania:<\/strong>&nbsp;ok 30 minut<\/p>\n","protected":false},"excerpt":{"rendered":"<p>Wystawa &#8220;Pod przewodni\u0105 gwiazd\u0105 nauki&#8221; jest po\u015bwi\u0119cona wybitnemu polskiemu fizykowi Marianowi Smoluchowskiemu (1872-1917). Postaci, kt\u00f3r\u0105 warto przybli\u017cy\u0107 spo\u0142ecze\u0144stwu, gdy\u017c nale\u017ca\u0142 do tej nielicznej grupy uczonych, kt\u00f3rzy kierowali nauk\u0119 na nowe <a href=\"https:\/\/physics.uwb.edu.pl\/wf\/?page_id=7104\" class=\"more-link\">[&hellip;]<\/a><\/p>\n","protected":false},"author":2,"featured_media":7130,"parent":713,"menu_order":0,"comment_status":"closed","ping_status":"closed","template":"","meta":{"ngg_post_thumbnail":0,"Layout":"","footnotes":""},"categories":[69],"tags":[],"class_list":["entry","author-dobrog","post-7104","page","type-page","status-publish","has-post-thumbnail","category-seminarium_pl"],"jetpack_sharing_enabled":true,"jetpack_shortlink":"https:\/\/wp.me\/P7nvcn-1QA","_links":{"self":[{"href":"https:\/\/physics.uwb.edu.pl\/wf\/index.php?rest_route=\/wp\/v2\/pages\/7104","targetHints":{"allow":["GET"]}}],"collection":[{"href":"https:\/\/physics.uwb.edu.pl\/wf\/index.php?rest_route=\/wp\/v2\/pages"}],"about":[{"href":"https:\/\/physics.uwb.edu.pl\/wf\/index.php?rest_route=\/wp\/v2\/types\/page"}],"author":[{"embeddable":true,"href":"https:\/\/physics.uwb.edu.pl\/wf\/index.php?rest_route=\/wp\/v2\/users\/2"}],"replies":[{"embeddable":true,"href":"https:\/\/physics.uwb.edu.pl\/wf\/index.php?rest_route=%2Fwp%2Fv2%2Fcomments&post=7104"}],"version-history":[{"count":3,"href":"https:\/\/physics.uwb.edu.pl\/wf\/index.php?rest_route=\/wp\/v2\/pages\/7104\/revisions"}],"predecessor-version":[{"id":7109,"href":"https:\/\/physics.uwb.edu.pl\/wf\/index.php?rest_route=\/wp\/v2\/pages\/7104\/revisions\/7109"}],"up":[{"embeddable":true,"href":"https:\/\/physics.uwb.edu.pl\/wf\/index.php?rest_route=\/wp\/v2\/pages\/713"}],"wp:featuredmedia":[{"embeddable":true,"href":"https:\/\/physics.uwb.edu.pl\/wf\/index.php?rest_route=\/wp\/v2\/media\/7130"}],"wp:attachment":[{"href":"https:\/\/physics.uwb.edu.pl\/wf\/index.php?rest_route=%2Fwp%2Fv2%2Fmedia&parent=7104"}],"wp:term":[{"taxonomy":"category","embeddable":true,"href":"https:\/\/physics.uwb.edu.pl\/wf\/index.php?rest_route=%2Fwp%2Fv2%2Fcategories&post=7104"},{"taxonomy":"post_tag","embeddable":true,"href":"https:\/\/physics.uwb.edu.pl\/wf\/index.php?rest_route=%2Fwp%2Fv2%2Ftags&post=7104"}],"curies":[{"name":"wp","href":"https:\/\/api.w.org\/{rel}","templated":true}]}}