{"id":7145,"date":"2018-03-08T10:25:13","date_gmt":"2018-03-08T09:25:13","guid":{"rendered":"http:\/\/physics.uwb.edu.pl\/wf\/?page_id=7145"},"modified":"2018-03-08T10:25:13","modified_gmt":"2018-03-08T09:25:13","slug":"ogloszenie-2","status":"publish","type":"page","link":"https:\/\/physics.uwb.edu.pl\/wf\/?page_id=7145","title":{"rendered":"Erasmus+ rekrutacja 2018\/2019"},"content":{"rendered":"<p style=\"text-align: center\"><strong>ERASMUS + <\/strong><\/p>\n<p style=\"text-align: center\"><strong>Rekrutacja na 2018\/2019<\/strong><\/p>\n<p>Zapraszam na spotkanie informacyjne dotycz\u0105ce wyjazd\u00f3w na studia oraz praktyki w ramach programu <strong>Erasmus+<\/strong> w roku akademickim 2018\/2019, kt\u00f3re odb\u0119dzie si\u0119 dnia <strong>13.03.2018<\/strong> (czwartek) o godzinie <strong>15:15 w sali 2025<\/strong>.<\/p>\n<p>PS Osoby ko\u0144cz\u0105ce studia I lub II stopnia mog\u0105 r\u00f3wnie\u017c ubiega\u0107 si\u0119 o wyjazd na praktyk\u0119 w ramach programu Erasmus +.<\/p>\n<p style=\"text-align: right\">Krystyna Perzy\u0144ska<br \/>\n\/koordynator wydzia\u0142owy Programu Erasmus+\/<\/p>\n","protected":false},"excerpt":{"rendered":"<p>ERASMUS + Rekrutacja na 2018\/2019 Zapraszam na spotkanie informacyjne dotycz\u0105ce wyjazd\u00f3w na studia oraz praktyki w ramach programu Erasmus+ w roku akademickim 2018\/2019, kt\u00f3re odb\u0119dzie si\u0119 dnia 13.03.2018 (czwartek) o <a href=\"https:\/\/physics.uwb.edu.pl\/wf\/?page_id=7145\" class=\"more-link\">[&hellip;]<\/a><\/p>\n","protected":false},"author":14,"featured_media":7146,"parent":713,"menu_order":0,"comment_status":"closed","ping_status":"closed","template":"","meta":{"ngg_post_thumbnail":0,"Layout":"","footnotes":""},"categories":[27,23],"tags":[],"class_list":["entry","author-ulag","post-7145","page","type-page","status-publish","has-post-thumbnail","category-post_news_pl","category-student_pl"],"jetpack_sharing_enabled":true,"jetpack_shortlink":"https:\/\/wp.me\/P7nvcn-1Rf","_links":{"self":[{"href":"https:\/\/physics.uwb.edu.pl\/wf\/index.php?rest_route=\/wp\/v2\/pages\/7145","targetHints":{"allow":["GET"]}}],"collection":[{"href":"https:\/\/physics.uwb.edu.pl\/wf\/index.php?rest_route=\/wp\/v2\/pages"}],"about":[{"href":"https:\/\/physics.uwb.edu.pl\/wf\/index.php?rest_route=\/wp\/v2\/types\/page"}],"author":[{"embeddable":true,"href":"https:\/\/physics.uwb.edu.pl\/wf\/index.php?rest_route=\/wp\/v2\/users\/14"}],"replies":[{"embeddable":true,"href":"https:\/\/physics.uwb.edu.pl\/wf\/index.php?rest_route=%2Fwp%2Fv2%2Fcomments&post=7145"}],"version-history":[{"count":2,"href":"https:\/\/physics.uwb.edu.pl\/wf\/index.php?rest_route=\/wp\/v2\/pages\/7145\/revisions"}],"predecessor-version":[{"id":7148,"href":"https:\/\/physics.uwb.edu.pl\/wf\/index.php?rest_route=\/wp\/v2\/pages\/7145\/revisions\/7148"}],"up":[{"embeddable":true,"href":"https:\/\/physics.uwb.edu.pl\/wf\/index.php?rest_route=\/wp\/v2\/pages\/713"}],"wp:featuredmedia":[{"embeddable":true,"href":"https:\/\/physics.uwb.edu.pl\/wf\/index.php?rest_route=\/wp\/v2\/media\/7146"}],"wp:attachment":[{"href":"https:\/\/physics.uwb.edu.pl\/wf\/index.php?rest_route=%2Fwp%2Fv2%2Fmedia&parent=7145"}],"wp:term":[{"taxonomy":"category","embeddable":true,"href":"https:\/\/physics.uwb.edu.pl\/wf\/index.php?rest_route=%2Fwp%2Fv2%2Fcategories&post=7145"},{"taxonomy":"post_tag","embeddable":true,"href":"https:\/\/physics.uwb.edu.pl\/wf\/index.php?rest_route=%2Fwp%2Fv2%2Ftags&post=7145"}],"curies":[{"name":"wp","href":"https:\/\/api.w.org\/{rel}","templated":true}]}}