{"id":7149,"date":"2018-03-08T10:32:02","date_gmt":"2018-03-08T09:32:02","guid":{"rendered":"http:\/\/physics.uwb.edu.pl\/wf\/?page_id=7149"},"modified":"2021-10-11T11:14:52","modified_gmt":"2021-10-11T09:14:52","slug":"studenci-3","status":"publish","type":"page","link":"https:\/\/physics.uwb.edu.pl\/wf\/?page_id=7149","title":{"rendered":"Studenci   1. &amp; 2. stopnia"},"content":{"rendered":"<div id=\"pl-7149\"  class=\"panel-layout\" ><div id=\"pg-7149-0\"  class=\"panel-grid panel-no-style\" ><div id=\"pgc-7149-0-0\"  class=\"panel-grid-cell\" ><div id=\"panel-7149-0-0-0\" class=\"so-panel widget widget_sow-editor panel-first-child panel-last-child\" data-index=\"0\" ><div\n\t\t\t\n\t\t\tclass=\"so-widget-sow-editor so-widget-sow-editor-base\"\n\t\t\t\n\t\t>\n<div class=\"siteorigin-widget-tinymce textwidget\">\n\t<h2>Informacje i dokumenty wydzia\u0142owe<\/h2>\n\n<!-- Page-list plugin v.5.9 wordpress.org\/plugins\/page-list\/ -->\n<div class=\"page-list page-list-ext page-list-cols-1\">\n<div class=\"page-list-ext-item\"><div class=\"page-list-ext-image\"><a href=\"https:\/\/physics.uwb.edu.pl\/wf\/?page_id=12071\" title=\"Wsparcie psychologiczne i psychiczne student\u00f3w\"><img decoding=\"async\" src=\"https:\/\/physics.uwb.edu.pl\/wf\/wp-content\/uploads\/2021\/04\/wsparcie_psych_stud-150x78.png\" width=\"150\" alt=\"Wsparcie psychologiczne i psychiczne student\u00f3w\" \/><\/a><\/div> <h3 class=\"page-list-ext-title\"><a href=\"https:\/\/physics.uwb.edu.pl\/wf\/?page_id=12071\" title=\"Wsparcie psychologiczne i psychiczne student\u00f3w\">Wsparcie psychologiczne i psychiczne student\u00f3w<\/a><\/h3><\/div>\n<div class=\"page-list-ext-item\"><div class=\"page-list-ext-image\"><a href=\"https:\/\/physics.uwb.edu.pl\/wf\/?page_id=4495\" title=\"Rozk\u0142ady zaj\u0119\u0107 i organizacja roku - semestr zimowy\"><img decoding=\"async\" src=\"https:\/\/physics.uwb.edu.pl\/wf\/wp-content\/uploads\/2016\/03\/plan_zajec-150x102.png\" width=\"150\" alt=\"Rozk\u0142ady zaj\u0119\u0107 i organizacja roku - semestr zimowy\" \/><\/a><\/div> <h3 class=\"page-list-ext-title\"><a href=\"https:\/\/physics.uwb.edu.pl\/wf\/?page_id=4495\" title=\"Rozk\u0142ady zaj\u0119\u0107 i organizacja roku - semestr zimowy\">Rozk\u0142ady zaj\u0119\u0107 i organizacja roku - semestr zimowy<\/a><\/h3><\/div>\n<div class=\"page-list-ext-item\"><div class=\"page-list-ext-image\"><a href=\"https:\/\/physics.uwb.edu.pl\/wf\/?page_id=1351\" title=\"Programy studi\u00f3w, efekty uczenia si\u0119\"><img decoding=\"async\" src=\"https:\/\/physics.uwb.edu.pl\/wf\/wp-content\/uploads\/2016\/03\/planINM-pdf-image-150x106.jpg\" width=\"150\" alt=\"Programy studi\u00f3w, efekty uczenia si\u0119\" \/><\/a><\/div> <h3 class=\"page-list-ext-title\"><a href=\"https:\/\/physics.uwb.edu.pl\/wf\/?page_id=1351\" title=\"Programy studi\u00f3w, efekty uczenia si\u0119\">Programy studi\u00f3w, efekty uczenia si\u0119<\/a><\/h3><\/div>\n<div class=\"page-list-ext-item\"><div class=\"page-list-ext-image\"><a href=\"https:\/\/physics.uwb.edu.pl\/wf\/?page_id=1429\" title=\"Sylabusy\"><img decoding=\"async\" src=\"https:\/\/physics.uwb.edu.pl\/wf\/wp-content\/uploads\/2018\/11\/clouds-150x69.png\" width=\"150\" alt=\"Sylabusy\" \/><\/a><\/div> <h3 class=\"page-list-ext-title\"><a href=\"https:\/\/physics.uwb.edu.pl\/wf\/?page_id=1429\" title=\"Sylabusy\">Sylabusy<\/a><\/h3><\/div>\n<div class=\"page-list-ext-item\"><div class=\"page-list-ext-image\"><a href=\"https:\/\/physics.uwb.edu.pl\/wf\/?page_id=11517\" title=\"Konsultacje\"><img decoding=\"async\" src=\"https:\/\/physics.uwb.edu.pl\/wf\/wp-content\/uploads\/2020\/10\/laptop-3196481_640-150x100.jpg\" width=\"150\" alt=\"Konsultacje\" \/><\/a><\/div> <h3 class=\"page-list-ext-title\"><a href=\"https:\/\/physics.uwb.edu.pl\/wf\/?page_id=11517\" title=\"Konsultacje\">Konsultacje<\/a><\/h3><\/div>\n<div class=\"page-list-ext-item\"><div class=\"page-list-ext-image\"><a href=\"https:\/\/physics.uwb.edu.pl\/wf\/?page_id=11405\" title=\"Opiekunowie lat\"><img decoding=\"async\" src=\"https:\/\/physics.uwb.edu.pl\/wf\/wp-content\/uploads\/2020\/09\/writing-1149962_1920-150x100.jpg\" width=\"150\" alt=\"Opiekunowie lat\" \/><\/a><\/div> <h3 class=\"page-list-ext-title\"><a href=\"https:\/\/physics.uwb.edu.pl\/wf\/?page_id=11405\" title=\"Opiekunowie lat\">Opiekunowie lat<\/a><\/h3><\/div>\n\n<\/div>\n<h3>Prace licencjackie i magisterskie<\/h3>\n\n<!-- Page-list plugin v.5.9 wordpress.org\/plugins\/page-list\/ -->\n<div class=\"page-list page-list-ext page-list-cols-1\">\n<div class=\"page-list-ext-item\"><div class=\"page-list-ext-image\"><a href=\"https:\/\/physics.uwb.edu.pl\/wf\/?page_id=8815\" title=\"Zasady przygotowania prac dyplomowych\"><img decoding=\"async\" src=\"https:\/\/physics.uwb.edu.pl\/wf\/wp-content\/uploads\/2018\/12\/pexels-photo-267885-Kopia-300x300.jpeg\" width=\"150\" alt=\"Zasady przygotowania prac dyplomowych\" \/><\/a><\/div> <h3 class=\"page-list-ext-title\"><a href=\"https:\/\/physics.uwb.edu.pl\/wf\/?page_id=8815\" title=\"Zasady przygotowania prac dyplomowych\">Zasady przygotowania prac dyplomowych<\/a><\/h3><\/div>\n<div class=\"page-list-ext-item\"><div class=\"page-list-ext-image\"><a href=\"https:\/\/physics.uwb.edu.pl\/wf\/?page_id=8971\" title=\"Propozycje temat\u00f3w prac dyplomowych\"><img decoding=\"async\" src=\"https:\/\/physics.uwb.edu.pl\/wf\/wp-content\/uploads\/2018\/12\/Tematy-prac-dyplomowych-150x81.png\" width=\"150\" alt=\"Propozycje temat\u00f3w prac dyplomowych\" \/><\/a><\/div> <h3 class=\"page-list-ext-title\"><a href=\"https:\/\/physics.uwb.edu.pl\/wf\/?page_id=8971\" title=\"Propozycje temat\u00f3w prac dyplomowych\">Propozycje temat\u00f3w prac dyplomowych<\/a><\/h3><\/div>\n<div class=\"page-list-ext-item\"><div class=\"page-list-ext-image\"><a href=\"https:\/\/physics.uwb.edu.pl\/wf\/?page_id=8947\" title=\"Lista zagadnie\u0144 na egzaminy dyplomowe\"><img decoding=\"async\" src=\"https:\/\/physics.uwb.edu.pl\/wf\/wp-content\/uploads\/2018\/12\/przykladowe_pytania-150x70.png\" width=\"150\" alt=\"Lista zagadnie\u0144 na egzaminy dyplomowe\" \/><\/a><\/div> <h3 class=\"page-list-ext-title\"><a href=\"https:\/\/physics.uwb.edu.pl\/wf\/?page_id=8947\" title=\"Lista zagadnie\u0144 na egzaminy dyplomowe\">Lista zagadnie\u0144 na egzaminy dyplomowe<\/a><\/h3><\/div>\n\n<\/div>\n<h3>Inne<\/h3>\n\n<!-- Page-list plugin v.5.9 wordpress.org\/plugins\/page-list\/ -->\n<div class=\"page-list page-list-ext page-list-cols-1\">\n<div class=\"page-list-ext-item\"><div class=\"page-list-ext-image\"><a href=\"https:\/\/physics.uwb.edu.pl\/wf\/?page_id=4556\" title=\"DOKUMENTY DLA STUDENT\u00d3W\"><img decoding=\"async\" src=\"https:\/\/physics.uwb.edu.pl\/wf\/wp-content\/uploads\/2018\/03\/inkfeather-150x106.png\" width=\"150\" alt=\"DOKUMENTY DLA STUDENT\u00d3W\" \/><\/a><\/div> <h3 class=\"page-list-ext-title\"><a href=\"https:\/\/physics.uwb.edu.pl\/wf\/?page_id=4556\" title=\"DOKUMENTY DLA STUDENT\u00d3W\">DOKUMENTY DLA STUDENT\u00d3W<\/a><\/h3><\/div>\n\n<\/div>\n<\/div>\n<\/div><\/div><\/div><div id=\"pgc-7149-0-1\"  class=\"panel-grid-cell\" ><div id=\"panel-7149-0-1-0\" class=\"so-panel widget widget_sow-editor panel-first-child panel-last-child\" data-index=\"1\" ><div\n\t\t\t\n\t\t\tclass=\"so-widget-sow-editor so-widget-sow-editor-base\"\n\t\t\t\n\t\t><h3 class=\"widget-title\">Godziny pracy dziekanatu<\/h3>\n<div class=\"siteorigin-widget-tinymce textwidget\">\n\t<table style=\"height: 100px;width: 206px;font-family: 'Open Sans', Arial, sans-serif;font-size: 15px\">\n<tbody>\n<tr style=\"height: 118px\">\n<td style=\"width: 107.033px;border: medium none white;background-color: white;height: 118px\">Poniedzia\u0142ek<br \/>\nWtorek<br \/>\n\u015aroda<br \/>\nCzwartek<br \/>\nPi\u0105tek<\/td>\n<td style=\"width: 95.9667px;border: medium none white;background-color: white;height: 118px\">9:00-14:00<br \/>\n9:00-14:00<br \/>\n9:00-14:00<br \/>\nwolne<br \/>\n9:00-15:00<\/td>\n<\/tr>\n<\/tbody>\n<\/table>\n<\/div>\n<\/div><\/div><\/div><\/div><\/div>","protected":false},"excerpt":{"rendered":"<p>Informacje i dokumenty wydzia\u0142owe Prace licencjackie i magisterskie Inne Poniedzia\u0142ek Wtorek \u015aroda Czwartek Pi\u0105tek 9:00-14:00 9:00-14:00 9:00-14:00 wolne 9:00-15:00<\/p>\n","protected":false},"author":2,"featured_media":303,"parent":38,"menu_order":0,"comment_status":"closed","ping_status":"closed","template":"","meta":{"ngg_post_thumbnail":0,"Layout":"1c","footnotes":""},"categories":[23],"tags":[],"class_list":["entry","author-dobrog","post-7149","page","type-page","status-publish","has-post-thumbnail","category-student_pl"],"jetpack_sharing_enabled":true,"jetpack_shortlink":"https:\/\/wp.me\/P7nvcn-1Rj","_links":{"self":[{"href":"https:\/\/physics.uwb.edu.pl\/wf\/index.php?rest_route=\/wp\/v2\/pages\/7149","targetHints":{"allow":["GET"]}}],"collection":[{"href":"https:\/\/physics.uwb.edu.pl\/wf\/index.php?rest_route=\/wp\/v2\/pages"}],"about":[{"href":"https:\/\/physics.uwb.edu.pl\/wf\/index.php?rest_route=\/wp\/v2\/types\/page"}],"author":[{"embeddable":true,"href":"https:\/\/physics.uwb.edu.pl\/wf\/index.php?rest_route=\/wp\/v2\/users\/2"}],"replies":[{"embeddable":true,"href":"https:\/\/physics.uwb.edu.pl\/wf\/index.php?rest_route=%2Fwp%2Fv2%2Fcomments&post=7149"}],"version-history":[{"count":56,"href":"https:\/\/physics.uwb.edu.pl\/wf\/index.php?rest_route=\/wp\/v2\/pages\/7149\/revisions"}],"predecessor-version":[{"id":7856,"href":"https:\/\/physics.uwb.edu.pl\/wf\/index.php?rest_route=\/wp\/v2\/pages\/7149\/revisions\/7856"}],"up":[{"embeddable":true,"href":"https:\/\/physics.uwb.edu.pl\/wf\/index.php?rest_route=\/wp\/v2\/pages\/38"}],"wp:featuredmedia":[{"embeddable":true,"href":"https:\/\/physics.uwb.edu.pl\/wf\/index.php?rest_route=\/wp\/v2\/media\/303"}],"wp:attachment":[{"href":"https:\/\/physics.uwb.edu.pl\/wf\/index.php?rest_route=%2Fwp%2Fv2%2Fmedia&parent=7149"}],"wp:term":[{"taxonomy":"category","embeddable":true,"href":"https:\/\/physics.uwb.edu.pl\/wf\/index.php?rest_route=%2Fwp%2Fv2%2Fcategories&post=7149"},{"taxonomy":"post_tag","embeddable":true,"href":"https:\/\/physics.uwb.edu.pl\/wf\/index.php?rest_route=%2Fwp%2Fv2%2Ftags&post=7149"}],"curies":[{"name":"wp","href":"https:\/\/api.w.org\/{rel}","templated":true}]}}