{"id":7151,"date":"2018-03-08T10:33:16","date_gmt":"2018-03-08T09:33:16","guid":{"rendered":"http:\/\/physics.uwb.edu.pl\/wf\/?page_id=7151"},"modified":"2019-03-14T11:13:03","modified_gmt":"2019-03-14T10:13:03","slug":"studenci-5","status":"publish","type":"page","link":"https:\/\/physics.uwb.edu.pl\/wf\/?page_id=7151","title":{"rendered":"Wydzia\u0142owe zasoby dla student\u00f3w"},"content":{"rendered":"<h2>Wydzia\u0142owe zasoby dla student\u00f3w<\/h2>\n\n<!-- Page-list plugin v.5.9 wordpress.org\/plugins\/page-list\/ -->\n<div class=\"page-list page-list-ext page-list-cols-2\">\n<div class=\"page-list-ext-item\"><div class=\"page-list-ext-image\"><a href=\"https:\/\/physics.uwb.edu.pl\/wf\/?page_id=9341\" title=\"Skrypty\/ instrukcje do zaj\u0119\u0107\"><img decoding=\"async\" src=\"https:\/\/physics.uwb.edu.pl\/wf\/wp-content\/uploads\/2019\/03\/book-bookcase-books-1166657-150x100.jpg\" width=\"150\" alt=\"Skrypty\/ instrukcje do zaj\u0119\u0107\" \/><\/a><\/div> <h3 class=\"page-list-ext-title\"><a href=\"https:\/\/physics.uwb.edu.pl\/wf\/?page_id=9341\" title=\"Skrypty\/ instrukcje do zaj\u0119\u0107\">Skrypty\/ instrukcje do zaj\u0119\u0107<\/a><\/h3><\/div>\n<div class=\"page-list-ext-item\"><div class=\"page-list-ext-image\"><a href=\"https:\/\/physics.uwb.edu.pl\/wf\/?page_id=226\" title=\"Biblioteka\"><img decoding=\"async\" src=\"https:\/\/physics.uwb.edu.pl\/wf\/wp-content\/uploads\/2016\/02\/studenci-1-150x100.jpg\" width=\"150\" alt=\"Biblioteka\" \/><\/a><\/div> <h3 class=\"page-list-ext-title\"><a href=\"https:\/\/physics.uwb.edu.pl\/wf\/?page_id=226\" title=\"Biblioteka\">Biblioteka<\/a><\/h3><\/div>\n<div class=\"page-list-ext-item\"><div class=\"page-list-ext-image\"><a href=\"https:\/\/physics.uwb.edu.pl\/wf\/?page_id=230\" title=\"Pracownie studenckie\"><img decoding=\"async\" src=\"https:\/\/physics.uwb.edu.pl\/wf\/wp-content\/uploads\/2016\/02\/16-150x100.jpg\" width=\"150\" alt=\"Pracownie studenckie\" \/><\/a><\/div> <h3 class=\"page-list-ext-title\"><a href=\"https:\/\/physics.uwb.edu.pl\/wf\/?page_id=230\" title=\"Pracownie studenckie\">Pracownie studenckie<\/a><\/h3><\/div>\n\n<\/div>\n","protected":false},"excerpt":{"rendered":"<p>Wydzia\u0142owe zasoby dla student\u00f3w<\/p>\n","protected":false},"author":2,"featured_media":303,"parent":119,"menu_order":0,"comment_status":"closed","ping_status":"closed","template":"","meta":{"ngg_post_thumbnail":0,"Layout":"2c-l","footnotes":""},"categories":[23],"tags":[],"class_list":["entry","author-dobrog","post-7151","page","type-page","status-publish","has-post-thumbnail","category-student_pl"],"jetpack_sharing_enabled":true,"jetpack_shortlink":"https:\/\/wp.me\/P7nvcn-1Rl","_links":{"self":[{"href":"https:\/\/physics.uwb.edu.pl\/wf\/index.php?rest_route=\/wp\/v2\/pages\/7151","targetHints":{"allow":["GET"]}}],"collection":[{"href":"https:\/\/physics.uwb.edu.pl\/wf\/index.php?rest_route=\/wp\/v2\/pages"}],"about":[{"href":"https:\/\/physics.uwb.edu.pl\/wf\/index.php?rest_route=\/wp\/v2\/types\/page"}],"author":[{"embeddable":true,"href":"https:\/\/physics.uwb.edu.pl\/wf\/index.php?rest_route=\/wp\/v2\/users\/2"}],"replies":[{"embeddable":true,"href":"https:\/\/physics.uwb.edu.pl\/wf\/index.php?rest_route=%2Fwp%2Fv2%2Fcomments&post=7151"}],"version-history":[{"count":2,"href":"https:\/\/physics.uwb.edu.pl\/wf\/index.php?rest_route=\/wp\/v2\/pages\/7151\/revisions"}],"predecessor-version":[{"id":9345,"href":"https:\/\/physics.uwb.edu.pl\/wf\/index.php?rest_route=\/wp\/v2\/pages\/7151\/revisions\/9345"}],"up":[{"embeddable":true,"href":"https:\/\/physics.uwb.edu.pl\/wf\/index.php?rest_route=\/wp\/v2\/pages\/119"}],"wp:featuredmedia":[{"embeddable":true,"href":"https:\/\/physics.uwb.edu.pl\/wf\/index.php?rest_route=\/wp\/v2\/media\/303"}],"wp:attachment":[{"href":"https:\/\/physics.uwb.edu.pl\/wf\/index.php?rest_route=%2Fwp%2Fv2%2Fmedia&parent=7151"}],"wp:term":[{"taxonomy":"category","embeddable":true,"href":"https:\/\/physics.uwb.edu.pl\/wf\/index.php?rest_route=%2Fwp%2Fv2%2Fcategories&post=7151"},{"taxonomy":"post_tag","embeddable":true,"href":"https:\/\/physics.uwb.edu.pl\/wf\/index.php?rest_route=%2Fwp%2Fv2%2Ftags&post=7151"}],"curies":[{"name":"wp","href":"https:\/\/api.w.org\/{rel}","templated":true}]}}