{"id":7152,"date":"2018-03-08T10:32:54","date_gmt":"2018-03-08T09:32:54","guid":{"rendered":"http:\/\/physics.uwb.edu.pl\/wf\/?page_id=7152"},"modified":"2018-03-12T11:27:00","modified_gmt":"2018-03-12T10:27:00","slug":"studenci-4","status":"publish","type":"page","link":"https:\/\/physics.uwb.edu.pl\/wf\/?page_id=7152","title":{"rendered":"Programy studenckie"},"content":{"rendered":"<h2>Programy studenckie<\/h2>\n\n<!-- Page-list plugin v.5.9 wordpress.org\/plugins\/page-list\/ -->\n<div class=\"page-list page-list-ext page-list-cols-1\">\n<div class=\"page-list-ext-item\"><div class=\"page-list-ext-image\"><a href=\"https:\/\/physics.uwb.edu.pl\/wf\/?page_id=3465\" title=\"Program mobilno\u015bci student\u00f3w i doktorant\u00f3w MOST\"><img decoding=\"async\" src=\"https:\/\/physics.uwb.edu.pl\/wf\/wp-content\/uploads\/2016\/03\/logo-150x58.png\" width=\"150\" alt=\"Program mobilno\u015bci student\u00f3w i doktorant\u00f3w MOST\" \/><\/a><\/div> <h3 class=\"page-list-ext-title\"><a href=\"https:\/\/physics.uwb.edu.pl\/wf\/?page_id=3465\" title=\"Program mobilno\u015bci student\u00f3w i doktorant\u00f3w MOST\">Program mobilno\u015bci student\u00f3w i doktorant\u00f3w MOST<\/a><\/h3><\/div>\n<div class=\"page-list-ext-item\"><div class=\"page-list-ext-image\"><a href=\"https:\/\/physics.uwb.edu.pl\/wf\/?page_id=729\" title=\"Erasmus+\"><img decoding=\"async\" src=\"https:\/\/physics.uwb.edu.pl\/wf\/wp-content\/uploads\/2016\/03\/logo_erasmusplus-150x49.png\" width=\"150\" alt=\"Erasmus+\" \/><\/a><\/div> <h3 class=\"page-list-ext-title\"><a href=\"https:\/\/physics.uwb.edu.pl\/wf\/?page_id=729\" title=\"Erasmus+\">Erasmus+<\/a><\/h3><\/div>\n<div class=\"page-list-ext-item\"><div class=\"page-list-ext-image\"><a href=\"https:\/\/physics.uwb.edu.pl\/wf\/?page_id=6671\" title=\"Legia Akademicka\"><img decoding=\"async\" src=\"https:\/\/physics.uwb.edu.pl\/wf\/wp-content\/uploads\/2019\/03\/leg_pla_2019-150x69.jpg\" width=\"150\" alt=\"Legia Akademicka\" \/><\/a><\/div> <h3 class=\"page-list-ext-title\"><a href=\"https:\/\/physics.uwb.edu.pl\/wf\/?page_id=6671\" title=\"Legia Akademicka\">Legia Akademicka<\/a><\/h3><\/div>\n<div class=\"page-list-ext-item\"><div class=\"page-list-ext-image\"><a href=\"https:\/\/physics.uwb.edu.pl\/wf\/?page_id=719\" title=\"Praktyki studenckie\"><img decoding=\"async\" src=\"https:\/\/physics.uwb.edu.pl\/wf\/wp-content\/uploads\/2016\/03\/praktyki-studenckie-150x39.png\" width=\"150\" alt=\"Praktyki studenckie\" \/><\/a><\/div> <h3 class=\"page-list-ext-title\"><a href=\"https:\/\/physics.uwb.edu.pl\/wf\/?page_id=719\" title=\"Praktyki studenckie\">Praktyki studenckie<\/a><\/h3><\/div>\n\n<\/div>\n","protected":false},"excerpt":{"rendered":"<p>Programy studenckie<\/p>\n","protected":false},"author":2,"featured_media":303,"parent":119,"menu_order":0,"comment_status":"closed","ping_status":"closed","template":"","meta":{"ngg_post_thumbnail":0,"Layout":"1c","footnotes":""},"categories":[23],"tags":[],"class_list":["entry","author-dobrog","post-7152","page","type-page","status-publish","has-post-thumbnail","category-student_pl"],"jetpack_sharing_enabled":true,"jetpack_shortlink":"https:\/\/wp.me\/P7nvcn-1Rm","_links":{"self":[{"href":"https:\/\/physics.uwb.edu.pl\/wf\/index.php?rest_route=\/wp\/v2\/pages\/7152","targetHints":{"allow":["GET"]}}],"collection":[{"href":"https:\/\/physics.uwb.edu.pl\/wf\/index.php?rest_route=\/wp\/v2\/pages"}],"about":[{"href":"https:\/\/physics.uwb.edu.pl\/wf\/index.php?rest_route=\/wp\/v2\/types\/page"}],"author":[{"embeddable":true,"href":"https:\/\/physics.uwb.edu.pl\/wf\/index.php?rest_route=\/wp\/v2\/users\/2"}],"replies":[{"embeddable":true,"href":"https:\/\/physics.uwb.edu.pl\/wf\/index.php?rest_route=%2Fwp%2Fv2%2Fcomments&post=7152"}],"version-history":[{"count":4,"href":"https:\/\/physics.uwb.edu.pl\/wf\/index.php?rest_route=\/wp\/v2\/pages\/7152\/revisions"}],"predecessor-version":[{"id":7327,"href":"https:\/\/physics.uwb.edu.pl\/wf\/index.php?rest_route=\/wp\/v2\/pages\/7152\/revisions\/7327"}],"up":[{"embeddable":true,"href":"https:\/\/physics.uwb.edu.pl\/wf\/index.php?rest_route=\/wp\/v2\/pages\/119"}],"wp:featuredmedia":[{"embeddable":true,"href":"https:\/\/physics.uwb.edu.pl\/wf\/index.php?rest_route=\/wp\/v2\/media\/303"}],"wp:attachment":[{"href":"https:\/\/physics.uwb.edu.pl\/wf\/index.php?rest_route=%2Fwp%2Fv2%2Fmedia&parent=7152"}],"wp:term":[{"taxonomy":"category","embeddable":true,"href":"https:\/\/physics.uwb.edu.pl\/wf\/index.php?rest_route=%2Fwp%2Fv2%2Fcategories&post=7152"},{"taxonomy":"post_tag","embeddable":true,"href":"https:\/\/physics.uwb.edu.pl\/wf\/index.php?rest_route=%2Fwp%2Fv2%2Ftags&post=7152"}],"curies":[{"name":"wp","href":"https:\/\/api.w.org\/{rel}","templated":true}]}}