{"id":719,"date":"2016-03-10T13:24:43","date_gmt":"2016-03-10T12:24:43","guid":{"rendered":"http:\/\/physics.uwb.edu.pl\/wf\/?page_id=719"},"modified":"2019-05-07T11:36:26","modified_gmt":"2019-05-07T09:36:26","slug":"praktyki-studenckie","status":"publish","type":"page","link":"https:\/\/physics.uwb.edu.pl\/wf\/?page_id=719","title":{"rendered":"Praktyki studenckie"},"content":{"rendered":"<div class=\"tresc_strony\">\n<p><b>Studenci specjalno\u015bci Fizyki Medycznej<\/b> II roku I stopnia zobligowani s\u0105 do odbycia 3-tygodniowej praktyki zawodowej.<\/p>\n<p>Szczeg\u00f3\u0142owe informacje dotycz\u0105ce praktyk udzielane s\u0105 w pokoju <b><i>1062<\/i><\/b> Wydzia\u0142u Fizyki (Zak\u0142ad Fizyki Cia\u0142a Sta\u0142ego).<br \/>\nWydzia\u0142owym koordynatorem praktyk jest <b><i>dr hab. Katarzyna Re\u0107ko<\/i><\/b> (kontakt: k.recko@uwb.edu.pl, tel. 85 738 81 92).<\/p>\n<p><strong>Regulamin i organizacja praktyki zawodowej<\/strong><\/p>\n<ul>\n<li><a href=\"http:\/\/physics.uwb.edu.pl\/wf\/wp-content\/uploads\/2017\/08\/regulaminPraktykiZaw.pdf\">Regulamin praktyki zawodowej<\/a><\/li>\n<li><a href=\"http:\/\/physics.uwb.edu.pl\/wf\/wp-content\/uploads\/2017\/08\/organizacjaStudenckichPraktykZaw.pdf\">Organizacja studenckich praktyk zawodowych<\/a><\/li>\n<\/ul>\n<p><strong>Druki do pobrania<\/strong><\/p>\n<ul>\n<li><a href=\"http:\/\/physics.uwb.edu.pl\/wf\/wp-content\/uploads\/2017\/08\/wzorUmowyZOrganizatoremPraktyki.pdf\">Wz\u00f3r umowy pomi\u0119dzy Wydzia\u0142em a Organizatorem praktyki<\/a><\/li>\n<li><a href=\"http:\/\/physics.uwb.edu.pl\/wf\/wp-content\/uploads\/2017\/08\/wzorSkierowaniaNaPraktyke.pdf\">Wz\u00f3r skierowania na praktyk\u0119 zawodow\u0105<\/a><\/li>\n<li><a href=\"http:\/\/physics.uwb.edu.pl\/wf\/wp-content\/uploads\/2017\/08\/wzorOpiniiOStudencie.pdf\">Wz\u00f3r opinii o studencie<\/a><\/li>\n<li><a href=\"http:\/\/physics.uwb.edu.pl\/wf\/wp-content\/uploads\/2017\/08\/wzorOswiadczeniaStudenta.pdf\">Wz\u00f3r o\u015bwiadczenia studenta<\/a><\/li>\n<li><a href=\"http:\/\/physics.uwb.edu.pl\/wf\/wp-content\/uploads\/2018\/12\/Ocena-praktyk-zawodowych.pdf\" target=\"_blank\" rel=\"noopener\">Ankieta dotycz\u0105ca oceny praktyk zawodowych<\/a><\/li>\n<\/ul>\n<p><strong>RODO<\/strong><\/p>\n<ul>\n<li><a href=\"http:\/\/physics.uwb.edu.pl\/wf\/wp-content\/uploads\/2019\/05\/RODO_praktyka-nieobowi\u0105zkowa.pdf\" target=\"_blank\" rel=\"noopener\">O\u015bwiadczenie studenta realizuj\u0105cego praktyk\u0119 &#8211; praktyka nieobowi\u0105zkowa<\/a><\/li>\n<li><a href=\"http:\/\/physics.uwb.edu.pl\/wf\/wp-content\/uploads\/2019\/05\/RODO_praktyki-obowi\u0105zkowa.pdf\" target=\"_blank\" rel=\"noopener\">O\u015bwiadczenie studenta realizuj\u0105cego praktyk\u0119 &#8211; praktyka obowi\u0105zkowa<\/a><\/li>\n<\/ul>\n<p><a href=\"http:\/\/physics.uwb.edu.pl\/wf\/wp-content\/uploads\/2017\/08\/miejscaPraktyk.pdf\"><strong>Miejsca zawodowych praktyk studenckich<\/strong><\/a><\/p>\n<\/div>\n","protected":false},"excerpt":{"rendered":"<p>Studenci specjalno\u015bci Fizyki Medycznej II roku I stopnia zobligowani s\u0105 do odbycia 3-tygodniowej praktyki zawodowej. Szczeg\u00f3\u0142owe informacje dotycz\u0105ce praktyk udzielane s\u0105 w pokoju 1062 Wydzia\u0142u Fizyki (Zak\u0142ad Fizyki Cia\u0142a Sta\u0142ego). <a href=\"https:\/\/physics.uwb.edu.pl\/wf\/?page_id=719\" class=\"more-link\">[&hellip;]<\/a><\/p>\n","protected":false},"author":2,"featured_media":1531,"parent":38,"menu_order":70,"comment_status":"closed","ping_status":"closed","template":"","meta":{"ngg_post_thumbnail":0,"Layout":"","footnotes":""},"categories":[23],"tags":[],"class_list":["entry","author-dobrog","post-719","page","type-page","status-publish","has-post-thumbnail","category-student_pl"],"jetpack_sharing_enabled":true,"jetpack_shortlink":"https:\/\/wp.me\/P7nvcn-bB","_links":{"self":[{"href":"https:\/\/physics.uwb.edu.pl\/wf\/index.php?rest_route=\/wp\/v2\/pages\/719","targetHints":{"allow":["GET"]}}],"collection":[{"href":"https:\/\/physics.uwb.edu.pl\/wf\/index.php?rest_route=\/wp\/v2\/pages"}],"about":[{"href":"https:\/\/physics.uwb.edu.pl\/wf\/index.php?rest_route=\/wp\/v2\/types\/page"}],"author":[{"embeddable":true,"href":"https:\/\/physics.uwb.edu.pl\/wf\/index.php?rest_route=\/wp\/v2\/users\/2"}],"replies":[{"embeddable":true,"href":"https:\/\/physics.uwb.edu.pl\/wf\/index.php?rest_route=%2Fwp%2Fv2%2Fcomments&post=719"}],"version-history":[{"count":18,"href":"https:\/\/physics.uwb.edu.pl\/wf\/index.php?rest_route=\/wp\/v2\/pages\/719\/revisions"}],"predecessor-version":[{"id":9709,"href":"https:\/\/physics.uwb.edu.pl\/wf\/index.php?rest_route=\/wp\/v2\/pages\/719\/revisions\/9709"}],"up":[{"embeddable":true,"href":"https:\/\/physics.uwb.edu.pl\/wf\/index.php?rest_route=\/wp\/v2\/pages\/38"}],"wp:featuredmedia":[{"embeddable":true,"href":"https:\/\/physics.uwb.edu.pl\/wf\/index.php?rest_route=\/wp\/v2\/media\/1531"}],"wp:attachment":[{"href":"https:\/\/physics.uwb.edu.pl\/wf\/index.php?rest_route=%2Fwp%2Fv2%2Fmedia&parent=719"}],"wp:term":[{"taxonomy":"category","embeddable":true,"href":"https:\/\/physics.uwb.edu.pl\/wf\/index.php?rest_route=%2Fwp%2Fv2%2Fcategories&post=719"},{"taxonomy":"post_tag","embeddable":true,"href":"https:\/\/physics.uwb.edu.pl\/wf\/index.php?rest_route=%2Fwp%2Fv2%2Ftags&post=719"}],"curies":[{"name":"wp","href":"https:\/\/api.w.org\/{rel}","templated":true}]}}