{"id":729,"date":"2016-03-10T14:17:53","date_gmt":"2016-03-10T13:17:53","guid":{"rendered":"http:\/\/physics.uwb.edu.pl\/wf\/?page_id=729"},"modified":"2021-11-18T11:24:20","modified_gmt":"2021-11-18T10:24:20","slug":"erasmus","status":"publish","type":"page","link":"https:\/\/physics.uwb.edu.pl\/wf\/?page_id=729","title":{"rendered":"Erasmus+"},"content":{"rendered":"<ul>\n<li><a href=\"http:\/\/physics.uwb.edu.pl\/wf\/?page_id=7333\">Rekrutacja (aktualizacja 22\/10\/2021)<\/a><\/li>\n<li><a href=\"http:\/\/physics.uwb.edu.pl\/wf\/?page_id=9353\">Rekrutacja: wymagania<\/a><\/li>\n<li><a href=\"https:\/\/physics.uwb.edu.pl\/wf\/?page_id=11911\">Formularze<\/a><\/li>\n<li><a href=\"https:\/\/physics.uwb.edu.pl\/wf\/?attachment_id=11908\">Zasady kwalifikacji student\u00f3w na wyjazdy na studia &#8211; SMS &#8211; rok ak. 2021\/2022<\/a><\/li>\n<li><a href=\"https:\/\/physics.uwb.edu.pl\/wf\/?attachment_id=11906\">Zasady kwalifikacji student\u00f3w na praktyki na studia &#8211; SMP &#8211; rok ak. 2021\/2022<\/a><\/li>\n<li><a href=\"http:\/\/physics.uwb.edu.pl\/wf\/?page_id=5277\">Relacje naszych student\u00f3w z wyjazd\u00f3w w ramach Erasmusa+<\/a><\/li>\n<li><a href=\"http:\/\/physics.uwb.edu.pl\/wf\/?page_id=7331\">Uczelnie partnerskie<\/a><\/li>\n<li><a href=\"http:\/\/physics.uwb.edu.pl\/wf\/?page_id=7350\">Wyjazdy pracownik\u00f3w<\/a><\/li>\n<li><a href=\"http:\/\/physics.uwb.edu.pl\/wf\/wp-content\/uploads\/2018\/03\/Procedura-rozliczania-Erasmus-na-WF-UwB.pdf\">Zasady rozliczania student\u00f3w odbywaj\u0105cych cz\u0119\u015b\u0107 studi\u00f3w na uczelni partnerskiej<\/a><\/li>\n<li><a href=\"http:\/\/erasmusplus.org.pl\/szkolnictwo-wyzsze\/\">Erasmusplus.org.pl<\/a><\/li>\n<li><a href=\"http:\/\/www.uwb.edu.pl\/erasmus-1454\">Erasmus + na stronie Uniwersytetu w Bia\u0142ysmtoku<\/a><\/li>\n<\/ul>\n<div>\n<div class=\"tresc_strony\" style=\"text-align: center;\">\n<p><img loading=\"lazy\" decoding=\"async\" class=\"aligncenter wp-image-7146 size-large\" src=\"http:\/\/physics.uwb.edu.pl\/wf\/wp-content\/uploads\/2018\/03\/EU-flag-Erasmus_vect_POS-1024x292.jpg\" alt=\"\" width=\"1024\" height=\"292\" srcset=\"https:\/\/physics.uwb.edu.pl\/wf\/wp-content\/uploads\/2018\/03\/EU-flag-Erasmus_vect_POS-1024x292.jpg 1024w, https:\/\/physics.uwb.edu.pl\/wf\/wp-content\/uploads\/2018\/03\/EU-flag-Erasmus_vect_POS-150x43.jpg 150w, https:\/\/physics.uwb.edu.pl\/wf\/wp-content\/uploads\/2018\/03\/EU-flag-Erasmus_vect_POS-300x86.jpg 300w, https:\/\/physics.uwb.edu.pl\/wf\/wp-content\/uploads\/2018\/03\/EU-flag-Erasmus_vect_POS-1025x293.jpg 1025w, https:\/\/physics.uwb.edu.pl\/wf\/wp-content\/uploads\/2018\/03\/EU-flag-Erasmus_vect_POS.jpg 1964w\" sizes=\"auto, (max-width: 1024px) 100vw, 1024px\" \/><\/p>\n<\/div>\n<\/div>\n<div class=\"tresc_strony\">\n<p>&nbsp;<\/p>\n<\/div>\n","protected":false},"excerpt":{"rendered":"<p>Rekrutacja (aktualizacja 22\/10\/2021) Rekrutacja: wymagania Formularze Zasady kwalifikacji student\u00f3w na wyjazdy na studia &#8211; SMS &#8211; rok ak. 2021\/2022 Zasady kwalifikacji student\u00f3w na praktyki na studia &#8211; SMP &#8211; rok <a href=\"https:\/\/physics.uwb.edu.pl\/wf\/?page_id=729\" class=\"more-link\">[&hellip;]<\/a><\/p>\n","protected":false},"author":2,"featured_media":730,"parent":38,"menu_order":40,"comment_status":"closed","ping_status":"closed","template":"","meta":{"ngg_post_thumbnail":0,"Layout":"1c","footnotes":""},"categories":[23],"tags":[],"class_list":["entry","author-dobrog","post-729","page","type-page","status-publish","has-post-thumbnail","category-student_pl"],"jetpack_sharing_enabled":true,"jetpack_shortlink":"https:\/\/wp.me\/P7nvcn-bL","_links":{"self":[{"href":"https:\/\/physics.uwb.edu.pl\/wf\/index.php?rest_route=\/wp\/v2\/pages\/729","targetHints":{"allow":["GET"]}}],"collection":[{"href":"https:\/\/physics.uwb.edu.pl\/wf\/index.php?rest_route=\/wp\/v2\/pages"}],"about":[{"href":"https:\/\/physics.uwb.edu.pl\/wf\/index.php?rest_route=\/wp\/v2\/types\/page"}],"author":[{"embeddable":true,"href":"https:\/\/physics.uwb.edu.pl\/wf\/index.php?rest_route=\/wp\/v2\/users\/2"}],"replies":[{"embeddable":true,"href":"https:\/\/physics.uwb.edu.pl\/wf\/index.php?rest_route=%2Fwp%2Fv2%2Fcomments&post=729"}],"version-history":[{"count":52,"href":"https:\/\/physics.uwb.edu.pl\/wf\/index.php?rest_route=\/wp\/v2\/pages\/729\/revisions"}],"predecessor-version":[{"id":13053,"href":"https:\/\/physics.uwb.edu.pl\/wf\/index.php?rest_route=\/wp\/v2\/pages\/729\/revisions\/13053"}],"up":[{"embeddable":true,"href":"https:\/\/physics.uwb.edu.pl\/wf\/index.php?rest_route=\/wp\/v2\/pages\/38"}],"wp:featuredmedia":[{"embeddable":true,"href":"https:\/\/physics.uwb.edu.pl\/wf\/index.php?rest_route=\/wp\/v2\/media\/730"}],"wp:attachment":[{"href":"https:\/\/physics.uwb.edu.pl\/wf\/index.php?rest_route=%2Fwp%2Fv2%2Fmedia&parent=729"}],"wp:term":[{"taxonomy":"category","embeddable":true,"href":"https:\/\/physics.uwb.edu.pl\/wf\/index.php?rest_route=%2Fwp%2Fv2%2Fcategories&post=729"},{"taxonomy":"post_tag","embeddable":true,"href":"https:\/\/physics.uwb.edu.pl\/wf\/index.php?rest_route=%2Fwp%2Fv2%2Ftags&post=729"}],"curies":[{"name":"wp","href":"https:\/\/api.w.org\/{rel}","templated":true}]}}