{"id":741,"date":"2016-03-10T15:07:31","date_gmt":"2016-03-10T14:07:31","guid":{"rendered":"http:\/\/physics.uwb.edu.pl\/wf\/?page_id=741"},"modified":"2019-03-06T13:11:52","modified_gmt":"2019-03-06T12:11:52","slug":"ciekawe-lacza","status":"publish","type":"page","link":"https:\/\/physics.uwb.edu.pl\/wf\/?page_id=741","title":{"rendered":"Ciekawe \u0142\u0105cza"},"content":{"rendered":"<div class=\"sekcja\">\n<div class=\"tresc\">\n<h1><img loading=\"lazy\" decoding=\"async\" class=\"wp-image-1198 alignleft\" src=\"http:\/\/physics.uwb.edu.pl\/wf\/wp-content\/uploads\/2016\/03\/godlo-uwb-300-150x150.png\" alt=\"godlo-uwb-300\" width=\"70\" height=\"70\" srcset=\"https:\/\/physics.uwb.edu.pl\/wf\/wp-content\/uploads\/2016\/03\/godlo-uwb-300-150x150.png 150w, https:\/\/physics.uwb.edu.pl\/wf\/wp-content\/uploads\/2016\/03\/godlo-uwb-300.png 300w\" sizes=\"auto, (max-width: 70px) 100vw, 70px\" \/>UwB<\/h1>\n<div class=\"linksy\">\n<ul>\n<li><a href=\"http:\/\/www.uwb.edu.pl\/\" target=\"_blank\"> Uniwersytet w Bia\u0142ymstoku &#8211; strona g\u0142\u00f3wna<\/a><\/li>\n<li><a href=\"http:\/\/physics.uwb.edu.pl\/wf\/?page_id=1227&amp;lang=pl\">Polskie Towarzystwo Fizyczne Oddzia\u0142 Bia\u0142ystok<\/a><\/li>\n<li><a href=\"http:\/\/www.ptf.net.pl\/\">Polskie Towarzystwo Fizyczne<\/a><\/li>\n<li><a href=\"http:\/\/bg.uwb.edu.pl\/\" target=\"_blank\"> Biblioteka G\u0142\u00f3wna Uniwersytetu w Bia\u0142ymstoku <\/a><\/li>\n<li><a href=\"http:\/\/labfiz.uwb.edu.pl\">LabFiz &#8211; Regionalne Laboratorium Do Nauczania Przedmiot\u00f3w Przyrodniczych<\/a><\/li>\n<li><a href=\"http:\/\/labfiz.uwb.edu.pl\/lab\/magmicroscope\/\">Mikroskop internetowy &#8211; Badanie domen magnetycznych przez INTERNET<\/a><\/li>\n<\/ul>\n<\/div>\n<h1>Strony Edukacyjne<\/h1>\n<div class=\"tresc_strony\">\n<ul>\n<li><a href=\"http:\/\/physics.uwb.edu.pl\/main\/ptf\/fizyka2000\/index.html\">Animacje Fizyka 2000<\/a><\/li>\n<li><a href=\"http:\/\/physics.uwb.edu.pl\/main\/ptf\/cegly\/main.htm\">&#8220;Ceg\u0142y&#8221; i &#8220;cement&#8221; natury<\/a><\/li>\n<li><a href=\"http:\/\/physics.uwb.edu.pl\/main\/ptf\/przygody\/adventure_home.html\">Przygody z cz\u0105stkami<\/a><\/li>\n<li><a href=\"http:\/\/physics.uwb.edu.pl\/main\/ptf\/CERN\/Welcome.html\">Witamy w CERN-ie<\/a><\/li>\n<li><a href=\"http:\/\/physics.uwb.edu.pl\/main\/ptf\/DESY\/index.html\">Plakaty DESY<\/a><\/li>\n<\/ul>\n<\/div>\n<h1>Inne<\/h1>\n<div class=\"linksy\">\n<p class=\"linki\">\u00a0<a href=\"http:\/\/ptf.fuw.edu.pl\/\" target=\"_blank\">Polskie Towarzystwo Fizyczne<\/a><\/p>\n<ul>\n<li><a href=\"http:\/\/physicsworld.com\/cws\/home\" target=\"_blank\"> Physics World<\/a><\/li>\n<li><a href=\"http:\/\/pl.physnet.net\/PhysNet\/physdep.html\" target=\"_blank\"> Physics Departments Worldwide<\/a><\/li>\n<li><a href=\"http:\/\/www.dmoz.org\/Science\/Physics\/Education\/\" target=\"_blank\"> Open Directory Projects &#8211; PHYSICS<\/a><\/li>\n<li><a href=\"http:\/\/www.dmoz.org\/World\/Polska\/Nauka_i_edukacja\/Fizyka\/\" target=\"_blank\"> Open Directory Projects &#8211; Fizyka w Polsce<\/a><\/li>\n<li><a href=\"http:\/\/www.researchgate.net\/group\/Researches_in_Poland\/\" target=\"_blank\"> Platforma ResearchGATE &#8211; serwis dla naukowc\u00f3w<\/a><\/li>\n<\/ul>\n<\/div>\n<\/div>\n<\/div>\n","protected":false},"excerpt":{"rendered":"<p>UwB Uniwersytet w Bia\u0142ymstoku &#8211; strona g\u0142\u00f3wna Polskie Towarzystwo Fizyczne Oddzia\u0142 Bia\u0142ystok Polskie Towarzystwo Fizyczne Biblioteka G\u0142\u00f3wna Uniwersytetu w Bia\u0142ymstoku LabFiz &#8211; Regionalne Laboratorium Do Nauczania Przedmiot\u00f3w Przyrodniczych Mikroskop internetowy <a href=\"https:\/\/physics.uwb.edu.pl\/wf\/?page_id=741\" class=\"more-link\">[&hellip;]<\/a><\/p>\n","protected":false},"author":2,"featured_media":1878,"parent":305,"menu_order":8,"comment_status":"closed","ping_status":"closed","template":"","meta":{"ngg_post_thumbnail":0,"Layout":"","footnotes":""},"categories":[35],"tags":[],"class_list":["entry","author-dobrog","post-741","page","type-page","status-publish","has-post-thumbnail","category-popularyzacja_pl"],"jetpack_sharing_enabled":true,"jetpack_shortlink":"https:\/\/wp.me\/P7nvcn-bX","_links":{"self":[{"href":"https:\/\/physics.uwb.edu.pl\/wf\/index.php?rest_route=\/wp\/v2\/pages\/741","targetHints":{"allow":["GET"]}}],"collection":[{"href":"https:\/\/physics.uwb.edu.pl\/wf\/index.php?rest_route=\/wp\/v2\/pages"}],"about":[{"href":"https:\/\/physics.uwb.edu.pl\/wf\/index.php?rest_route=\/wp\/v2\/types\/page"}],"author":[{"embeddable":true,"href":"https:\/\/physics.uwb.edu.pl\/wf\/index.php?rest_route=\/wp\/v2\/users\/2"}],"replies":[{"embeddable":true,"href":"https:\/\/physics.uwb.edu.pl\/wf\/index.php?rest_route=%2Fwp%2Fv2%2Fcomments&post=741"}],"version-history":[{"count":9,"href":"https:\/\/physics.uwb.edu.pl\/wf\/index.php?rest_route=\/wp\/v2\/pages\/741\/revisions"}],"predecessor-version":[{"id":1867,"href":"https:\/\/physics.uwb.edu.pl\/wf\/index.php?rest_route=\/wp\/v2\/pages\/741\/revisions\/1867"}],"up":[{"embeddable":true,"href":"https:\/\/physics.uwb.edu.pl\/wf\/index.php?rest_route=\/wp\/v2\/pages\/305"}],"wp:featuredmedia":[{"embeddable":true,"href":"https:\/\/physics.uwb.edu.pl\/wf\/index.php?rest_route=\/wp\/v2\/media\/1878"}],"wp:attachment":[{"href":"https:\/\/physics.uwb.edu.pl\/wf\/index.php?rest_route=%2Fwp%2Fv2%2Fmedia&parent=741"}],"wp:term":[{"taxonomy":"category","embeddable":true,"href":"https:\/\/physics.uwb.edu.pl\/wf\/index.php?rest_route=%2Fwp%2Fv2%2Fcategories&post=741"},{"taxonomy":"post_tag","embeddable":true,"href":"https:\/\/physics.uwb.edu.pl\/wf\/index.php?rest_route=%2Fwp%2Fv2%2Ftags&post=741"}],"curies":[{"name":"wp","href":"https:\/\/api.w.org\/{rel}","templated":true}]}}