{"id":7413,"date":"2018-03-15T13:45:19","date_gmt":"2018-03-15T12:45:19","guid":{"rendered":"http:\/\/physics.uwb.edu.pl\/wf\/?page_id=7413"},"modified":"2018-03-19T10:50:35","modified_gmt":"2018-03-19T09:50:35","slug":"xvii-gielda-pomyslow-na-zycie-lomza-2-2","status":"publish","type":"page","link":"https:\/\/physics.uwb.edu.pl\/wf\/?page_id=7413","title":{"rendered":"XII M\u0142odzie\u017cowe Targi Edukacji i Pracy &#8212; Ostro\u0142\u0119ka"},"content":{"rendered":"<p>15 marca 2018 r. uczestniczyli\u015bmy w&nbsp;dwunastej edycji M\u0142odzie\u017cowych Targ\u00f3w Edukacji i Pracy w Ostro\u0142\u0119ce. Uczniowie zapoznali si\u0119 z ofertami szk\u00f3\u0142, uczelni, firm oraz innych plac\u00f3wek o\u015bwiatowych i edukacyjnych.<\/p>\nngg_shortcode_0_placeholder\n<p>W promocji wydzia\u0142u wzi\u0119\u0142a udzia\u0142 mgr Urszula Guzowska &#8211; opowiadaj\u0105c o naszej nowo\u015bci edukacyjnej&nbsp;<a href=\"http:\/\/gry.fizyka.uwb.edu.pl\">Fizyce Gier Komputerowych i Robot\u00f3w.<\/a> Mo\u017cna by\u0142o si\u0119 przedkona\u0107 dlaczego po\u0142\u0105czenie informatyki, grafiki komputerowej z elementami fizyki jest bardzo ciekawym pomys\u0142em na swoj\u0105 przysz\u0142o\u015b\u0107 &#8211; co oznacza odnalezienie si\u0119 na rynku pracy po zako\u0144czeniu studi\u00f3w.<\/p>\n<p>Dzi\u0119kujemy za wzorow\u0105 organizacj\u0119 imprezy a odwiedzaj\u0105cym nasz uczniom za ciep\u0142e przyj\u0119cie i&nbsp;du\u017ce zainteresowanie nasz\u0105 ofert\u0105.<\/p>\n<p>&nbsp;<\/p>\n<p>&nbsp;<\/p>\n<p>&nbsp;<\/p>\n","protected":false},"excerpt":{"rendered":"<p>15 marca 2018 r. uczestniczyli\u015bmy w&nbsp;dwunastej edycji M\u0142odzie\u017cowych Targ\u00f3w Edukacji i Pracy w Ostro\u0142\u0119ce. Uczniowie zapoznali si\u0119 z ofertami szk\u00f3\u0142, uczelni, firm oraz innych plac\u00f3wek o\u015bwiatowych i edukacyjnych. W promocji <a href=\"https:\/\/physics.uwb.edu.pl\/wf\/?page_id=7413\" class=\"more-link\">[&hellip;]<\/a><\/p>\n","protected":false},"author":5,"featured_media":7443,"parent":2744,"menu_order":0,"comment_status":"closed","ping_status":"closed","template":"","meta":{"ngg_post_thumbnail":0,"Layout":"1c","footnotes":""},"categories":[166,131],"tags":[],"class_list":["entry","author-gawryl","post-7413","page","type-page","status-publish","has-post-thumbnail","category-edukacyjne","category-galeria_foto"],"jetpack_sharing_enabled":true,"jetpack_shortlink":"https:\/\/wp.me\/P7nvcn-1Vz","_links":{"self":[{"href":"https:\/\/physics.uwb.edu.pl\/wf\/index.php?rest_route=\/wp\/v2\/pages\/7413","targetHints":{"allow":["GET"]}}],"collection":[{"href":"https:\/\/physics.uwb.edu.pl\/wf\/index.php?rest_route=\/wp\/v2\/pages"}],"about":[{"href":"https:\/\/physics.uwb.edu.pl\/wf\/index.php?rest_route=\/wp\/v2\/types\/page"}],"author":[{"embeddable":true,"href":"https:\/\/physics.uwb.edu.pl\/wf\/index.php?rest_route=\/wp\/v2\/users\/5"}],"replies":[{"embeddable":true,"href":"https:\/\/physics.uwb.edu.pl\/wf\/index.php?rest_route=%2Fwp%2Fv2%2Fcomments&post=7413"}],"version-history":[{"count":5,"href":"https:\/\/physics.uwb.edu.pl\/wf\/index.php?rest_route=\/wp\/v2\/pages\/7413\/revisions"}],"predecessor-version":[{"id":7445,"href":"https:\/\/physics.uwb.edu.pl\/wf\/index.php?rest_route=\/wp\/v2\/pages\/7413\/revisions\/7445"}],"up":[{"embeddable":true,"href":"https:\/\/physics.uwb.edu.pl\/wf\/index.php?rest_route=\/wp\/v2\/pages\/2744"}],"wp:featuredmedia":[{"embeddable":true,"href":"https:\/\/physics.uwb.edu.pl\/wf\/index.php?rest_route=\/wp\/v2\/media\/7443"}],"wp:attachment":[{"href":"https:\/\/physics.uwb.edu.pl\/wf\/index.php?rest_route=%2Fwp%2Fv2%2Fmedia&parent=7413"}],"wp:term":[{"taxonomy":"category","embeddable":true,"href":"https:\/\/physics.uwb.edu.pl\/wf\/index.php?rest_route=%2Fwp%2Fv2%2Fcategories&post=7413"},{"taxonomy":"post_tag","embeddable":true,"href":"https:\/\/physics.uwb.edu.pl\/wf\/index.php?rest_route=%2Fwp%2Fv2%2Ftags&post=7413"}],"curies":[{"name":"wp","href":"https:\/\/api.w.org\/{rel}","templated":true}]}}