{"id":7417,"date":"2018-03-16T16:12:57","date_gmt":"2018-03-16T15:12:57","guid":{"rendered":"http:\/\/physics.uwb.edu.pl\/wf\/?page_id=7417"},"modified":"2018-03-20T22:12:52","modified_gmt":"2018-03-20T21:12:52","slug":"targi-edukacyjne-w-grajewie-2-2-3","status":"publish","type":"page","link":"https:\/\/physics.uwb.edu.pl\/wf\/?page_id=7417","title":{"rendered":"Dlaczego zajmujemy si\u0119 gwiazdami? &#8211; audycja w Radiu Bia\u0142ystok"},"content":{"rendered":"<p>W dniu 15 marca 2018 r. go\u015bciem audycji <a href=\"http:\/\/www.radio.bialystok.pl\/radioskop\/index\">Radioskop w Radiu Bia\u0142ystok<\/a> by\u0142 dr hab. Marek Niko\u0142ajuk. Dr Niko\u0142ajuk jest Dziekanem Wydzia\u0142u Fizyki do spraw studenckich a tak\u017ce&#8230; astrofizykiem. W\u0142a\u015bnie wok\u00f3\u0142 tego tematu &#8220;kr\u0119ci\u0142a&#8221; si\u0119 ca\u0142a rozmowa.<\/p>\n<p><img loading=\"lazy\" decoding=\"async\" class=\"alignnone size-full wp-image-7418\" src=\"http:\/\/physics.uwb.edu.pl\/wf\/wp-content\/uploads\/2018\/03\/radioskop20180316.jpeg\" alt=\"\" width=\"790\" height=\"455\" srcset=\"https:\/\/physics.uwb.edu.pl\/wf\/wp-content\/uploads\/2018\/03\/radioskop20180316.jpeg 790w, https:\/\/physics.uwb.edu.pl\/wf\/wp-content\/uploads\/2018\/03\/radioskop20180316-150x86.jpeg 150w, https:\/\/physics.uwb.edu.pl\/wf\/wp-content\/uploads\/2018\/03\/radioskop20180316-300x173.jpeg 300w\" sizes=\"auto, (max-width: 790px) 100vw, 790px\" \/><\/p>\n<p>Pe\u0142na audycja do ods\u0142uchania pod <a href=\"http:\/\/www.radio.bialystok.pl\/radioskop\/index\/id\/153321\">tym linkiem<\/a>.<\/p>\n","protected":false},"excerpt":{"rendered":"<p>W dniu 15 marca 2018 r. go\u015bciem audycji Radioskop w Radiu Bia\u0142ystok by\u0142 dr hab. Marek Niko\u0142ajuk. Dr Niko\u0142ajuk jest Dziekanem Wydzia\u0142u Fizyki do spraw studenckich a tak\u017ce&#8230; astrofizykiem. W\u0142a\u015bnie <a href=\"https:\/\/physics.uwb.edu.pl\/wf\/?page_id=7417\" class=\"more-link\">[&hellip;]<\/a><\/p>\n","protected":false},"author":5,"featured_media":7418,"parent":2744,"menu_order":0,"comment_status":"closed","ping_status":"closed","template":"","meta":{"ngg_post_thumbnail":0,"Layout":"1c","footnotes":""},"categories":[166,131],"tags":[],"class_list":["entry","author-gawryl","post-7417","page","type-page","status-publish","has-post-thumbnail","category-edukacyjne","category-galeria_foto"],"jetpack_sharing_enabled":true,"jetpack_shortlink":"https:\/\/wp.me\/P7nvcn-1VD","_links":{"self":[{"href":"https:\/\/physics.uwb.edu.pl\/wf\/index.php?rest_route=\/wp\/v2\/pages\/7417","targetHints":{"allow":["GET"]}}],"collection":[{"href":"https:\/\/physics.uwb.edu.pl\/wf\/index.php?rest_route=\/wp\/v2\/pages"}],"about":[{"href":"https:\/\/physics.uwb.edu.pl\/wf\/index.php?rest_route=\/wp\/v2\/types\/page"}],"author":[{"embeddable":true,"href":"https:\/\/physics.uwb.edu.pl\/wf\/index.php?rest_route=\/wp\/v2\/users\/5"}],"replies":[{"embeddable":true,"href":"https:\/\/physics.uwb.edu.pl\/wf\/index.php?rest_route=%2Fwp%2Fv2%2Fcomments&post=7417"}],"version-history":[{"count":2,"href":"https:\/\/physics.uwb.edu.pl\/wf\/index.php?rest_route=\/wp\/v2\/pages\/7417\/revisions"}],"predecessor-version":[{"id":7584,"href":"https:\/\/physics.uwb.edu.pl\/wf\/index.php?rest_route=\/wp\/v2\/pages\/7417\/revisions\/7584"}],"up":[{"embeddable":true,"href":"https:\/\/physics.uwb.edu.pl\/wf\/index.php?rest_route=\/wp\/v2\/pages\/2744"}],"wp:featuredmedia":[{"embeddable":true,"href":"https:\/\/physics.uwb.edu.pl\/wf\/index.php?rest_route=\/wp\/v2\/media\/7418"}],"wp:attachment":[{"href":"https:\/\/physics.uwb.edu.pl\/wf\/index.php?rest_route=%2Fwp%2Fv2%2Fmedia&parent=7417"}],"wp:term":[{"taxonomy":"category","embeddable":true,"href":"https:\/\/physics.uwb.edu.pl\/wf\/index.php?rest_route=%2Fwp%2Fv2%2Fcategories&post=7417"},{"taxonomy":"post_tag","embeddable":true,"href":"https:\/\/physics.uwb.edu.pl\/wf\/index.php?rest_route=%2Fwp%2Fv2%2Ftags&post=7417"}],"curies":[{"name":"wp","href":"https:\/\/api.w.org\/{rel}","templated":true}]}}