{"id":745,"date":"2016-03-10T15:09:55","date_gmt":"2016-03-10T14:09:55","guid":{"rendered":"http:\/\/physics.uwb.edu.pl\/wf\/?page_id=745"},"modified":"2023-11-15T11:00:26","modified_gmt":"2023-11-15T10:00:26","slug":"pokazy-z-fizyki","status":"publish","type":"page","link":"https:\/\/physics.uwb.edu.pl\/wf\/?page_id=745","title":{"rendered":"Pokazy z fizyki"},"content":{"rendered":"<h2 style=\"text-align: center;\"><span style=\"color: #ff0000;\">Aktualny spis pokaz\u00f3w z fizyki znajduje si\u0119 na stronie: <\/span><a href=\"https:\/\/fizyka.uwb.edu.pl\/popularyzacja\/pokazy-z-fizyki\"><span style=\"color: #ff0000;\">https:\/\/fizyka.uwb.edu.pl\/popularyzacja\/pokazy-z-fizyki<\/span><\/a><\/h2>\n<h2 style=\"text-align: center;\">&nbsp;<\/h2>\n<p><img loading=\"lazy\" decoding=\"async\" class=\"alignnone size-full wp-image-5583\" src=\"http:\/\/physics.uwb.edu.pl\/wf\/wp-content\/uploads\/2016\/03\/pokazy.png\" alt=\"\" width=\"4099\" height=\"938\" srcset=\"https:\/\/physics.uwb.edu.pl\/wf\/wp-content\/uploads\/2016\/03\/pokazy.png 4099w, https:\/\/physics.uwb.edu.pl\/wf\/wp-content\/uploads\/2016\/03\/pokazy-150x34.png 150w, https:\/\/physics.uwb.edu.pl\/wf\/wp-content\/uploads\/2016\/03\/pokazy-300x69.png 300w, https:\/\/physics.uwb.edu.pl\/wf\/wp-content\/uploads\/2016\/03\/pokazy-1024x234.png 1024w, https:\/\/physics.uwb.edu.pl\/wf\/wp-content\/uploads\/2016\/03\/pokazy-1025x235.png 1025w\" sizes=\"auto, (max-width: 4099px) 100vw, 4099px\" \/><\/p>\n<p style=\"text-align: justify;\">Wydzia\u0142 Fizyki Uniwersytetu w Bia\u0142ymstoku organizuje <strong>&#8220;Pokazy z Fizyki&#8221;<\/strong> dla uczni\u00f3w i nauczycieli szk\u00f3\u0142 gimnazjalnych i ponadgimnazjalnych. Poprzez prezentacj\u0119 tematycznie dobranych, ciekawych eksperyment\u00f3w fizycznych chcieliby\u015bmy zainteresowa\u0107 m\u0142odzie\u017c problemami z otaczaj\u0105cego nas \u015bwiata, oraz zach\u0119ci\u0107 do pog\u0142\u0119biania swojej wiedzy z zakresu fizyki. Pragniemy r\u00f3wnie\u017c pokazami tymi popularyzowa\u0107 studia fizyczne, zw\u0142aszcza na Wydziale Fizyki Uniwersytetu w Bia\u0142ymstoku.<\/p>\n<p>Zapraszamy do zapoznania si\u0119 z zamieszczon\u0105 poni\u017cej nasz\u0105 ofert\u0105 i zg\u0142oszenia swojego uczestnictwa.<br \/>\n<i>Prosimy o zg\u0142aszanie ch\u0119ci uczestnictwa z co najmniej tygodniowym wyprzedzeniem.<\/i><\/p>\n<p>Spotkania odbywaj\u0105 si\u0119 <del>w \u015brody w godzinach 12:00-14:00<\/del> po uprzednim um\u00f3wieniu terminu, w sali 2011.<\/p>\n<div class=\"tresc_strony\">\n<p>Zg\u0142oszenia przyjmuje i wszelkich dodatkowych informacji udziela sekretariat Wydzia\u0142u Fizyki:<\/p>\n<p>tel: 85-745 72 39;&nbsp; fax: 85-745 72 23<br \/>\n<b>Przy zg\u0142oszeniu, opr\u00f3cz tematu i daty pokazu prosimy o podanie nast\u0119puj\u0105cych danych: nazwa szko\u0142y, klasa, szacunkowa liczba os\u00f3b, nazwisko nauczyciela zg\u0142aszaj\u0105cego, telefon kontaktowy. <strong>Aktualny spis pokaz\u00f3w z fizyki znajduje si\u0119 na stronie: <\/strong><a href=\"https:\/\/fizyka.uwb.edu.pl\/popularyzacja\/pokazy-z-fizyki\"><strong>https:\/\/fizyka.uwb.edu.pl\/popularyzacja\/pokazy-z-fizyki<\/strong><\/a>.<br \/>\n<\/b><\/p>\n<h3>ELEKTROMAGNETYZM<\/h3>\n<ul>\n<li>Prowadz\u0105cy: <a href=\"http:\/\/physics.uwb.edu.pl\/wf\/?pracownik=ryszard-gieniusz&amp;lang=pl\"><u>dr hab. Ryszard Gieniusz<\/u><\/a><\/li>\n<li>Czas trwania: 90 min.<\/li>\n<li>Maksymalna liczba&nbsp;os\u00f3b: 60<\/li>\n<\/ul>\n<p><i>&#8220;W\u015br\u00f3d wielu zjawisk, jakie badali staro\u017cytni Grecy, dwa by\u0142y szczeg\u00f3lne: pierwsze &#8211; za pomoc\u0105 potartego bursztynu mo\u017cna unie\u015b\u0107 do g\u00f3ry ma\u0142e kawa\u0142ki papirusu, drugie &#8211; kawa\u0142ek minera\u0142u z wyspy Magnesia, przyci\u0105ga \u017celazo. Badania uczonych, kt\u00f3rzy przyszli po Grekach, odkrywa\u0142y coraz to nowe zjawiska, b\u0119d\u0105ce w swojej istocie tylko r\u00f3\u017cnymi aspektami wspomnianych zjawisk wywo\u0142anych przez bursztyn czy magnetyt. Obecnie zdajemy sobie spraw\u0119, \u017ce zjawisko oddzia\u0142ywa\u0144 chemicznych, a w ko\u0144cu i samo \u017cycie, mo\u017cna wyja\u015bni\u0107 poprzez elektromagnetyzm.&#8221;<\/i><\/p>\n<p style=\"text-align: right;\"><em><b>Feynmana wyk\u0142ady z fizyki<\/b><\/em><\/p>\n<h4>Pokaz &#8220;Elektromagnetyzm&#8221; obejmuje:<\/h4>\n<ul>\n<li>Prawo Coulomba<\/li>\n<li>Linie si\u0142 pola elektrycznego <i>[pi\u00f3ropusz, uk\u0142ad dw\u00f3ch \u0142adunk\u00f3w]<\/i><\/li>\n<li>Rozk\u0142ad \u0142adunku na powierzchni przewodnika <i>[siatka Kolbego, m\u0142ynek Franklina]<\/i><\/li>\n<li>Pojemno\u015b\u0107 kondensatora <i>[kondensator p\u0142aski, wahad\u0142o elektrostatyczne]<\/i><\/li>\n<li>Linie si\u0142 pola magnetycznego <i>[magnesy trwa\u0142e]<\/i><\/li>\n<li>Pole magnetyczne wywo\u0142ane przep\u0142ywem pr\u0105du <i>[przewodnik prostoliniowy, zwojnica]<\/i><\/li>\n<li>Si\u0142a Lorentza <i>[lampa katodowa]<\/i><\/li>\n<li>Si\u0142a elektrodynamiczna<\/li>\n<li>Oddzia\u0142ywanie przewodnik\u00f3w z pr\u0105dem<\/li>\n<li>Ziemskie pole magnetyczne<\/li>\n<li>B\u0142yskawice w domu <i>[kula plazmowa]<\/i><\/li>\n<\/ul>\n<h2>FALE WOK\u00d3\u0141 NAS<\/h2>\n<ul>\n<li>Prowadz\u0105cy: <a href=\"http:\/\/physics.uwb.edu.pl\/wf\/?pracownik=marek-kisielewski&amp;lang=pl\"><u>dr hab. Marek Kisielewski<\/u><\/a><\/li>\n<li>Czas trwania: 45 min.<\/li>\n<li>Maksymalna liczba&nbsp;os\u00f3b: 50<\/li>\n<\/ul>\n<p>Podczas zaj\u0119\u0107 zaprezentowane zostan\u0105 w formie eksperyment\u00f3w pokazowych r\u00f3\u017cnorodne zjawiska falowe, jakie mo\u017cemy spotka\u0107 r\u00f3wnie\u017c w \u017cyciu codziennym. Zademonstrowane b\u0119d\u0105 efekty zwi\u0105zane z odbiciem, za\u0142amaniem, dyspersj\u0105, interferencj\u0105, dyfrakcj\u0105 i polaryzacj\u0105 fal, oraz efekt Dopplera z wykorzystaniem fal mechanicznych i elektromagnetycznych.<\/p>\n<h2>MECHANIKA<\/h2>\n<ul>\n<li>Prowadz\u0105cy: <a href=\"http:\/\/physics.uwb.edu.pl\/wf\/?pracownik=dariusz-satula&amp;lang=pl\"><u>dr hab. Dariusz Satu\u0142a<\/u><\/a><\/li>\n<li>Czas trwania: 90 min.<\/li>\n<li>Maksymalna liczba&nbsp;os\u00f3b: 60<\/li>\n<\/ul>\n<p><i>&#8220;Istota filozofii przyrody polega na tym, by na podstawie zjawiska ruchu zbada\u0107 si\u0142y przyrody, a na podstawie tych si\u0142 wyja\u015bni\u0107 inne zjawiska.&#8221;<\/i><\/p>\n<div align=\"right\"><b>Izaak Newton<\/b><\/div>\n<h4>Pokaz &#8220;Mechanika&#8221; obejmuje:<\/h4>\n<ul>\n<li>Ruch jednostajny <i>[tor powietrzny + komputer]<\/i><\/li>\n<li>Ruch jednostajnie przyspieszony <i>[tor powietrzny + komputer]<\/i><\/li>\n<li>Spadek swobodny <i>[rura Newtona]<\/i><\/li>\n<li>Niezale\u017cno\u015b\u0107 ruchu w pionie i poziomie<\/li>\n<li>Ruch harmoniczny <i>[ci\u0119\u017carek na spr\u0119\u017cynie + komputer]<\/i><\/li>\n<li>Ruch harmoniczny t\u0142umiony <i>[ci\u0119\u017carek na spr\u0119\u017cynie + komputer]<\/i><\/li>\n<li>Ruch harmoniczny a ruch po okr\u0119gu<\/li>\n<li>Rezonans <i>[kulka na spr\u0119\u017cynie + uk\u0142ad wzbudzaj\u0105cy, wahad\u0142a sprz\u0119\u017cone]<\/i><\/li>\n<li>Bezw\u0142adno\u015b\u0107 <i>[ci\u0119\u017carek na nitce]<\/i><\/li>\n<li>Zderzenia spr\u0119\u017cyste i niespr\u0119\u017cyste <i>[wahad\u0142a Newtona]<\/i><\/li>\n<li>Zasada zachowania energii <i>[p\u0119tla \u015bmierci, ko\u0142o Maxwella]<\/i><\/li>\n<li>Zasada zachowania p\u0119du <i>[&#8220;rakieta domowej produkcji&#8221;]<\/i><\/li>\n<li>Zasada zachowania momentu p\u0119du <i>[krzes\u0142o obrotowe + hantle + ko\u0142o rowerowe + \u017cyroskop]<\/i><\/li>\n<li>Fale <i>[akwarium z wod\u0105]<\/i><\/li>\n<\/ul>\n<h2>PROMIENIOWANIE JONIZUJ\u0104CE<\/h2>\n<ul>\n<li>Prowadz\u0105cy: <a href=\"http:\/\/physics.uwb.edu.pl\/wf\/?pracownik=andrzej-andrejczuk&amp;lang=pl\"><u>dr hab. Andrzej Andrejczuk<\/u><\/a><\/li>\n<li>Czas trwania: 60 min.<\/li>\n<li>Maksymalna liczba&nbsp;os\u00f3b: 50<\/li>\n<\/ul>\n<p>Pierwsza cz\u0119\u015b\u0107 zaj\u0119\u0107 prowadzona jest w formie wyk\u0142adu. W tej cz\u0119\u015bci om\u00f3wimy budow\u0119 atomu i j\u0105dra atomowego, powiemy kiedy promieniowanie jest jonizuj\u0105ce, dlaczego jest szkodliwe oraz wyja\u015bnimy dzia\u0142anie aparatury u\u017cytej do demonstracji.<\/p>\n<p>Druga cz\u0119\u015b\u0107 zaj\u0119\u0107 polega na demonstracji badania widma promieniowania rentgenowskiego oraz widma emitowanego przez pierwiastki promieniotw\u00f3rcze.<br \/>\nW do\u015bwiadczeniu b\u0119dzie mo\u017cna zaobserwowa\u0107 liniowe i ci\u0105g\u0142e widmo lampy rentgenowskiej oraz liniowy charakter promieniowania emitowanego przez izotopy promieniotw\u00f3rcze.<\/p>\n<h2>Lekcja astronomii praktycznej<\/h2>\n<p>Po wcze\u015bniejszym uzgodnieniu terminu (<a href=\"http:\/\/physics.uwb.edu.pl\/wf\/?pracownik=andrzej-branicki&amp;lang=pl\"><u>mgr A. Branicki<\/u><\/a>), istnieje mo\u017cliwo\u015b\u0107 odwiedzania obserwatorium przez grupy m\u0142odzie\u017cy szk\u00f3\u0142 \u015brednich. Czas takiej wizyty (ok. 1,5 godz.) mo\u017ce by\u0107 po\u015bwi\u0119cony odpowiedziom na zadawane pytania, wyja\u015bnianiu r\u00f3\u017cnego rodzaju w\u0105tpliwo\u015bci, b\u0105d\u017a om\u00f3wieniu konkretnego, uzgodnionego przez uczni\u00f3w, problemu astronomicznego.<br \/>\nJe\u015bli podczas odwiedzin niebo b\u0119dzie pogodne, mo\u017cliwe jest przeprowadzenie obserwacji interesuj\u0105cych obiekt\u00f3w. Obserwacje takie b\u0119d\u0105 poprzedzone pogadank\u0105, w kt\u00f3rej zostan\u0105 om\u00f3wione najwa\u017cniejsze i najbardziej interesuj\u0105ce cechy tych obiekt\u00f3w.<b>Grupa nie mo\u017ce liczy\u0107 wi\u0119cej ni\u017c 10 uczni\u00f3w.<\/b> Ograniczona liczebno\u015b\u0107 grupy sk\u0142ania do doboru uczni\u00f3w prawdziwie zainteresowanych astronomi\u0105.<\/p>\n<h2>Wyk\u0142ady i warsztaty dla uczni\u00f3w szk\u00f3\u0142 ponadgimnazjalnych<\/h2>\n<p><span style=\"font-size: 20px;\"><strong><span style=\"color: #ff0000;\">Aktualny spis pokaz\u00f3w z fizyki znajduje si\u0119 na stronie: <\/span><\/strong><\/span><a href=\"https:\/\/fizyka.uwb.edu.pl\/popularyzacja\/pokazy-z-fizyki\"><span style=\"font-size: 20px;\"><strong><span style=\"color: #ff0000;\">https:\/\/fizyka.uwb.edu.pl\/popularyzacja\/pokazy-z-fizyki<\/span><\/strong><\/span><\/a><\/p>\n<p>(tytu\u0142y wyk\u0142ad\u00f3w prowadz\u0105 do charakterystyki prezentacji: skr\u00f3towe rozwini\u0119cie tematyki, miejsce zaj\u0119\u0107, czas trwania, liczebno\u015b\u0107 grupy)<\/p>\n<ol>\n<li><a href=\"http:\/\/physics.uwb.edu.pl\/main\/pdf\/warsztaty\/w1.pdf\"><u>Co warto obserwowa\u0107 i jak to czyni\u0107<\/u><\/a> \u2013 mgr Andrzej Branicki<\/li>\n<li><a href=\"http:\/\/physics.uwb.edu.pl\/main\/pdf\/warsztaty\/w2.pdf\"><u>Fale wok\u00f3\u0142 nas<\/u><\/a> \u2013 dr hab. Marek Kisielewski, prof. UwB<\/li>\n<li><a href=\"http:\/\/physics.uwb.edu.pl\/main\/pdf\/warsztaty\/w3.pdf\"><u>Fizycy te\u017c graj\u0105 w bilard i poluj\u0105<\/u><\/a> \u2013 dr Jan \u017bochowski<\/li>\n<li><a href=\"http:\/\/physics.uwb.edu.pl\/main\/pdf\/warsztaty\/w4.pdf\"><u>Fotografowanie nieba<\/u><\/a> \u2013 mgr Andrzej Branicki<\/li>\n<li><a href=\"http:\/\/physics.uwb.edu.pl\/main\/pdf\/warsztaty\/w5.pdf\"><u>Magnetyzm i nanomagnetyzm w walce o przetrwanie<\/u><\/a>&#8211; dr hab. Marek Kisielewski, prof. UwB<\/li>\n<li><a href=\"http:\/\/physics.uwb.edu.pl\/main\/pdf\/warsztaty\/w6.pdf\"><u>Mechanika w do\u015bwiadczeniach<\/u><\/a> \u2013 dr hab. Dariusz Satu\u0142a, dr Wojciech Olszewski<\/li>\n<li><a href=\"http:\/\/physics.uwb.edu.pl\/main\/pdf\/warsztaty\/w7.pdf\"><u>O tym czy zegary chodz\u0105 jednakowo i czy d\u0142ugo\u015bci metr\u00f3wek s\u0105 takie same<\/u><\/a> &#8211; prof. dr hab. Krzysztof Szyma\u0144ski<\/li>\n<li><a href=\"http:\/\/physics.uwb.edu.pl\/main\/pdf\/warsztaty\/w8.pdf\"><u>Promieniowanie jonizuj\u0105ce<\/u><\/a> \u2013 dr hab. Andrzej Andrejczuk<\/li>\n<li><a href=\"http:\/\/physics.uwb.edu.pl\/main\/pdf\/warsztaty\/w9.pdf\"><u>Prywatne po\u017cytki z \u017cycia publiczneg<\/u>o<\/a> \u2013 dr Jan \u017bochowski<\/li>\n<li><a href=\"http:\/\/physics.uwb.edu.pl\/main\/pdf\/warsztaty\/w11.pdf\"><u>Szkolne do\u015bwiadczenia fizyczne z elektryczno\u015bci i magnetyzmu<\/u><\/a> \u2013 dr hab. Ryszard Gieniusz<\/li>\n<li><a href=\"http:\/\/physics.uwb.edu.pl\/main\/pdf\/warsztaty\/w12.pdf\"><u>Wsz\u0119dobylskie oscylatory<\/u><\/a> &#8211; prof. dr hab. Krzysztof Szyma\u0144ski<\/li>\n<li><a href=\"http:\/\/physics.uwb.edu.pl\/wf\/?attachment_id=1698&amp;lang=pl\">O tym jak poruszaj\u0105 si\u0119 elektrony<\/a> &#8211; prof. dr hab. Krzysztof Szyma\u0144ski<\/li>\n<\/ol>\n<\/div>\n","protected":false},"excerpt":{"rendered":"<p>Aktualny spis pokaz\u00f3w z fizyki znajduje si\u0119 na stronie: https:\/\/fizyka.uwb.edu.pl\/popularyzacja\/pokazy-z-fizyki &nbsp; Wydzia\u0142 Fizyki Uniwersytetu w Bia\u0142ymstoku organizuje &#8220;Pokazy z Fizyki&#8221; dla uczni\u00f3w i nauczycieli szk\u00f3\u0142 gimnazjalnych i ponadgimnazjalnych. Poprzez prezentacj\u0119 <a href=\"https:\/\/physics.uwb.edu.pl\/wf\/?page_id=745\" class=\"more-link\">[&hellip;]<\/a><\/p>\n","protected":false},"author":2,"featured_media":5578,"parent":305,"menu_order":3,"comment_status":"closed","ping_status":"closed","template":"","meta":{"ngg_post_thumbnail":0,"Layout":"","footnotes":""},"categories":[35],"tags":[],"class_list":["entry","author-dobrog","post-745","page","type-page","status-publish","has-post-thumbnail","category-popularyzacja_pl"],"jetpack_sharing_enabled":true,"jetpack_shortlink":"https:\/\/wp.me\/P7nvcn-c1","_links":{"self":[{"href":"https:\/\/physics.uwb.edu.pl\/wf\/index.php?rest_route=\/wp\/v2\/pages\/745","targetHints":{"allow":["GET"]}}],"collection":[{"href":"https:\/\/physics.uwb.edu.pl\/wf\/index.php?rest_route=\/wp\/v2\/pages"}],"about":[{"href":"https:\/\/physics.uwb.edu.pl\/wf\/index.php?rest_route=\/wp\/v2\/types\/page"}],"author":[{"embeddable":true,"href":"https:\/\/physics.uwb.edu.pl\/wf\/index.php?rest_route=\/wp\/v2\/users\/2"}],"replies":[{"embeddable":true,"href":"https:\/\/physics.uwb.edu.pl\/wf\/index.php?rest_route=%2Fwp%2Fv2%2Fcomments&post=745"}],"version-history":[{"count":28,"href":"https:\/\/physics.uwb.edu.pl\/wf\/index.php?rest_route=\/wp\/v2\/pages\/745\/revisions"}],"predecessor-version":[{"id":13300,"href":"https:\/\/physics.uwb.edu.pl\/wf\/index.php?rest_route=\/wp\/v2\/pages\/745\/revisions\/13300"}],"up":[{"embeddable":true,"href":"https:\/\/physics.uwb.edu.pl\/wf\/index.php?rest_route=\/wp\/v2\/pages\/305"}],"wp:featuredmedia":[{"embeddable":true,"href":"https:\/\/physics.uwb.edu.pl\/wf\/index.php?rest_route=\/wp\/v2\/media\/5578"}],"wp:attachment":[{"href":"https:\/\/physics.uwb.edu.pl\/wf\/index.php?rest_route=%2Fwp%2Fv2%2Fmedia&parent=745"}],"wp:term":[{"taxonomy":"category","embeddable":true,"href":"https:\/\/physics.uwb.edu.pl\/wf\/index.php?rest_route=%2Fwp%2Fv2%2Fcategories&post=745"},{"taxonomy":"post_tag","embeddable":true,"href":"https:\/\/physics.uwb.edu.pl\/wf\/index.php?rest_route=%2Fwp%2Fv2%2Ftags&post=745"}],"curies":[{"name":"wp","href":"https:\/\/api.w.org\/{rel}","templated":true}]}}