{"id":75,"date":"2016-02-14T10:20:42","date_gmt":"2016-02-14T09:20:42","guid":{"rendered":"http:\/\/physics.uwb.edu.pl\/wf\/?page_id=75"},"modified":"2021-10-29T12:13:04","modified_gmt":"2021-10-29T10:13:04","slug":"wladze-dziekanskie-2","status":"publish","type":"page","link":"https:\/\/physics.uwb.edu.pl\/wf\/?page_id=75","title":{"rendered":"W\u0142adze dzieka\u0144skie"},"content":{"rendered":"<p><strong>Dziekan<\/strong><\/p>\n<div class=\"entry-content\">\n<div class=\"sekcja\">\n<div class=\"tresc\">\n<p><a class=\"link-normalny\" href=\"http:\/\/physics.uwb.edu.pl\/wf\/?pracownik=jan-l-cieslinski\">prof. dr hab. Jan Cie\u015bli\u0144ski<\/a><br \/>\ntel.&nbsp; 85-745 72 22 (dziekanat),&nbsp; 85-738-8195<br \/>\nE-mail: <a href=\"mailto:j.cieslinski@uwb.edu.pl\">j.cieslinski@uwb.edu.pl<\/a><\/p>\n<p>&nbsp;<\/p>\n<p><strong>Prodziekan ds. kszta\u0142cenia (Pierwszy Zast\u0119pca)<\/strong><br \/>\n<a class=\"link-normalny\" href=\"http:\/\/physics.uwb.edu.pl\/wf\/?pracownik=cezary-walczyk\">dr Cezary Walczyk<\/a><br \/>\ntel.&nbsp; 85-738 81 91<br \/>\nE-mail: <a href=\"mailto:c.walczyk@uwb.edu.pl\">c.walczyk@uwb.edu.pl<\/a><\/p>\n<\/div>\n<p>&nbsp;<\/p>\n<p><strong>Prodziekan ds. studenckich i wsp\u00f3\u0142pracy mi\u0119dzynarodowej<\/strong><br \/>\n<a class=\"link-normalny\" href=\"https:\/\/physics.uwb.edu.pl\/wf\/?pracownik=krystyna-perzynska\">dr Krystyna Perzy\u0144ska<\/a><br \/>\ntel.&nbsp; 85-738 8172<br \/>\nDy\u017cur: pok\u00f3j 1065, godziny przyj\u0119\u0107: poniedzia\u0142ki, godz. 10:00-12:00<br \/>\nE-mail: <a href=\"mailto:k.perzynska@uwb.edu.pl\">k.perzynska@uwb.edu.pl<\/a><\/p>\n<p>Zakres obowi\u0105zk\u00f3w:<\/p>\n<ul>\n<li>rozstrzyganie w sprawach zwi\u0105zanych z Regulaminem Studi\u00f3w UwB (m.in. kierowanie na powtarzanie roku, skre\u015blenia z listy student\u00f3w, urlopy dzieka\u0144skie),<\/li>\n<li>rozpatrywanie indywidualnych spraw student\u00f3w Wydzia\u0142u (takich jak op\u0142aty na studia),<\/li>\n<li>nadz\u00f3r nad sprawami socjalno-bytowymi student\u00f3w (stypendia, domy studenckie),<\/li>\n<li>koordynacja dzia\u0142a\u0144 zwi\u0105zanych z ocen\u0105 zaj\u0119\u0107 dydaktycznych,<\/li>\n<li>wsp\u00f3\u0142praca z Samorz\u0105dem Studenckim,<\/li>\n<li>nadz\u00f3r nad zagraniczn\u0105 i krajow\u0105 wymian\u0105 student\u00f3w,<\/li>\n<li>nadz\u00f3r nad praktykami i sta\u017cami student\u00f3w,<\/li>\n<li>nadz\u00f3r nad rekrutacj\u0105 na studia.<\/li>\n<\/ul>\n<\/div>\n<div class=\"tresc\">\n<p>&nbsp;<\/p>\n<p><strong>Pe\u0142nomocnik Dziekana Wydzia\u0142u Fizyki ds. Promocji<\/strong><br \/>\n<a href=\"https:\/\/physics.uwb.edu.pl\/wf\/?pracownik=krzysztof-gawryluk\">dr K. Gawryluk<\/a><br \/>\ntel.&nbsp; 85-738 81 98<br \/>\nE-mail: <a href=\"mailto:k.gawryluk@uwb.edu.pl\">k.gawryluk@uwb.edu.pl<\/a><\/p>\n<\/div>\n<p>Zakres obowi\u0105zk\u00f3w:<\/p>\n<ul>\n<li>wsp\u00f3\u0142praca ze szko\u0142ami, z uczelniami,<\/li>\n<li>organizacja imprez popularno-naukowych, festiwali nauki itp,<\/li>\n<li>opieka nad stron\u0105 www Wydzia\u0142u, koordynowanie materia\u0142\u00f3w reklamowych.<\/li>\n<\/ul>\n<\/div>\n","protected":false},"excerpt":{"rendered":"<p>Dziekan prof. dr hab. Jan Cie\u015bli\u0144ski tel.&nbsp; 85-745 72 22 (dziekanat),&nbsp; 85-738-8195 E-mail: j.cieslinski@uwb.edu.pl &nbsp; Prodziekan ds. kszta\u0142cenia (Pierwszy Zast\u0119pca) dr Cezary Walczyk tel.&nbsp; 85-738 81 91 E-mail: c.walczyk@uwb.edu.pl &nbsp; <a href=\"https:\/\/physics.uwb.edu.pl\/wf\/?page_id=75\" class=\"more-link\">[&hellip;]<\/a><\/p>\n","protected":false},"author":2,"featured_media":0,"parent":66,"menu_order":10,"comment_status":"closed","ping_status":"closed","template":"","meta":{"ngg_post_thumbnail":0,"Layout":"","footnotes":""},"categories":[3],"tags":[],"class_list":["entry","author-dobrog","post-75","page","type-page","status-publish","category-wydzialowe_pl"],"jetpack_sharing_enabled":true,"jetpack_shortlink":"https:\/\/wp.me\/P7nvcn-1d","_links":{"self":[{"href":"https:\/\/physics.uwb.edu.pl\/wf\/index.php?rest_route=\/wp\/v2\/pages\/75","targetHints":{"allow":["GET"]}}],"collection":[{"href":"https:\/\/physics.uwb.edu.pl\/wf\/index.php?rest_route=\/wp\/v2\/pages"}],"about":[{"href":"https:\/\/physics.uwb.edu.pl\/wf\/index.php?rest_route=\/wp\/v2\/types\/page"}],"author":[{"embeddable":true,"href":"https:\/\/physics.uwb.edu.pl\/wf\/index.php?rest_route=\/wp\/v2\/users\/2"}],"replies":[{"embeddable":true,"href":"https:\/\/physics.uwb.edu.pl\/wf\/index.php?rest_route=%2Fwp%2Fv2%2Fcomments&post=75"}],"version-history":[{"count":35,"href":"https:\/\/physics.uwb.edu.pl\/wf\/index.php?rest_route=\/wp\/v2\/pages\/75\/revisions"}],"predecessor-version":[{"id":12998,"href":"https:\/\/physics.uwb.edu.pl\/wf\/index.php?rest_route=\/wp\/v2\/pages\/75\/revisions\/12998"}],"up":[{"embeddable":true,"href":"https:\/\/physics.uwb.edu.pl\/wf\/index.php?rest_route=\/wp\/v2\/pages\/66"}],"wp:attachment":[{"href":"https:\/\/physics.uwb.edu.pl\/wf\/index.php?rest_route=%2Fwp%2Fv2%2Fmedia&parent=75"}],"wp:term":[{"taxonomy":"category","embeddable":true,"href":"https:\/\/physics.uwb.edu.pl\/wf\/index.php?rest_route=%2Fwp%2Fv2%2Fcategories&post=75"},{"taxonomy":"post_tag","embeddable":true,"href":"https:\/\/physics.uwb.edu.pl\/wf\/index.php?rest_route=%2Fwp%2Fv2%2Ftags&post=75"}],"curies":[{"name":"wp","href":"https:\/\/api.w.org\/{rel}","templated":true}]}}