{"id":7577,"date":"2018-03-17T21:35:47","date_gmt":"2018-03-17T20:35:47","guid":{"rendered":"http:\/\/physics.uwb.edu.pl\/wf\/?page_id=7577"},"modified":"2018-03-20T22:18:02","modified_gmt":"2018-03-20T21:18:02","slug":"targi-edukacyjne-w-grajewie-2-2-3-2","status":"publish","type":"page","link":"https:\/\/physics.uwb.edu.pl\/wf\/?page_id=7577","title":{"rendered":"Marcowe spotkania z nauk\u0105 &#8211; Dni Otwarte na Kampusie UwB"},"content":{"rendered":"<p>W dniach 15-17 marca 2018 r. odby\u0142y si\u0119 po raz pierwszy <strong>Marcowe Spotkania z Nauk\u0105 &#8211; Dni Otwarte na Kampusie<\/strong> <strong>UwB<\/strong>. To <a href=\"http:\/\/dniotwarte.uwb.edu.pl\/?page_id=789\">nowa inicjatywa popularyzacji<\/a> nauki a tak\u017ce wydzia\u0142\u00f3w nauk \u015bcis\u0142ych, mieszcz\u0105cych si\u0119 w\u0142a\u015bnie w Kampusie UwB.&nbsp;<strong>Wydzia\u0142 Fizyki&nbsp;<\/strong>tak\u017ce w\u0142\u0105czy\u0142 si\u0119 do tego przedsi\u0119bwzi\u0119cia.<\/p>\nngg_shortcode_0_placeholder\n<p>W tych dniach pracownicy wydzia\u0142\u00f3w biologiczno-chemicznego, matematyczno-informatycznego oraz fizyki zorganizowali wiele atrakcji dla odwiedzaj\u0105cych nas go\u015bci. Na imprezy obowi\u0105zaywa\u0142y zapisy, co pozwoli\u0142o sprawnie przeprowadza\u0107 zaplanowane pokazy i warsztaty. A dzia\u0142o si\u0119 na prawd\u0119 du\u017co &#8211; do\u015b\u0107 powiedzie\u0107, \u017ce sam Wydzia\u0142 Fizyki przygotowa\u0142 <strong>64 imprezy <\/strong>(na dwa dni &#8211; 16 i 17 marzec), a \u0142\u0105czna liczba zapisanych uczestnik\u00f3w wynosi\u0142a <strong>824 osoby<\/strong>. Liczba ta zosta\u0142a z pewno\u015bci\u0105 przekroczona, gdy\u017c na niekt\u00f3re wyk\u0142ady frekwencja zosta\u0142a nieoczekiwanie zwi\u0119kszona a my&#8230; nie zwykli\u015bmy wyprasza\u0107 go\u015bci (dop\u00f3ki miejsca nie braknie &#8211; cho\u0107 nie ka\u017cdemu znalaz\u0142o si\u0119 wygodne siedzenie w naszej auli &#8211; wystarczy przyjrze\u0107 si\u0119 zdj\u0119ciom).<\/p>\n<p>Dzi\u0119kujemy naszym <a href=\"http:\/\/dniotwarte.uwb.edu.pl\/?page_id=789\">sponsorom i partnerom<\/a>, wydzia\u0142owemu koordynatorowi imprezy dr. hab. Markowi Kisielewskiemu prof. UwB, oraz wszystkim zaanga\u017cowanym pracownikom (a tak\u017ce studentom!) za przygotowanie <strong>bogatego repertuaru<\/strong> imprez. Na koniec <strong>najwa\u017cniejsze podzi\u0119kowania<\/strong> kierujemy do wszystkim <strong>odwiedzaj\u0105cych nas go\u015bci&nbsp;<\/strong>&#8211; maj\u0105c nadzi\u0119, \u017ce pokazy i warsztaty si\u0119 podoba\u0142y i rozbudzi\u0142y w Was g\u0142\u00f3d wiedzy i ch\u0119\u0107 nauki przedmiot\u00f3w \u015bcis\u0142ych \ud83d\ude09 Zapraszamy na kolejne Dni Otwarte &#8211; informacje b\u0119d\u0105 pojawia\u0107 si\u0119 na naszej oficjalnej www a tak\u017ce na <a href=\"https:\/\/www.facebook.com\/WydzialFizykiUwB\/\">profilu FB<\/a>.<\/p>\n<p>&nbsp;<\/p>\n<p>&nbsp;<\/p>\n","protected":false},"excerpt":{"rendered":"<p>W dniach 15-17 marca 2018 r. odby\u0142y si\u0119 po raz pierwszy Marcowe Spotkania z Nauk\u0105 &#8211; Dni Otwarte na Kampusie UwB. To nowa inicjatywa popularyzacji nauki a tak\u017ce wydzia\u0142\u00f3w nauk <a href=\"https:\/\/physics.uwb.edu.pl\/wf\/?page_id=7577\" class=\"more-link\">[&hellip;]<\/a><\/p>\n","protected":false},"author":5,"featured_media":7586,"parent":2744,"menu_order":0,"comment_status":"closed","ping_status":"closed","template":"","meta":{"ngg_post_thumbnail":0,"Layout":"1c","footnotes":""},"categories":[166,131],"tags":[],"class_list":["entry","author-gawryl","post-7577","page","type-page","status-publish","has-post-thumbnail","category-edukacyjne","category-galeria_foto"],"jetpack_sharing_enabled":true,"jetpack_shortlink":"https:\/\/wp.me\/P7nvcn-1Yd","_links":{"self":[{"href":"https:\/\/physics.uwb.edu.pl\/wf\/index.php?rest_route=\/wp\/v2\/pages\/7577","targetHints":{"allow":["GET"]}}],"collection":[{"href":"https:\/\/physics.uwb.edu.pl\/wf\/index.php?rest_route=\/wp\/v2\/pages"}],"about":[{"href":"https:\/\/physics.uwb.edu.pl\/wf\/index.php?rest_route=\/wp\/v2\/types\/page"}],"author":[{"embeddable":true,"href":"https:\/\/physics.uwb.edu.pl\/wf\/index.php?rest_route=\/wp\/v2\/users\/5"}],"replies":[{"embeddable":true,"href":"https:\/\/physics.uwb.edu.pl\/wf\/index.php?rest_route=%2Fwp%2Fv2%2Fcomments&post=7577"}],"version-history":[{"count":6,"href":"https:\/\/physics.uwb.edu.pl\/wf\/index.php?rest_route=\/wp\/v2\/pages\/7577\/revisions"}],"predecessor-version":[{"id":7585,"href":"https:\/\/physics.uwb.edu.pl\/wf\/index.php?rest_route=\/wp\/v2\/pages\/7577\/revisions\/7585"}],"up":[{"embeddable":true,"href":"https:\/\/physics.uwb.edu.pl\/wf\/index.php?rest_route=\/wp\/v2\/pages\/2744"}],"wp:featuredmedia":[{"embeddable":true,"href":"https:\/\/physics.uwb.edu.pl\/wf\/index.php?rest_route=\/wp\/v2\/media\/7586"}],"wp:attachment":[{"href":"https:\/\/physics.uwb.edu.pl\/wf\/index.php?rest_route=%2Fwp%2Fv2%2Fmedia&parent=7577"}],"wp:term":[{"taxonomy":"category","embeddable":true,"href":"https:\/\/physics.uwb.edu.pl\/wf\/index.php?rest_route=%2Fwp%2Fv2%2Fcategories&post=7577"},{"taxonomy":"post_tag","embeddable":true,"href":"https:\/\/physics.uwb.edu.pl\/wf\/index.php?rest_route=%2Fwp%2Fv2%2Ftags&post=7577"}],"curies":[{"name":"wp","href":"https:\/\/api.w.org\/{rel}","templated":true}]}}