{"id":7628,"date":"2018-03-22T13:06:41","date_gmt":"2018-03-22T12:06:41","guid":{"rendered":"http:\/\/physics.uwb.edu.pl\/wf\/?page_id=7628"},"modified":"2018-03-22T14:19:09","modified_gmt":"2018-03-22T13:19:09","slug":"wystawa-pod-przewodnia-gwiazda-nauki-2","status":"publish","type":"page","link":"https:\/\/physics.uwb.edu.pl\/wf\/?page_id=7628","title":{"rendered":"Odkrycie &#8220;Metody zimnego ultraszybkiego fotomagnetycznego zapisu danych&#8221; nominowane do Naukowego Odkrycia Roku w og\u00f3lnopolskim konkursie TRAVELERY!"},"content":{"rendered":"<p><img loading=\"lazy\" decoding=\"async\" class=\"wp-image-4182 aligncenter\" src=\"http:\/\/physics.uwb.edu.pl\/wf\/wp-content\/uploads\/2017\/01\/nature2017-szerenos-stupakiewicz-1.jpg\" alt=\"\" width=\"573\" height=\"309\" srcset=\"https:\/\/physics.uwb.edu.pl\/wf\/wp-content\/uploads\/2017\/01\/nature2017-szerenos-stupakiewicz-1.jpg 1980w, https:\/\/physics.uwb.edu.pl\/wf\/wp-content\/uploads\/2017\/01\/nature2017-szerenos-stupakiewicz-1-150x81.jpg 150w, https:\/\/physics.uwb.edu.pl\/wf\/wp-content\/uploads\/2017\/01\/nature2017-szerenos-stupakiewicz-1-300x162.jpg 300w, https:\/\/physics.uwb.edu.pl\/wf\/wp-content\/uploads\/2017\/01\/nature2017-szerenos-stupakiewicz-1-1024x553.jpg 1024w, https:\/\/physics.uwb.edu.pl\/wf\/wp-content\/uploads\/2017\/01\/nature2017-szerenos-stupakiewicz-1-926x500.jpg 926w\" sizes=\"auto, (max-width: 573px) 100vw, 573px\" \/><\/p>\n<p><strong>Redakcja og\u00f3lnopolskiego miesi\u0119cznika National Geographic Traveler og\u0142osi\u0142a kandydat\u00f3w w 12. edycji konkursu TRAVELERY. Nominacj\u0119 w kategorii &#8220;Naukowe osi\u0105gni\u0119cie roku&#8221; otrzymali dr hab. Andrzej Stupakiewicz (Wydzia\u0142 Fizyki UwB) i dr Krzysztof Szerenos (do niedawna Wydzia\u0142 Fizyki UwB, aktualnie przebywa na sta\u017cu podoktorskim w Nijmegen w Holandii). Organizatorzy konkursu docenili opracowan\u0105 przez nich metod\u0119 zimnego ultraszybkiego fotomagnetycznego zapisu danych. <\/strong><\/p>\n<p>&#8220;Naukowe osi\u0105gni\u0119cie roku&#8221; to jedna z sze\u015bciu kategorii w konkursie TRAVELERY. Jak informuj\u0105 organizatorzy, przyznawana jest za \u201edokonania naukowe, kt\u00f3re pozwoli\u0142y lepiej zrozumie\u0107 \u015bwiat, ludzi i kultury\u201d. Zwyci\u0119zc\u00f3w w tej kategorii, podobnie jak w dw\u00f3ch innych, wska\u017ce Kapitu\u0142a Konkursu. Laureat\u00f3w w pozosta\u0142ych kategoriach wybior\u0105 czytelnicy. Wyniki zostan\u0105 og\u0142oszone w maju.<\/p>\n<p>Jak mo\u017cna przeczyta\u0107 w uzasadnieniu nominacji, \u201edr hab. Andrzej Stupakiewicz i dr Krzysztof Szerenos z Wydzia\u0142u Fizyki Uniwersytetu w Bia\u0142ymstoku kierowali polsko-holenderskim zespo\u0142em badawczym, kt\u00f3ry opracowa\u0142 metod\u0119 zimnego ultraszybkiego fotomagnetycznego zapisu danych \u2013 w przezroczystej warstwie dielektrycznego granatu, przy wykorzystaniu pojedynczego impulsu laserowego. Jest to proces zapisu setki razy szybszy od dotychczasowego, pozwalaj\u0105cy na rejestrowanie i odczyt informacji w czasie 20 pikosekund&nbsp;(bilionowa cz\u0119\u015b\u0107 sekundy). Odkrycie badaczy otwiera drog\u0119 do komputer\u00f3w zdecydowanie szybszych i zu\u017cywaj\u0105cych znacznie mniej energii ni\u017c znane nam dzisiaj.\u201d Warto doda\u0107, \u017ce te prze\u0142omowe badania zosta\u0142y wykonane i opracowane g\u0142\u00f3wnie w Bia\u0142ymstoku, we wsp\u00f3\u0142pracy z zespo\u0142em z Uniwersytetu w Nijmegen (Holandia), za\u015b wyniki ukaza\u0142y si\u0119 w styczniu 2017 r. w presti\u017cowym czasopi\u015bmie Nature.<\/p>\n<p>Wi\u0119cej informacji na temat konkursu na stronie <a href=\"http:\/\/travelery.national-geographic.pl\/\">http:\/\/travelery.national-geographic.pl\/<\/a>.<\/p>\n","protected":false},"excerpt":{"rendered":"<p>Redakcja og\u00f3lnopolskiego miesi\u0119cznika National Geographic Traveler og\u0142osi\u0142a kandydat\u00f3w w 12. edycji konkursu TRAVELERY. Nominacj\u0119 w kategorii &#8220;Naukowe osi\u0105gni\u0119cie roku&#8221; otrzymali dr hab. Andrzej Stupakiewicz (Wydzia\u0142 Fizyki UwB) i dr Krzysztof <a href=\"https:\/\/physics.uwb.edu.pl\/wf\/?page_id=7628\" class=\"more-link\">[&hellip;]<\/a><\/p>\n","protected":false},"author":14,"featured_media":4172,"parent":713,"menu_order":0,"comment_status":"closed","ping_status":"closed","template":"","meta":{"ngg_post_thumbnail":0,"Layout":"","footnotes":""},"categories":[69],"tags":[],"class_list":["entry","author-ulag","post-7628","page","type-page","status-publish","has-post-thumbnail","category-seminarium_pl"],"jetpack_sharing_enabled":true,"jetpack_shortlink":"https:\/\/wp.me\/P7nvcn-1Z2","_links":{"self":[{"href":"https:\/\/physics.uwb.edu.pl\/wf\/index.php?rest_route=\/wp\/v2\/pages\/7628","targetHints":{"allow":["GET"]}}],"collection":[{"href":"https:\/\/physics.uwb.edu.pl\/wf\/index.php?rest_route=\/wp\/v2\/pages"}],"about":[{"href":"https:\/\/physics.uwb.edu.pl\/wf\/index.php?rest_route=\/wp\/v2\/types\/page"}],"author":[{"embeddable":true,"href":"https:\/\/physics.uwb.edu.pl\/wf\/index.php?rest_route=\/wp\/v2\/users\/14"}],"replies":[{"embeddable":true,"href":"https:\/\/physics.uwb.edu.pl\/wf\/index.php?rest_route=%2Fwp%2Fv2%2Fcomments&post=7628"}],"version-history":[{"count":3,"href":"https:\/\/physics.uwb.edu.pl\/wf\/index.php?rest_route=\/wp\/v2\/pages\/7628\/revisions"}],"predecessor-version":[{"id":7634,"href":"https:\/\/physics.uwb.edu.pl\/wf\/index.php?rest_route=\/wp\/v2\/pages\/7628\/revisions\/7634"}],"up":[{"embeddable":true,"href":"https:\/\/physics.uwb.edu.pl\/wf\/index.php?rest_route=\/wp\/v2\/pages\/713"}],"wp:featuredmedia":[{"embeddable":true,"href":"https:\/\/physics.uwb.edu.pl\/wf\/index.php?rest_route=\/wp\/v2\/media\/4172"}],"wp:attachment":[{"href":"https:\/\/physics.uwb.edu.pl\/wf\/index.php?rest_route=%2Fwp%2Fv2%2Fmedia&parent=7628"}],"wp:term":[{"taxonomy":"category","embeddable":true,"href":"https:\/\/physics.uwb.edu.pl\/wf\/index.php?rest_route=%2Fwp%2Fv2%2Fcategories&post=7628"},{"taxonomy":"post_tag","embeddable":true,"href":"https:\/\/physics.uwb.edu.pl\/wf\/index.php?rest_route=%2Fwp%2Fv2%2Ftags&post=7628"}],"curies":[{"name":"wp","href":"https:\/\/api.w.org\/{rel}","templated":true}]}}