{"id":7631,"date":"2018-03-22T13:29:36","date_gmt":"2018-03-22T12:29:36","guid":{"rendered":"http:\/\/physics.uwb.edu.pl\/wf\/?page_id=7631"},"modified":"2018-04-12T12:45:39","modified_gmt":"2018-04-12T10:45:39","slug":"o-marianie-smoluchowskim-w-setna-rocznice-smierci-2-2-2-2-2-4","status":"publish","type":"page","link":"https:\/\/physics.uwb.edu.pl\/wf\/?page_id=7631","title":{"rendered":"Odkrycie fal grawitacyjnych z udzia\u0142em prof. Piotra Jaranowskiego w finale Podlaskiej Marki."},"content":{"rendered":"<div class=\"news-img pull-left\">&nbsp;<\/div>\n<div class=\"wcag-font\">\n<p><img loading=\"lazy\" decoding=\"async\" class=\"wp-image-6273 aligncenter\" src=\"http:\/\/physics.uwb.edu.pl\/wf\/wp-content\/uploads\/2017\/10\/p-jaranowski2-1024x662.jpg\" alt=\"\" width=\"531\" height=\"343\" srcset=\"https:\/\/physics.uwb.edu.pl\/wf\/wp-content\/uploads\/2017\/10\/p-jaranowski2-1024x662.jpg 1024w, https:\/\/physics.uwb.edu.pl\/wf\/wp-content\/uploads\/2017\/10\/p-jaranowski2-150x97.jpg 150w, https:\/\/physics.uwb.edu.pl\/wf\/wp-content\/uploads\/2017\/10\/p-jaranowski2-300x194.jpg 300w, https:\/\/physics.uwb.edu.pl\/wf\/wp-content\/uploads\/2017\/10\/p-jaranowski2-773x500.jpg 773w, https:\/\/physics.uwb.edu.pl\/wf\/wp-content\/uploads\/2017\/10\/p-jaranowski2.jpg 1980w\" sizes=\"auto, (max-width: 531px) 100vw, 531px\" \/>Pierwsza w historii detekcja fal grawitacyjnych, w kt\u00f3r\u0105 zaanga\u017cowany by\u0142 m.in. <strong>prof. Piotr Jaranowski dziekan Wydzia\u0142u Fizyki UwB<\/strong>, znalaz\u0142a si\u0119 w gronie 21 finalist\u00f3w tegorocznego konkursu Podlaska Marka. Ich list\u0119 og\u0142osi\u0142 na specjalnej konferencji prasowej Jerzy Leszczy\u0144ski, marsza\u0142ek wojew\u00f3dztwa podlaskiego.<\/p>\n<p>Do nagrody Podlaska Marka w tym roku zg\u0142oszonych zosta\u0142o 180 kandydatur w 7 kategoriach.&nbsp; Detekcja fal grawitacyjnych to jedno z 16 zg\u0142osze\u0144 w kategorii Odkrycie. Spo\u015br\u00f3d nich kapitu\u0142a wskaza\u0142a 3 nominowane do udzia\u0142u w finale.<\/p>\n<p>Detekcja fal grawitacyjnych, w kt\u00f3r\u0105 zaanga\u017cowany by\u0142 mi\u0119dzynarodowy zesp\u00f3\u0142 naukowc\u00f3w (z konsorcjum LIGO Scientific Collaboration i Vigro Collaboration) w pa\u017adzierniku 2017 r. zosta\u0142a uhonorowana Nagrod\u0105 Nobla. Nagrod\u0119 przyznano tr\u00f3jce badaczy, kt\u00f3rzy mieli szczeg\u00f3lnie donios\u0142y wk\u0142ad w to odkrycie &#8211; zapocz\u0105tkowali badania wiele lat temu, tworzyli infrastruktur\u0119 badawcz\u0105, ale detekcja by\u0142a mo\u017cliwa dopiero w 2015 roku, dzi\u0119ki pracy ogromnej grupy naukowc\u00f3w. Jednym z nich by\u0142 prof. Piotr Jaranowski. Jego rola polega\u0142a w szczeg\u00f3lno\u015bci na stworzeniu (we wsp\u00f3\u0142pracy z prof. Andrzejem Kr\u00f3lakiem z Instytutu Matematycznego PAN w Warszawie) podstaw wielu algorytm\u00f3w i metod s\u0142u\u017c\u0105cych do wykrycia i estymacji parametr\u00f3w fal grawitacyjnych z uk\u0142ad\u00f3w podw\u00f3jnych z\u0142o\u017conych z gwiazd neutronowych lub czarnych dziur. Badacze przyczynili si\u0119 te\u017c do precyzyjnego modelowania sygna\u0142u fali grawitacyjnej wytwarzanej przez takie uk\u0142ady podw\u00f3jne. Dzi\u0119ki udzia\u0142owi prof. Jaranowskiego w projekcie, o podlaskiej nauce by\u0142o g\u0142o\u015bno w ca\u0142ym kraju.<\/p>\n<p>Laureat\u00f3w Podlaskiej Marki wska\u017ce kapitu\u0142a, a wyniki poznamy 24 kwietnia<strong>. Swoj\u0105 Mark\u0119 tradycyjnie wybior\u0105 tak\u017ce internauci w g\u0142osowaniu online. Od 13 marca przez trzy kolejne tygodnie do 2 kwietnia b\u0119dzie mo\u017cna g\u0142osowa\u0107 na swojego kandydata na stronie <\/strong><a href=\"http:\/\/www.podlaskamarka.pl\/\"><strong>www.podlaskamarka.pl<\/strong><\/a><strong>.<\/strong> Jeden numer telefonu to jeden g\u0142os (potwierdzany bezp\u0142atnym sms-em). Na profilu <em><strong>Podlaskie Bogactwo R\u00f3\u017cnorodno\u015bci<\/strong><\/em><strong>&nbsp;na Facebooku<\/strong> (<a href=\"https:\/\/www.facebook.com\/PodlaskieZasilaneNatura\/?fref=mentions\">https:\/\/www.facebook.com\/PodlaskieZasilaneNatura\/?fref=mentions<\/a>) organizowany jest konkurs z nagrodami, a do wygrania m.in. ubieg\u0142oroczny zwyci\u0119zca Photon.<\/p>\n<p>Kilka s\u0142\u00f3w o detekcji fal grawitacyjnych: <a href=\"https:\/\/www.youtube.com\/watch?time_continue=3&amp;v=VMVceL9QJKM\">https:\/\/www.youtube.com\/watch?time_continue=3&amp;v=VMVceL9QJKM<\/a><\/p>\n<p>Wi\u0119cej informacji: <a href=\"http:\/\/www.wrotapodlasia.pl\/pl\/bogactwo_roznorodnosci\/promocja_wojewodztwa\/21-nominowanych-powalczy-o-podlaska-marke-na-swojego-kandydata-od-dzisiaj-moga-glosowac-i-internauci.html\">http:\/\/www.wrotapodlasia.pl\/pl\/bogactwo_roznorodnosci\/promocja_wojewodztwa\/21-nominowanych-powalczy-o-podlaska-marke-na-swojego-kandydata-od-dzisiaj-moga-glosowac-i-internauci.html<\/a><\/p>\n<\/div>\n","protected":false},"excerpt":{"rendered":"<p>&nbsp; Pierwsza w historii detekcja fal grawitacyjnych, w kt\u00f3r\u0105 zaanga\u017cowany by\u0142 m.in. prof. Piotr Jaranowski dziekan Wydzia\u0142u Fizyki UwB, znalaz\u0142a si\u0119 w gronie 21 finalist\u00f3w tegorocznego konkursu Podlaska Marka. Ich <a href=\"https:\/\/physics.uwb.edu.pl\/wf\/?page_id=7631\" class=\"more-link\">[&hellip;]<\/a><\/p>\n","protected":false},"author":14,"featured_media":6273,"parent":713,"menu_order":0,"comment_status":"closed","ping_status":"closed","template":"","meta":{"ngg_post_thumbnail":0,"Layout":"","footnotes":""},"categories":[27],"tags":[],"class_list":["entry","author-ulag","post-7631","page","type-page","status-publish","has-post-thumbnail","category-post_news_pl"],"jetpack_sharing_enabled":true,"jetpack_shortlink":"https:\/\/wp.me\/P7nvcn-1Z5","_links":{"self":[{"href":"https:\/\/physics.uwb.edu.pl\/wf\/index.php?rest_route=\/wp\/v2\/pages\/7631","targetHints":{"allow":["GET"]}}],"collection":[{"href":"https:\/\/physics.uwb.edu.pl\/wf\/index.php?rest_route=\/wp\/v2\/pages"}],"about":[{"href":"https:\/\/physics.uwb.edu.pl\/wf\/index.php?rest_route=\/wp\/v2\/types\/page"}],"author":[{"embeddable":true,"href":"https:\/\/physics.uwb.edu.pl\/wf\/index.php?rest_route=\/wp\/v2\/users\/14"}],"replies":[{"embeddable":true,"href":"https:\/\/physics.uwb.edu.pl\/wf\/index.php?rest_route=%2Fwp%2Fv2%2Fcomments&post=7631"}],"version-history":[{"count":6,"href":"https:\/\/physics.uwb.edu.pl\/wf\/index.php?rest_route=\/wp\/v2\/pages\/7631\/revisions"}],"predecessor-version":[{"id":7762,"href":"https:\/\/physics.uwb.edu.pl\/wf\/index.php?rest_route=\/wp\/v2\/pages\/7631\/revisions\/7762"}],"up":[{"embeddable":true,"href":"https:\/\/physics.uwb.edu.pl\/wf\/index.php?rest_route=\/wp\/v2\/pages\/713"}],"wp:featuredmedia":[{"embeddable":true,"href":"https:\/\/physics.uwb.edu.pl\/wf\/index.php?rest_route=\/wp\/v2\/media\/6273"}],"wp:attachment":[{"href":"https:\/\/physics.uwb.edu.pl\/wf\/index.php?rest_route=%2Fwp%2Fv2%2Fmedia&parent=7631"}],"wp:term":[{"taxonomy":"category","embeddable":true,"href":"https:\/\/physics.uwb.edu.pl\/wf\/index.php?rest_route=%2Fwp%2Fv2%2Fcategories&post=7631"},{"taxonomy":"post_tag","embeddable":true,"href":"https:\/\/physics.uwb.edu.pl\/wf\/index.php?rest_route=%2Fwp%2Fv2%2Ftags&post=7631"}],"curies":[{"name":"wp","href":"https:\/\/api.w.org\/{rel}","templated":true}]}}