{"id":7648,"date":"2018-03-16T13:58:15","date_gmt":"2018-03-16T12:58:15","guid":{"rendered":"http:\/\/physics.uwb.edu.pl\/wf\/?page_id=7648"},"modified":"2019-02-07T11:24:40","modified_gmt":"2019-02-07T10:24:40","slug":"o-marianie-smoluchowskim-w-setna-rocznice-smierci-2-2-2-2-2-4-2","status":"publish","type":"page","link":"https:\/\/physics.uwb.edu.pl\/wf\/?page_id=7648","title":{"rendered":"Promieniotw\u00f3rczo\u015b\u0107 naturalna \u2013 wyniki pomiar\u00f3w na Wydziale Fizyki UwB"},"content":{"rendered":"<h3 style=\"text-align: left\"><strong>Seminarium wydzia\u0142owe<\/strong><\/h3>\n<p style=\"text-align: left\">Dnia 2018-03-21 o godzinie 13:15 w sali 2011 Wydzia\u0142u Fizyki UwB odb\u0119dzie si\u0119 seminarium, na kt\u00f3rym&nbsp;<strong> prof. dr hab. Eugeniusz \u017bukowski <\/strong>z&nbsp; Wydzia\u0142u Fizyki Uniwersytetu w Bia\u0142ystoku wyg\u0142osi wyk\u0142ad pt:<\/p>\n<p>&nbsp;<\/p>\n<h3 style=\"text-align: center\">&#8220;<strong>Promieniotw\u00f3rczo\u015b\u0107 naturalna \u2013 wyniki pomiar\u00f3w na Wydziale Fizyki UwB<\/strong>&#8220;<\/h3>\n<p>&nbsp;<\/p>\n<p><em>\u017byjemy w naturalnym \u015brodowisku lekko promieniotw\u00f3rczym. \u0179r\u00f3d\u0142em t<\/em><em>\u0142a<\/em> promieniowania naturalnego (zmiennego dla r\u00f3\u017cnych obszar\u00f3w Ziemi o czynnik ponad 10) jest promieniowanie kosmiczne, radon w powietrzu, promieniowanie radioaktywnych pierwiastk\u00f3w z gleby i wody, medycyna nuklearna czy te\u017c udogodnienia cywilizacyjne wykorzystuj\u0105ce promieniowanie r\u00f3\u017cnego typu. Na prezentacji zostan\u0105 przedstawione, uzyskane z wykorzystaniem nowoczesnego systemu spektrometrii promieniowania gamma \u2013 <em>Genie 2000<\/em>, kilkuletnie wyniki pomiar\u00f3w t\u0142a naturalnego w laboratoriach Wydzia\u0142u Fizyki UwB oraz promieniowania wybranych pr\u00f3bek uwa\u017canych za materia\u0142y o podwy\u017cszonej radioaktywno\u015bci.<\/p>\n<p>&nbsp;<\/p>\n<p style=\"text-align: right\">Serdecznie zapraszamy<\/p>\n<p style=\"text-align: right\"><strong>Andrzej Maziewski i Jerzy Przeszowski<\/strong><\/p>\n<p>&nbsp;<\/p>\n","protected":false},"excerpt":{"rendered":"<p>Seminarium wydzia\u0142owe Dnia 2018-03-21 o godzinie 13:15 w sali 2011 Wydzia\u0142u Fizyki UwB odb\u0119dzie si\u0119 seminarium, na kt\u00f3rym&nbsp; prof. dr hab. Eugeniusz \u017bukowski z&nbsp; Wydzia\u0142u Fizyki Uniwersytetu w Bia\u0142ystoku wyg\u0142osi <a href=\"https:\/\/physics.uwb.edu.pl\/wf\/?page_id=7648\" class=\"more-link\">[&hellip;]<\/a><\/p>\n","protected":false},"author":14,"featured_media":3366,"parent":822,"menu_order":0,"comment_status":"closed","ping_status":"closed","template":"","meta":{"ngg_post_thumbnail":0,"Layout":"","footnotes":""},"categories":[69],"tags":[],"class_list":["entry","author-ulag","post-7648","page","type-page","status-publish","has-post-thumbnail","category-seminarium_pl"],"jetpack_sharing_enabled":true,"jetpack_shortlink":"https:\/\/wp.me\/P7nvcn-1Zm","_links":{"self":[{"href":"https:\/\/physics.uwb.edu.pl\/wf\/index.php?rest_route=\/wp\/v2\/pages\/7648","targetHints":{"allow":["GET"]}}],"collection":[{"href":"https:\/\/physics.uwb.edu.pl\/wf\/index.php?rest_route=\/wp\/v2\/pages"}],"about":[{"href":"https:\/\/physics.uwb.edu.pl\/wf\/index.php?rest_route=\/wp\/v2\/types\/page"}],"author":[{"embeddable":true,"href":"https:\/\/physics.uwb.edu.pl\/wf\/index.php?rest_route=\/wp\/v2\/users\/14"}],"replies":[{"embeddable":true,"href":"https:\/\/physics.uwb.edu.pl\/wf\/index.php?rest_route=%2Fwp%2Fv2%2Fcomments&post=7648"}],"version-history":[{"count":1,"href":"https:\/\/physics.uwb.edu.pl\/wf\/index.php?rest_route=\/wp\/v2\/pages\/7648\/revisions"}],"predecessor-version":[{"id":7649,"href":"https:\/\/physics.uwb.edu.pl\/wf\/index.php?rest_route=\/wp\/v2\/pages\/7648\/revisions\/7649"}],"up":[{"embeddable":true,"href":"https:\/\/physics.uwb.edu.pl\/wf\/index.php?rest_route=\/wp\/v2\/pages\/822"}],"wp:featuredmedia":[{"embeddable":true,"href":"https:\/\/physics.uwb.edu.pl\/wf\/index.php?rest_route=\/wp\/v2\/media\/3366"}],"wp:attachment":[{"href":"https:\/\/physics.uwb.edu.pl\/wf\/index.php?rest_route=%2Fwp%2Fv2%2Fmedia&parent=7648"}],"wp:term":[{"taxonomy":"category","embeddable":true,"href":"https:\/\/physics.uwb.edu.pl\/wf\/index.php?rest_route=%2Fwp%2Fv2%2Fcategories&post=7648"},{"taxonomy":"post_tag","embeddable":true,"href":"https:\/\/physics.uwb.edu.pl\/wf\/index.php?rest_route=%2Fwp%2Fv2%2Ftags&post=7648"}],"curies":[{"name":"wp","href":"https:\/\/api.w.org\/{rel}","templated":true}]}}