{"id":768,"date":"2016-03-16T14:57:10","date_gmt":"2016-03-16T13:57:10","guid":{"rendered":"http:\/\/physics.uwb.edu.pl\/wf\/?page_id=768"},"modified":"2020-07-15T14:32:54","modified_gmt":"2020-07-15T12:32:54","slug":"fizyka-o-profilu-ogolnoakademickim-2","status":"publish","type":"page","link":"https:\/\/physics.uwb.edu.pl\/wf\/?page_id=768","title":{"rendered":"Fizyka o profilu og\u00f3lnym"},"content":{"rendered":"<div id=\"pl-768\"  class=\"panel-layout\" ><div id=\"pg-768-0\"  class=\"panel-grid panel-no-style\" ><div id=\"pgc-768-0-0\"  class=\"panel-grid-cell\" ><div id=\"panel-768-0-0-0\" class=\"so-panel widget widget_sow-editor panel-first-child panel-last-child\" data-index=\"0\" ><div\n\t\t\t\n\t\t\tclass=\"so-widget-sow-editor so-widget-sow-editor-base\"\n\t\t\t\n\t\t>\n<div class=\"siteorigin-widget-tinymce textwidget\">\n\t<p><strong>Specjalno\u015b\u0107: Fizyka (studia I-go i II-go stopnia)<\/strong><\/p>\n<p><span style=\"text-decoration: underline;\"><strong><em>Opis kierunku:<\/em><\/strong><\/span><\/p>\n<p>Fizyka jest dziedzin\u0105 nauki, kt\u00f3rej przedmiotem bada\u0144 s\u0105 procesy zachodz\u0105ce w przyrodzie i prawa nimi rz\u0105dz\u0105ce. Osi\u0105gni\u0119cia fizyki by\u0142y i s\u0105 podstaw\u0105 rozwoju cywilizacyjnego i gospodarczego. Studia z fizyki pozwalaj\u0105 nie tylko na zrozumienie fundamentalnych zjawisk przyrody, ale u\u0142atwiaj\u0105 r\u00f3wnie\u017c rozumienie wsp\u00f3\u0142czesnych proces\u00f3w spo\u0142ecznych i gospodarczych. Poniewa\u017c metody fizyki s\u0105 uniwersalne i mog\u0105 by\u0107 wykorzystywane w wielu dziedzinach, niejednokrotnie nawet odleg\u0142ych od fizyki absolwent fizyki mo\u017ce pokierowa\u0107 swoim rozwojem w dowolnym kierunku.<\/p>\n<p><span style=\"text-decoration: underline;\"><strong><em>Etapy kszta\u0142cenia:<\/em><\/strong><\/span><\/p>\n<p>Studenci specjalno\u015bci Fizyka og\u00f3lna mog\u0105 zdobywa\u0107 wiedz\u0119 na studiach I (licencjackich), II (magisterskich) oraz III-stopnia (doktoranckich).<\/p>\n<p><em>Modu\u0142y przedmiot\u00f3w wchodz\u0105ce w sk\u0142ad programu studi\u00f3w I-go stopnia:<\/em><br \/>\nkszta\u0142cenie og\u00f3lne, podstawy fizyki, elementy fizyki teoretycznej, zastosowania fizyki, narz\u0119dzia matematyki i informatyki.<\/p>\n<p><em>Modu\u0142y przedmiot\u00f3w wchodz\u0105ce w sk\u0142ad programu studi\u00f3w II-go stopnia:<\/em><br \/>\nkszta\u0142cenie og\u00f3lne, fizyka do\u015bwiadczalna, fizyka teoretyczna, metody matematyczne i komputerowe.<\/p>\n<p><span style=\"text-decoration: underline;\"><strong><em>Praktyki:<\/em><\/strong><\/span><\/p>\n<p>Na drugim roku studi\u00f3w I-ego stopnia studenci mog\u0105 odby\u0107 praktyk\u0119 zawodow\u0105 w jednym z o\u015brodk\u00f3w partnerskich.<\/p>\n<p>Do najwa\u017cniejszych firm, z kt\u00f3rymi wsp\u00f3\u0142pracuje wydzia\u0142 nale\u017c\u0105: Plac\u00f3wki Banku Pekao S.A, Podlaski Urz\u0105d Wojew\u00f3dzki, Bia\u0142ostockie Centrum Onkologii oraz Samodzielny Publiczny Zak\u0142ad Opieki Zdrowotnej Ministerstwa Spraw Wewn\u0119trznych i Administracji w Bia\u0142ymstoku.<\/p>\n<p><span style=\"text-decoration: underline;\"><strong><em>Perspektywy zawodowe:<\/em><\/strong><\/span><\/p>\n<p>Studia na specjalno\u015bci Fizyka og\u00f3lna pozwalaj\u0105 przygotowa\u0107 wykwalifikowanych specjalist\u00f3w do pracy w:<\/p>\n<ul>\n<li>laboratoriach i instytutach naukowych,<\/li>\n<li>przemys\u0142owych centrach rozwojowych<\/li>\n<li>zak\u0142adach przemys\u0142owych np. bazuj\u0105cych na technikach radiacyjnych,<\/li>\n<li>firmach informatycznych, produkcyjnych i us\u0142ugowych<\/li>\n<li>instytucjach wymagaj\u0105cych jako\u015bciowej i ilo\u015bciowej analizy danych oraz modelowania proces\u00f3w.<\/li>\n<\/ul>\n<p>Dodatkowo absolwenci II-go stopnia b\u0119d\u0105 merytorycznie przygotowani do wykonywania zawodu nauczyciela fizyki w szko\u0142ach podstawowych i ponadpodstawowych (do zdobycia uprawnie\u0144 nauczyciela wymagany jest dodatkowy kurs organizowany przez Centrum Edukacji Nauczycieli).<\/p>\n<p><img loading=\"lazy\" decoding=\"async\" class=\"wp-image-11242 size-medium alignleft\" src=\"http:\/\/physics.uwb.edu.pl\/wf\/wp-content\/uploads\/2020\/07\/marek-obserwatorium-20200604_195920-146x300.jpg\" alt=\"\" width=\"146\" height=\"300\" srcset=\"https:\/\/physics.uwb.edu.pl\/wf\/wp-content\/uploads\/2020\/07\/marek-obserwatorium-20200604_195920-146x300.jpg 146w, https:\/\/physics.uwb.edu.pl\/wf\/wp-content\/uploads\/2020\/07\/marek-obserwatorium-20200604_195920-498x1024.jpg 498w, https:\/\/physics.uwb.edu.pl\/wf\/wp-content\/uploads\/2020\/07\/marek-obserwatorium-20200604_195920-73x150.jpg 73w, https:\/\/physics.uwb.edu.pl\/wf\/wp-content\/uploads\/2020\/07\/marek-obserwatorium-20200604_195920-747x1536.jpg 747w, https:\/\/physics.uwb.edu.pl\/wf\/wp-content\/uploads\/2020\/07\/marek-obserwatorium-20200604_195920-996x2048.jpg 996w, https:\/\/physics.uwb.edu.pl\/wf\/wp-content\/uploads\/2020\/07\/marek-obserwatorium-20200604_195920-243x500.jpg 243w, https:\/\/physics.uwb.edu.pl\/wf\/wp-content\/uploads\/2020\/07\/marek-obserwatorium-20200604_195920-scaled.jpg 1244w\" sizes=\"auto, (max-width: 146px) 100vw, 146px\" \/><\/p>\n<p><span style=\"text-decoration: underline;\"><strong><em>Obserwatorium astronomiczne:<\/em><\/strong><\/span><\/p>\n<p>Budowa obserwatorium dobiega ko\u0144ca - a by\u0142o na co czeka\u0107. Sprz\u0119t b\u0119dzie wykorzystywany nie tylko przez pracownik\u00f3w Wydzia\u0142u Fizyki, ale tak\u017ce <strong>udost\u0119pniony dla student\u00f3w<\/strong>. Teleskop o \u015brednicy 50 cm b\u0119dzie najwi\u0119kszym w p\u00f3\u0142nocno-wschodniej Polsce teleskopem do wykorzystania przez STUDENT\u00d3W. Ale to nie koniec - planujemy zakup dodatkowego osprz\u0119tu: spektrometru do obserwacji widm gwiazd, mg\u0142awic, galaktyk... Prawdziwa gratka dla MI\u0141O\u015aNIK\u00d3W ASTRONOMII. Studenci podczas zaj\u0119\u0107 z przedmiotu astronomia wybieraj\u0105 \u0107wiczenia do wykonania, a s\u0105 to:<\/p>\n<ul>\n<li>Wyznaczanie odleg\u0142o\u015bci i rozmiar\u00f3w Ksi\u0119\u017cyca (metoda I)<\/li>\n<li>Wyznaczanie odleg\u0142o\u015bci i rozmiar\u00f3w Ksi\u0119\u017cyca (metoda II)<\/li>\n<li>Wyznaczanie wysoko\u015bci i rozmiar\u00f3w wybranych struktur na powierzchni Ksi\u0119\u017cyca<\/li>\n<li>Wyznaczanie odleg\u0142o\u015bci do obiekt\u00f3w wsp\u00f3\u0142rotuj\u0105cych z obserwatorem<\/li>\n<li>Wyznaczanie odleg\u0142o\u015bci do obiekt\u00f3w metod\u0105 paralaksy geocentrycznej<\/li>\n<li>Wyznaczanie odleg\u0142o\u015bci, promienia orbity i rozmiar\u00f3w Wenus<\/li>\n<li>Wyznaczanie odleg\u0142o\u015bci, promienia orbity i rozmiar\u00f3w Jowisza<\/li>\n<li>Badanie rotacji S\u0142o\u0144ca<\/li>\n<li>Wyznaczanie temperatury fotosfer gwiazdowych w oparciu o pomiary fotometryczne<\/li>\n<li>Badanie rozk\u0142adu gwiazd w Galaktyce na podstawie zlicze\u0144 gwiazd&nbsp;<\/li>\n<\/ul>\n<p><span style=\"text-decoration: underline;\"><strong><em>Przyk\u0142adowe prace:<\/em><\/strong><\/span><\/p>\n<p>Zapraszamy do obejrzenia <a href=\"https:\/\/physics.uwb.edu.pl\/wf\/?page_id=175\">prac dyplomowych<\/a> naszych student\u00f3w.<\/p>\n<p><span style=\"text-decoration: underline;\"><strong><em>\u201eM\u00f3wi si\u0119\u201d o fizyce og\u00f3lnej:<\/em><\/strong><\/span><\/p>\n<p>\"Fizyk\u0119 mo\u017cna studiowa\u0107 z wielu powod\u00f3w: rozw\u00f3j intelektualny, pewno\u015b\u0107 zatrudnienia w bran\u017cach, gdzie zawsze brakuje fizyk\u00f3w lub po prostu najzwyklejsza ciekawo\u015b\u0107 \u015bwiata. Ja osobi\u015bcie mia\u0142em szcz\u0119\u015bcie bra\u0107 udzia\u0142 w badaniach naukowych jeszcze jako licealista. Chocia\u017c nie by\u0142o to nic prze\u0142omowego, do dzi\u015b pami\u0119tam dzie\u0144 kiedy poczu\u0142em jak to jest wiedzie\u0107 co\u015b o tym \u015bwiecie jako pierwszy i m\u00f3c o tym wszystkim opowiedzie\u0107. Wtedy te\u017c zrozumia\u0142em sk\u0105d tyle pasji w naukowcach.\" <em>Grzegorz Ostapczuk \u2013 student<\/em><\/p>\n<p>\u201eFizyka jest fascynuj\u0105ca i wszechobecna. Ca\u0142y \u015bwiat rz\u0105dzony jest prawami fizycznymi, a z ich praktycznymi zastosowaniami spotykamy si\u0119 na co dzie\u0144. Nadal jednak wiele tajemnic Wszech\u015bwiata czeka na swojego odkrywc\u0119. Daje to fizykom nieustann\u0105 szans\u0119 rozwoju oraz perspektyw\u0119 znalezienia pasjonuj\u0105cej pracy.\u201d <em>dr Wojciech Olszewski - wyk\u0142adowca<\/em><\/p>\n<\/div>\n<\/div><\/div><\/div><div id=\"pgc-768-0-1\"  class=\"panel-grid-cell\" ><div id=\"panel-768-0-1-0\" class=\"so-panel widget widget_sow-editor panel-first-child\" data-index=\"1\" ><div\n\t\t\t\n\t\t\tclass=\"so-widget-sow-editor so-widget-sow-editor-base\"\n\t\t\t\n\t\t>\n<div class=\"siteorigin-widget-tinymce textwidget\">\n\t<figure id=\"attachment_337\" aria-describedby=\"caption-attachment-337\" style=\"width: 300px\" class=\"wp-caption alignnone\"><a href=\"http:\/\/physics.uwb.edu.pl\/wf\/?page_id=786&amp;lang=pl\"><img loading=\"lazy\" decoding=\"async\" class=\"wp-image-337 size-medium\" src=\"http:\/\/physics.uwb.edu.pl\/wf\/wp-content\/uploads\/2016\/02\/fizyka_gier-300x300.png\" alt=\"\" width=\"300\" height=\"300\" \/><\/a><figcaption id=\"caption-attachment-337\" class=\"wp-caption-text\"><strong><a style=\"color: #ffffff;\" href=\"http:\/\/physics.uwb.edu.pl\/wf\/?page_id=786&amp;lang=pl\">Fizyka gier komputerowych i robot\u00f3w<\/a><\/strong><\/figcaption><\/figure>\n<\/div>\n<\/div><\/div><div id=\"panel-768-0-1-1\" class=\"so-panel widget widget_sow-editor\" data-index=\"2\" ><div\n\t\t\t\n\t\t\tclass=\"so-widget-sow-editor so-widget-sow-editor-base\"\n\t\t\t\n\t\t>\n<div class=\"siteorigin-widget-tinymce textwidget\">\n\t<figure id=\"attachment_336\" aria-describedby=\"caption-attachment-336\" style=\"width: 300px\" class=\"wp-caption alignnone\"><a href=\"http:\/\/physics.uwb.edu.pl\/wf\/?page_id=355&amp;lang=pl\"><img loading=\"lazy\" decoding=\"async\" class=\"wp-image-336 size-medium\" src=\"http:\/\/physics.uwb.edu.pl\/wf\/wp-content\/uploads\/2016\/02\/fizyka_medyczna-300x300.png\" alt=\"\" width=\"300\" height=\"300\" srcset=\"https:\/\/physics.uwb.edu.pl\/wf\/wp-content\/uploads\/2016\/02\/fizyka_medyczna-300x300.png 300w, https:\/\/physics.uwb.edu.pl\/wf\/wp-content\/uploads\/2016\/02\/fizyka_medyczna-150x150.png 150w, https:\/\/physics.uwb.edu.pl\/wf\/wp-content\/uploads\/2016\/02\/fizyka_medyczna.png 360w\" sizes=\"auto, (max-width: 300px) 100vw, 300px\" \/><\/a><figcaption id=\"caption-attachment-336\" class=\"wp-caption-text\"><strong><a style=\"color: #ffffff;\" href=\"http:\/\/physics.uwb.edu.pl\/wf\/?page_id=355&amp;lang=pl\">Fizyka medyczna<\/a><\/strong><\/figcaption><\/figure>\n<\/div>\n<\/div><\/div><div id=\"panel-768-0-1-2\" class=\"so-panel widget widget_sow-editor panel-last-child\" data-index=\"3\" ><div\n\t\t\t\n\t\t\tclass=\"so-widget-sow-editor so-widget-sow-editor-base\"\n\t\t\t\n\t\t>\n<div class=\"siteorigin-widget-tinymce textwidget\">\n\t<figure id=\"attachment_334\" aria-describedby=\"caption-attachment-334\" style=\"width: 300px\" class=\"wp-caption alignnone\"><a href=\"http:\/\/physics.uwb.edu.pl\/wf\/?page_id=768&amp;lang=pl\"><img loading=\"lazy\" decoding=\"async\" class=\"wp-image-334 size-medium\" src=\"http:\/\/physics.uwb.edu.pl\/wf\/wp-content\/uploads\/2016\/02\/fizyka_ogolna-300x300.png\" alt=\"Fizyka o profilu og\u00f3lnym\" width=\"300\" height=\"300\" srcset=\"https:\/\/physics.uwb.edu.pl\/wf\/wp-content\/uploads\/2016\/02\/fizyka_ogolna-300x300.png 300w, https:\/\/physics.uwb.edu.pl\/wf\/wp-content\/uploads\/2016\/02\/fizyka_ogolna-150x150.png 150w, https:\/\/physics.uwb.edu.pl\/wf\/wp-content\/uploads\/2016\/02\/fizyka_ogolna.png 360w\" sizes=\"auto, (max-width: 300px) 100vw, 300px\" \/><\/a><figcaption id=\"caption-attachment-334\" class=\"wp-caption-text\"><strong><a style=\"color: #ffffff;\" href=\"http:\/\/physics.uwb.edu.pl\/wf\/?page_id=768&amp;lang=pl\">Fizyka o profilu og\u00f3lnym<\/a><\/strong><\/figcaption><\/figure>\n<\/div>\n<\/div><\/div><\/div><\/div><\/div>","protected":false},"excerpt":{"rendered":"<p>Specjalno\u015b\u0107: Fizyka (studia I-go i II-go stopnia) Opis kierunku: Fizyka jest dziedzin\u0105 nauki, kt\u00f3rej przedmiotem bada\u0144 s\u0105 procesy zachodz\u0105ce w przyrodzie i prawa nimi rz\u0105dz\u0105ce. Osi\u0105gni\u0119cia fizyki by\u0142y i s\u0105 <a href=\"https:\/\/physics.uwb.edu.pl\/wf\/?page_id=768\" class=\"more-link\">[&hellip;]<\/a><\/p>\n","protected":false},"author":2,"featured_media":0,"parent":164,"menu_order":0,"comment_status":"closed","ping_status":"closed","template":"","meta":{"ngg_post_thumbnail":0,"Layout":"1c","footnotes":""},"categories":[19],"tags":[],"class_list":["entry","author-dobrog","post-768","page","type-page","status-publish","category-kandydat_pl"],"jetpack_sharing_enabled":true,"jetpack_shortlink":"https:\/\/wp.me\/P7nvcn-co","_links":{"self":[{"href":"https:\/\/physics.uwb.edu.pl\/wf\/index.php?rest_route=\/wp\/v2\/pages\/768","targetHints":{"allow":["GET"]}}],"collection":[{"href":"https:\/\/physics.uwb.edu.pl\/wf\/index.php?rest_route=\/wp\/v2\/pages"}],"about":[{"href":"https:\/\/physics.uwb.edu.pl\/wf\/index.php?rest_route=\/wp\/v2\/types\/page"}],"author":[{"embeddable":true,"href":"https:\/\/physics.uwb.edu.pl\/wf\/index.php?rest_route=\/wp\/v2\/users\/2"}],"replies":[{"embeddable":true,"href":"https:\/\/physics.uwb.edu.pl\/wf\/index.php?rest_route=%2Fwp%2Fv2%2Fcomments&post=768"}],"version-history":[{"count":28,"href":"https:\/\/physics.uwb.edu.pl\/wf\/index.php?rest_route=\/wp\/v2\/pages\/768\/revisions"}],"predecessor-version":[{"id":11250,"href":"https:\/\/physics.uwb.edu.pl\/wf\/index.php?rest_route=\/wp\/v2\/pages\/768\/revisions\/11250"}],"up":[{"embeddable":true,"href":"https:\/\/physics.uwb.edu.pl\/wf\/index.php?rest_route=\/wp\/v2\/pages\/164"}],"wp:attachment":[{"href":"https:\/\/physics.uwb.edu.pl\/wf\/index.php?rest_route=%2Fwp%2Fv2%2Fmedia&parent=768"}],"wp:term":[{"taxonomy":"category","embeddable":true,"href":"https:\/\/physics.uwb.edu.pl\/wf\/index.php?rest_route=%2Fwp%2Fv2%2Fcategories&post=768"},{"taxonomy":"post_tag","embeddable":true,"href":"https:\/\/physics.uwb.edu.pl\/wf\/index.php?rest_route=%2Fwp%2Fv2%2Ftags&post=768"}],"curies":[{"name":"wp","href":"https:\/\/api.w.org\/{rel}","templated":true}]}}