{"id":7719,"date":"2018-04-06T10:14:33","date_gmt":"2018-04-06T08:14:33","guid":{"rendered":"http:\/\/physics.uwb.edu.pl\/wf\/?page_id=7719"},"modified":"2019-02-07T11:22:45","modified_gmt":"2019-02-07T10:22:45","slug":"wyklad-ptf-promieniowanie-jonizujace-jest-cool-2-3-2-2","status":"publish","type":"page","link":"https:\/\/physics.uwb.edu.pl\/wf\/?page_id=7719","title":{"rendered":"Wyk\u0142ady PTF: Komunikacja mi\u0119dzykom\u00f3rkowa"},"content":{"rendered":"<p><em><strong>Wyk\u0142ady PTF o\/Bia\u0142ystok &#8211; zapowiedzi<\/strong><\/em><\/p>\n<p style=\"text-align: center\">W sobot\u0119 14 kwietnia 2018 roku o godz. 11.00<br \/>\nw sali 2011 Wydzia\u0142u Fizyki przy ul. Konstantego Cio\u0142kowskiego 1L<br \/>\n<strong>dr hab. Ewa \u0141ucja St\u0119pie\u0144, prof. UJ<\/strong><br \/>\nz Instytutu Fizyki im. Mariana Smoluchowskiego Wydzia\u0142u<br \/>\nFAIS Uniwersytetu Jagiello\u0144skiego<br \/>\nwyg\u0142osi wyk\u0142ad pt.<br \/>\n<strong>Komunikacja mi\u0119dzykom\u00f3rkowa<\/strong><\/p>\n<p>Na wyk\u0142adzie om\u00f3wiona zostanie historia bada\u0144 na ultrastruktur\u0105 kom\u00f3rki i regulacj\u0105 proces\u00f3w kom\u00f3rkowych za po\u015brednictwem transportu p\u0119cherzykowego. Badania te doprowadzi\u0142y w ostatnich 10 latach do wyja\u015bnienia mechanizm\u00f3w komunikacji wewn\u0105trz- i zewn\u0105trzkom\u00f3rkowej oraz regulacji funkcji genomu. Zosta\u0142y one wyr\u00f3\u017cnione mi\u0119dzy innymi 2 Nagrodami Nobla w dziedzinie medycyny i 1 w dziedzinie chemii.<\/p>\n<p><em>Prof. Ewa St\u0119pie\u0144 jest biologiem molekularnych, absolwentk\u0105 Uniwersytetu Jagiello\u0144skiego. W swojej pracy zajmuje si\u0119 wykorzystaniem nanotechnologii do zastosowa\u0144 medycyny diagnostycznej, poszukiwaniem nowych biomarker\u00f3w chor\u00f3b. W pracy do\u015bwiadczalnej, wykorzystuje metody biologii molekularnej, metody spektroskopii w podczerwieni, spetrometri\u0119 mas. Jest wsp\u00f3\u0142autork\u0105 ponad 100 publikacji w czasopismach mi\u0119dzynarodowych, autork\u0105 licznych wyst\u0105pie\u0144 na konferencjach krajowych i zagranicznych.<\/em><\/p>\n<p>Wszystkie osoby zainteresowane serdecznie zapraszamy!<br \/>\nZarz\u0105d OB PTF<\/p>\n","protected":false},"excerpt":{"rendered":"<p>Wyk\u0142ady PTF o\/Bia\u0142ystok &#8211; zapowiedzi W sobot\u0119 14 kwietnia 2018 roku o godz. 11.00 w sali 2011 Wydzia\u0142u Fizyki przy ul. Konstantego Cio\u0142kowskiego 1L dr hab. Ewa \u0141ucja St\u0119pie\u0144, prof. <a href=\"https:\/\/physics.uwb.edu.pl\/wf\/?page_id=7719\" class=\"more-link\">[&hellip;]<\/a><\/p>\n","protected":false},"author":10,"featured_media":1879,"parent":789,"menu_order":0,"comment_status":"closed","ping_status":"closed","template":"","meta":{"ngg_post_thumbnail":0,"Layout":"","footnotes":""},"categories":[40],"tags":[],"class_list":["entry","author-pzaleski","post-7719","page","type-page","status-publish","has-post-thumbnail","category-ptf_wyklad"],"jetpack_sharing_enabled":true,"jetpack_shortlink":"https:\/\/wp.me\/P7nvcn-20v","_links":{"self":[{"href":"https:\/\/physics.uwb.edu.pl\/wf\/index.php?rest_route=\/wp\/v2\/pages\/7719","targetHints":{"allow":["GET"]}}],"collection":[{"href":"https:\/\/physics.uwb.edu.pl\/wf\/index.php?rest_route=\/wp\/v2\/pages"}],"about":[{"href":"https:\/\/physics.uwb.edu.pl\/wf\/index.php?rest_route=\/wp\/v2\/types\/page"}],"author":[{"embeddable":true,"href":"https:\/\/physics.uwb.edu.pl\/wf\/index.php?rest_route=\/wp\/v2\/users\/10"}],"replies":[{"embeddable":true,"href":"https:\/\/physics.uwb.edu.pl\/wf\/index.php?rest_route=%2Fwp%2Fv2%2Fcomments&post=7719"}],"version-history":[{"count":1,"href":"https:\/\/physics.uwb.edu.pl\/wf\/index.php?rest_route=\/wp\/v2\/pages\/7719\/revisions"}],"predecessor-version":[{"id":7720,"href":"https:\/\/physics.uwb.edu.pl\/wf\/index.php?rest_route=\/wp\/v2\/pages\/7719\/revisions\/7720"}],"up":[{"embeddable":true,"href":"https:\/\/physics.uwb.edu.pl\/wf\/index.php?rest_route=\/wp\/v2\/pages\/789"}],"wp:featuredmedia":[{"embeddable":true,"href":"https:\/\/physics.uwb.edu.pl\/wf\/index.php?rest_route=\/wp\/v2\/media\/1879"}],"wp:attachment":[{"href":"https:\/\/physics.uwb.edu.pl\/wf\/index.php?rest_route=%2Fwp%2Fv2%2Fmedia&parent=7719"}],"wp:term":[{"taxonomy":"category","embeddable":true,"href":"https:\/\/physics.uwb.edu.pl\/wf\/index.php?rest_route=%2Fwp%2Fv2%2Fcategories&post=7719"},{"taxonomy":"post_tag","embeddable":true,"href":"https:\/\/physics.uwb.edu.pl\/wf\/index.php?rest_route=%2Fwp%2Fv2%2Ftags&post=7719"}],"curies":[{"name":"wp","href":"https:\/\/api.w.org\/{rel}","templated":true}]}}