{"id":776,"date":"2016-03-16T15:10:17","date_gmt":"2016-03-16T14:10:17","guid":{"rendered":"http:\/\/physics.uwb.edu.pl\/wf\/?page_id=776"},"modified":"2019-07-26T11:43:15","modified_gmt":"2019-07-26T09:43:15","slug":"inzynieria-nowoczesnych-materialow-2","status":"publish","type":"page","link":"https:\/\/physics.uwb.edu.pl\/wf\/?page_id=776","title":{"rendered":"In\u017cynieria nowoczesnych materia\u0142\u00f3w"},"content":{"rendered":"<div id=\"pl-776\"  class=\"panel-layout\" ><div id=\"pg-776-0\"  class=\"panel-grid panel-no-style\" ><div id=\"pgc-776-0-0\"  class=\"panel-grid-cell\" ><div id=\"panel-776-0-0-0\" class=\"so-panel widget widget_sow-editor panel-first-child panel-last-child\" data-index=\"0\" ><div\n\t\t\t\n\t\t\tclass=\"so-widget-sow-editor so-widget-sow-editor-base\"\n\t\t\t\n\t\t>\n<div class=\"siteorigin-widget-tinymce textwidget\">\n\t<p><strong>In\u017cynieria nowoczesnych materia\u0142\u00f3w (studia I-go stopnia)<\/strong><\/p>\n<p><strong>In\u017cynieria materia\u0142owa<\/strong> to dziedzina nauki i techniki o charakterze interdyscyplinarnym. Wykorzystuje nauki podstawowe (fizyk\u0119, chemi\u0119 i biologi\u0119) do doskonalenia w\u0142asno\u015bci materia\u0142\u00f3w. Urz\u0105dzenia pracuj\u0105ce w ekstremalnych warunkach, bardzo g\u0119sty zapis informacji, szybkie przesy\u0142anie ogromnych ilo\u015bci danych czy wiele zaawansowanych terapii medycznych \u2013 takie rozwi\u0105zania mog\u0142y powsta\u0107 tylko dzi\u0119ki nowoczesnym materia\u0142om o specjalnych w\u0142a\u015bciwo\u015bciach. W\u0142a\u015bciwo\u015bci te zale\u017c\u0105 od struktury krystalicznej, w\u0142asno\u015bci magnetycznych, elektrycznych i optycznych, kt\u00f3re mog\u0105 by\u0107 kszta\u0142towane na poziomie projektowania materia\u0142\u00f3w. <strong>In\u017cynieria nowoczesnych materia\u0142\u00f3w<\/strong> to studia, kt\u00f3rych program kszta\u0142cenia zosta\u0142 opracowany w \u015bcis\u0142ej wsp\u00f3\u0142pracy z dwoma bia\u0142ostockimi przedsi\u0119biorstwami sektora wysokiej technologii i innowacyjnej produkcji \u2013 <a href=\"http:\/\/www.plum.pl\/\"><strong>Plum<\/strong><\/a> i <a href=\"http:\/\/www.promotech.eu\/pl\/\"><strong>Promotech<\/strong>.<\/a> Kszta\u0142cenie w ramach takiej wsp\u00f3\u0142pracy gwarantuje, \u017ce uzyskane przez absolwent\u00f3w kwalifikacje b\u0119d\u0105 odpowiada\u0107 na obecne i przysz\u0142e potrzeby gospodarcze regionu w zakresie innowacyjnej dzia\u0142alno\u015bci wytw\u00f3rczej. Firmy te b\u0119d\u0105 te\u017c wsp\u00f3\u0142pracowa\u0107 przy realizacji dydaktyki.<\/p>\n<p>Studenci specjalno\u015bci in\u017cynieria nowoczesnych materia\u0142\u00f3w poznaj\u0105 prawa fizyki i chemii rz\u0105dz\u0105ce budow\u0105 materii i ich wp\u0142ywem na w\u0142a\u015bciwo\u015bci strukturalne, magnetyczne i elektryczne materia\u0142\u00f3w. W trakcie studi\u00f3w studenci poznaj\u0105 metody projektowania w\u0142asno\u015bci materia\u0142\u00f3w tak, aby uzyskiwa\u0107 za\u0142o\u017cone cechy u\u017cytkowe. Uzyskane wykszta\u0142cenie jest na tyle uniwersalne, \u017ce pozwoli na podejmowanie pracy we wszystkich dziedzinach nauk przyrodniczych jak i szeroko rozumianej technice.<\/p>\n<p>Celem kszta\u0142cenia jest przygotowanie kadry fizyk\u00f3w zdolnych do podj\u0119cia pracy w jednostkach przemys\u0142owych i us\u0142ugowych, kt\u00f3rych dzia\u0142alno\u015b\u0107 oparta jest o wykorzystanie osi\u0105gni\u0119\u0107 fizyki. Absolwenci kierunku b\u0119d\u0105 mogli spe\u0142nia\u0107 rol\u0119 kompetentnych partner\u00f3w kadry odpowiednich laboratori\u00f3w us\u0142ugowych lub przemys\u0142owych laboratori\u00f3w badawczo-rozwojowych oraz pe\u0142ni\u0107 rol\u0119 doradc\u00f3w w zakresie rozwi\u0105za\u0144 opartych o techniczne wykorzystanie osi\u0105gni\u0119\u0107 fizyki. Absolwenci b\u0119d\u0105 merytorycznie przygotowani do wykonywania zawodu nauczyciela przedmiot\u00f3w \u015bcis\u0142ych w szko\u0142ach II i III etapu edukacji. B\u0119d\u0105 r\u00f3wnie\u017c przygotowani do podj\u0119cia studi\u00f3w II-go stopnia.<\/p>\n<p><strong>Modu\u0142y przedmiot\u00f3w wchodz\u0105ce w sk\u0142ad programu studi\u00f3w na specjalno\u015bci IN\u017bYNIERIA NOWOCZESNYCH MATERIA\u0141\u00d3W:<\/strong> PODSTAWY FIZYKI, NARZ\u0118DZIA MATEMATYKI, NARZ\u0118DZIA INFORMATYKI, KSZTA\u0141CENIE PRAKTYCZNE I SPECJALISTYCZNE, KSZTA\u0141CENIE OG\u00d3LNE, PODSUMOWANIE KSZTA\u0141CENIA.<\/p>\n<\/div>\n<\/div><\/div><\/div><div id=\"pgc-776-0-1\"  class=\"panel-grid-cell\" ><div id=\"panel-776-0-1-0\" class=\"so-panel widget widget_sow-editor panel-first-child\" data-index=\"1\" ><div\n\t\t\t\n\t\t\tclass=\"so-widget-sow-editor so-widget-sow-editor-base\"\n\t\t\t\n\t\t>\n<div class=\"siteorigin-widget-tinymce textwidget\">\n\t<figure id=\"attachment_337\" aria-describedby=\"caption-attachment-337\" style=\"width: 300px\" class=\"wp-caption alignnone\"><a href=\"http:\/\/physics.uwb.edu.pl\/wf\/?page_id=786&amp;lang=pl\"><img loading=\"lazy\" decoding=\"async\" class=\"wp-image-337 size-medium\" src=\"http:\/\/physics.uwb.edu.pl\/wf\/wp-content\/uploads\/2016\/02\/fizyka_gier-300x300.png\" alt=\"\" width=\"300\" height=\"300\" \/><\/a><figcaption id=\"caption-attachment-337\" class=\"wp-caption-text\"><strong><a style=\"color: #ffffff;\" href=\"http:\/\/physics.uwb.edu.pl\/wf\/?page_id=786&amp;lang=pl\">Fizyka gier komputerowych i robot\u00f3w<\/a><\/strong><\/figcaption><\/figure>\n<\/div>\n<\/div><\/div><div id=\"panel-776-0-1-1\" class=\"so-panel widget widget_sow-editor\" data-index=\"2\" ><div\n\t\t\t\n\t\t\tclass=\"so-widget-sow-editor so-widget-sow-editor-base\"\n\t\t\t\n\t\t>\n<div class=\"siteorigin-widget-tinymce textwidget\">\n\t<figure id=\"attachment_336\" aria-describedby=\"caption-attachment-336\" style=\"width: 300px\" class=\"wp-caption alignnone\"><a href=\"http:\/\/physics.uwb.edu.pl\/wf\/?page_id=355&amp;lang=pl\"><img loading=\"lazy\" decoding=\"async\" class=\"wp-image-336 size-medium\" src=\"http:\/\/physics.uwb.edu.pl\/wf\/wp-content\/uploads\/2016\/02\/fizyka_medyczna-300x300.png\" alt=\"\" width=\"300\" height=\"300\" srcset=\"https:\/\/physics.uwb.edu.pl\/wf\/wp-content\/uploads\/2016\/02\/fizyka_medyczna-300x300.png 300w, https:\/\/physics.uwb.edu.pl\/wf\/wp-content\/uploads\/2016\/02\/fizyka_medyczna-150x150.png 150w, https:\/\/physics.uwb.edu.pl\/wf\/wp-content\/uploads\/2016\/02\/fizyka_medyczna.png 360w\" sizes=\"auto, (max-width: 300px) 100vw, 300px\" \/><\/a><figcaption id=\"caption-attachment-336\" class=\"wp-caption-text\"><strong><a style=\"color: #ffffff;\" href=\"http:\/\/physics.uwb.edu.pl\/wf\/?page_id=355&amp;lang=pl\">Fizyka medyczna<\/a><\/strong><\/figcaption><\/figure>\n<\/div>\n<\/div><\/div><div id=\"panel-776-0-1-2\" class=\"so-panel widget widget_sow-editor panel-last-child\" data-index=\"3\" ><div\n\t\t\t\n\t\t\tclass=\"so-widget-sow-editor so-widget-sow-editor-base\"\n\t\t\t\n\t\t>\n<div class=\"siteorigin-widget-tinymce textwidget\">\n\t<figure id=\"attachment_334\" aria-describedby=\"caption-attachment-334\" style=\"width: 300px\" class=\"wp-caption alignnone\"><a href=\"http:\/\/physics.uwb.edu.pl\/wf\/?page_id=768&amp;lang=pl\"><img loading=\"lazy\" decoding=\"async\" class=\"wp-image-334 size-medium\" src=\"http:\/\/physics.uwb.edu.pl\/wf\/wp-content\/uploads\/2016\/02\/fizyka_ogolna-300x300.png\" alt=\"Fizyka o profilu og\u00f3lnym\" width=\"300\" height=\"300\" srcset=\"https:\/\/physics.uwb.edu.pl\/wf\/wp-content\/uploads\/2016\/02\/fizyka_ogolna-300x300.png 300w, https:\/\/physics.uwb.edu.pl\/wf\/wp-content\/uploads\/2016\/02\/fizyka_ogolna-150x150.png 150w, https:\/\/physics.uwb.edu.pl\/wf\/wp-content\/uploads\/2016\/02\/fizyka_ogolna.png 360w\" sizes=\"auto, (max-width: 300px) 100vw, 300px\" \/><\/a><figcaption id=\"caption-attachment-334\" class=\"wp-caption-text\"><strong><a style=\"color: #ffffff;\" href=\"http:\/\/physics.uwb.edu.pl\/wf\/?page_id=768&amp;lang=pl\">Fizyka o profilu og\u00f3lnym<\/a><\/strong><\/figcaption><\/figure>\n<\/div>\n<\/div><\/div><\/div><\/div><\/div>","protected":false},"excerpt":{"rendered":"<p>In\u017cynieria nowoczesnych materia\u0142\u00f3w (studia I-go stopnia)In\u017cynieria materia\u0142owa to dziedzina nauki i techniki o charakterze interdyscyplinarnym. Wykorzystuje nauki podstawowe (fizyk\u0119, chemi\u0119 i biologi\u0119) do doskonalenia w\u0142asno\u015bci materia\u0142\u00f3w. Urz\u0105dzenia pracuj\u0105ce w ekstremalnych <a href=\"https:\/\/physics.uwb.edu.pl\/wf\/?page_id=776\" class=\"more-link\">[&hellip;]<\/a><\/p>\n","protected":false},"author":2,"featured_media":0,"parent":164,"menu_order":0,"comment_status":"closed","ping_status":"closed","template":"","meta":{"ngg_post_thumbnail":0,"Layout":"1c","footnotes":""},"categories":[19],"tags":[],"class_list":["entry","author-dobrog","post-776","page","type-page","status-publish","category-kandydat_pl"],"jetpack_sharing_enabled":true,"jetpack_shortlink":"https:\/\/wp.me\/P7nvcn-cw","_links":{"self":[{"href":"https:\/\/physics.uwb.edu.pl\/wf\/index.php?rest_route=\/wp\/v2\/pages\/776","targetHints":{"allow":["GET"]}}],"collection":[{"href":"https:\/\/physics.uwb.edu.pl\/wf\/index.php?rest_route=\/wp\/v2\/pages"}],"about":[{"href":"https:\/\/physics.uwb.edu.pl\/wf\/index.php?rest_route=\/wp\/v2\/types\/page"}],"author":[{"embeddable":true,"href":"https:\/\/physics.uwb.edu.pl\/wf\/index.php?rest_route=\/wp\/v2\/users\/2"}],"replies":[{"embeddable":true,"href":"https:\/\/physics.uwb.edu.pl\/wf\/index.php?rest_route=%2Fwp%2Fv2%2Fcomments&post=776"}],"version-history":[{"count":16,"href":"https:\/\/physics.uwb.edu.pl\/wf\/index.php?rest_route=\/wp\/v2\/pages\/776\/revisions"}],"predecessor-version":[{"id":10063,"href":"https:\/\/physics.uwb.edu.pl\/wf\/index.php?rest_route=\/wp\/v2\/pages\/776\/revisions\/10063"}],"up":[{"embeddable":true,"href":"https:\/\/physics.uwb.edu.pl\/wf\/index.php?rest_route=\/wp\/v2\/pages\/164"}],"wp:attachment":[{"href":"https:\/\/physics.uwb.edu.pl\/wf\/index.php?rest_route=%2Fwp%2Fv2%2Fmedia&parent=776"}],"wp:term":[{"taxonomy":"category","embeddable":true,"href":"https:\/\/physics.uwb.edu.pl\/wf\/index.php?rest_route=%2Fwp%2Fv2%2Fcategories&post=776"},{"taxonomy":"post_tag","embeddable":true,"href":"https:\/\/physics.uwb.edu.pl\/wf\/index.php?rest_route=%2Fwp%2Fv2%2Ftags&post=776"}],"curies":[{"name":"wp","href":"https:\/\/api.w.org\/{rel}","templated":true}]}}