{"id":7763,"date":"2018-04-13T14:55:31","date_gmt":"2018-04-13T12:55:31","guid":{"rendered":"http:\/\/physics.uwb.edu.pl\/wf\/?page_id=7763"},"modified":"2018-04-16T09:20:37","modified_gmt":"2018-04-16T07:20:37","slug":"wizyta-licealistow-z-grodna-2","status":"publish","type":"page","link":"https:\/\/physics.uwb.edu.pl\/wf\/?page_id=7763","title":{"rendered":"Wizyta licealist\u00f3w z Grodna"},"content":{"rendered":"<p>W dniu 13.04.2018 r. go\u015bcili\u015bmy maturzyst\u00f3w z Polskiej Szko\u0142y Spo\u0142ecznej przy Zwi\u0105zku Polak\u00f3w na Bia\u0142orusi w Grodnie. M\u0142odzie\u017c pozna\u0142a&nbsp; zasady rekrutacji na Uniwersytecie obowi\u0105zuj\u0105ce w roku akademickim 2018\/2019. Odby\u0142o si\u0119 tak\u017ce zwiedzanie naszego Kampusu, a w nim Uniwersyteckiego Centrum Przyrodniczego. Dodatkowo dr. hab. Marek Niko\u0142ajuk wyg\u0142osi\u0142 wyk\u0142ad pt.: &#8220;Planety pozas\u0142oneczne&#8221; w auli Wydzia\u0142u Fizyki. Na koniec zagraniczni go\u015bcie odwiedzili Domu Studenta&#8230;<\/p>\n<p><img loading=\"lazy\" decoding=\"async\" class=\"size-medium wp-image-7768 aligncenter\" src=\"http:\/\/physics.uwb.edu.pl\/wf\/wp-content\/uploads\/2018\/04\/R\u00f3\u017cnorodno\u015b\u0107-planet-300x240.jpg\" alt=\"\" width=\"300\" height=\"240\" srcset=\"https:\/\/physics.uwb.edu.pl\/wf\/wp-content\/uploads\/2018\/04\/R\u00f3\u017cnorodno\u015b\u0107-planet-300x240.jpg 300w, https:\/\/physics.uwb.edu.pl\/wf\/wp-content\/uploads\/2018\/04\/R\u00f3\u017cnorodno\u015b\u0107-planet-150x120.jpg 150w, https:\/\/physics.uwb.edu.pl\/wf\/wp-content\/uploads\/2018\/04\/R\u00f3\u017cnorodno\u015b\u0107-planet.jpg 625w\" sizes=\"auto, (max-width: 300px) 100vw, 300px\" \/><\/p>\n<p style=\"text-align: center;\">(\u017ar\u00f3d\u0142o zdj\u0119cia: <a href=\"http:\/\/losyziemi.pl\/nasa-naukowcy-donosza-o-odkryciu-461-kolejnych-prawdopodobnych-planet-pozaslonecznych\">losyziemi.pl<\/a>)<\/p>\n","protected":false},"excerpt":{"rendered":"<p>W dniu 13.04.2018 r. go\u015bcili\u015bmy maturzyst\u00f3w z Polskiej Szko\u0142y Spo\u0142ecznej przy Zwi\u0105zku Polak\u00f3w na Bia\u0142orusi w Grodnie. M\u0142odzie\u017c pozna\u0142a&nbsp; zasady rekrutacji na Uniwersytecie obowi\u0105zuj\u0105ce w roku akademickim 2018\/2019. Odby\u0142o si\u0119 <a href=\"https:\/\/physics.uwb.edu.pl\/wf\/?page_id=7763\" class=\"more-link\">[&hellip;]<\/a><\/p>\n","protected":false},"author":5,"featured_media":7768,"parent":2744,"menu_order":0,"comment_status":"closed","ping_status":"closed","template":"","meta":{"ngg_post_thumbnail":0,"Layout":"1c","footnotes":""},"categories":[131],"tags":[],"class_list":["entry","author-gawryl","post-7763","page","type-page","status-publish","has-post-thumbnail","category-galeria_foto"],"jetpack_sharing_enabled":true,"jetpack_shortlink":"https:\/\/wp.me\/P7nvcn-21d","_links":{"self":[{"href":"https:\/\/physics.uwb.edu.pl\/wf\/index.php?rest_route=\/wp\/v2\/pages\/7763","targetHints":{"allow":["GET"]}}],"collection":[{"href":"https:\/\/physics.uwb.edu.pl\/wf\/index.php?rest_route=\/wp\/v2\/pages"}],"about":[{"href":"https:\/\/physics.uwb.edu.pl\/wf\/index.php?rest_route=\/wp\/v2\/types\/page"}],"author":[{"embeddable":true,"href":"https:\/\/physics.uwb.edu.pl\/wf\/index.php?rest_route=\/wp\/v2\/users\/5"}],"replies":[{"embeddable":true,"href":"https:\/\/physics.uwb.edu.pl\/wf\/index.php?rest_route=%2Fwp%2Fv2%2Fcomments&post=7763"}],"version-history":[{"count":2,"href":"https:\/\/physics.uwb.edu.pl\/wf\/index.php?rest_route=\/wp\/v2\/pages\/7763\/revisions"}],"predecessor-version":[{"id":7769,"href":"https:\/\/physics.uwb.edu.pl\/wf\/index.php?rest_route=\/wp\/v2\/pages\/7763\/revisions\/7769"}],"up":[{"embeddable":true,"href":"https:\/\/physics.uwb.edu.pl\/wf\/index.php?rest_route=\/wp\/v2\/pages\/2744"}],"wp:featuredmedia":[{"embeddable":true,"href":"https:\/\/physics.uwb.edu.pl\/wf\/index.php?rest_route=\/wp\/v2\/media\/7768"}],"wp:attachment":[{"href":"https:\/\/physics.uwb.edu.pl\/wf\/index.php?rest_route=%2Fwp%2Fv2%2Fmedia&parent=7763"}],"wp:term":[{"taxonomy":"category","embeddable":true,"href":"https:\/\/physics.uwb.edu.pl\/wf\/index.php?rest_route=%2Fwp%2Fv2%2Fcategories&post=7763"},{"taxonomy":"post_tag","embeddable":true,"href":"https:\/\/physics.uwb.edu.pl\/wf\/index.php?rest_route=%2Fwp%2Fv2%2Ftags&post=7763"}],"curies":[{"name":"wp","href":"https:\/\/api.w.org\/{rel}","templated":true}]}}