{"id":7792,"date":"2018-04-26T09:00:56","date_gmt":"2018-04-26T07:00:56","guid":{"rendered":"http:\/\/physics.uwb.edu.pl\/wf\/?page_id=7792"},"modified":"2018-05-11T09:54:38","modified_gmt":"2018-05-11T07:54:38","slug":"o-marianie-smoluchowskim-w-setna-rocznice-smierci-2-2-2-2-2-4-3-2-2-2","status":"publish","type":"page","link":"https:\/\/physics.uwb.edu.pl\/wf\/?page_id=7792","title":{"rendered":"4,5 mln z\u0142 na infrastruktur\u0119 badawcz\u0105 dla fizyk\u00f3w z UwB"},"content":{"rendered":"<div><img loading=\"lazy\" decoding=\"async\" class=\"aligncenter wp-image-7793 size-large\" src=\"http:\/\/physics.uwb.edu.pl\/wf\/wp-content\/uploads\/2018\/04\/uklad-laserowy-uwb-1024x631.jpg\" alt=\"\" width=\"1024\" height=\"631\" srcset=\"https:\/\/physics.uwb.edu.pl\/wf\/wp-content\/uploads\/2018\/04\/uklad-laserowy-uwb-1024x631.jpg 1024w, https:\/\/physics.uwb.edu.pl\/wf\/wp-content\/uploads\/2018\/04\/uklad-laserowy-uwb-150x93.jpg 150w, https:\/\/physics.uwb.edu.pl\/wf\/wp-content\/uploads\/2018\/04\/uklad-laserowy-uwb-300x185.jpg 300w, https:\/\/physics.uwb.edu.pl\/wf\/wp-content\/uploads\/2018\/04\/uklad-laserowy-uwb-811x500.jpg 811w, https:\/\/physics.uwb.edu.pl\/wf\/wp-content\/uploads\/2018\/04\/uklad-laserowy-uwb.jpg 1980w\" sizes=\"auto, (max-width: 1024px) 100vw, 1024px\" \/><\/div>\n<div>Laboratorium z systemem do bada\u0144 ultraszybkiej opto-spintroniki i femtosekundowego obrazowania fotomagnetycznego powstanie w Zak\u0142adzie Fizyki Magnetyk\u00f3w na Wydziale Fizyki Uniwersytetu w Bia\u0142ymstoku. Na realizacj\u0119 tej inwestycji uczelnia otrzyma\u0142a z Ministerstwa Nauki i Szkolnictwa Wy\u017cszego dotacj\u0119 celow\u0105 w wysoko\u015bci 4,5 mln z\u0142.<\/div>\n<div>W sk\u0142ad systemu wejd\u0105 nowoczesne lasery i wzmacniacze femtosekundowe, spektrometry optyczne oraz uk\u0142ady do opto-magnetoelektrycznej generacji i detekcji sygna\u0142\u00f3w. Dzi\u0119ki nowej aparaturze b\u0119d\u0105 prowadzone badania naukowe oraz prace rozwojowe w szerokiej wsp\u00f3\u0142pracy krajowej i mi\u0119dzynarodowej. Sprz\u0119t ten b\u0119dzie stanowi\u0142 istotne wsparcie m.in. przy realizacji badawczo-rozwojowego projektu TEAM (finansowanego z Fundacji na rzecz Nauki Polskiej), pt. \u201eInnowacyjna technologia zimnego ultraszybkiego zapisu fotomagnetycznego oraz nowe podej\u015bcie do ultraszybkiej opto-spintroniki\u201d, kt\u00f3rym kieruje dr hab. Andrzej Stupakiewicz, prof. UwB. Nowa aparatura b\u0119dzie r\u00f3wnie\u017c wykorzystana do badania wzbudze\u0144 magnon\u00f3w w ramach realizacji, uruchamianego obecnie przez dr hab. Ryszarda Gieniusza, prof. UwB, polsko-niemieckiego projektu Beethoven : \u201eDynamika \u015bciany domenowej i w\u0142a\u015bciwo\u015bci magnetycznej tekstury w warstwach magnetycznych z oddzia\u0142ywaniem typu Dzyaloshinskii-Moriya\u201d.<\/div>\n<div>&nbsp;<\/div>\n<div>Nowy system b\u0119dzie uzupe\u0142nieniem obecnej bazy aparaturowej Wydzia\u0142u Fizyki, co umo\u017cliwi prowadzenie w spos\u00f3b kompleksowy prac badawczo-rozwojowych maj\u0105cych na celu opracowanie nowatorskiej technologii fotomagnetycznego zapisu informacji. Aparatura zostanie te\u017c wykorzystana do prowadzenia unikatowych w skali \u015bwiatowej bada\u0144 w zakresie nowych zjawisk wsp\u00f3\u0142czesnej fizyki w skali nano-metr\u00f3w, w czasie femto-sekund oraz na poziomie atto-d\u017culi.<\/div>\n<div class=\"wcag-font\">\n<p>&nbsp;<\/p>\n<\/div>\n","protected":false},"excerpt":{"rendered":"<p>Laboratorium z systemem do bada\u0144 ultraszybkiej opto-spintroniki i femtosekundowego obrazowania fotomagnetycznego powstanie w Zak\u0142adzie Fizyki Magnetyk\u00f3w na Wydziale Fizyki Uniwersytetu w Bia\u0142ymstoku. Na realizacj\u0119 tej inwestycji uczelnia otrzyma\u0142a z Ministerstwa <a href=\"https:\/\/physics.uwb.edu.pl\/wf\/?page_id=7792\" class=\"more-link\">[&hellip;]<\/a><\/p>\n","protected":false},"author":14,"featured_media":7793,"parent":713,"menu_order":0,"comment_status":"closed","ping_status":"closed","template":"","meta":{"ngg_post_thumbnail":0,"Layout":"","footnotes":""},"categories":[69],"tags":[],"class_list":["entry","author-ulag","post-7792","page","type-page","status-publish","has-post-thumbnail","category-seminarium_pl"],"jetpack_sharing_enabled":true,"jetpack_shortlink":"https:\/\/wp.me\/P7nvcn-21G","_links":{"self":[{"href":"https:\/\/physics.uwb.edu.pl\/wf\/index.php?rest_route=\/wp\/v2\/pages\/7792","targetHints":{"allow":["GET"]}}],"collection":[{"href":"https:\/\/physics.uwb.edu.pl\/wf\/index.php?rest_route=\/wp\/v2\/pages"}],"about":[{"href":"https:\/\/physics.uwb.edu.pl\/wf\/index.php?rest_route=\/wp\/v2\/types\/page"}],"author":[{"embeddable":true,"href":"https:\/\/physics.uwb.edu.pl\/wf\/index.php?rest_route=\/wp\/v2\/users\/14"}],"replies":[{"embeddable":true,"href":"https:\/\/physics.uwb.edu.pl\/wf\/index.php?rest_route=%2Fwp%2Fv2%2Fcomments&post=7792"}],"version-history":[{"count":4,"href":"https:\/\/physics.uwb.edu.pl\/wf\/index.php?rest_route=\/wp\/v2\/pages\/7792\/revisions"}],"predecessor-version":[{"id":7797,"href":"https:\/\/physics.uwb.edu.pl\/wf\/index.php?rest_route=\/wp\/v2\/pages\/7792\/revisions\/7797"}],"up":[{"embeddable":true,"href":"https:\/\/physics.uwb.edu.pl\/wf\/index.php?rest_route=\/wp\/v2\/pages\/713"}],"wp:featuredmedia":[{"embeddable":true,"href":"https:\/\/physics.uwb.edu.pl\/wf\/index.php?rest_route=\/wp\/v2\/media\/7793"}],"wp:attachment":[{"href":"https:\/\/physics.uwb.edu.pl\/wf\/index.php?rest_route=%2Fwp%2Fv2%2Fmedia&parent=7792"}],"wp:term":[{"taxonomy":"category","embeddable":true,"href":"https:\/\/physics.uwb.edu.pl\/wf\/index.php?rest_route=%2Fwp%2Fv2%2Fcategories&post=7792"},{"taxonomy":"post_tag","embeddable":true,"href":"https:\/\/physics.uwb.edu.pl\/wf\/index.php?rest_route=%2Fwp%2Fv2%2Ftags&post=7792"}],"curies":[{"name":"wp","href":"https:\/\/api.w.org\/{rel}","templated":true}]}}