{"id":7800,"date":"2018-04-25T09:31:39","date_gmt":"2018-04-25T07:31:39","guid":{"rendered":"http:\/\/physics.uwb.edu.pl\/wf\/?page_id=7800"},"modified":"2019-02-06T14:54:54","modified_gmt":"2019-02-06T13:54:54","slug":"o-marianie-smoluchowskim-w-setna-rocznice-smierci-2-2-2-2-2-4-3-2-2-2","status":"publish","type":"page","link":"https:\/\/physics.uwb.edu.pl\/wf\/?page_id=7800","title":{"rendered":"Czy dystrybucje s\u0105 przydatnym narz\u0119dziem pracy dla fizyka teoretyka?"},"content":{"rendered":"<h3 style=\"text-align: left\"><strong>Seminarium wydzia\u0142owe<br \/>\n<\/strong><\/h3>\n<p style=\"text-align: left\">Dnia 2018-05-08 o godzinie 12:15 w sali 2011 Wydzia\u0142u Fizyki UwB odb\u0119dzie si\u0119 seminarium, na kt\u00f3rym&nbsp;<strong> dr hab. Jerzy Przeszowski <\/strong>z Zak\u0142adu Teorii Pola Wydzia\u0142u Fizyki UwB wyg\u0142osi wyk\u0142ad pt:<\/p>\n<p>&nbsp;<\/p>\n<h3 style=\"text-align: center\">&#8220;<strong>Czy dystrybucje s\u0105 przydatnym <\/strong><strong>narz\u0119dziem pracy dla <\/strong><strong>fizyka teoretyka?<\/strong>&#8220;<\/h3>\n<p>&nbsp;<\/p>\n<p>Dystrybucje s\u0105 cz\u0119sto uwa\u017cane za ekstrawagancj\u0119 matematyczn\u0105, bez kt\u00f3rej fizyk teoretyk mo\u017ce si\u0119 oby\u0107, je\u017celi pragnie wyt\u0142umaczy\u0107 lub przewidzie\u0107 wyniki eksperymentu. Szczeg\u00f3lnie dziwn\u0105 s\u0142aw\u0105-nies\u0142aw\u0105 ciesz\u0105 si\u0119 dystrybucje temperowane, kt\u00f3re nawet w podr\u0119cznikach o zastosowaniu dystrybucji w fizyce, s\u0105 co najmniej niedoceniane. Zostan\u0105 przedstawione dwa proste przyk\u0142ady, gdy poprawne zastosowanie dystrybucji rozwi\u0105zuje ci\u0105gn\u0105ce si\u0119 latami rozwa\u017cania i b\u0142\u0119dne interpretacje zjawisk\/obserwacji fizycznych.<\/p>\n<p>&nbsp;<\/p>\n<p>&nbsp;<\/p>\n<p style=\"text-align: right\">Serdecznie zapraszamy<\/p>\n<p style=\"text-align: right\"><strong>Piotr Jaranowski i Jerzy Przeszowski<br \/>\n<\/strong><\/p>\n<p>&nbsp;<\/p>\n","protected":false},"excerpt":{"rendered":"<p>Seminarium wydzia\u0142owe Dnia 2018-05-08 o godzinie 12:15 w sali 2011 Wydzia\u0142u Fizyki UwB odb\u0119dzie si\u0119 seminarium, na kt\u00f3rym&nbsp; dr hab. Jerzy Przeszowski z Zak\u0142adu Teorii Pola Wydzia\u0142u Fizyki UwB wyg\u0142osi <a href=\"https:\/\/physics.uwb.edu.pl\/wf\/?page_id=7800\" class=\"more-link\">[&hellip;]<\/a><\/p>\n","protected":false},"author":14,"featured_media":3366,"parent":822,"menu_order":0,"comment_status":"closed","ping_status":"closed","template":"","meta":{"ngg_post_thumbnail":0,"Layout":"","footnotes":""},"categories":[69],"tags":[],"class_list":["entry","author-ulag","post-7800","page","type-page","status-publish","has-post-thumbnail","category-seminarium_pl"],"jetpack_sharing_enabled":true,"jetpack_shortlink":"https:\/\/wp.me\/P7nvcn-21O","_links":{"self":[{"href":"https:\/\/physics.uwb.edu.pl\/wf\/index.php?rest_route=\/wp\/v2\/pages\/7800","targetHints":{"allow":["GET"]}}],"collection":[{"href":"https:\/\/physics.uwb.edu.pl\/wf\/index.php?rest_route=\/wp\/v2\/pages"}],"about":[{"href":"https:\/\/physics.uwb.edu.pl\/wf\/index.php?rest_route=\/wp\/v2\/types\/page"}],"author":[{"embeddable":true,"href":"https:\/\/physics.uwb.edu.pl\/wf\/index.php?rest_route=\/wp\/v2\/users\/14"}],"replies":[{"embeddable":true,"href":"https:\/\/physics.uwb.edu.pl\/wf\/index.php?rest_route=%2Fwp%2Fv2%2Fcomments&post=7800"}],"version-history":[{"count":3,"href":"https:\/\/physics.uwb.edu.pl\/wf\/index.php?rest_route=\/wp\/v2\/pages\/7800\/revisions"}],"predecessor-version":[{"id":7835,"href":"https:\/\/physics.uwb.edu.pl\/wf\/index.php?rest_route=\/wp\/v2\/pages\/7800\/revisions\/7835"}],"up":[{"embeddable":true,"href":"https:\/\/physics.uwb.edu.pl\/wf\/index.php?rest_route=\/wp\/v2\/pages\/822"}],"wp:featuredmedia":[{"embeddable":true,"href":"https:\/\/physics.uwb.edu.pl\/wf\/index.php?rest_route=\/wp\/v2\/media\/3366"}],"wp:attachment":[{"href":"https:\/\/physics.uwb.edu.pl\/wf\/index.php?rest_route=%2Fwp%2Fv2%2Fmedia&parent=7800"}],"wp:term":[{"taxonomy":"category","embeddable":true,"href":"https:\/\/physics.uwb.edu.pl\/wf\/index.php?rest_route=%2Fwp%2Fv2%2Fcategories&post=7800"},{"taxonomy":"post_tag","embeddable":true,"href":"https:\/\/physics.uwb.edu.pl\/wf\/index.php?rest_route=%2Fwp%2Fv2%2Ftags&post=7800"}],"curies":[{"name":"wp","href":"https:\/\/api.w.org\/{rel}","templated":true}]}}