{"id":7867,"date":"2018-05-18T13:21:57","date_gmt":"2018-05-18T11:21:57","guid":{"rendered":"http:\/\/physics.uwb.edu.pl\/wf\/?page_id=7867"},"modified":"2021-03-10T12:01:08","modified_gmt":"2021-03-10T11:01:08","slug":"studenci-2-2","status":"publish","type":"page","link":"https:\/\/physics.uwb.edu.pl\/wf\/?page_id=7867","title":{"rendered":"Doktoranci"},"content":{"rendered":"<ul>\n<li style=\"text-align: left;\"><a href=\"http:\/\/physics.uwb.edu.pl\/wf\/?page_id=7930\">Stypendia<\/a><\/li>\n<li><a href=\"http:\/\/physics.uwb.edu.pl\/wf\/?page_id=7572\">Plany studi\u00f3w<\/a><\/li>\n<li style=\"text-align: left;\"><a href=\"http:\/\/physics.uwb.edu.pl\/wf\/?page_id=7991\">Regulaminy<\/a><\/li>\n<li><a href=\"http:\/\/physics.uwb.edu.pl\/main\/fizyka\/doktoraty\/regulaminPD.pdf\">Regulamin przeprowadzania czynno\u015bci w przewodach doktorskich<\/a><\/li>\n<\/ul>\n<h4>Kierownik studi\u00f3w doktoranckich:<\/h4>\n<p>dr. hab Dariusz Satu\u0142a, prof UwB<br \/>\nPok\u00f3j: 1055<br \/>\nTelefon: 85 738 81 67<br \/>\nE-mail: d.satula@uwb.edu.pl<\/p>\n<p><b>Pracownik dziekanatu ds. studi\u00f3w doktoranckich:<\/b><br \/>\nmgr Urszula Guzowska<br \/>\nPok\u00f3j: 2019<br \/>\nTelefon: 85 745 8164<br \/>\nE-mail: <a href=\"mailto:u.guzowska@uwb.edu.pl\">u.guzowska@uwb.edu.pl<\/a><\/p>\n","protected":false},"excerpt":{"rendered":"<p>Stypendia Plany studi\u00f3w Regulaminy Regulamin przeprowadzania czynno\u015bci w przewodach doktorskich Kierownik studi\u00f3w doktoranckich: dr. hab Dariusz Satu\u0142a, prof UwB Pok\u00f3j: 1055 Telefon: 85 738 81 67 E-mail: d.satula@uwb.edu.pl Pracownik dziekanatu <a href=\"https:\/\/physics.uwb.edu.pl\/wf\/?page_id=7867\" class=\"more-link\">[&hellip;]<\/a><\/p>\n","protected":false},"author":14,"featured_media":303,"parent":38,"menu_order":0,"comment_status":"closed","ping_status":"closed","template":"","meta":{"ngg_post_thumbnail":0,"Layout":"1c","footnotes":""},"categories":[166,23,3],"tags":[],"class_list":["entry","author-ulag","post-7867","page","type-page","status-publish","has-post-thumbnail","category-edukacyjne","category-student_pl","category-wydzialowe_pl"],"jetpack_sharing_enabled":true,"jetpack_shortlink":"https:\/\/wp.me\/P7nvcn-22T","_links":{"self":[{"href":"https:\/\/physics.uwb.edu.pl\/wf\/index.php?rest_route=\/wp\/v2\/pages\/7867","targetHints":{"allow":["GET"]}}],"collection":[{"href":"https:\/\/physics.uwb.edu.pl\/wf\/index.php?rest_route=\/wp\/v2\/pages"}],"about":[{"href":"https:\/\/physics.uwb.edu.pl\/wf\/index.php?rest_route=\/wp\/v2\/types\/page"}],"author":[{"embeddable":true,"href":"https:\/\/physics.uwb.edu.pl\/wf\/index.php?rest_route=\/wp\/v2\/users\/14"}],"replies":[{"embeddable":true,"href":"https:\/\/physics.uwb.edu.pl\/wf\/index.php?rest_route=%2Fwp%2Fv2%2Fcomments&post=7867"}],"version-history":[{"count":12,"href":"https:\/\/physics.uwb.edu.pl\/wf\/index.php?rest_route=\/wp\/v2\/pages\/7867\/revisions"}],"predecessor-version":[{"id":11920,"href":"https:\/\/physics.uwb.edu.pl\/wf\/index.php?rest_route=\/wp\/v2\/pages\/7867\/revisions\/11920"}],"up":[{"embeddable":true,"href":"https:\/\/physics.uwb.edu.pl\/wf\/index.php?rest_route=\/wp\/v2\/pages\/38"}],"wp:featuredmedia":[{"embeddable":true,"href":"https:\/\/physics.uwb.edu.pl\/wf\/index.php?rest_route=\/wp\/v2\/media\/303"}],"wp:attachment":[{"href":"https:\/\/physics.uwb.edu.pl\/wf\/index.php?rest_route=%2Fwp%2Fv2%2Fmedia&parent=7867"}],"wp:term":[{"taxonomy":"category","embeddable":true,"href":"https:\/\/physics.uwb.edu.pl\/wf\/index.php?rest_route=%2Fwp%2Fv2%2Fcategories&post=7867"},{"taxonomy":"post_tag","embeddable":true,"href":"https:\/\/physics.uwb.edu.pl\/wf\/index.php?rest_route=%2Fwp%2Fv2%2Ftags&post=7867"}],"curies":[{"name":"wp","href":"https:\/\/api.w.org\/{rel}","templated":true}]}}