{"id":7869,"date":"2018-05-09T09:58:01","date_gmt":"2018-05-09T07:58:01","guid":{"rendered":"http:\/\/physics.uwb.edu.pl\/wf\/?page_id=7869"},"modified":"2019-02-06T14:53:32","modified_gmt":"2019-02-06T13:53:32","slug":"o-marianie-smoluchowskim-w-setna-rocznice-smierci-2-2-2-2-2-4-3-2-2-2-2-2","status":"publish","type":"page","link":"https:\/\/physics.uwb.edu.pl\/wf\/?page_id=7869","title":{"rendered":"Darmowy podr\u0119cznik &#8220;Fizyka dla szk\u00f3\u0142 wy\u017cszych&#8221;"},"content":{"rendered":"<h3><strong>Seminarium wydzia\u0142owe<br \/>\n<\/strong><\/h3>\n<p align=\"justify\">Dnia 2018-05-15 o godzinie 12:15 w sali 2011 Wydzia\u0142u Fizyki UwB odb\u0119dzie si\u0119 seminarium, na kt\u00f3rym<strong> mgr Paulina Szczuci\u0144ska<\/strong> z fundacji Katalyst Education, partner OpenStax przy Rice University wyg\u0142osi wyk\u0142ad pt:<\/p>\n<p>&nbsp;<\/p>\n<h3 style=\"text-align: center\">Darmowy podr\u0119cznik &#8220;Fizyka dla szk\u00f3\u0142 wy\u017cszych&#8221;<\/h3>\n<p>&nbsp;<\/p>\n<p align=\"justify\">Na czym polega fenomen tworzenia darmowych podr\u0119cznik\u00f3w akademickich wysokiej jako\u015bci? Kto po\u015bwi\u0119ca czas i nak\u0142ady finansowe, \u017ceby tworzy\u0107 ksi\u0105\u017cki dost\u0119pne za darmo? Dlaczego podr\u0119czniki te mo\u017cna legalnie pobiera\u0107, modyfikowa\u0107 ich kopie i je publikowa\u0107? Opowiem o tym na przyk\u0142adzie darmowego podr\u0119cznika \u201eFizyka dla szk\u00f3\u0142 wy\u017cszych&#8221;, kt\u00f3ry jest polsk\u0105 adaptacj\u0105 podr\u0119cznika \u201eUniversity Physics&#8221; wydanego przez OpenStax w USA. Z angloj\u0119zycznej wersji opublikowanej w 2016 roku korzysta ju\u017c 411 szk\u00f3\u0142 wy\u017cszych. Podczas seminarium dowiedz\u0105 si\u0119 te\u017c Pa\u0144stwo, czym podr\u0119cznik \u201eFizyka dla szk\u00f3\u0142 wy\u017cszych&#8221; wyr\u00f3\u017cnia si\u0119 spo\u015br\u00f3d dost\u0119pnej oferty podr\u0119cznik\u00f3w do fizyki i dlaczego warto poleca\u0107 go studentom.<\/p>\n<p>&nbsp;<\/p>\n<p style=\"text-align: right\">Serdecznie zapraszam<\/p>\n<p style=\"text-align: right\"><strong>Marek Niko\u0142ajuk i Jerzy Przeszowski<br \/>\n<\/strong><\/p>\n<p>&nbsp;<\/p>\n","protected":false},"excerpt":{"rendered":"<p>Seminarium wydzia\u0142owe Dnia 2018-05-15 o godzinie 12:15 w sali 2011 Wydzia\u0142u Fizyki UwB odb\u0119dzie si\u0119 seminarium, na kt\u00f3rym mgr Paulina Szczuci\u0144ska z fundacji Katalyst Education, partner OpenStax przy Rice University <a href=\"https:\/\/physics.uwb.edu.pl\/wf\/?page_id=7869\" class=\"more-link\">[&hellip;]<\/a><\/p>\n","protected":false},"author":14,"featured_media":3366,"parent":822,"menu_order":0,"comment_status":"closed","ping_status":"closed","template":"","meta":{"ngg_post_thumbnail":0,"Layout":"","footnotes":""},"categories":[69],"tags":[],"class_list":["entry","author-ulag","post-7869","page","type-page","status-publish","has-post-thumbnail","category-seminarium_pl"],"jetpack_sharing_enabled":true,"jetpack_shortlink":"https:\/\/wp.me\/P7nvcn-22V","_links":{"self":[{"href":"https:\/\/physics.uwb.edu.pl\/wf\/index.php?rest_route=\/wp\/v2\/pages\/7869","targetHints":{"allow":["GET"]}}],"collection":[{"href":"https:\/\/physics.uwb.edu.pl\/wf\/index.php?rest_route=\/wp\/v2\/pages"}],"about":[{"href":"https:\/\/physics.uwb.edu.pl\/wf\/index.php?rest_route=\/wp\/v2\/types\/page"}],"author":[{"embeddable":true,"href":"https:\/\/physics.uwb.edu.pl\/wf\/index.php?rest_route=\/wp\/v2\/users\/14"}],"replies":[{"embeddable":true,"href":"https:\/\/physics.uwb.edu.pl\/wf\/index.php?rest_route=%2Fwp%2Fv2%2Fcomments&post=7869"}],"version-history":[{"count":4,"href":"https:\/\/physics.uwb.edu.pl\/wf\/index.php?rest_route=\/wp\/v2\/pages\/7869\/revisions"}],"predecessor-version":[{"id":9213,"href":"https:\/\/physics.uwb.edu.pl\/wf\/index.php?rest_route=\/wp\/v2\/pages\/7869\/revisions\/9213"}],"up":[{"embeddable":true,"href":"https:\/\/physics.uwb.edu.pl\/wf\/index.php?rest_route=\/wp\/v2\/pages\/822"}],"wp:featuredmedia":[{"embeddable":true,"href":"https:\/\/physics.uwb.edu.pl\/wf\/index.php?rest_route=\/wp\/v2\/media\/3366"}],"wp:attachment":[{"href":"https:\/\/physics.uwb.edu.pl\/wf\/index.php?rest_route=%2Fwp%2Fv2%2Fmedia&parent=7869"}],"wp:term":[{"taxonomy":"category","embeddable":true,"href":"https:\/\/physics.uwb.edu.pl\/wf\/index.php?rest_route=%2Fwp%2Fv2%2Fcategories&post=7869"},{"taxonomy":"post_tag","embeddable":true,"href":"https:\/\/physics.uwb.edu.pl\/wf\/index.php?rest_route=%2Fwp%2Fv2%2Ftags&post=7869"}],"curies":[{"name":"wp","href":"https:\/\/api.w.org\/{rel}","templated":true}]}}