{"id":7921,"date":"2018-06-04T10:50:55","date_gmt":"2018-06-04T08:50:55","guid":{"rendered":"http:\/\/physics.uwb.edu.pl\/wf\/?page_id=7921"},"modified":"2018-06-12T20:22:00","modified_gmt":"2018-06-12T18:22:00","slug":"o-marianie-smoluchowskim-w-setna-rocznice-smierci-2-2-2-2-2-4-3-2-2-2-2-2-2-2-2","status":"publish","type":"page","link":"https:\/\/physics.uwb.edu.pl\/wf\/?page_id=7921","title":{"rendered":"Fizycy UwB w europejskim konsorcjum COST"},"content":{"rendered":"<p align=\"justify\"><img loading=\"lazy\" decoding=\"async\" class=\"aligncenter wp-image-7923 \" src=\"http:\/\/physics.uwb.edu.pl\/wf\/wp-content\/uploads\/2018\/05\/COST_LOGO_HighRes-1024x481.jpg\" alt=\"\" width=\"556\" height=\"261\" srcset=\"https:\/\/physics.uwb.edu.pl\/wf\/wp-content\/uploads\/2018\/05\/COST_LOGO_HighRes-1024x481.jpg 1024w, https:\/\/physics.uwb.edu.pl\/wf\/wp-content\/uploads\/2018\/05\/COST_LOGO_HighRes-150x70.jpg 150w, https:\/\/physics.uwb.edu.pl\/wf\/wp-content\/uploads\/2018\/05\/COST_LOGO_HighRes-300x141.jpg 300w, https:\/\/physics.uwb.edu.pl\/wf\/wp-content\/uploads\/2018\/05\/COST_LOGO_HighRes-1025x481.jpg 1025w\" sizes=\"auto, (max-width: 556px) 100vw, 556px\" \/><\/p>\n<p align=\"justify\">Na Wydziale Fizyki Uniwersytetu w Bia\u0142ymstoku, w Zak\u0142adzie Fizyki Magnetyk\u00f3w, b\u0119dzie realizowany nowy projekt Europejskiego Programu Wsp\u00f3\u0142pracy Naukowo-Technicznej (European Cooperation in Science &amp; Technology &#8211; COST). To wsp\u00f3lna inicjatywa mi\u0119dzynarodowego konsorcjum, kt\u00f3r\u0105 koordynowa\u0107 b\u0119dzie Radboud University z Holandii. Kierownikiem prac realizowanych przez polskich naukowc\u00f3w b\u0119dzie dr hab. Andrzej Stupakiewicz, prof. UwB.<\/p>\n<p align=\"justify\">Tytu\u0142 projektu to \u201eUltrafast opto-magneto-electronics for non-dissipative information technology\u201d. Jego celem jest utworzenie og\u00f3lnoeuropejskiej sieci jednostek naukowych oraz przemys\u0142owych, do integracji dzia\u0142a\u0144 w celu opracowania nowej technologii opto-magnetycznego zapisu i przetwarzania informacji.<\/p>\n<p align=\"justify\">&#8211; <em>Ten projekt pozwoli na wi\u0119ksz\u0105 integracj\u0119 mi\u0119dzynarodowego \u015brodowiska naukowo-technicznego w jednym z najbardziej innowacyjnych obszar\u00f3w nauki, zwi\u0105zanych z technologiami informatycznymi<\/em> \u2013 m\u00f3wi dr hab. Andrzej Stupakiewicz, prof. UwB. \u2013 <em>Dlatego to wa\u017cne, \u017ce do niego do\u0142\u0105czyli\u015bmy. Nasz bia\u0142ostocki zesp\u00f3\u0142 b\u0119dzie realizowa\u0142 zadania zwi\u0105zane z badaniem proces\u00f3w dynamiki magnetyzacji w skali femtosekund oraz zimnego zapisu fotomagnetycznego, z wykorzystaniem ultrakr\u00f3tkich impuls\u00f3w \u015bwiat\u0142a oraz pr\u0105du elektrycznego.<\/em><\/p>\n<p>Konsorcjum b\u0119dzie sk\u0142ada\u0142o si\u0119 z 33 jednostek z 22 kraj\u00f3w europejskich. Fundusze COST b\u0119d\u0105 wykorzystane na organizacj\u0119 konferencji, spotka\u0144, szkole\u0144, kr\u00f3tkich wymian naukowych w&nbsp;zakresie temat\u00f3w zwi\u0105zanych z ultraszybkim magnetyzmem i spintronik\u0105.<\/p>\n<p>Szczeg\u00f3\u0142owe informacje na temat programu COST mo\u017cna znale\u017a\u0107 pod adresem <a href=\"http:\/\/www.cost.eu\/\">http:\/\/www.cost.eu\/<\/a>.<\/p>\n","protected":false},"excerpt":{"rendered":"<p>Na Wydziale Fizyki Uniwersytetu w Bia\u0142ymstoku, w Zak\u0142adzie Fizyki Magnetyk\u00f3w, b\u0119dzie realizowany nowy projekt Europejskiego Programu Wsp\u00f3\u0142pracy Naukowo-Technicznej (European Cooperation in Science &amp; Technology &#8211; COST). To wsp\u00f3lna inicjatywa mi\u0119dzynarodowego <a href=\"https:\/\/physics.uwb.edu.pl\/wf\/?page_id=7921\" class=\"more-link\">[&hellip;]<\/a><\/p>\n","protected":false},"author":14,"featured_media":7923,"parent":713,"menu_order":0,"comment_status":"closed","ping_status":"closed","template":"","meta":{"ngg_post_thumbnail":0,"Layout":"","footnotes":""},"categories":[35,27],"tags":[],"class_list":["entry","author-ulag","post-7921","page","type-page","status-publish","has-post-thumbnail","category-popularyzacja_pl","category-post_news_pl"],"jetpack_sharing_enabled":true,"jetpack_shortlink":"https:\/\/wp.me\/P7nvcn-23L","_links":{"self":[{"href":"https:\/\/physics.uwb.edu.pl\/wf\/index.php?rest_route=\/wp\/v2\/pages\/7921","targetHints":{"allow":["GET"]}}],"collection":[{"href":"https:\/\/physics.uwb.edu.pl\/wf\/index.php?rest_route=\/wp\/v2\/pages"}],"about":[{"href":"https:\/\/physics.uwb.edu.pl\/wf\/index.php?rest_route=\/wp\/v2\/types\/page"}],"author":[{"embeddable":true,"href":"https:\/\/physics.uwb.edu.pl\/wf\/index.php?rest_route=\/wp\/v2\/users\/14"}],"replies":[{"embeddable":true,"href":"https:\/\/physics.uwb.edu.pl\/wf\/index.php?rest_route=%2Fwp%2Fv2%2Fcomments&post=7921"}],"version-history":[{"count":1,"href":"https:\/\/physics.uwb.edu.pl\/wf\/index.php?rest_route=\/wp\/v2\/pages\/7921\/revisions"}],"predecessor-version":[{"id":7924,"href":"https:\/\/physics.uwb.edu.pl\/wf\/index.php?rest_route=\/wp\/v2\/pages\/7921\/revisions\/7924"}],"up":[{"embeddable":true,"href":"https:\/\/physics.uwb.edu.pl\/wf\/index.php?rest_route=\/wp\/v2\/pages\/713"}],"wp:featuredmedia":[{"embeddable":true,"href":"https:\/\/physics.uwb.edu.pl\/wf\/index.php?rest_route=\/wp\/v2\/media\/7923"}],"wp:attachment":[{"href":"https:\/\/physics.uwb.edu.pl\/wf\/index.php?rest_route=%2Fwp%2Fv2%2Fmedia&parent=7921"}],"wp:term":[{"taxonomy":"category","embeddable":true,"href":"https:\/\/physics.uwb.edu.pl\/wf\/index.php?rest_route=%2Fwp%2Fv2%2Fcategories&post=7921"},{"taxonomy":"post_tag","embeddable":true,"href":"https:\/\/physics.uwb.edu.pl\/wf\/index.php?rest_route=%2Fwp%2Fv2%2Ftags&post=7921"}],"curies":[{"name":"wp","href":"https:\/\/api.w.org\/{rel}","templated":true}]}}