{"id":7930,"date":"2018-05-22T11:43:24","date_gmt":"2018-05-22T09:43:24","guid":{"rendered":"http:\/\/physics.uwb.edu.pl\/wf\/?page_id=7930"},"modified":"2019-10-22T11:35:43","modified_gmt":"2019-10-22T09:35:43","slug":"studenci-2","status":"publish","type":"page","link":"https:\/\/physics.uwb.edu.pl\/wf\/?page_id=7930","title":{"rendered":"Stypendia"},"content":{"rendered":"<h2>Stypendium socjalne:<\/h2>\n<p>Informacje na temat stypendium socjalnego znajduje si\u0119 na stronie: <a href=\"https:\/\/uwb.edu.pl\/stypendia-studenci-3998\">https:\/\/uwb.edu.pl\/stypendia-studenci-3998<\/a><\/p>\n<h2>Stypendium doktoranckie i projako\u015bciowe:<\/h2>\n<ul>\n<li><a href=\"http:\/\/physics.uwb.edu.pl\/wf\/wp-content\/uploads\/2018\/05\/wniosek_styp_doktoranckie.pdf\">Wniosek o przyznanie stypendium doktoranckiego<\/a><\/li>\n<\/ul>\n<ol>\n<li>Liczba stypendi\u00f3w doktoranckich i wysoko\u015bci stypendium doktoranckiego dla studi\u00f3w doktoranckich w roku akademickim 2017\/2018<\/li>\n<\/ol>\n<p>&nbsp;<\/p>\n<ul>\n<li><a href=\"http:\/\/physics.uwb.edu.pl\/wf\/wp-content\/uploads\/2018\/05\/wniosek_zwiekszenie_styp.pdf\">Wniosek o zwi\u0119kszenie stypendium doktoranckiego z dotacji projako\u015bciowej&nbsp;<\/a><\/li>\n<\/ul>\n<ol>\n<li><a href=\"http:\/\/physics.uwb.edu.pl\/wf\/wp-content\/uploads\/2018\/05\/styp8.pdf\">Regulamin zwi\u0119kszenia stypendium doktoranckiego z dotacji projako\u015bciowej w Uniwersytecie w Bia\u0142ymstoku<\/a><\/li>\n<\/ol>\n<h2>Stypendia Ministra doktorant\u00f3w za wybitne osi\u0105gni\u0119cia naukowe:<\/h2>\n<div><a href=\"http:\/\/uwb.edu.pl\/stypendium-ministra-za-wybitne-osiagniecia\">Wytyczne dotycz\u0105ce sposobu oceny wniosk\u00f3w o przyznanie stypendium ministra za wybitne osi\u0105gni\u0119cia dla doktorant\u00f3w przez Zesp\u00f3\u0142 do spraw oceny wniosk\u00f3w o przyznanie stypendium ministra za wybitne osi\u0105gni\u0119cia.<\/a><\/div>\n<h2>Inne programy stypendialne:<\/h2>\n<p><a href=\"https:\/\/www.nauka.gov.pl\/strumienie-finansowania-dla-doktorantow\/\">Strumienie finansowania dla doktorant\u00f3w (https:\/\/www.nauka.gov.pl\/strumienie-finansowania-dla-doktorantow\/)<\/a><\/p>\n","protected":false},"excerpt":{"rendered":"<p>Stypendium socjalne: Informacje na temat stypendium socjalnego znajduje si\u0119 na stronie: https:\/\/uwb.edu.pl\/stypendia-studenci-3998 Stypendium doktoranckie i projako\u015bciowe: Wniosek o przyznanie stypendium doktoranckiego Liczba stypendi\u00f3w doktoranckich i wysoko\u015bci stypendium doktoranckiego dla studi\u00f3w <a href=\"https:\/\/physics.uwb.edu.pl\/wf\/?page_id=7930\" class=\"more-link\">[&hellip;]<\/a><\/p>\n","protected":false},"author":14,"featured_media":303,"parent":7867,"menu_order":0,"comment_status":"closed","ping_status":"closed","template":"","meta":{"ngg_post_thumbnail":0,"Layout":"1c","footnotes":""},"categories":[166,23,3],"tags":[],"class_list":["entry","author-ulag","post-7930","page","type-page","status-publish","has-post-thumbnail","category-edukacyjne","category-student_pl","category-wydzialowe_pl"],"jetpack_sharing_enabled":true,"jetpack_shortlink":"https:\/\/wp.me\/P7nvcn-23U","_links":{"self":[{"href":"https:\/\/physics.uwb.edu.pl\/wf\/index.php?rest_route=\/wp\/v2\/pages\/7930","targetHints":{"allow":["GET"]}}],"collection":[{"href":"https:\/\/physics.uwb.edu.pl\/wf\/index.php?rest_route=\/wp\/v2\/pages"}],"about":[{"href":"https:\/\/physics.uwb.edu.pl\/wf\/index.php?rest_route=\/wp\/v2\/types\/page"}],"author":[{"embeddable":true,"href":"https:\/\/physics.uwb.edu.pl\/wf\/index.php?rest_route=\/wp\/v2\/users\/14"}],"replies":[{"embeddable":true,"href":"https:\/\/physics.uwb.edu.pl\/wf\/index.php?rest_route=%2Fwp%2Fv2%2Fcomments&post=7930"}],"version-history":[{"count":9,"href":"https:\/\/physics.uwb.edu.pl\/wf\/index.php?rest_route=\/wp\/v2\/pages\/7930\/revisions"}],"predecessor-version":[{"id":10317,"href":"https:\/\/physics.uwb.edu.pl\/wf\/index.php?rest_route=\/wp\/v2\/pages\/7930\/revisions\/10317"}],"up":[{"embeddable":true,"href":"https:\/\/physics.uwb.edu.pl\/wf\/index.php?rest_route=\/wp\/v2\/pages\/7867"}],"wp:featuredmedia":[{"embeddable":true,"href":"https:\/\/physics.uwb.edu.pl\/wf\/index.php?rest_route=\/wp\/v2\/media\/303"}],"wp:attachment":[{"href":"https:\/\/physics.uwb.edu.pl\/wf\/index.php?rest_route=%2Fwp%2Fv2%2Fmedia&parent=7930"}],"wp:term":[{"taxonomy":"category","embeddable":true,"href":"https:\/\/physics.uwb.edu.pl\/wf\/index.php?rest_route=%2Fwp%2Fv2%2Fcategories&post=7930"},{"taxonomy":"post_tag","embeddable":true,"href":"https:\/\/physics.uwb.edu.pl\/wf\/index.php?rest_route=%2Fwp%2Fv2%2Ftags&post=7930"}],"curies":[{"name":"wp","href":"https:\/\/api.w.org\/{rel}","templated":true}]}}