{"id":7991,"date":"2018-05-29T13:51:37","date_gmt":"2018-05-29T11:51:37","guid":{"rendered":"http:\/\/physics.uwb.edu.pl\/wf\/?page_id=7991"},"modified":"2018-05-29T13:51:37","modified_gmt":"2018-05-29T11:51:37","slug":"studenci-2-2","status":"publish","type":"page","link":"https:\/\/physics.uwb.edu.pl\/wf\/?page_id=7991","title":{"rendered":"Regulaminy"},"content":{"rendered":"<p><a href=\"http:\/\/physics.uwb.edu.pl\/wf\/wp-content\/uploads\/2018\/05\/Regulamin_studiow_doktoranckich.pdf\">Regulamin studi\u00f3w doktoranckich Uniwersytetu w Bia\u0142ymstoku <i>(Uchwa\u0142a nr 2061, Senatu Uniwersytetu w Bia\u0142ymstoku z dnia 26 kwietnia 2017 r.)<\/i> <strong>(obecny 1 rok studi\u00f3w doktoranckich)<\/strong><\/a><\/p>\n<p><a href=\"http:\/\/physics.uwb.edu.pl\/wf\/wp-content\/uploads\/2018\/05\/dok1.pdf\">Regulamin studi\u00f3w doktoranckich Uniwersytetu w Bia\u0142ymstoku <i>(Obwieszczenie nr 2\/2015, Senatu Uniwersytetu w Bia\u0142ymstoku z dnia 11 wrze\u015bnia 2015 r.)<\/i> <strong>(obecny 2 rok studi\u00f3w doktoranckich)<\/strong><\/a><\/p>\n<p>&nbsp;<\/p>\n<p><a href=\"http:\/\/physics.uwb.edu.pl\/wf\/wp-content\/uploads\/2018\/05\/Regulamin-samorzadu-doktorantow-UwB.pdf\">Regulamin Samorz\u0105du Doktorant\u00f3w Uniwersytetu w Bia\u0142ymstoku (<em>Uchwa\u0142a nr 1248 Senatu Uniwersytetu w Bia\u0142ymstoku z dnia 30 maja 2012 r<\/em>.)<\/a><\/p>\n<p><a href=\"http:\/\/physics.uwb.edu.pl\/wf\/wp-content\/uploads\/2018\/05\/Rozporz\u0105dzenie-w-sprawie-kszta\u0142cenia-na-studiach-doktoranckich-w-uczelniach-i-jednostkach-naukowych.pdf\">Rozporz\u0105dzenie Ministra Nauki i Szkolnictwa Wy\u017cszego z dnia 10 lutego 2017 r. w sprawie kszta\u0142cenia na studiach doktoranckich i uczelniach i jednostkach naukowych.<\/a><\/p>\n<p>&nbsp;<\/p>\n<p>&nbsp;<\/p>\n","protected":false},"excerpt":{"rendered":"<p>Regulamin studi\u00f3w doktoranckich Uniwersytetu w Bia\u0142ymstoku (Uchwa\u0142a nr 2061, Senatu Uniwersytetu w Bia\u0142ymstoku z dnia 26 kwietnia 2017 r.) (obecny 1 rok studi\u00f3w doktoranckich) Regulamin studi\u00f3w doktoranckich Uniwersytetu w Bia\u0142ymstoku <a href=\"https:\/\/physics.uwb.edu.pl\/wf\/?page_id=7991\" class=\"more-link\">[&hellip;]<\/a><\/p>\n","protected":false},"author":14,"featured_media":303,"parent":7867,"menu_order":0,"comment_status":"closed","ping_status":"closed","template":"","meta":{"ngg_post_thumbnail":0,"Layout":"1c","footnotes":""},"categories":[166,23,3],"tags":[],"class_list":["entry","author-ulag","post-7991","page","type-page","status-publish","has-post-thumbnail","category-edukacyjne","category-student_pl","category-wydzialowe_pl"],"jetpack_sharing_enabled":true,"jetpack_shortlink":"https:\/\/wp.me\/P7nvcn-24T","_links":{"self":[{"href":"https:\/\/physics.uwb.edu.pl\/wf\/index.php?rest_route=\/wp\/v2\/pages\/7991","targetHints":{"allow":["GET"]}}],"collection":[{"href":"https:\/\/physics.uwb.edu.pl\/wf\/index.php?rest_route=\/wp\/v2\/pages"}],"about":[{"href":"https:\/\/physics.uwb.edu.pl\/wf\/index.php?rest_route=\/wp\/v2\/types\/page"}],"author":[{"embeddable":true,"href":"https:\/\/physics.uwb.edu.pl\/wf\/index.php?rest_route=\/wp\/v2\/users\/14"}],"replies":[{"embeddable":true,"href":"https:\/\/physics.uwb.edu.pl\/wf\/index.php?rest_route=%2Fwp%2Fv2%2Fcomments&post=7991"}],"version-history":[{"count":2,"href":"https:\/\/physics.uwb.edu.pl\/wf\/index.php?rest_route=\/wp\/v2\/pages\/7991\/revisions"}],"predecessor-version":[{"id":8003,"href":"https:\/\/physics.uwb.edu.pl\/wf\/index.php?rest_route=\/wp\/v2\/pages\/7991\/revisions\/8003"}],"up":[{"embeddable":true,"href":"https:\/\/physics.uwb.edu.pl\/wf\/index.php?rest_route=\/wp\/v2\/pages\/7867"}],"wp:featuredmedia":[{"embeddable":true,"href":"https:\/\/physics.uwb.edu.pl\/wf\/index.php?rest_route=\/wp\/v2\/media\/303"}],"wp:attachment":[{"href":"https:\/\/physics.uwb.edu.pl\/wf\/index.php?rest_route=%2Fwp%2Fv2%2Fmedia&parent=7991"}],"wp:term":[{"taxonomy":"category","embeddable":true,"href":"https:\/\/physics.uwb.edu.pl\/wf\/index.php?rest_route=%2Fwp%2Fv2%2Fcategories&post=7991"},{"taxonomy":"post_tag","embeddable":true,"href":"https:\/\/physics.uwb.edu.pl\/wf\/index.php?rest_route=%2Fwp%2Fv2%2Ftags&post=7991"}],"curies":[{"name":"wp","href":"https:\/\/api.w.org\/{rel}","templated":true}]}}