{"id":8036,"date":"2018-06-07T11:50:08","date_gmt":"2018-06-07T09:50:08","guid":{"rendered":"http:\/\/physics.uwb.edu.pl\/wf\/?page_id=8036"},"modified":"2018-06-12T20:20:04","modified_gmt":"2018-06-12T18:20:04","slug":"ogloszenie-2-2","status":"publish","type":"page","link":"https:\/\/physics.uwb.edu.pl\/wf\/?page_id=8036","title":{"rendered":"Erasmus+ Praktyki w roku akademickim 2018\/2019"},"content":{"rendered":"<p><img loading=\"lazy\" decoding=\"async\" class=\"aligncenter size-medium wp-image-7146\" src=\"http:\/\/physics.uwb.edu.pl\/wf\/wp-content\/uploads\/2018\/03\/EU-flag-Erasmus_vect_POS-300x86.jpg\" alt=\"\" width=\"300\" height=\"86\" srcset=\"https:\/\/physics.uwb.edu.pl\/wf\/wp-content\/uploads\/2018\/03\/EU-flag-Erasmus_vect_POS-300x86.jpg 300w, https:\/\/physics.uwb.edu.pl\/wf\/wp-content\/uploads\/2018\/03\/EU-flag-Erasmus_vect_POS-150x43.jpg 150w, https:\/\/physics.uwb.edu.pl\/wf\/wp-content\/uploads\/2018\/03\/EU-flag-Erasmus_vect_POS-1024x292.jpg 1024w, https:\/\/physics.uwb.edu.pl\/wf\/wp-content\/uploads\/2018\/03\/EU-flag-Erasmus_vect_POS-1025x293.jpg 1025w, https:\/\/physics.uwb.edu.pl\/wf\/wp-content\/uploads\/2018\/03\/EU-flag-Erasmus_vect_POS.jpg 1964w\" sizes=\"auto, (max-width: 300px) 100vw, 300px\" \/><\/p>\n<h3 style=\"text-align: center\">Praktyki w roku akademickim 2018\/2019<\/h3>\n<p style=\"text-align: left\">Zapraszamy do skorzystania z mo\u017cliwo\u015bci wyjazdu na praktyki w ramach programu<a href=\"http:\/\/physics.uwb.edu.pl\/wf\/?page_id=729\"> <strong>Erasmus+<\/strong><\/a> w roku akademickim 2018\/2019. Osoby ko\u0144cz\u0105ce studia I lub II stopnia mog\u0105 r\u00f3wnie\u017c ubiega\u0107 si\u0119 o wyjazd na praktyk\u0119 w ramach programu <a href=\"http:\/\/physics.uwb.edu.pl\/wf\/?page_id=729\">Erasmus +<\/a>.<\/p>\n<p style=\"text-align: center\"><u>Rekrutacja trwa do ko\u0144ca czerwca 2018 <\/u><\/p>\n<p style=\"text-align: left\">Informacje mo\u017cna uzyska\u0107 u koordynatora wydzia\u0142owego: dr Krystyny Perzy\u0144skiej, pok.1065 <a href=\"mailto:e-mail:k.perzynska@uwb.edu.pl\">e-mail:k.perzynska@uwb.edu.pl<\/a> oraz na stronach uczelnianych w zak\u0142adce:<a href=\"http:\/\/physics.uwb.edu.pl\/wf\/?page_id=729\"> Erasmus+<\/a><br \/>\nPS. <strong>S\u0105 jeszcze wolne miejsca na wyjazdy w tym roku akademickim!<\/strong><\/p>\n","protected":false},"excerpt":{"rendered":"<p>Praktyki w roku akademickim 2018\/2019 Zapraszamy do skorzystania z mo\u017cliwo\u015bci wyjazdu na praktyki w ramach programu Erasmus+ w roku akademickim 2018\/2019. Osoby ko\u0144cz\u0105ce studia I lub II stopnia mog\u0105 r\u00f3wnie\u017c <a href=\"https:\/\/physics.uwb.edu.pl\/wf\/?page_id=8036\" class=\"more-link\">[&hellip;]<\/a><\/p>\n","protected":false},"author":14,"featured_media":7146,"parent":713,"menu_order":0,"comment_status":"closed","ping_status":"closed","template":"","meta":{"ngg_post_thumbnail":0,"Layout":"","footnotes":""},"categories":[27,23],"tags":[],"class_list":["entry","author-ulag","post-8036","page","type-page","status-publish","has-post-thumbnail","category-post_news_pl","category-student_pl"],"jetpack_sharing_enabled":true,"jetpack_shortlink":"https:\/\/wp.me\/P7nvcn-25C","_links":{"self":[{"href":"https:\/\/physics.uwb.edu.pl\/wf\/index.php?rest_route=\/wp\/v2\/pages\/8036","targetHints":{"allow":["GET"]}}],"collection":[{"href":"https:\/\/physics.uwb.edu.pl\/wf\/index.php?rest_route=\/wp\/v2\/pages"}],"about":[{"href":"https:\/\/physics.uwb.edu.pl\/wf\/index.php?rest_route=\/wp\/v2\/types\/page"}],"author":[{"embeddable":true,"href":"https:\/\/physics.uwb.edu.pl\/wf\/index.php?rest_route=\/wp\/v2\/users\/14"}],"replies":[{"embeddable":true,"href":"https:\/\/physics.uwb.edu.pl\/wf\/index.php?rest_route=%2Fwp%2Fv2%2Fcomments&post=8036"}],"version-history":[{"count":3,"href":"https:\/\/physics.uwb.edu.pl\/wf\/index.php?rest_route=\/wp\/v2\/pages\/8036\/revisions"}],"predecessor-version":[{"id":8039,"href":"https:\/\/physics.uwb.edu.pl\/wf\/index.php?rest_route=\/wp\/v2\/pages\/8036\/revisions\/8039"}],"up":[{"embeddable":true,"href":"https:\/\/physics.uwb.edu.pl\/wf\/index.php?rest_route=\/wp\/v2\/pages\/713"}],"wp:featuredmedia":[{"embeddable":true,"href":"https:\/\/physics.uwb.edu.pl\/wf\/index.php?rest_route=\/wp\/v2\/media\/7146"}],"wp:attachment":[{"href":"https:\/\/physics.uwb.edu.pl\/wf\/index.php?rest_route=%2Fwp%2Fv2%2Fmedia&parent=8036"}],"wp:term":[{"taxonomy":"category","embeddable":true,"href":"https:\/\/physics.uwb.edu.pl\/wf\/index.php?rest_route=%2Fwp%2Fv2%2Fcategories&post=8036"},{"taxonomy":"post_tag","embeddable":true,"href":"https:\/\/physics.uwb.edu.pl\/wf\/index.php?rest_route=%2Fwp%2Fv2%2Ftags&post=8036"}],"curies":[{"name":"wp","href":"https:\/\/api.w.org\/{rel}","templated":true}]}}