{"id":8088,"date":"2018-06-15T10:33:37","date_gmt":"2018-06-15T08:33:37","guid":{"rendered":"http:\/\/physics.uwb.edu.pl\/wf\/?page_id=8088"},"modified":"2018-06-19T09:05:31","modified_gmt":"2018-06-19T07:05:31","slug":"xvii-gielda-pomyslow-na-zycie-lomza-2-2-2-2-2","status":"publish","type":"page","link":"https:\/\/physics.uwb.edu.pl\/wf\/?page_id=8088","title":{"rendered":"Fizyka&#8230; w \u015bwiecie rozrywki? Wizyta w SP19 w Bia\u0142ymstoku"},"content":{"rendered":"<p>15 czerwca 2018 r. dostali\u015bmy zaproszenie do odwiedzenia Szko\u0142y Podstawowej nr 19 im. Mieszka I w Bia\u0142ymstoku na <strong>&#8220;motywuj\u0105c\u0105&#8221; lekcj\u0119 fizyki<\/strong>. Pomys\u0142odawczyni\u0105 spotkania by\u0142a nasza studentka mgr Joanna Zieziula &#8211; aktualnie nauczycielka przedmiotu fizyka w SP19. Na spotkanie pojecha\u0142 dr Krzysztof Gawryluk z prezentacj\u0105 &#8220;Fizyka w \u015bwiecie rozrywki&#8221; oraz z kilkoma gadgetami \ud83d\ude09<\/p>\n<p><img loading=\"lazy\" decoding=\"async\" class=\"alignnone wp-image-8089\" src=\"http:\/\/physics.uwb.edu.pl\/wf\/wp-content\/uploads\/2018\/06\/IMG_1371-1024x683.jpg\" alt=\"\" width=\"624\" height=\"416\" srcset=\"https:\/\/physics.uwb.edu.pl\/wf\/wp-content\/uploads\/2018\/06\/IMG_1371-1024x683.jpg 1024w, https:\/\/physics.uwb.edu.pl\/wf\/wp-content\/uploads\/2018\/06\/IMG_1371-150x100.jpg 150w, https:\/\/physics.uwb.edu.pl\/wf\/wp-content\/uploads\/2018\/06\/IMG_1371-300x200.jpg 300w, https:\/\/physics.uwb.edu.pl\/wf\/wp-content\/uploads\/2018\/06\/IMG_1371-600x400.jpg 600w, https:\/\/physics.uwb.edu.pl\/wf\/wp-content\/uploads\/2018\/06\/IMG_1371-750x500.jpg 750w, https:\/\/physics.uwb.edu.pl\/wf\/wp-content\/uploads\/2018\/06\/IMG_1371-272x182.jpg 272w\" sizes=\"auto, (max-width: 624px) 100vw, 624px\" \/>&nbsp;<img loading=\"lazy\" decoding=\"async\" class=\"alignnone wp-image-8090\" src=\"http:\/\/physics.uwb.edu.pl\/wf\/wp-content\/uploads\/2018\/06\/IMG_1373-1024x683.jpg\" alt=\"\" width=\"624\" height=\"416\" srcset=\"https:\/\/physics.uwb.edu.pl\/wf\/wp-content\/uploads\/2018\/06\/IMG_1373-1024x683.jpg 1024w, https:\/\/physics.uwb.edu.pl\/wf\/wp-content\/uploads\/2018\/06\/IMG_1373-150x100.jpg 150w, https:\/\/physics.uwb.edu.pl\/wf\/wp-content\/uploads\/2018\/06\/IMG_1373-300x200.jpg 300w, https:\/\/physics.uwb.edu.pl\/wf\/wp-content\/uploads\/2018\/06\/IMG_1373-600x400.jpg 600w, https:\/\/physics.uwb.edu.pl\/wf\/wp-content\/uploads\/2018\/06\/IMG_1373-750x500.jpg 750w, https:\/\/physics.uwb.edu.pl\/wf\/wp-content\/uploads\/2018\/06\/IMG_1373-272x182.jpg 272w\" sizes=\"auto, (max-width: 624px) 100vw, 624px\" \/><\/p>\n<p>(\u017ar\u00f3d\u0142o zdj\u0119\u0107: <a href=\"http:\/\/www.sp19.piasta.pl\/\">SP19<\/a>)<\/p>\n<p>Oceny ju\u017c wystawione, ju\u017c prawie koniec roku a tu kolejna lekcja fizyki &#8211; brzmi nieciekawie? Wr\u0119cz przeciwnie &#8211; to doskona\u0142y czas aby zaprosi\u0107 kogo\u015b &#8220;z zewn\u0105trz&#8221; aby poprowadzi\u0142 &#8220;motywuj\u0105c\u0105&#8221;, lekk\u0105 lekcj\u0119 &#8211; zupe\u0142nie inaczej ni\u017c wszystkie regularne spotkania zgodne z programem ministerstwa. Szczeg\u00f3lnie teraz &#8211; w okresie zmian w edukacji, kiedy ponownie wracaj\u0105 klasy 7 i 8 do systemu edukacji w szko\u0142ach podstawowych. M\u0142odzi ludzie mogli si\u0119 przekona\u0107, \u017ce te abstrakcyjne poj\u0119cia wektor\u00f3w, r\u00f3wna\u0144 ruchu znajduj\u0105 zastosowanie np. w&#8230; grach komputerowych! M\u0142odzie\u017c uwielbia sp\u0119dza\u0107 czas w\u0142a\u015bnie graj\u0105c w gry wideo ale&#8230; <strong>kto je tworzy?<\/strong> <strong>Co trzeba umie\u0107, aby by\u0107 tw\u00f3rc\u0105 gier komputerowych?<\/strong> W\u0142a\u015bnie takim pytaniom po\u015bwi\u0119cone by\u0142o 45-minutowe spotkanie.<\/p>\n<p>Druga cz\u0119\u015b\u0107 lekcji dotyczy\u0142a programowania robot\u00f3w i g\u0142o\u015bnego has\u0142a Internet Rzeczy (IoT). Tutaj te\u017c uczniowie byli przekonywani, \u017ce warto uczy\u0107 si\u0119 prawa Ohma, \u0142\u0105czenia opornik\u00f3w i innych podstawowych praw z elektryczno\u015bci. Jako przyk\u0142ad zastosowania tych wiadomo\u015bci w praktyce przedstawiony zosta\u0142 robot sterowany na odleg\u0142o\u015b\u0107 przez mikrokontroler (platforma Arduino).&nbsp; Uczniowie mieli okazj\u0119 samodzielnie pobawi\u0107 si\u0119 t\u0105 zabawk\u0105. Warto doda\u0107, \u017ce m\u0142odzi ludzie nie tylko s\u0142uchali, bawili si\u0119 zabawk\u0105 ale&#8230; tak\u017ce odwa\u017cyli si\u0119 na pytania! Bycie dociekliwym &#8211; to bardzo po\u017c\u0105dane zachowanie &#8211; gratulujemy i cieszymy si\u0119 z takiego wychowania.<\/p>\n<p>Dzi\u0119kujemy naszej absolwentce mgr Joannie Zieziuli za zaproszenie i \u015bwietny pomys\u0142 motywacji swoich uczni\u00f3w przez zapraszanie go\u015bci z zewn\u0105trz. Mamy nadziej\u0119, \u017ce uczniowie przekonali, \u017ce warto uczy\u0107 si\u0119 fizyki \ud83d\ude09<\/p>\n<p>&nbsp;<\/p>\n<p>&nbsp;<\/p>\n<p>&nbsp;<\/p>\n","protected":false},"excerpt":{"rendered":"<p>15 czerwca 2018 r. dostali\u015bmy zaproszenie do odwiedzenia Szko\u0142y Podstawowej nr 19 im. Mieszka I w Bia\u0142ymstoku na &#8220;motywuj\u0105c\u0105&#8221; lekcj\u0119 fizyki. Pomys\u0142odawczyni\u0105 spotkania by\u0142a nasza studentka mgr Joanna Zieziula &#8211; <a href=\"https:\/\/physics.uwb.edu.pl\/wf\/?page_id=8088\" class=\"more-link\">[&hellip;]<\/a><\/p>\n","protected":false},"author":5,"featured_media":8090,"parent":2744,"menu_order":0,"comment_status":"closed","ping_status":"closed","template":"","meta":{"ngg_post_thumbnail":0,"Layout":"1c","footnotes":""},"categories":[166,131],"tags":[],"class_list":["entry","author-gawryl","post-8088","page","type-page","status-publish","has-post-thumbnail","category-edukacyjne","category-galeria_foto"],"jetpack_sharing_enabled":true,"jetpack_shortlink":"https:\/\/wp.me\/P7nvcn-26s","_links":{"self":[{"href":"https:\/\/physics.uwb.edu.pl\/wf\/index.php?rest_route=\/wp\/v2\/pages\/8088","targetHints":{"allow":["GET"]}}],"collection":[{"href":"https:\/\/physics.uwb.edu.pl\/wf\/index.php?rest_route=\/wp\/v2\/pages"}],"about":[{"href":"https:\/\/physics.uwb.edu.pl\/wf\/index.php?rest_route=\/wp\/v2\/types\/page"}],"author":[{"embeddable":true,"href":"https:\/\/physics.uwb.edu.pl\/wf\/index.php?rest_route=\/wp\/v2\/users\/5"}],"replies":[{"embeddable":true,"href":"https:\/\/physics.uwb.edu.pl\/wf\/index.php?rest_route=%2Fwp%2Fv2%2Fcomments&post=8088"}],"version-history":[{"count":2,"href":"https:\/\/physics.uwb.edu.pl\/wf\/index.php?rest_route=\/wp\/v2\/pages\/8088\/revisions"}],"predecessor-version":[{"id":8092,"href":"https:\/\/physics.uwb.edu.pl\/wf\/index.php?rest_route=\/wp\/v2\/pages\/8088\/revisions\/8092"}],"up":[{"embeddable":true,"href":"https:\/\/physics.uwb.edu.pl\/wf\/index.php?rest_route=\/wp\/v2\/pages\/2744"}],"wp:featuredmedia":[{"embeddable":true,"href":"https:\/\/physics.uwb.edu.pl\/wf\/index.php?rest_route=\/wp\/v2\/media\/8090"}],"wp:attachment":[{"href":"https:\/\/physics.uwb.edu.pl\/wf\/index.php?rest_route=%2Fwp%2Fv2%2Fmedia&parent=8088"}],"wp:term":[{"taxonomy":"category","embeddable":true,"href":"https:\/\/physics.uwb.edu.pl\/wf\/index.php?rest_route=%2Fwp%2Fv2%2Fcategories&post=8088"},{"taxonomy":"post_tag","embeddable":true,"href":"https:\/\/physics.uwb.edu.pl\/wf\/index.php?rest_route=%2Fwp%2Fv2%2Ftags&post=8088"}],"curies":[{"name":"wp","href":"https:\/\/api.w.org\/{rel}","templated":true}]}}