{"id":812,"date":"2016-03-17T08:16:15","date_gmt":"2016-03-17T07:16:15","guid":{"rendered":"http:\/\/physics.uwb.edu.pl\/wf\/?page_id=812"},"modified":"2017-04-25T09:35:46","modified_gmt":"2017-04-25T07:35:46","slug":"habilitacje","status":"publish","type":"page","link":"https:\/\/physics.uwb.edu.pl\/wf\/?page_id=812","title":{"rendered":"Habilitacje"},"content":{"rendered":"<p><a href=\"http:\/\/physics.uwb.edu.pl\/wf\/?page_id=2970&amp;lang=pl\">Regulamin post\u0119powa\u0144 habilitacyjnych na Wydziale Fizyki UwB<\/a><\/p>\n<h3>Otwarte post\u0119powania habilitacyjne<\/h3>\n<p><a href=\"http:\/\/physics.uwb.edu.pl\/wf\/?page_id=1609&amp;lang=pl\"><strong>dr Katarzyna Ma\u0142gorzata RE\u0106KO<\/strong><\/a> (post\u0119powanie zako\u0144czone)<\/p>\n<p><a href=\"http:\/\/physics.uwb.edu.pl\/wf\/?page_id=2985&amp;lang=pl\"><strong>dr Tomasz KARPIUK<\/strong><\/a> (post\u0119powanie zako\u0144czone)<\/p>\n","protected":false},"excerpt":{"rendered":"<p>Regulamin post\u0119powa\u0144 habilitacyjnych na Wydziale Fizyki UwB Otwarte post\u0119powania habilitacyjne dr Katarzyna Ma\u0142gorzata RE\u0106KO (post\u0119powanie zako\u0144czone) dr Tomasz KARPIUK (post\u0119powanie zako\u0144czone)<\/p>\n","protected":false},"author":2,"featured_media":1608,"parent":430,"menu_order":0,"comment_status":"closed","ping_status":"closed","template":"","meta":{"ngg_post_thumbnail":0,"Layout":"","footnotes":""},"categories":[42],"tags":[],"class_list":["entry","author-dobrog","post-812","page","type-page","status-publish","has-post-thumbnail","category-nauka_pl"],"jetpack_sharing_enabled":true,"jetpack_shortlink":"https:\/\/wp.me\/P7nvcn-d6","_links":{"self":[{"href":"https:\/\/physics.uwb.edu.pl\/wf\/index.php?rest_route=\/wp\/v2\/pages\/812","targetHints":{"allow":["GET"]}}],"collection":[{"href":"https:\/\/physics.uwb.edu.pl\/wf\/index.php?rest_route=\/wp\/v2\/pages"}],"about":[{"href":"https:\/\/physics.uwb.edu.pl\/wf\/index.php?rest_route=\/wp\/v2\/types\/page"}],"author":[{"embeddable":true,"href":"https:\/\/physics.uwb.edu.pl\/wf\/index.php?rest_route=\/wp\/v2\/users\/2"}],"replies":[{"embeddable":true,"href":"https:\/\/physics.uwb.edu.pl\/wf\/index.php?rest_route=%2Fwp%2Fv2%2Fcomments&post=812"}],"version-history":[{"count":13,"href":"https:\/\/physics.uwb.edu.pl\/wf\/index.php?rest_route=\/wp\/v2\/pages\/812\/revisions"}],"predecessor-version":[{"id":5178,"href":"https:\/\/physics.uwb.edu.pl\/wf\/index.php?rest_route=\/wp\/v2\/pages\/812\/revisions\/5178"}],"up":[{"embeddable":true,"href":"https:\/\/physics.uwb.edu.pl\/wf\/index.php?rest_route=\/wp\/v2\/pages\/430"}],"wp:featuredmedia":[{"embeddable":true,"href":"https:\/\/physics.uwb.edu.pl\/wf\/index.php?rest_route=\/wp\/v2\/media\/1608"}],"wp:attachment":[{"href":"https:\/\/physics.uwb.edu.pl\/wf\/index.php?rest_route=%2Fwp%2Fv2%2Fmedia&parent=812"}],"wp:term":[{"taxonomy":"category","embeddable":true,"href":"https:\/\/physics.uwb.edu.pl\/wf\/index.php?rest_route=%2Fwp%2Fv2%2Fcategories&post=812"},{"taxonomy":"post_tag","embeddable":true,"href":"https:\/\/physics.uwb.edu.pl\/wf\/index.php?rest_route=%2Fwp%2Fv2%2Ftags&post=812"}],"curies":[{"name":"wp","href":"https:\/\/api.w.org\/{rel}","templated":true}]}}